{"id":1010,"date":"2014-12-23T15:38:15","date_gmt":"2014-12-23T14:38:15","guid":{"rendered":"https:\/\/comunicacity.net\/cassino\/?page_id=1010"},"modified":"2014-12-23T18:31:24","modified_gmt":"2014-12-23T17:31:24","slug":"percorso-naturalistico","status":"publish","type":"page","link":"https:\/\/comunicacity.net\/cassino\/itinerari-in-citta\/percorso-naturalistico\/","title":{"rendered":"Percorso naturalistico"},"content":{"rendered":"<div class=\"ccCenter\"><img decoding=\"async\" class=\"rounded ui image large\" src=\"https:\/\/comunicacity.net\/cassino\/wp-content\/uploads\/sites\/2\/2014\/12\/naturalistico-300x103.jpg\" alt=\"pano_vista\" \/><\/div>\n<p style=\"text-align: justify;\"><strong>Percorso naturalistico da fare preferibilmente a piedi o in bicicletta, molto panoramico.<\/strong><\/p>\n<p>Tappe:<\/p>\n<p>&#8211;\u00a0Area Archeologica di Cassino \u2013 teatro Romano \u2013 Museo Carrettoni<\/p>\n<p>&#8211;\u00a0Strada Romana per Montecassino<\/p>\n<p>&#8211;\u00a0Montecassino<\/p>\n<p>&nbsp;<\/p>\n<p style=\"text-align: justify;\">Il percorso inizia presso la piazza antistante il Teatro Romano e adiacente all\u2019area archeologica (Museo Carrettoni). Sulla strada provinciale per Montecassino, dopo aver incontrato la Rocca Janula, fortezza militare, si immette sull\u2019antica strada Romana per Montecassino, lastricata e ancora oggi molto ben conservata. Il percorso in salita, della durata di circa un\u2019ora se fatto a piedi, consente una vista straordinaria sulla citt\u00e0 Martire dall\u2019alto e permette di ammirare tutta la Valle del Rapido e del Gari, oltre che quella del Liri, \u00a0fiume che unendosi al Gari, d\u00e0 vita al Garigliano.<\/p>\n<p style=\"text-align: justify;\">In alcuni tratti l\u2019antica strada romana attraversa la moderna provinciale. \u00a0Si arriva in cima presso la croce di San Benedetto, luogo in cui si gode una magnifica vista dell\u2019Abbazia.<\/p>\n<p style=\"text-align: justify;\"><strong>Naturalistic route to do preferrably on foot or by bicycle, very panoramic<\/strong><\/p>\n<p>Stops:<\/p>\n<ul>\n<li>Archeological Area of Cassino<\/li>\n<li>Teatro Romano<\/li>\n<li>Carettoni Museum<\/li>\n<li>Strada Romana to Montecassino<\/li>\n<li>Montecassino<\/li>\n<\/ul>\n<p style=\"text-align: justify;\">The route begins at the square in front of the Roman Theatre and adjacent to the archeological area ( Carettoni Museum). On the provincial road to Montecassino, after Rocca Janula (a military fortress), the route will continue on the ancient Roman road to Montecassino, paved and still today well conserved.<\/p>\n<p style=\"text-align: justify;\">The route uphill lasts about one hour on foot and allows for an extraordinary view over the Citt\u00e0 Martire from above and the possibility to admire all of the Rapido valley and the Gari river, besides that of the Liri, that, joining with the Gari, brings life to the Garigliano. In some parts the ancient Roman road crosses the modern provincial road. You arrive at the top, at S. Benedetto&#8217;s Cross, where there is a magnificent view of the Abbey.<\/p>\n<p style=\"text-align: justify;\"><strong>Parcour de la nature\u00a0<\/strong><strong>\u00e0 faire de pr\u00e9f\u00e9rence \u00e0 pieds, ou en v\u00e9lo, tr\u00e8s panoramique<\/strong><\/p>\n<p>\u00c9tapes:<\/p>\n<ul>\n<li>zone arch\u00e9ologique de Cassino<\/li>\n<li>Teatre romain<\/li>\n<li>Mus\u00e9e arch\u00e9ologique national<\/li>\n<li>Route romaine pour Montecassino<\/li>\n<\/ul>\n<p style=\"text-align: justify;\">Le parcour commencera sur la place devant le t\u00e9atre Romain et \u00e0 cot\u00e9 de l&#8217;aire arch\u00e9ologique (Mus\u00e9e Carettoni). Sur la route de Montecassino, apr\u00e8s avoir rencontr\u00e9 la Rocca Janula, forteresse militaire, vous entrerez dans l&#8217;ancienne voie romaine pour Montecassino, avec les pav\u00e9es encore aujourd&#8217;hui tr\u00e8s bien conserv\u00e9s. Le parcour en mont\u00e9, d&#8217;une dur\u00e9e d&#8217;environ un\u2019heure \u00e0 pieds, ce qui vous permetera une visite extraordinaire sur la ville de Cassino tout en hauteur et vous admirez aussi toute la vall\u00e9e du Rapido et du Gari, ainsi que le Liri et ainsi la confluence du Gari. Dans certains endroits l&#8217;ancienne voie romaine traverse la moderne ruote. Elle atteint le sommet de la croix de San Benedetto, l&#8217;endroit o\u00f9 vous pourrez profiter d&#8217;une vue magnifique sur l&#8217;Abbaye.<\/p>\n<p style=\"text-align: justify;\">\n","protected":false},"excerpt":{"rendered":"<p>Percorso naturalistico da fare preferibilmente a piedi o in bicicletta, molto panoramico. Tappe: &#8211;\u00a0Area Archeologica di Cassino \u2013 teatro Romano \u2013 Museo Carrettoni &#8211;\u00a0Strada Romana per Montecassino &#8211;\u00a0Montecassino &nbsp; Il [&hellip;]<\/p>\n","protected":false},"author":1,"featured_media":0,"parent":1006,"menu_order":2,"comment_status":"open","ping_status":"closed","template":"","meta":{"footnotes":""},"categories":[],"tags":[],"class_list":["post-1010","page","type-page","status-publish","hentry"],"yoast_head":"<!-- This site is optimized with the Yoast SEO plugin v27.4 - https:\/\/yoast.com\/product\/yoast-seo-wordpress\/ -->\n<title>Percorso naturalistico - Cassino<\/title>\n<meta name=\"robots\" content=\"index, follow, max-snippet:-1, max-image-preview:large, max-video-preview:-1\" \/>\n<link rel=\"canonical\" href=\"https:\/\/comunicacity.net\/cassino\/itinerari-in-citta\/percorso-naturalistico\/\" \/>\n<meta property=\"og:locale\" content=\"it_IT\" \/>\n<meta property=\"og:type\" content=\"article\" \/>\n<meta property=\"og:title\" content=\"Percorso naturalistico - Cassino\" \/>\n<meta property=\"og:description\" content=\"Percorso naturalistico da fare preferibilmente a piedi o in bicicletta, molto panoramico. Tappe: &#8211;\u00a0Area Archeologica di Cassino \u2013 teatro Romano \u2013 Museo Carrettoni &#8211;\u00a0Strada Romana per Montecassino &#8211;\u00a0Montecassino &nbsp; Il [&hellip;]\" \/>\n<meta property=\"og:url\" content=\"https:\/\/comunicacity.net\/cassino\/itinerari-in-citta\/percorso-naturalistico\/\" \/>\n<meta property=\"og:site_name\" content=\"Cassino\" \/>\n<meta property=\"article:publisher\" content=\"https:\/\/www.facebook.com\/CassinoComunica\/\" \/>\n<meta property=\"article:modified_time\" content=\"2014-12-23T17:31:24+00:00\" \/>\n<meta property=\"og:image\" content=\"https:\/\/comunicacity.net\/cassino\/wp-content\/uploads\/sites\/2\/2014\/12\/naturalistico-300x103.jpg\" \/>\n<meta name=\"twitter:label1\" content=\"Tempo di lettura stimato\" \/>\n\t<meta name=\"twitter:data1\" content=\"2 minuti\" \/>\n<script type=\"application\/ld+json\" class=\"yoast-schema-graph\">{\"@context\":\"https:\\\/\\\/schema.org\",\"@graph\":[{\"@type\":\"WebPage\",\"@id\":\"https:\\\/\\\/comunicacity.net\\\/cassino\\\/itinerari-in-citta\\\/percorso-naturalistico\\\/\",\"url\":\"https:\\\/\\\/comunicacity.net\\\/cassino\\\/itinerari-in-citta\\\/percorso-naturalistico\\\/\",\"name\":\"Percorso naturalistico - Cassino\",\"isPartOf\":{\"@id\":\"https:\\\/\\\/comunicacity.net\\\/cassino\\\/#website\"},\"primaryImageOfPage\":{\"@id\":\"https:\\\/\\\/comunicacity.net\\\/cassino\\\/itinerari-in-citta\\\/percorso-naturalistico\\\/#primaryimage\"},\"image\":{\"@id\":\"https:\\\/\\\/comunicacity.net\\\/cassino\\\/itinerari-in-citta\\\/percorso-naturalistico\\\/#primaryimage\"},\"thumbnailUrl\":\"http:\\\/\\\/comunicacity.net\\\/cassino\\\/wp-content\\\/uploads\\\/sites\\\/2\\\/2014\\\/12\\\/naturalistico-300x103.jpg\",\"datePublished\":\"2014-12-23T14:38:15+00:00\",\"dateModified\":\"2014-12-23T17:31:24+00:00\",\"breadcrumb\":{\"@id\":\"https:\\\/\\\/comunicacity.net\\\/cassino\\\/itinerari-in-citta\\\/percorso-naturalistico\\\/#breadcrumb\"},\"inLanguage\":\"it-IT\",\"potentialAction\":[{\"@type\":\"ReadAction\",\"target\":[\"https:\\\/\\\/comunicacity.net\\\/cassino\\\/itinerari-in-citta\\\/percorso-naturalistico\\\/\"]}]},{\"@type\":\"ImageObject\",\"inLanguage\":\"it-IT\",\"@id\":\"https:\\\/\\\/comunicacity.net\\\/cassino\\\/itinerari-in-citta\\\/percorso-naturalistico\\\/#primaryimage\",\"url\":\"http:\\\/\\\/comunicacity.net\\\/cassino\\\/wp-content\\\/uploads\\\/sites\\\/2\\\/2014\\\/12\\\/naturalistico-300x103.jpg\",\"contentUrl\":\"http:\\\/\\\/comunicacity.net\\\/cassino\\\/wp-content\\\/uploads\\\/sites\\\/2\\\/2014\\\/12\\\/naturalistico-300x103.jpg\"},{\"@type\":\"BreadcrumbList\",\"@id\":\"https:\\\/\\\/comunicacity.net\\\/cassino\\\/itinerari-in-citta\\\/percorso-naturalistico\\\/#breadcrumb\",\"itemListElement\":[{\"@type\":\"ListItem\",\"position\":1,\"name\":\"Home\",\"item\":\"https:\\\/\\\/comunicacity.net\\\/cassino\\\/\"},{\"@type\":\"ListItem\",\"position\":2,\"name\":\"Itinerari in citt\u00e0\",\"item\":\"https:\\\/\\\/comunicacity.net\\\/cassino\\\/itinerari-in-citta\\\/\"},{\"@type\":\"ListItem\",\"position\":3,\"name\":\"Percorso naturalistico\"}]},{\"@type\":\"WebSite\",\"@id\":\"https:\\\/\\\/comunicacity.net\\\/cassino\\\/#website\",\"url\":\"https:\\\/\\\/comunicacity.net\\\/cassino\\\/\",\"name\":\"Cassino\",\"description\":\"Il Tuo Comune che Comunica\",\"publisher\":{\"@id\":\"https:\\\/\\\/comunicacity.net\\\/cassino\\\/#organization\"},\"potentialAction\":[{\"@type\":\"SearchAction\",\"target\":{\"@type\":\"EntryPoint\",\"urlTemplate\":\"https:\\\/\\\/comunicacity.net\\\/cassino\\\/?s={search_term_string}\"},\"query-input\":{\"@type\":\"PropertyValueSpecification\",\"valueRequired\":true,\"valueName\":\"search_term_string\"}}],\"inLanguage\":\"it-IT\"},{\"@type\":\"Organization\",\"@id\":\"https:\\\/\\\/comunicacity.net\\\/cassino\\\/#organization\",\"name\":\"Comune di Cassino\",\"url\":\"https:\\\/\\\/comunicacity.net\\\/cassino\\\/\",\"logo\":{\"@type\":\"ImageObject\",\"inLanguage\":\"it-IT\",\"@id\":\"https:\\\/\\\/comunicacity.net\\\/cassino\\\/#\\\/schema\\\/logo\\\/image\\\/\",\"url\":\"http:\\\/\\\/comunicacity.net\\\/cassino\\\/wp-content\\\/uploads\\\/sites\\\/2\\\/2014\\\/11\\\/cassino.jpg\",\"contentUrl\":\"http:\\\/\\\/comunicacity.net\\\/cassino\\\/wp-content\\\/uploads\\\/sites\\\/2\\\/2014\\\/11\\\/cassino.jpg\",\"width\":300,\"height\":300,\"caption\":\"Comune di Cassino\"},\"image\":{\"@id\":\"https:\\\/\\\/comunicacity.net\\\/cassino\\\/#\\\/schema\\\/logo\\\/image\\\/\"},\"sameAs\":[\"https:\\\/\\\/www.facebook.com\\\/CassinoComunica\\\/\"]}]}<\/script>\n<!-- \/ Yoast SEO plugin. -->","yoast_head_json":{"title":"Percorso naturalistico - Cassino","robots":{"index":"index","follow":"follow","max-snippet":"max-snippet:-1","max-image-preview":"max-image-preview:large","max-video-preview":"max-video-preview:-1"},"canonical":"https:\/\/comunicacity.net\/cassino\/itinerari-in-citta\/percorso-naturalistico\/","og_locale":"it_IT","og_type":"article","og_title":"Percorso naturalistico - Cassino","og_description":"Percorso naturalistico da fare preferibilmente a piedi o in bicicletta, molto panoramico. Tappe: &#8211;\u00a0Area Archeologica di Cassino \u2013 teatro Romano \u2013 Museo Carrettoni &#8211;\u00a0Strada Romana per Montecassino &#8211;\u00a0Montecassino &nbsp; Il [&hellip;]","og_url":"https:\/\/comunicacity.net\/cassino\/itinerari-in-citta\/percorso-naturalistico\/","og_site_name":"Cassino","article_publisher":"https:\/\/www.facebook.com\/CassinoComunica\/","article_modified_time":"2014-12-23T17:31:24+00:00","og_image":[{"url":"https:\/\/comunicacity.net\/cassino\/wp-content\/uploads\/sites\/2\/2014\/12\/naturalistico-300x103.jpg","type":"","width":"","height":""}],"twitter_misc":{"Tempo di lettura stimato":"2 minuti"},"schema":{"@context":"https:\/\/schema.org","@graph":[{"@type":"WebPage","@id":"https:\/\/comunicacity.net\/cassino\/itinerari-in-citta\/percorso-naturalistico\/","url":"https:\/\/comunicacity.net\/cassino\/itinerari-in-citta\/percorso-naturalistico\/","name":"Percorso naturalistico - Cassino","isPartOf":{"@id":"https:\/\/comunicacity.net\/cassino\/#website"},"primaryImageOfPage":{"@id":"https:\/\/comunicacity.net\/cassino\/itinerari-in-citta\/percorso-naturalistico\/#primaryimage"},"image":{"@id":"https:\/\/comunicacity.net\/cassino\/itinerari-in-citta\/percorso-naturalistico\/#primaryimage"},"thumbnailUrl":"https:\/\/comunicacity.net\/cassino\/wp-content\/uploads\/sites\/2\/2014\/12\/naturalistico-300x103.jpg","datePublished":"2014-12-23T14:38:15+00:00","dateModified":"2014-12-23T17:31:24+00:00","breadcrumb":{"@id":"https:\/\/comunicacity.net\/cassino\/itinerari-in-citta\/percorso-naturalistico\/#breadcrumb"},"inLanguage":"it-IT","potentialAction":[{"@type":"ReadAction","target":["https:\/\/comunicacity.net\/cassino\/itinerari-in-citta\/percorso-naturalistico\/"]}]},{"@type":"ImageObject","inLanguage":"it-IT","@id":"https:\/\/comunicacity.net\/cassino\/itinerari-in-citta\/percorso-naturalistico\/#primaryimage","url":"https:\/\/comunicacity.net\/cassino\/wp-content\/uploads\/sites\/2\/2014\/12\/naturalistico-300x103.jpg","contentUrl":"https:\/\/comunicacity.net\/cassino\/wp-content\/uploads\/sites\/2\/2014\/12\/naturalistico-300x103.jpg"},{"@type":"BreadcrumbList","@id":"https:\/\/comunicacity.net\/cassino\/itinerari-in-citta\/percorso-naturalistico\/#breadcrumb","itemListElement":[{"@type":"ListItem","position":1,"name":"Home","item":"https:\/\/comunicacity.net\/cassino\/"},{"@type":"ListItem","position":2,"name":"Itinerari in citt\u00e0","item":"https:\/\/comunicacity.net\/cassino\/itinerari-in-citta\/"},{"@type":"ListItem","position":3,"name":"Percorso naturalistico"}]},{"@type":"WebSite","@id":"https:\/\/comunicacity.net\/cassino\/#website","url":"https:\/\/comunicacity.net\/cassino\/","name":"Cassino","description":"Il Tuo Comune che Comunica","publisher":{"@id":"https:\/\/comunicacity.net\/cassino\/#organization"},"potentialAction":[{"@type":"SearchAction","target":{"@type":"EntryPoint","urlTemplate":"https:\/\/comunicacity.net\/cassino\/?s={search_term_string}"},"query-input":{"@type":"PropertyValueSpecification","valueRequired":true,"valueName":"search_term_string"}}],"inLanguage":"it-IT"},{"@type":"Organization","@id":"https:\/\/comunicacity.net\/cassino\/#organization","name":"Comune di Cassino","url":"https:\/\/comunicacity.net\/cassino\/","logo":{"@type":"ImageObject","inLanguage":"it-IT","@id":"https:\/\/comunicacity.net\/cassino\/#\/schema\/logo\/image\/","url":"https:\/\/comunicacity.net\/cassino\/wp-content\/uploads\/sites\/2\/2014\/11\/cassino.jpg","contentUrl":"https:\/\/comunicacity.net\/cassino\/wp-content\/uploads\/sites\/2\/2014\/11\/cassino.jpg","width":300,"height":300,"caption":"Comune di Cassino"},"image":{"@id":"https:\/\/comunicacity.net\/cassino\/#\/schema\/logo\/image\/"},"sameAs":["https:\/\/www.facebook.com\/CassinoComunica\/"]}]}},"meta_box":[],"_links":{"self":[{"href":"https:\/\/comunicacity.net\/cassino\/wp-json\/wp\/v2\/pages\/1010","targetHints":{"allow":["GET"]}}],"collection":[{"href":"https:\/\/comunicacity.net\/cassino\/wp-json\/wp\/v2\/pages"}],"about":[{"href":"https:\/\/comunicacity.net\/cassino\/wp-json\/wp\/v2\/types\/page"}],"author":[{"embeddable":true,"href":"https:\/\/comunicacity.net\/cassino\/wp-json\/wp\/v2\/users\/1"}],"replies":[{"embeddable":true,"href":"https:\/\/comunicacity.net\/cassino\/wp-json\/wp\/v2\/comments?post=1010"}],"version-history":[{"count":4,"href":"https:\/\/comunicacity.net\/cassino\/wp-json\/wp\/v2\/pages\/1010\/revisions"}],"predecessor-version":[{"id":1027,"href":"https:\/\/comunicacity.net\/cassino\/wp-json\/wp\/v2\/pages\/1010\/revisions\/1027"}],"up":[{"embeddable":true,"href":"https:\/\/comunicacity.net\/cassino\/wp-json\/wp\/v2\/pages\/1006"}],"wp:attachment":[{"href":"https:\/\/comunicacity.net\/cassino\/wp-json\/wp\/v2\/media?parent=1010"}],"wp:term":[{"taxonomy":"category","embeddable":true,"href":"https:\/\/comunicacity.net\/cassino\/wp-json\/wp\/v2\/categories?post=1010"},{"taxonomy":"post_tag","embeddable":true,"href":"https:\/\/comunicacity.net\/cassino\/wp-json\/wp\/v2\/tags?post=1010"}],"curies":[{"name":"wp","href":"https:\/\/api.w.org\/{rel}","templated":true}]}}