{"id":1012,"date":"2014-12-23T15:39:04","date_gmt":"2014-12-23T14:39:04","guid":{"rendered":"https:\/\/comunicacity.net\/cassino\/?page_id=1012"},"modified":"2014-12-23T18:31:02","modified_gmt":"2014-12-23T17:31:02","slug":"percorso-della-memoria","status":"publish","type":"page","link":"https:\/\/comunicacity.net\/cassino\/itinerari-in-citta\/percorso-della-memoria\/","title":{"rendered":"Percorso della memoria"},"content":{"rendered":"<div class=\"ccCenter\"><img decoding=\"async\" class=\"rounded ui image large\" src=\"https:\/\/comunicacity.net\/cassino\/wp-content\/uploads\/sites\/2\/2014\/12\/cimitero_tedesco-300x201.jpg\" alt=\"pano_vista\" \/><\/div>\n<p style=\"text-align: center;\">\n<p style=\"text-align: center;\"><strong>Percorso della memoria tra i caduti della seconda Guerra Mondiale.<\/strong><\/p>\n<p>Durata: 1 giornata<\/p>\n<p>Mezzi: a piedi, in bicicletta, in auto<\/p>\n<p>Tappe:<\/p>\n<ul>\n<li>Cimitero Polacco (Montecassino)<\/li>\n<li>Cimitero tedesco (frazione Caira)<\/li>\n<li>Cimitero del Commowealth (Cassino)<\/li>\n<li>Campana della Pace (S.Angelo in TH.)<\/li>\n<\/ul>\n<p style=\"text-align: justify;\">La visita ai cimiteri militari di Cassino pu\u00f2 iniziare da Montecassino, alle spalle dell\u2019Abbazia. Qui si visita il sacrario dei militari polacchi. Si prosegue verso la frazione di Caira, attraverso la provinciale per Montecassino. Giunti a Caira, si visita il Cimitero tedesco. Da qui si riprende la strada per Cassino citt\u00e0 e si imbocca via Sant\u2019Angelo. Nei pressi della moderna Universit\u00e0 degli studi di Cassino, si trova il cimitero del Commonwealth (inglese). Procedendo verso il centro della frazione, e superandola in direzione del Gari, ci si imbatte nella Campana della Pace, monumento commemorativo della battaglia, che si \u00e8 combattuta proprio in questa zona, per attraversare il fiume e sfondare la linea Gustav. La battaglia a cui ci si riferisce \u00e8 stata combattuta l\u201911 maggio del 1944 ed \u00e8 stata vinta grazie all\u2019ingegno dell\u2019ufficiale canadese, Anthony Kingsmill del 61st Light Aid Detachment. Egli escogit\u00f2 il modo di passare il fiume facendo adagiare un carro armato Sherman senza tetto sul letto del fiume e collocandovi sopra un ponteggiodi 80 piedi a mo\u2019 di ponte. La campana fu collocata nel 2008 a ricordo dei tanti giovani morti nell\u2019attraversamento di quel fiume. \u2028Essa \u00e8 stata realizzata da Severino De Sanctis presso la fonderia Marinelli di Agnone.<\/p>\n<p style=\"text-align: center;\"><strong>Memorial route among the World War II victims<\/strong><\/p>\n<p>Duration: 1 day<\/p>\n<p>Means of transportation: on foot, by bicycle, by car<\/p>\n<p>Stops:<\/p>\n<ul>\n<li>Polish Cemetary (Montecassino)<\/li>\n<li>German Cemetary (Caira)<\/li>\n<li>Commonwealth Cemetary (Cassino)<\/li>\n<li>Peace Bell (Campana della Pace, S. Angelo inTH.)<\/li>\n<\/ul>\n<p style=\"text-align: justify;\">The visit to Cassino&#8217;s military cemetaries begins at Montecassino, behind the Abbey. Here we can visit the Polish cemetary. Then continue towards Caira, through the provincial road to Montecassino. Once arrived in Caira, a visit to the German cemetary. From here, we retake the road to Cassino and turn onto Via Sant&#8217;Angelo. Near the modern &#8220;University of Cassino&#8221;, is located the Commonwealth cemetary (English).<\/p>\n<p style=\"text-align: justify;\">Proceeding towards the center of this suburb, and surpassing the Gari river, you arrive at the Peace Bell (Campana della Pace), a commemorate monument of the battle that was fought in this area to cross the river and break through the Gustav line. The battle was fought on the 11th of May, 1944 and was won thanks to the cleverness of a Canadian Officer, Anthony Kingsmill, of the 61st Light Aid Detachment. He was able to cross the river by lying a Sherman tank ,without a roof ,on the bottom of the river and placing over it an 80 foot bridge.<\/p>\n<p style=\"text-align: justify;\">The bell was placed in 2008 in memory of the many young deaths during the attempt to cross the river. It was realized by Severino De Sanctis, care of at the Marinelli of Agnone foundry.<\/p>\n<p style=\"text-align: center;\"><strong>Ch\u00e9min de la memoire<\/strong><\/p>\n<p>Dure\u00e9: une journ\u00e9e<br \/>\nMoyens de transports: \u00e0 pieds, en v\u00e9lo, et en voiture<\/p>\n<p>\u00c9tapes:<\/p>\n<ul>\n<li>Cimeti\u00e8re polonais (Montecassino)<\/li>\n<li>Cimeti\u00e8re allemand (\u00e9cart Caira)<\/li>\n<li>Cimeti\u00e8re du Commonwealth (Cassino)<\/li>\n<li>Cloche de la paix (\u00e9cart S. Angelo in Theodice)<\/li>\n<\/ul>\n<p style=\"text-align: justify;\">On va commencer la visite des cimeti\u00e8res militaires de Cassino pr\u00e8s de l\u2019Abbaye de Montecasssino: ici est situ\u00e9 le sanctuaire des militaires Polonais. Une fois que vous descendez le mont, vous atteindrez petit village de Caira, o\u00f9 on peut visiter le cimeti\u00e8re allemand. A partir de l\u00e0, nous reprendrons la route pour la ville de Cassino et nous prendrons ensuite la rue qui nous am\u00e8ne \u00e0 S. Angelo. Sur le cot\u00e8 de la moderne si\u00e8ge de l\u2019universit\u00e9 se trouve le cimeti\u00e8re du Commonwealth. \u00c0 S. Angelo, sur le bord de la rivi\u00e8re Gari il y a la Cloche de la Paix, monument comm\u00e9moratif des batailles qui ont eu lieu pour briser la ligne Gustav, en ces lieux.<\/p>\n<p style=\"text-align: justify;\">La bataille de laquelle nous parlons a \u00e9t\u00e9 livr\u00e9e le 11 mai 1944 et a \u00e9t\u00e9 remport\u00e9 grace aux efforts des officiers Canadien, Anthony Kingsmill del 61st Light Aid Detachment, qui lui, a trouv\u00e9 le moyen pour traverser la rivi\u00e8re avec un char d&#8217;assaut Sherman sans toit d&#8217;abri sur le lit de la rivi\u00e8re et en ce depla\u00e7ant sur un pont de 80 pieds de hauteur. La cloche a \u00e9t\u00e9 place\u00e9 en 2008 pour rappeler les mombreux morts qui ont \u00e9t\u00e9 eteints dans cette rivi\u00e8re. Elle a \u00e9t\u00e9 realis\u00e9e par Severino De Sanctis pr\u00e8s de la Fonderie Mariella en Agnone.<\/p>\n<p style=\"text-align: justify;\">\n","protected":false},"excerpt":{"rendered":"<p>Percorso della memoria tra i caduti della seconda Guerra Mondiale. Durata: 1 giornata Mezzi: a piedi, in bicicletta, in auto Tappe: Cimitero Polacco (Montecassino) Cimitero tedesco (frazione Caira) Cimitero del [&hellip;]<\/p>\n","protected":false},"author":1,"featured_media":0,"parent":1006,"menu_order":3,"comment_status":"open","ping_status":"closed","template":"","meta":{"footnotes":""},"categories":[],"tags":[],"class_list":["post-1012","page","type-page","status-publish","hentry"],"yoast_head":"<!-- This site is optimized with the Yoast SEO plugin v27.4 - https:\/\/yoast.com\/product\/yoast-seo-wordpress\/ -->\n<title>Percorso della memoria - Cassino<\/title>\n<meta name=\"robots\" content=\"index, follow, max-snippet:-1, max-image-preview:large, max-video-preview:-1\" \/>\n<link rel=\"canonical\" href=\"https:\/\/comunicacity.net\/cassino\/itinerari-in-citta\/percorso-della-memoria\/\" \/>\n<meta property=\"og:locale\" content=\"it_IT\" \/>\n<meta property=\"og:type\" content=\"article\" \/>\n<meta property=\"og:title\" content=\"Percorso della memoria - Cassino\" \/>\n<meta property=\"og:description\" content=\"Percorso della memoria tra i caduti della seconda Guerra Mondiale. Durata: 1 giornata Mezzi: a piedi, in bicicletta, in auto Tappe: Cimitero Polacco (Montecassino) Cimitero tedesco (frazione Caira) Cimitero del [&hellip;]\" \/>\n<meta property=\"og:url\" content=\"https:\/\/comunicacity.net\/cassino\/itinerari-in-citta\/percorso-della-memoria\/\" \/>\n<meta property=\"og:site_name\" content=\"Cassino\" \/>\n<meta property=\"article:publisher\" content=\"https:\/\/www.facebook.com\/CassinoComunica\/\" \/>\n<meta property=\"article:modified_time\" content=\"2014-12-23T17:31:02+00:00\" \/>\n<meta property=\"og:image\" content=\"https:\/\/comunicacity.net\/cassino\/wp-content\/uploads\/sites\/2\/2014\/12\/cimitero_tedesco-300x201.jpg\" \/>\n<meta name=\"twitter:label1\" content=\"Tempo di lettura stimato\" \/>\n\t<meta name=\"twitter:data1\" content=\"4 minuti\" \/>\n<script type=\"application\/ld+json\" class=\"yoast-schema-graph\">{\"@context\":\"https:\\\/\\\/schema.org\",\"@graph\":[{\"@type\":\"WebPage\",\"@id\":\"https:\\\/\\\/comunicacity.net\\\/cassino\\\/itinerari-in-citta\\\/percorso-della-memoria\\\/\",\"url\":\"https:\\\/\\\/comunicacity.net\\\/cassino\\\/itinerari-in-citta\\\/percorso-della-memoria\\\/\",\"name\":\"Percorso della memoria - Cassino\",\"isPartOf\":{\"@id\":\"https:\\\/\\\/comunicacity.net\\\/cassino\\\/#website\"},\"primaryImageOfPage\":{\"@id\":\"https:\\\/\\\/comunicacity.net\\\/cassino\\\/itinerari-in-citta\\\/percorso-della-memoria\\\/#primaryimage\"},\"image\":{\"@id\":\"https:\\\/\\\/comunicacity.net\\\/cassino\\\/itinerari-in-citta\\\/percorso-della-memoria\\\/#primaryimage\"},\"thumbnailUrl\":\"http:\\\/\\\/comunicacity.net\\\/cassino\\\/wp-content\\\/uploads\\\/sites\\\/2\\\/2014\\\/12\\\/cimitero_tedesco-300x201.jpg\",\"datePublished\":\"2014-12-23T14:39:04+00:00\",\"dateModified\":\"2014-12-23T17:31:02+00:00\",\"breadcrumb\":{\"@id\":\"https:\\\/\\\/comunicacity.net\\\/cassino\\\/itinerari-in-citta\\\/percorso-della-memoria\\\/#breadcrumb\"},\"inLanguage\":\"it-IT\",\"potentialAction\":[{\"@type\":\"ReadAction\",\"target\":[\"https:\\\/\\\/comunicacity.net\\\/cassino\\\/itinerari-in-citta\\\/percorso-della-memoria\\\/\"]}]},{\"@type\":\"ImageObject\",\"inLanguage\":\"it-IT\",\"@id\":\"https:\\\/\\\/comunicacity.net\\\/cassino\\\/itinerari-in-citta\\\/percorso-della-memoria\\\/#primaryimage\",\"url\":\"http:\\\/\\\/comunicacity.net\\\/cassino\\\/wp-content\\\/uploads\\\/sites\\\/2\\\/2014\\\/12\\\/cimitero_tedesco-300x201.jpg\",\"contentUrl\":\"http:\\\/\\\/comunicacity.net\\\/cassino\\\/wp-content\\\/uploads\\\/sites\\\/2\\\/2014\\\/12\\\/cimitero_tedesco-300x201.jpg\"},{\"@type\":\"BreadcrumbList\",\"@id\":\"https:\\\/\\\/comunicacity.net\\\/cassino\\\/itinerari-in-citta\\\/percorso-della-memoria\\\/#breadcrumb\",\"itemListElement\":[{\"@type\":\"ListItem\",\"position\":1,\"name\":\"Home\",\"item\":\"https:\\\/\\\/comunicacity.net\\\/cassino\\\/\"},{\"@type\":\"ListItem\",\"position\":2,\"name\":\"Itinerari in citt\u00e0\",\"item\":\"https:\\\/\\\/comunicacity.net\\\/cassino\\\/itinerari-in-citta\\\/\"},{\"@type\":\"ListItem\",\"position\":3,\"name\":\"Percorso della memoria\"}]},{\"@type\":\"WebSite\",\"@id\":\"https:\\\/\\\/comunicacity.net\\\/cassino\\\/#website\",\"url\":\"https:\\\/\\\/comunicacity.net\\\/cassino\\\/\",\"name\":\"Cassino\",\"description\":\"Il Tuo Comune che Comunica\",\"publisher\":{\"@id\":\"https:\\\/\\\/comunicacity.net\\\/cassino\\\/#organization\"},\"potentialAction\":[{\"@type\":\"SearchAction\",\"target\":{\"@type\":\"EntryPoint\",\"urlTemplate\":\"https:\\\/\\\/comunicacity.net\\\/cassino\\\/?s={search_term_string}\"},\"query-input\":{\"@type\":\"PropertyValueSpecification\",\"valueRequired\":true,\"valueName\":\"search_term_string\"}}],\"inLanguage\":\"it-IT\"},{\"@type\":\"Organization\",\"@id\":\"https:\\\/\\\/comunicacity.net\\\/cassino\\\/#organization\",\"name\":\"Comune di Cassino\",\"url\":\"https:\\\/\\\/comunicacity.net\\\/cassino\\\/\",\"logo\":{\"@type\":\"ImageObject\",\"inLanguage\":\"it-IT\",\"@id\":\"https:\\\/\\\/comunicacity.net\\\/cassino\\\/#\\\/schema\\\/logo\\\/image\\\/\",\"url\":\"http:\\\/\\\/comunicacity.net\\\/cassino\\\/wp-content\\\/uploads\\\/sites\\\/2\\\/2014\\\/11\\\/cassino.jpg\",\"contentUrl\":\"http:\\\/\\\/comunicacity.net\\\/cassino\\\/wp-content\\\/uploads\\\/sites\\\/2\\\/2014\\\/11\\\/cassino.jpg\",\"width\":300,\"height\":300,\"caption\":\"Comune di Cassino\"},\"image\":{\"@id\":\"https:\\\/\\\/comunicacity.net\\\/cassino\\\/#\\\/schema\\\/logo\\\/image\\\/\"},\"sameAs\":[\"https:\\\/\\\/www.facebook.com\\\/CassinoComunica\\\/\"]}]}<\/script>\n<!-- \/ Yoast SEO plugin. -->","yoast_head_json":{"title":"Percorso della memoria - Cassino","robots":{"index":"index","follow":"follow","max-snippet":"max-snippet:-1","max-image-preview":"max-image-preview:large","max-video-preview":"max-video-preview:-1"},"canonical":"https:\/\/comunicacity.net\/cassino\/itinerari-in-citta\/percorso-della-memoria\/","og_locale":"it_IT","og_type":"article","og_title":"Percorso della memoria - Cassino","og_description":"Percorso della memoria tra i caduti della seconda Guerra Mondiale. Durata: 1 giornata Mezzi: a piedi, in bicicletta, in auto Tappe: Cimitero Polacco (Montecassino) Cimitero tedesco (frazione Caira) Cimitero del [&hellip;]","og_url":"https:\/\/comunicacity.net\/cassino\/itinerari-in-citta\/percorso-della-memoria\/","og_site_name":"Cassino","article_publisher":"https:\/\/www.facebook.com\/CassinoComunica\/","article_modified_time":"2014-12-23T17:31:02+00:00","og_image":[{"url":"https:\/\/comunicacity.net\/cassino\/wp-content\/uploads\/sites\/2\/2014\/12\/cimitero_tedesco-300x201.jpg","type":"","width":"","height":""}],"twitter_misc":{"Tempo di lettura stimato":"4 minuti"},"schema":{"@context":"https:\/\/schema.org","@graph":[{"@type":"WebPage","@id":"https:\/\/comunicacity.net\/cassino\/itinerari-in-citta\/percorso-della-memoria\/","url":"https:\/\/comunicacity.net\/cassino\/itinerari-in-citta\/percorso-della-memoria\/","name":"Percorso della memoria - Cassino","isPartOf":{"@id":"https:\/\/comunicacity.net\/cassino\/#website"},"primaryImageOfPage":{"@id":"https:\/\/comunicacity.net\/cassino\/itinerari-in-citta\/percorso-della-memoria\/#primaryimage"},"image":{"@id":"https:\/\/comunicacity.net\/cassino\/itinerari-in-citta\/percorso-della-memoria\/#primaryimage"},"thumbnailUrl":"https:\/\/comunicacity.net\/cassino\/wp-content\/uploads\/sites\/2\/2014\/12\/cimitero_tedesco-300x201.jpg","datePublished":"2014-12-23T14:39:04+00:00","dateModified":"2014-12-23T17:31:02+00:00","breadcrumb":{"@id":"https:\/\/comunicacity.net\/cassino\/itinerari-in-citta\/percorso-della-memoria\/#breadcrumb"},"inLanguage":"it-IT","potentialAction":[{"@type":"ReadAction","target":["https:\/\/comunicacity.net\/cassino\/itinerari-in-citta\/percorso-della-memoria\/"]}]},{"@type":"ImageObject","inLanguage":"it-IT","@id":"https:\/\/comunicacity.net\/cassino\/itinerari-in-citta\/percorso-della-memoria\/#primaryimage","url":"https:\/\/comunicacity.net\/cassino\/wp-content\/uploads\/sites\/2\/2014\/12\/cimitero_tedesco-300x201.jpg","contentUrl":"https:\/\/comunicacity.net\/cassino\/wp-content\/uploads\/sites\/2\/2014\/12\/cimitero_tedesco-300x201.jpg"},{"@type":"BreadcrumbList","@id":"https:\/\/comunicacity.net\/cassino\/itinerari-in-citta\/percorso-della-memoria\/#breadcrumb","itemListElement":[{"@type":"ListItem","position":1,"name":"Home","item":"https:\/\/comunicacity.net\/cassino\/"},{"@type":"ListItem","position":2,"name":"Itinerari in citt\u00e0","item":"https:\/\/comunicacity.net\/cassino\/itinerari-in-citta\/"},{"@type":"ListItem","position":3,"name":"Percorso della memoria"}]},{"@type":"WebSite","@id":"https:\/\/comunicacity.net\/cassino\/#website","url":"https:\/\/comunicacity.net\/cassino\/","name":"Cassino","description":"Il Tuo Comune che Comunica","publisher":{"@id":"https:\/\/comunicacity.net\/cassino\/#organization"},"potentialAction":[{"@type":"SearchAction","target":{"@type":"EntryPoint","urlTemplate":"https:\/\/comunicacity.net\/cassino\/?s={search_term_string}"},"query-input":{"@type":"PropertyValueSpecification","valueRequired":true,"valueName":"search_term_string"}}],"inLanguage":"it-IT"},{"@type":"Organization","@id":"https:\/\/comunicacity.net\/cassino\/#organization","name":"Comune di Cassino","url":"https:\/\/comunicacity.net\/cassino\/","logo":{"@type":"ImageObject","inLanguage":"it-IT","@id":"https:\/\/comunicacity.net\/cassino\/#\/schema\/logo\/image\/","url":"https:\/\/comunicacity.net\/cassino\/wp-content\/uploads\/sites\/2\/2014\/11\/cassino.jpg","contentUrl":"https:\/\/comunicacity.net\/cassino\/wp-content\/uploads\/sites\/2\/2014\/11\/cassino.jpg","width":300,"height":300,"caption":"Comune di Cassino"},"image":{"@id":"https:\/\/comunicacity.net\/cassino\/#\/schema\/logo\/image\/"},"sameAs":["https:\/\/www.facebook.com\/CassinoComunica\/"]}]}},"meta_box":[],"_links":{"self":[{"href":"https:\/\/comunicacity.net\/cassino\/wp-json\/wp\/v2\/pages\/1012","targetHints":{"allow":["GET"]}}],"collection":[{"href":"https:\/\/comunicacity.net\/cassino\/wp-json\/wp\/v2\/pages"}],"about":[{"href":"https:\/\/comunicacity.net\/cassino\/wp-json\/wp\/v2\/types\/page"}],"author":[{"embeddable":true,"href":"https:\/\/comunicacity.net\/cassino\/wp-json\/wp\/v2\/users\/1"}],"replies":[{"embeddable":true,"href":"https:\/\/comunicacity.net\/cassino\/wp-json\/wp\/v2\/comments?post=1012"}],"version-history":[{"count":3,"href":"https:\/\/comunicacity.net\/cassino\/wp-json\/wp\/v2\/pages\/1012\/revisions"}],"predecessor-version":[{"id":1034,"href":"https:\/\/comunicacity.net\/cassino\/wp-json\/wp\/v2\/pages\/1012\/revisions\/1034"}],"up":[{"embeddable":true,"href":"https:\/\/comunicacity.net\/cassino\/wp-json\/wp\/v2\/pages\/1006"}],"wp:attachment":[{"href":"https:\/\/comunicacity.net\/cassino\/wp-json\/wp\/v2\/media?parent=1012"}],"wp:term":[{"taxonomy":"category","embeddable":true,"href":"https:\/\/comunicacity.net\/cassino\/wp-json\/wp\/v2\/categories?post=1012"},{"taxonomy":"post_tag","embeddable":true,"href":"https:\/\/comunicacity.net\/cassino\/wp-json\/wp\/v2\/tags?post=1012"}],"curies":[{"name":"wp","href":"https:\/\/api.w.org\/{rel}","templated":true}]}}