{"id":1014,"date":"2014-12-23T15:39:35","date_gmt":"2014-12-23T14:39:35","guid":{"rendered":"https:\/\/comunicacity.net\/cassino\/?page_id=1014"},"modified":"2014-12-23T18:31:34","modified_gmt":"2014-12-23T17:31:34","slug":"percorso-museale-e-storico","status":"publish","type":"page","link":"https:\/\/comunicacity.net\/cassino\/itinerari-in-citta\/percorso-museale-e-storico\/","title":{"rendered":"Percorso museale e storico"},"content":{"rendered":"<div class=\"ccCenter\"><img decoding=\"async\" class=\"rounded ui image large\" src=\"https:\/\/comunicacity.net\/cassino\/wp-content\/uploads\/sites\/2\/2014\/12\/historiale-300x200.jpg\" alt=\"pano_vista\" \/><\/div>\n<div class=\"page-header\"><\/div>\n<p style=\"text-align: center;\"><strong>Percorso museale e storico<\/strong><\/p>\n<p style=\"text-align: justify;\">Tappe:<\/p>\n<ul style=\"text-align: justify;\">\n<li>Historiale<\/li>\n<li>Museo d\u2019Arte Contemporanea CAMUSAC<\/li>\n<li>Museo Archeologico Nazionale G. Carrettoni<\/li>\n<li>Museo dell&#8217;Abbazia di Montecassino<\/li>\n<\/ul>\n<p style=\"text-align: justify;\">Ingressi a pagamento nei musei, sconti a gruppi e studenti e anziani<\/p>\n<p style=\"text-align: justify;\">Il percorso museale inizia dall\u2019Historiale, museo multimediale allestito dalle Officine Rambaldi, in occasione del sessantesimo anniversario della distruzione della Citta Martire. Un percorso visivo e sonoro che racconta gli eventi bellici della citt\u00e0 e del comprensorio. Ci si sposta presso il Museo CAMUSAC, di arte contemporanea, struttura sorta nel 2013 con la riqualificazione degli edifici industriali della Longo Spa, che accoglie la collezione permanente privata della Fondazione CAMUSAC, oltre che mostre di opere di significative personalit\u00e0 artistiche emerse nel corso del XX e XXI secolo. Si conclude al Museo Archeologico Carrettoni, che sorge nell\u2019area archeologica dell\u2019antica Casinum, la cui collezione \u00e8 allestita in tre sale interne e in aree esterne.<\/p>\n<p style=\"text-align: center;\"><strong>Museum and Historical Route<\/strong><\/p>\n<p style=\"text-align: justify;\">Stops:<\/p>\n<ul style=\"text-align: justify;\">\n<li>Historiale<\/li>\n<li>Historical Museum of Contemporary Art CAMUSAC<\/li>\n<li>Archeological National Museum G. Carrettoni<\/li>\n<li>Museum of Montecassino<\/li>\n<\/ul>\n<p style=\"text-align: justify;\">Must pay addmission to Museums; discounts for groups, students and elderly.<\/p>\n<p style=\"text-align: justify;\">The museum route begins at the Historiale, a multimedia museum set up by Officine Rambaldi on the occasion for the 60th anniversary of the destruction of the Citt\u00e0 Martire (Cassino). A visual, sound route that tells of the war events of the city and its surronding area. You will then move towards the CAMUSAC museum of contemporary art, all structured in 2013 with the requalification of the industrial buildings from Longo Spa that welcomed the permanent private collection from CAMUSAC Foundation, besides showing works of art of significant artistic personalities emerged during the XX and XXI centuries.<\/p>\n<p style=\"text-align: justify;\">The route concludes at the Archeological Carettoni Museum, that is in the archeological area of the ancient Casinum, of which its collections are set up in three internal rooms and external areas<\/p>\n<p style=\"text-align: center;\"><strong>Parcour des mus\u00e9es et de l&#8217;histoire\u00a0<\/strong><\/p>\n<p style=\"text-align: justify;\">\u00c9tapes:<\/p>\n<ul style=\"text-align: justify;\">\n<li>Mus\u00e9e Historiale<\/li>\n<li>Mus\u00e9e d\u2019art modern et Contemporaine CAMUSAC<\/li>\n<li>Mus\u00e9e arch\u00e9ologique national<\/li>\n<li>Mus\u00e9e de Montecassino<\/li>\n<\/ul>\n<p style=\"text-align: justify;\">Les entre\u00e9s aux Mus\u00e9es sont payantes, et les reductions sont pour les groupes, les \u00e9tudiants et les ag\u00e9es.<\/p>\n<p style=\"text-align: justify;\">L&#8217;itin\u00e9raire du mus\u00e9e commence par l\u2019Historiale, mus\u00e9e multim\u00e9dial mis en place par l&#8217;atelier Rambaldi pour l&#8217;occasion du soixanti\u00e8me de la destruction de la ville. Un itin\u00e9raire visive, sonore qui racconte les \u00e9venements de la guerre de la ville et du territoire. Nous nous d\u00e9pla\u00e7ons maintenant vers le mus\u00e9e CAMUSAC, de l&#8217;art contemporain, structure construite en 2013 avec le r\u00e9am\u00e9nagement des batiments industriels &#8220;LONGO SPA&#8221;, qui abite la collection permanente et priv\u00e9 de la fondation CAMUSAC, ainsi que des expositions artistiques importantes, qui ont \u00e9nerg\u00e9 au cours du XX et XXI siecles. Et enfin nous terminons par le mus\u00e9e arch\u00e9ologique, qui est situ\u00e9e dans la zone arch\u00e9ologique de l&#8217;ancienne Casinum. La collection est log\u00e9e dans trois salles d&#8217;interieures, et dans zones exterieures.<\/p>\n","protected":false},"excerpt":{"rendered":"<p>Percorso museale e storico Tappe: Historiale Museo d\u2019Arte Contemporanea CAMUSAC Museo Archeologico Nazionale G. Carrettoni Museo dell&#8217;Abbazia di Montecassino Ingressi a pagamento nei musei, sconti a gruppi e studenti e [&hellip;]<\/p>\n","protected":false},"author":1,"featured_media":0,"parent":1006,"menu_order":5,"comment_status":"open","ping_status":"closed","template":"","meta":{"footnotes":""},"categories":[],"tags":[],"class_list":["post-1014","page","type-page","status-publish","hentry"],"yoast_head":"<!-- This site is optimized with the Yoast SEO plugin v27.4 - https:\/\/yoast.com\/product\/yoast-seo-wordpress\/ -->\n<title>Percorso museale e storico - Cassino<\/title>\n<meta name=\"robots\" content=\"index, follow, max-snippet:-1, max-image-preview:large, max-video-preview:-1\" \/>\n<link rel=\"canonical\" href=\"https:\/\/comunicacity.net\/cassino\/itinerari-in-citta\/percorso-museale-e-storico\/\" \/>\n<meta property=\"og:locale\" content=\"it_IT\" \/>\n<meta property=\"og:type\" content=\"article\" \/>\n<meta property=\"og:title\" content=\"Percorso museale e storico - Cassino\" \/>\n<meta property=\"og:description\" content=\"Percorso museale e storico Tappe: Historiale Museo d\u2019Arte Contemporanea CAMUSAC Museo Archeologico Nazionale G. Carrettoni Museo dell&#8217;Abbazia di Montecassino Ingressi a pagamento nei musei, sconti a gruppi e studenti e [&hellip;]\" \/>\n<meta property=\"og:url\" content=\"https:\/\/comunicacity.net\/cassino\/itinerari-in-citta\/percorso-museale-e-storico\/\" \/>\n<meta property=\"og:site_name\" content=\"Cassino\" \/>\n<meta property=\"article:publisher\" content=\"https:\/\/www.facebook.com\/CassinoComunica\/\" \/>\n<meta property=\"article:modified_time\" content=\"2014-12-23T17:31:34+00:00\" \/>\n<meta property=\"og:image\" content=\"https:\/\/comunicacity.net\/cassino\/wp-content\/uploads\/sites\/2\/2014\/12\/historiale-300x200.jpg\" \/>\n<meta name=\"twitter:label1\" content=\"Tempo di lettura stimato\" \/>\n\t<meta name=\"twitter:data1\" content=\"2 minuti\" \/>\n<script type=\"application\/ld+json\" class=\"yoast-schema-graph\">{\"@context\":\"https:\\\/\\\/schema.org\",\"@graph\":[{\"@type\":\"WebPage\",\"@id\":\"https:\\\/\\\/comunicacity.net\\\/cassino\\\/itinerari-in-citta\\\/percorso-museale-e-storico\\\/\",\"url\":\"https:\\\/\\\/comunicacity.net\\\/cassino\\\/itinerari-in-citta\\\/percorso-museale-e-storico\\\/\",\"name\":\"Percorso museale e storico - Cassino\",\"isPartOf\":{\"@id\":\"https:\\\/\\\/comunicacity.net\\\/cassino\\\/#website\"},\"primaryImageOfPage\":{\"@id\":\"https:\\\/\\\/comunicacity.net\\\/cassino\\\/itinerari-in-citta\\\/percorso-museale-e-storico\\\/#primaryimage\"},\"image\":{\"@id\":\"https:\\\/\\\/comunicacity.net\\\/cassino\\\/itinerari-in-citta\\\/percorso-museale-e-storico\\\/#primaryimage\"},\"thumbnailUrl\":\"http:\\\/\\\/comunicacity.net\\\/cassino\\\/wp-content\\\/uploads\\\/sites\\\/2\\\/2014\\\/12\\\/historiale-300x200.jpg\",\"datePublished\":\"2014-12-23T14:39:35+00:00\",\"dateModified\":\"2014-12-23T17:31:34+00:00\",\"breadcrumb\":{\"@id\":\"https:\\\/\\\/comunicacity.net\\\/cassino\\\/itinerari-in-citta\\\/percorso-museale-e-storico\\\/#breadcrumb\"},\"inLanguage\":\"it-IT\",\"potentialAction\":[{\"@type\":\"ReadAction\",\"target\":[\"https:\\\/\\\/comunicacity.net\\\/cassino\\\/itinerari-in-citta\\\/percorso-museale-e-storico\\\/\"]}]},{\"@type\":\"ImageObject\",\"inLanguage\":\"it-IT\",\"@id\":\"https:\\\/\\\/comunicacity.net\\\/cassino\\\/itinerari-in-citta\\\/percorso-museale-e-storico\\\/#primaryimage\",\"url\":\"http:\\\/\\\/comunicacity.net\\\/cassino\\\/wp-content\\\/uploads\\\/sites\\\/2\\\/2014\\\/12\\\/historiale-300x200.jpg\",\"contentUrl\":\"http:\\\/\\\/comunicacity.net\\\/cassino\\\/wp-content\\\/uploads\\\/sites\\\/2\\\/2014\\\/12\\\/historiale-300x200.jpg\"},{\"@type\":\"BreadcrumbList\",\"@id\":\"https:\\\/\\\/comunicacity.net\\\/cassino\\\/itinerari-in-citta\\\/percorso-museale-e-storico\\\/#breadcrumb\",\"itemListElement\":[{\"@type\":\"ListItem\",\"position\":1,\"name\":\"Home\",\"item\":\"https:\\\/\\\/comunicacity.net\\\/cassino\\\/\"},{\"@type\":\"ListItem\",\"position\":2,\"name\":\"Itinerari in citt\u00e0\",\"item\":\"https:\\\/\\\/comunicacity.net\\\/cassino\\\/itinerari-in-citta\\\/\"},{\"@type\":\"ListItem\",\"position\":3,\"name\":\"Percorso museale e storico\"}]},{\"@type\":\"WebSite\",\"@id\":\"https:\\\/\\\/comunicacity.net\\\/cassino\\\/#website\",\"url\":\"https:\\\/\\\/comunicacity.net\\\/cassino\\\/\",\"name\":\"Cassino\",\"description\":\"Il Tuo Comune che Comunica\",\"publisher\":{\"@id\":\"https:\\\/\\\/comunicacity.net\\\/cassino\\\/#organization\"},\"potentialAction\":[{\"@type\":\"SearchAction\",\"target\":{\"@type\":\"EntryPoint\",\"urlTemplate\":\"https:\\\/\\\/comunicacity.net\\\/cassino\\\/?s={search_term_string}\"},\"query-input\":{\"@type\":\"PropertyValueSpecification\",\"valueRequired\":true,\"valueName\":\"search_term_string\"}}],\"inLanguage\":\"it-IT\"},{\"@type\":\"Organization\",\"@id\":\"https:\\\/\\\/comunicacity.net\\\/cassino\\\/#organization\",\"name\":\"Comune di Cassino\",\"url\":\"https:\\\/\\\/comunicacity.net\\\/cassino\\\/\",\"logo\":{\"@type\":\"ImageObject\",\"inLanguage\":\"it-IT\",\"@id\":\"https:\\\/\\\/comunicacity.net\\\/cassino\\\/#\\\/schema\\\/logo\\\/image\\\/\",\"url\":\"http:\\\/\\\/comunicacity.net\\\/cassino\\\/wp-content\\\/uploads\\\/sites\\\/2\\\/2014\\\/11\\\/cassino.jpg\",\"contentUrl\":\"http:\\\/\\\/comunicacity.net\\\/cassino\\\/wp-content\\\/uploads\\\/sites\\\/2\\\/2014\\\/11\\\/cassino.jpg\",\"width\":300,\"height\":300,\"caption\":\"Comune di Cassino\"},\"image\":{\"@id\":\"https:\\\/\\\/comunicacity.net\\\/cassino\\\/#\\\/schema\\\/logo\\\/image\\\/\"},\"sameAs\":[\"https:\\\/\\\/www.facebook.com\\\/CassinoComunica\\\/\"]}]}<\/script>\n<!-- \/ Yoast SEO plugin. -->","yoast_head_json":{"title":"Percorso museale e storico - Cassino","robots":{"index":"index","follow":"follow","max-snippet":"max-snippet:-1","max-image-preview":"max-image-preview:large","max-video-preview":"max-video-preview:-1"},"canonical":"https:\/\/comunicacity.net\/cassino\/itinerari-in-citta\/percorso-museale-e-storico\/","og_locale":"it_IT","og_type":"article","og_title":"Percorso museale e storico - Cassino","og_description":"Percorso museale e storico Tappe: Historiale Museo d\u2019Arte Contemporanea CAMUSAC Museo Archeologico Nazionale G. Carrettoni Museo dell&#8217;Abbazia di Montecassino Ingressi a pagamento nei musei, sconti a gruppi e studenti e [&hellip;]","og_url":"https:\/\/comunicacity.net\/cassino\/itinerari-in-citta\/percorso-museale-e-storico\/","og_site_name":"Cassino","article_publisher":"https:\/\/www.facebook.com\/CassinoComunica\/","article_modified_time":"2014-12-23T17:31:34+00:00","og_image":[{"url":"https:\/\/comunicacity.net\/cassino\/wp-content\/uploads\/sites\/2\/2014\/12\/historiale-300x200.jpg","type":"","width":"","height":""}],"twitter_misc":{"Tempo di lettura stimato":"2 minuti"},"schema":{"@context":"https:\/\/schema.org","@graph":[{"@type":"WebPage","@id":"https:\/\/comunicacity.net\/cassino\/itinerari-in-citta\/percorso-museale-e-storico\/","url":"https:\/\/comunicacity.net\/cassino\/itinerari-in-citta\/percorso-museale-e-storico\/","name":"Percorso museale e storico - Cassino","isPartOf":{"@id":"https:\/\/comunicacity.net\/cassino\/#website"},"primaryImageOfPage":{"@id":"https:\/\/comunicacity.net\/cassino\/itinerari-in-citta\/percorso-museale-e-storico\/#primaryimage"},"image":{"@id":"https:\/\/comunicacity.net\/cassino\/itinerari-in-citta\/percorso-museale-e-storico\/#primaryimage"},"thumbnailUrl":"https:\/\/comunicacity.net\/cassino\/wp-content\/uploads\/sites\/2\/2014\/12\/historiale-300x200.jpg","datePublished":"2014-12-23T14:39:35+00:00","dateModified":"2014-12-23T17:31:34+00:00","breadcrumb":{"@id":"https:\/\/comunicacity.net\/cassino\/itinerari-in-citta\/percorso-museale-e-storico\/#breadcrumb"},"inLanguage":"it-IT","potentialAction":[{"@type":"ReadAction","target":["https:\/\/comunicacity.net\/cassino\/itinerari-in-citta\/percorso-museale-e-storico\/"]}]},{"@type":"ImageObject","inLanguage":"it-IT","@id":"https:\/\/comunicacity.net\/cassino\/itinerari-in-citta\/percorso-museale-e-storico\/#primaryimage","url":"https:\/\/comunicacity.net\/cassino\/wp-content\/uploads\/sites\/2\/2014\/12\/historiale-300x200.jpg","contentUrl":"https:\/\/comunicacity.net\/cassino\/wp-content\/uploads\/sites\/2\/2014\/12\/historiale-300x200.jpg"},{"@type":"BreadcrumbList","@id":"https:\/\/comunicacity.net\/cassino\/itinerari-in-citta\/percorso-museale-e-storico\/#breadcrumb","itemListElement":[{"@type":"ListItem","position":1,"name":"Home","item":"https:\/\/comunicacity.net\/cassino\/"},{"@type":"ListItem","position":2,"name":"Itinerari in citt\u00e0","item":"https:\/\/comunicacity.net\/cassino\/itinerari-in-citta\/"},{"@type":"ListItem","position":3,"name":"Percorso museale e storico"}]},{"@type":"WebSite","@id":"https:\/\/comunicacity.net\/cassino\/#website","url":"https:\/\/comunicacity.net\/cassino\/","name":"Cassino","description":"Il Tuo Comune che Comunica","publisher":{"@id":"https:\/\/comunicacity.net\/cassino\/#organization"},"potentialAction":[{"@type":"SearchAction","target":{"@type":"EntryPoint","urlTemplate":"https:\/\/comunicacity.net\/cassino\/?s={search_term_string}"},"query-input":{"@type":"PropertyValueSpecification","valueRequired":true,"valueName":"search_term_string"}}],"inLanguage":"it-IT"},{"@type":"Organization","@id":"https:\/\/comunicacity.net\/cassino\/#organization","name":"Comune di Cassino","url":"https:\/\/comunicacity.net\/cassino\/","logo":{"@type":"ImageObject","inLanguage":"it-IT","@id":"https:\/\/comunicacity.net\/cassino\/#\/schema\/logo\/image\/","url":"https:\/\/comunicacity.net\/cassino\/wp-content\/uploads\/sites\/2\/2014\/11\/cassino.jpg","contentUrl":"https:\/\/comunicacity.net\/cassino\/wp-content\/uploads\/sites\/2\/2014\/11\/cassino.jpg","width":300,"height":300,"caption":"Comune di Cassino"},"image":{"@id":"https:\/\/comunicacity.net\/cassino\/#\/schema\/logo\/image\/"},"sameAs":["https:\/\/www.facebook.com\/CassinoComunica\/"]}]}},"meta_box":[],"_links":{"self":[{"href":"https:\/\/comunicacity.net\/cassino\/wp-json\/wp\/v2\/pages\/1014","targetHints":{"allow":["GET"]}}],"collection":[{"href":"https:\/\/comunicacity.net\/cassino\/wp-json\/wp\/v2\/pages"}],"about":[{"href":"https:\/\/comunicacity.net\/cassino\/wp-json\/wp\/v2\/types\/page"}],"author":[{"embeddable":true,"href":"https:\/\/comunicacity.net\/cassino\/wp-json\/wp\/v2\/users\/1"}],"replies":[{"embeddable":true,"href":"https:\/\/comunicacity.net\/cassino\/wp-json\/wp\/v2\/comments?post=1014"}],"version-history":[{"count":6,"href":"https:\/\/comunicacity.net\/cassino\/wp-json\/wp\/v2\/pages\/1014\/revisions"}],"predecessor-version":[{"id":1031,"href":"https:\/\/comunicacity.net\/cassino\/wp-json\/wp\/v2\/pages\/1014\/revisions\/1031"}],"up":[{"embeddable":true,"href":"https:\/\/comunicacity.net\/cassino\/wp-json\/wp\/v2\/pages\/1006"}],"wp:attachment":[{"href":"https:\/\/comunicacity.net\/cassino\/wp-json\/wp\/v2\/media?parent=1014"}],"wp:term":[{"taxonomy":"category","embeddable":true,"href":"https:\/\/comunicacity.net\/cassino\/wp-json\/wp\/v2\/categories?post=1014"},{"taxonomy":"post_tag","embeddable":true,"href":"https:\/\/comunicacity.net\/cassino\/wp-json\/wp\/v2\/tags?post=1014"}],"curies":[{"name":"wp","href":"https:\/\/api.w.org\/{rel}","templated":true}]}}