{"id":1035,"date":"2014-12-23T18:23:57","date_gmt":"2014-12-23T17:23:57","guid":{"rendered":"https:\/\/comunicacity.net\/cassino\/?page_id=1035"},"modified":"2014-12-23T18:31:28","modified_gmt":"2014-12-23T17:31:28","slug":"percorso-storico-urbano","status":"publish","type":"page","link":"https:\/\/comunicacity.net\/cassino\/itinerari-in-citta\/percorso-storico-urbano\/","title":{"rendered":"Percorso storico urbano"},"content":{"rendered":"<div class=\"ccCenter\"><img decoding=\"async\" class=\"rounded ui image large\" src=\"https:\/\/comunicacity.net\/cassino\/wp-content\/uploads\/sites\/2\/2014\/12\/memoriadipietra-300x225.jpg\" alt=\"pano_vista\" \/><\/div>\n<div class=\"ccCenter\"><\/div>\n<p style=\"text-align: center;\"><strong>Percorso storico urbano della MEMORIA di PIETRA, da fare a piedi o in bicicletta.<\/strong><\/p>\n<p>Tappe:<\/p>\n<ul>\n<li>La Chiesa dell\u2019Annunziata (via S. Giacomo)<\/li>\n<li>S. Maria delle 5 Torri (via del Foro)<\/li>\n<li>La Torre Campanaria \u00a0e la Curtis Major (piazza Corte)<\/li>\n<li>Il Teatro Manzoni (piazza De Gasperi)<\/li>\n<li>La Chiesa del Carmine (Corso della Repubblica)<\/li>\n<\/ul>\n<p style=\"text-align: justify;\">Il percorso prevede la visita ai grandi massi di pietra calcarea in forma grezza, dislocati ove, prima della distruzione della citt\u00e0, sorgevano edifici d&#8217;origine medioevale e di grande pregio artistico della vecchia Cassino. Un percorso nella citt\u00e0 scomparsa, allestito nel 2004 e realizzato dal Centro Documentazione e Studi Cassinati (ente organizzatore), dal Comune di Cassino, dall\u2019Abbazia e sostenuto economicamente da alcuni imprenditori del territorio.<\/p>\n<p style=\"text-align: justify;\">I massi, in Perlato Royal di Coreno, presentano una facciata spianata verticalmente su cui \u00e8 stata apposta una lapide della stessa pietra. Sulla lapide \u00e8 stato scolpito un testo che ripropone la storia e la sagoma stilizzata dell&#8217;edificio che sorgeva in quel luogo.<\/p>\n<p>&nbsp;<\/p>\n<p style=\"text-align: center;\"><strong>Historical Urban route of the PIETRA MEMORY, to be done on foot or by bicycle.<\/strong><\/p>\n<p>Stops:<\/p>\n<ul>\n<li>La Chiesa dell&#8217;Annunziata (Via S. Giacomo)<\/li>\n<li>S. Maria delle 5 Torri (Via del Foro)<\/li>\n<li>La Torre Campanaria and La Curtis Major (Corte Square)<\/li>\n<li>Il Teatro Manzoni (De Gasperi Square)<\/li>\n<li>La Chiesa del Carmine (Corso della Repubblica)<\/li>\n<\/ul>\n<p style=\"text-align: justify;\">The route includes a visit to the masses of limestone in rough form positioned where, buildings of medieval origins once rose and of great artistic quality to old Cassino, before the destruction of the city. A route in the vanished city was set up in 2004 and realized by the Documentation Center and Studies Cassinati, ( organizing bodies), by the City of Cassino, by the Abbey and economically supported by some entrepreneurs of the territory.<\/p>\n<p style=\"text-align: justify;\">The masses, in Coreno Perlato Royal, present a flat vertical facing on which was erected an inscribed tablet of the same stone. On the tablet was sculptured a text that tells the story and a model of the outline of the building that once was there.<\/p>\n<p style=\"text-align: center;\"><strong>Parcour historique urbain de la m\u00e9moire de pierre<br \/>\n<\/strong><\/p>\n<p>\u00e0 faire a pieds ou en v\u00e9lo.<\/p>\n<p>\u00c9tapes:<\/p>\n<ul>\n<li>Eglise dell&#8217;Annunziata (rue san Giacomo)<\/li>\n<li>\u00c9glise S.Maria des Cinq Tours (rue del Foro)<\/li>\n<li>Beffroi et la Curtis Major (place Corte)<\/li>\n<li>Le t\u00e9atre Manzoni (place De Gasperi)<\/li>\n<li>L&#8217;Eglise du Carmine (Corso della Repubblica)<\/li>\n<\/ul>\n<p>&nbsp;<\/p>\n<p style=\"text-align: justify;\">L&#8217;itineraire inclut une visite devant les grandes masses de pierre calcaire qui sont situ\u00e9s dans les lieux des batiments d&#8217;origine m\u00e9di\u00e9vale et des grandes valeures artistiques de la vieille Cassino, avant la destruction. Un parcour mis en place dans l\u2019ann\u00e9e 2004 et mis en oeuvre par le centre de documentation et d&#8217;\u00e9tudes cassinati, par le Maire de Cassino, par l&#8217;Abbaye et soutenue financi\u00e8rement par certains entrepreneur local. Les rochers, en perle royale de Coreno, ont une simple fa\u00e7ade verticale sur laquelle a \u00e9t\u00e9 appos\u00e9e une plaque de la meme pierre, grav\u00e9e par un texte qui reprend l&#8217;histoire et la silhouette stylis\u00e9 du batiment qui se trouvait a cet endroit.<\/p>\n<p style=\"text-align: justify;\">\n","protected":false},"excerpt":{"rendered":"<p>Percorso storico urbano della MEMORIA di PIETRA, da fare a piedi o in bicicletta. Tappe: La Chiesa dell\u2019Annunziata (via S. Giacomo) S. Maria delle 5 Torri (via del Foro) La [&hellip;]<\/p>\n","protected":false},"author":1,"featured_media":0,"parent":1006,"menu_order":4,"comment_status":"open","ping_status":"closed","template":"","meta":{"footnotes":""},"categories":[],"tags":[],"class_list":["post-1035","page","type-page","status-publish","hentry"],"yoast_head":"<!-- This site is optimized with the Yoast SEO plugin v27.4 - https:\/\/yoast.com\/product\/yoast-seo-wordpress\/ -->\n<title>Percorso storico urbano - Cassino<\/title>\n<meta name=\"robots\" content=\"index, follow, max-snippet:-1, max-image-preview:large, max-video-preview:-1\" \/>\n<link rel=\"canonical\" href=\"https:\/\/comunicacity.net\/cassino\/itinerari-in-citta\/percorso-storico-urbano\/\" \/>\n<meta property=\"og:locale\" content=\"it_IT\" \/>\n<meta property=\"og:type\" content=\"article\" \/>\n<meta property=\"og:title\" content=\"Percorso storico urbano - Cassino\" \/>\n<meta property=\"og:description\" content=\"Percorso storico urbano della MEMORIA di PIETRA, da fare a piedi o in bicicletta. Tappe: La Chiesa dell\u2019Annunziata (via S. Giacomo) S. Maria delle 5 Torri (via del Foro) La [&hellip;]\" \/>\n<meta property=\"og:url\" content=\"https:\/\/comunicacity.net\/cassino\/itinerari-in-citta\/percorso-storico-urbano\/\" \/>\n<meta property=\"og:site_name\" content=\"Cassino\" \/>\n<meta property=\"article:publisher\" content=\"https:\/\/www.facebook.com\/CassinoComunica\/\" \/>\n<meta property=\"article:modified_time\" content=\"2014-12-23T17:31:28+00:00\" \/>\n<meta property=\"og:image\" content=\"https:\/\/comunicacity.net\/cassino\/wp-content\/uploads\/sites\/2\/2014\/12\/memoriadipietra-300x225.jpg\" \/>\n<meta name=\"twitter:label1\" content=\"Tempo di lettura stimato\" \/>\n\t<meta name=\"twitter:data1\" content=\"2 minuti\" \/>\n<script type=\"application\/ld+json\" class=\"yoast-schema-graph\">{\"@context\":\"https:\\\/\\\/schema.org\",\"@graph\":[{\"@type\":\"WebPage\",\"@id\":\"https:\\\/\\\/comunicacity.net\\\/cassino\\\/itinerari-in-citta\\\/percorso-storico-urbano\\\/\",\"url\":\"https:\\\/\\\/comunicacity.net\\\/cassino\\\/itinerari-in-citta\\\/percorso-storico-urbano\\\/\",\"name\":\"Percorso storico urbano - Cassino\",\"isPartOf\":{\"@id\":\"https:\\\/\\\/comunicacity.net\\\/cassino\\\/#website\"},\"primaryImageOfPage\":{\"@id\":\"https:\\\/\\\/comunicacity.net\\\/cassino\\\/itinerari-in-citta\\\/percorso-storico-urbano\\\/#primaryimage\"},\"image\":{\"@id\":\"https:\\\/\\\/comunicacity.net\\\/cassino\\\/itinerari-in-citta\\\/percorso-storico-urbano\\\/#primaryimage\"},\"thumbnailUrl\":\"http:\\\/\\\/comunicacity.net\\\/cassino\\\/wp-content\\\/uploads\\\/sites\\\/2\\\/2014\\\/12\\\/memoriadipietra-300x225.jpg\",\"datePublished\":\"2014-12-23T17:23:57+00:00\",\"dateModified\":\"2014-12-23T17:31:28+00:00\",\"breadcrumb\":{\"@id\":\"https:\\\/\\\/comunicacity.net\\\/cassino\\\/itinerari-in-citta\\\/percorso-storico-urbano\\\/#breadcrumb\"},\"inLanguage\":\"it-IT\",\"potentialAction\":[{\"@type\":\"ReadAction\",\"target\":[\"https:\\\/\\\/comunicacity.net\\\/cassino\\\/itinerari-in-citta\\\/percorso-storico-urbano\\\/\"]}]},{\"@type\":\"ImageObject\",\"inLanguage\":\"it-IT\",\"@id\":\"https:\\\/\\\/comunicacity.net\\\/cassino\\\/itinerari-in-citta\\\/percorso-storico-urbano\\\/#primaryimage\",\"url\":\"http:\\\/\\\/comunicacity.net\\\/cassino\\\/wp-content\\\/uploads\\\/sites\\\/2\\\/2014\\\/12\\\/memoriadipietra-300x225.jpg\",\"contentUrl\":\"http:\\\/\\\/comunicacity.net\\\/cassino\\\/wp-content\\\/uploads\\\/sites\\\/2\\\/2014\\\/12\\\/memoriadipietra-300x225.jpg\"},{\"@type\":\"BreadcrumbList\",\"@id\":\"https:\\\/\\\/comunicacity.net\\\/cassino\\\/itinerari-in-citta\\\/percorso-storico-urbano\\\/#breadcrumb\",\"itemListElement\":[{\"@type\":\"ListItem\",\"position\":1,\"name\":\"Home\",\"item\":\"https:\\\/\\\/comunicacity.net\\\/cassino\\\/\"},{\"@type\":\"ListItem\",\"position\":2,\"name\":\"Itinerari in citt\u00e0\",\"item\":\"https:\\\/\\\/comunicacity.net\\\/cassino\\\/itinerari-in-citta\\\/\"},{\"@type\":\"ListItem\",\"position\":3,\"name\":\"Percorso storico urbano\"}]},{\"@type\":\"WebSite\",\"@id\":\"https:\\\/\\\/comunicacity.net\\\/cassino\\\/#website\",\"url\":\"https:\\\/\\\/comunicacity.net\\\/cassino\\\/\",\"name\":\"Cassino\",\"description\":\"Il Tuo Comune che Comunica\",\"publisher\":{\"@id\":\"https:\\\/\\\/comunicacity.net\\\/cassino\\\/#organization\"},\"potentialAction\":[{\"@type\":\"SearchAction\",\"target\":{\"@type\":\"EntryPoint\",\"urlTemplate\":\"https:\\\/\\\/comunicacity.net\\\/cassino\\\/?s={search_term_string}\"},\"query-input\":{\"@type\":\"PropertyValueSpecification\",\"valueRequired\":true,\"valueName\":\"search_term_string\"}}],\"inLanguage\":\"it-IT\"},{\"@type\":\"Organization\",\"@id\":\"https:\\\/\\\/comunicacity.net\\\/cassino\\\/#organization\",\"name\":\"Comune di Cassino\",\"url\":\"https:\\\/\\\/comunicacity.net\\\/cassino\\\/\",\"logo\":{\"@type\":\"ImageObject\",\"inLanguage\":\"it-IT\",\"@id\":\"https:\\\/\\\/comunicacity.net\\\/cassino\\\/#\\\/schema\\\/logo\\\/image\\\/\",\"url\":\"http:\\\/\\\/comunicacity.net\\\/cassino\\\/wp-content\\\/uploads\\\/sites\\\/2\\\/2014\\\/11\\\/cassino.jpg\",\"contentUrl\":\"http:\\\/\\\/comunicacity.net\\\/cassino\\\/wp-content\\\/uploads\\\/sites\\\/2\\\/2014\\\/11\\\/cassino.jpg\",\"width\":300,\"height\":300,\"caption\":\"Comune di Cassino\"},\"image\":{\"@id\":\"https:\\\/\\\/comunicacity.net\\\/cassino\\\/#\\\/schema\\\/logo\\\/image\\\/\"},\"sameAs\":[\"https:\\\/\\\/www.facebook.com\\\/CassinoComunica\\\/\"]}]}<\/script>\n<!-- \/ Yoast SEO plugin. -->","yoast_head_json":{"title":"Percorso storico urbano - Cassino","robots":{"index":"index","follow":"follow","max-snippet":"max-snippet:-1","max-image-preview":"max-image-preview:large","max-video-preview":"max-video-preview:-1"},"canonical":"https:\/\/comunicacity.net\/cassino\/itinerari-in-citta\/percorso-storico-urbano\/","og_locale":"it_IT","og_type":"article","og_title":"Percorso storico urbano - Cassino","og_description":"Percorso storico urbano della MEMORIA di PIETRA, da fare a piedi o in bicicletta. Tappe: La Chiesa dell\u2019Annunziata (via S. Giacomo) S. Maria delle 5 Torri (via del Foro) La [&hellip;]","og_url":"https:\/\/comunicacity.net\/cassino\/itinerari-in-citta\/percorso-storico-urbano\/","og_site_name":"Cassino","article_publisher":"https:\/\/www.facebook.com\/CassinoComunica\/","article_modified_time":"2014-12-23T17:31:28+00:00","og_image":[{"url":"https:\/\/comunicacity.net\/cassino\/wp-content\/uploads\/sites\/2\/2014\/12\/memoriadipietra-300x225.jpg","type":"","width":"","height":""}],"twitter_misc":{"Tempo di lettura stimato":"2 minuti"},"schema":{"@context":"https:\/\/schema.org","@graph":[{"@type":"WebPage","@id":"https:\/\/comunicacity.net\/cassino\/itinerari-in-citta\/percorso-storico-urbano\/","url":"https:\/\/comunicacity.net\/cassino\/itinerari-in-citta\/percorso-storico-urbano\/","name":"Percorso storico urbano - Cassino","isPartOf":{"@id":"https:\/\/comunicacity.net\/cassino\/#website"},"primaryImageOfPage":{"@id":"https:\/\/comunicacity.net\/cassino\/itinerari-in-citta\/percorso-storico-urbano\/#primaryimage"},"image":{"@id":"https:\/\/comunicacity.net\/cassino\/itinerari-in-citta\/percorso-storico-urbano\/#primaryimage"},"thumbnailUrl":"https:\/\/comunicacity.net\/cassino\/wp-content\/uploads\/sites\/2\/2014\/12\/memoriadipietra-300x225.jpg","datePublished":"2014-12-23T17:23:57+00:00","dateModified":"2014-12-23T17:31:28+00:00","breadcrumb":{"@id":"https:\/\/comunicacity.net\/cassino\/itinerari-in-citta\/percorso-storico-urbano\/#breadcrumb"},"inLanguage":"it-IT","potentialAction":[{"@type":"ReadAction","target":["https:\/\/comunicacity.net\/cassino\/itinerari-in-citta\/percorso-storico-urbano\/"]}]},{"@type":"ImageObject","inLanguage":"it-IT","@id":"https:\/\/comunicacity.net\/cassino\/itinerari-in-citta\/percorso-storico-urbano\/#primaryimage","url":"https:\/\/comunicacity.net\/cassino\/wp-content\/uploads\/sites\/2\/2014\/12\/memoriadipietra-300x225.jpg","contentUrl":"https:\/\/comunicacity.net\/cassino\/wp-content\/uploads\/sites\/2\/2014\/12\/memoriadipietra-300x225.jpg"},{"@type":"BreadcrumbList","@id":"https:\/\/comunicacity.net\/cassino\/itinerari-in-citta\/percorso-storico-urbano\/#breadcrumb","itemListElement":[{"@type":"ListItem","position":1,"name":"Home","item":"https:\/\/comunicacity.net\/cassino\/"},{"@type":"ListItem","position":2,"name":"Itinerari in citt\u00e0","item":"https:\/\/comunicacity.net\/cassino\/itinerari-in-citta\/"},{"@type":"ListItem","position":3,"name":"Percorso storico urbano"}]},{"@type":"WebSite","@id":"https:\/\/comunicacity.net\/cassino\/#website","url":"https:\/\/comunicacity.net\/cassino\/","name":"Cassino","description":"Il Tuo Comune che Comunica","publisher":{"@id":"https:\/\/comunicacity.net\/cassino\/#organization"},"potentialAction":[{"@type":"SearchAction","target":{"@type":"EntryPoint","urlTemplate":"https:\/\/comunicacity.net\/cassino\/?s={search_term_string}"},"query-input":{"@type":"PropertyValueSpecification","valueRequired":true,"valueName":"search_term_string"}}],"inLanguage":"it-IT"},{"@type":"Organization","@id":"https:\/\/comunicacity.net\/cassino\/#organization","name":"Comune di Cassino","url":"https:\/\/comunicacity.net\/cassino\/","logo":{"@type":"ImageObject","inLanguage":"it-IT","@id":"https:\/\/comunicacity.net\/cassino\/#\/schema\/logo\/image\/","url":"https:\/\/comunicacity.net\/cassino\/wp-content\/uploads\/sites\/2\/2014\/11\/cassino.jpg","contentUrl":"https:\/\/comunicacity.net\/cassino\/wp-content\/uploads\/sites\/2\/2014\/11\/cassino.jpg","width":300,"height":300,"caption":"Comune di Cassino"},"image":{"@id":"https:\/\/comunicacity.net\/cassino\/#\/schema\/logo\/image\/"},"sameAs":["https:\/\/www.facebook.com\/CassinoComunica\/"]}]}},"meta_box":[],"_links":{"self":[{"href":"https:\/\/comunicacity.net\/cassino\/wp-json\/wp\/v2\/pages\/1035","targetHints":{"allow":["GET"]}}],"collection":[{"href":"https:\/\/comunicacity.net\/cassino\/wp-json\/wp\/v2\/pages"}],"about":[{"href":"https:\/\/comunicacity.net\/cassino\/wp-json\/wp\/v2\/types\/page"}],"author":[{"embeddable":true,"href":"https:\/\/comunicacity.net\/cassino\/wp-json\/wp\/v2\/users\/1"}],"replies":[{"embeddable":true,"href":"https:\/\/comunicacity.net\/cassino\/wp-json\/wp\/v2\/comments?post=1035"}],"version-history":[{"count":4,"href":"https:\/\/comunicacity.net\/cassino\/wp-json\/wp\/v2\/pages\/1035\/revisions"}],"predecessor-version":[{"id":1040,"href":"https:\/\/comunicacity.net\/cassino\/wp-json\/wp\/v2\/pages\/1035\/revisions\/1040"}],"up":[{"embeddable":true,"href":"https:\/\/comunicacity.net\/cassino\/wp-json\/wp\/v2\/pages\/1006"}],"wp:attachment":[{"href":"https:\/\/comunicacity.net\/cassino\/wp-json\/wp\/v2\/media?parent=1035"}],"wp:term":[{"taxonomy":"category","embeddable":true,"href":"https:\/\/comunicacity.net\/cassino\/wp-json\/wp\/v2\/categories?post=1035"},{"taxonomy":"post_tag","embeddable":true,"href":"https:\/\/comunicacity.net\/cassino\/wp-json\/wp\/v2\/tags?post=1035"}],"curies":[{"name":"wp","href":"https:\/\/api.w.org\/{rel}","templated":true}]}}