{"id":1041,"date":"2014-12-23T18:29:45","date_gmt":"2014-12-23T17:29:45","guid":{"rendered":"https:\/\/comunicacity.net\/cassino\/?page_id=1041"},"modified":"2014-12-23T18:30:06","modified_gmt":"2014-12-23T17:30:06","slug":"percorso-religioso","status":"publish","type":"page","link":"https:\/\/comunicacity.net\/cassino\/itinerari-in-citta\/percorso-religioso\/","title":{"rendered":"Percorso religioso"},"content":{"rendered":"<div class=\"ccCenter\"><img decoding=\"async\" class=\"rounded ui image large\" src=\"https:\/\/comunicacity.net\/cassino\/wp-content\/uploads\/sites\/2\/2014\/12\/sscolastica-201x300.jpg\" alt=\"pano_vista\" \/><\/div>\n<p style=\"text-align: center;\"><strong>Percorso religioso, dalla citt\u00e0 alla Abbazia di Montecassino<\/strong><\/p>\n<p>Durata: \u00bd giornata<\/p>\n<p>Mezzi: a piedi, in bicicletta, in auto<\/p>\n<p>Tappe:<\/p>\n<p>&#8211; Chiesa di Santa Scolastica<\/p>\n<p>&#8211; Chiesa Madre dedicata a Maria SS Assunta<\/p>\n<p>&#8211; Via Romana per Montecassino<\/p>\n<p>&#8211; Abbazia di Montecassino<\/p>\n<p style=\"text-align: justify;\">Da piazza Santa Scolastica si procede alla visita della omonima chiesa, facente parte del Monastero delle Suore Benedettine di Clausura. Spostandosi verso sud si arriva in piazza Corte ove si trova la Chiesa Madre, ricostruita sui resti della Chiesa delle Cinque Torri. Imboccando via Pinchera, da Via Enrico de Nicola, si giunge sulla Provinciale per Montecassino all\u2019altezza della Rocca Janula, fortezza militare. Accanto ad essa \u00e8 stato eretto il monumento di Mastroianni alla Pace. Proseguendo sulla provinciale si incontra l\u2019ingresso alla via Romana per Montecassino, percorribile a piedi e in bicicletta.Questa termina alla \u201ccroce\u201d di San Benedetto, poche centinaia di metri prima dell\u2019Abbazia. Diversamente si pu\u00f2 arrivare in Abbazia con la strada provinciale. Si prosegue per l\u2019Abbazia con possibilit\u00e0 di accesso al museo.<\/p>\n<p style=\"text-align: center;\"><strong>Religious route from the city to the Abbey of Montecassino.<\/strong><\/p>\n<p>Duration: half a day<\/p>\n<p>Means of transportation: on foot, by bicycle, by car<\/p>\n<p>Stops:<\/p>\n<ul>\n<li>Chiesa di Santa Scolastica<\/li>\n<li>Chiesa Madre dedicated to Maria SS. Assunta<\/li>\n<li>Via Romana to Montecassino<\/li>\n<li>Montecassino Abbey<\/li>\n<\/ul>\n<p style=\"text-align: justify;\">From Santa Scolastica square you proceed to visit the same named church, part of the cloistered Monastery of the Benedictine Sisters . Moving towards the south you will arrive in Corte square where the Chiesa Madre is located, rebuilt on the remains of the Cinque Torri Church . Turning onto Via Pinchera from Via Enrico de Nicola, you arrive on the provincial road leading to Montecassino at Rocca Janula, a military fortress, and next to it Mastroianni&#8217;s Peace monument..<br \/>\nContinuing along the provincial road you encounter the entrance to Via Romana to Montecassino, accessible on foot or by bicycle. It terminates at San Benedetto&#8217;s Cross (La Croce), a few hundred meters before the Abbey. Otherwise, the Abbey can also be reached using the provincial road. You continue towards the Abbey with the possibility to access the museum.<\/p>\n<p style=\"text-align: center;\"><strong>Parcour Religieux de la ville \u00e0 l\u2019Abbaye de Montecassino<\/strong><\/p>\n<p>Dure\u00e9: 1\/2 journ\u00e9e<\/p>\n<p>Moyens de transports: \u00e0 pieds, en v\u00e9lo, en voiture<\/p>\n<p>\u00e9tapes:<\/p>\n<ul>\n<li>Eglise de Santa Scolastica<\/li>\n<li>Eglise Madre d\u00e9voue\u00e9 \u00e0 Maria SS. Assunta<\/li>\n<li>Rue Romaine pour Montecassino<\/li>\n<li>Abbaye de Montecassino<\/li>\n<\/ul>\n<p style=\"text-align: justify;\">De la Place Santa Scolastica, nous proc\u00e9drons \u00e0 la visite de l&#8217;homonyme eglise, qui fait partie du monast\u00e8re des religieuses b\u00e9m\u00e9dectines coitr\u00e9es. En se depla\u00e7ant vers le sud, vous arriverez sur la place Cour o\u00f9 se trouve l&#8217;Eglise (M\u00e8re), construite sur les ruines de l\u2019Eglises des Cinq Tours. En prenant la rue Pinchera, de la rue Enrico de Nicola, nous arriverons sur la route pour Montecassino \u00e0 la hauteur de la Rocca Janula, forteresse militaire, \u00e0 cot\u00e9 du monument pour la Paix r\u00e9alis\u00e9 par le sculpteur Umberto Mastroianni. En continuant sur la route, vous rencontrerez l&#8217;entr\u00e9e de la vie romaine pur Montecassino, qui peut etre parcourse \u00e0 pieds et en v\u00e9lo. Elle se termin\u00e8ra \u00e0 la &#8220;croix&#8221; de San Benedetto, quelques centaines de m\u00e8tres avant l&#8217;Abbaye. Autrement, vous pourrez arriver \u00e0 l&#8217;Abbaye sur la rue provinciale et enfin finir par l&#8217;Abbaye o\u00f9 vous aurez la possibilit\u00e9 de visiter le Mus\u00e9e.<\/p>\n","protected":false},"excerpt":{"rendered":"<p>Percorso religioso, dalla citt\u00e0 alla Abbazia di Montecassino Durata: \u00bd giornata Mezzi: a piedi, in bicicletta, in auto Tappe: &#8211; Chiesa di Santa Scolastica &#8211; Chiesa Madre dedicata a Maria [&hellip;]<\/p>\n","protected":false},"author":1,"featured_media":0,"parent":1006,"menu_order":6,"comment_status":"open","ping_status":"open","template":"","meta":{"footnotes":""},"categories":[],"tags":[],"class_list":["post-1041","page","type-page","status-publish","hentry"],"yoast_head":"<!-- This site is optimized with the Yoast SEO plugin v27.4 - https:\/\/yoast.com\/product\/yoast-seo-wordpress\/ -->\n<title>Percorso religioso - Cassino<\/title>\n<meta name=\"robots\" content=\"index, follow, max-snippet:-1, max-image-preview:large, max-video-preview:-1\" \/>\n<link rel=\"canonical\" href=\"https:\/\/comunicacity.net\/cassino\/itinerari-in-citta\/percorso-religioso\/\" \/>\n<meta property=\"og:locale\" content=\"it_IT\" \/>\n<meta property=\"og:type\" content=\"article\" \/>\n<meta property=\"og:title\" content=\"Percorso religioso - Cassino\" \/>\n<meta property=\"og:description\" content=\"Percorso religioso, dalla citt\u00e0 alla Abbazia di Montecassino Durata: \u00bd giornata Mezzi: a piedi, in bicicletta, in auto Tappe: &#8211; Chiesa di Santa Scolastica &#8211; Chiesa Madre dedicata a Maria [&hellip;]\" \/>\n<meta property=\"og:url\" content=\"https:\/\/comunicacity.net\/cassino\/itinerari-in-citta\/percorso-religioso\/\" \/>\n<meta property=\"og:site_name\" content=\"Cassino\" \/>\n<meta property=\"article:publisher\" content=\"https:\/\/www.facebook.com\/CassinoComunica\/\" \/>\n<meta property=\"article:modified_time\" content=\"2014-12-23T17:30:06+00:00\" \/>\n<meta property=\"og:image\" content=\"https:\/\/comunicacity.net\/cassino\/wp-content\/uploads\/sites\/2\/2014\/12\/sscolastica-201x300.jpg\" \/>\n<meta name=\"twitter:label1\" content=\"Tempo di lettura stimato\" \/>\n\t<meta name=\"twitter:data1\" content=\"3 minuti\" \/>\n<script type=\"application\/ld+json\" class=\"yoast-schema-graph\">{\"@context\":\"https:\\\/\\\/schema.org\",\"@graph\":[{\"@type\":\"WebPage\",\"@id\":\"https:\\\/\\\/comunicacity.net\\\/cassino\\\/itinerari-in-citta\\\/percorso-religioso\\\/\",\"url\":\"https:\\\/\\\/comunicacity.net\\\/cassino\\\/itinerari-in-citta\\\/percorso-religioso\\\/\",\"name\":\"Percorso religioso - Cassino\",\"isPartOf\":{\"@id\":\"https:\\\/\\\/comunicacity.net\\\/cassino\\\/#website\"},\"primaryImageOfPage\":{\"@id\":\"https:\\\/\\\/comunicacity.net\\\/cassino\\\/itinerari-in-citta\\\/percorso-religioso\\\/#primaryimage\"},\"image\":{\"@id\":\"https:\\\/\\\/comunicacity.net\\\/cassino\\\/itinerari-in-citta\\\/percorso-religioso\\\/#primaryimage\"},\"thumbnailUrl\":\"http:\\\/\\\/comunicacity.net\\\/cassino\\\/wp-content\\\/uploads\\\/sites\\\/2\\\/2014\\\/12\\\/sscolastica-201x300.jpg\",\"datePublished\":\"2014-12-23T17:29:45+00:00\",\"dateModified\":\"2014-12-23T17:30:06+00:00\",\"breadcrumb\":{\"@id\":\"https:\\\/\\\/comunicacity.net\\\/cassino\\\/itinerari-in-citta\\\/percorso-religioso\\\/#breadcrumb\"},\"inLanguage\":\"it-IT\",\"potentialAction\":[{\"@type\":\"ReadAction\",\"target\":[\"https:\\\/\\\/comunicacity.net\\\/cassino\\\/itinerari-in-citta\\\/percorso-religioso\\\/\"]}]},{\"@type\":\"ImageObject\",\"inLanguage\":\"it-IT\",\"@id\":\"https:\\\/\\\/comunicacity.net\\\/cassino\\\/itinerari-in-citta\\\/percorso-religioso\\\/#primaryimage\",\"url\":\"http:\\\/\\\/comunicacity.net\\\/cassino\\\/wp-content\\\/uploads\\\/sites\\\/2\\\/2014\\\/12\\\/sscolastica-201x300.jpg\",\"contentUrl\":\"http:\\\/\\\/comunicacity.net\\\/cassino\\\/wp-content\\\/uploads\\\/sites\\\/2\\\/2014\\\/12\\\/sscolastica-201x300.jpg\"},{\"@type\":\"BreadcrumbList\",\"@id\":\"https:\\\/\\\/comunicacity.net\\\/cassino\\\/itinerari-in-citta\\\/percorso-religioso\\\/#breadcrumb\",\"itemListElement\":[{\"@type\":\"ListItem\",\"position\":1,\"name\":\"Home\",\"item\":\"https:\\\/\\\/comunicacity.net\\\/cassino\\\/\"},{\"@type\":\"ListItem\",\"position\":2,\"name\":\"Itinerari in citt\u00e0\",\"item\":\"https:\\\/\\\/comunicacity.net\\\/cassino\\\/itinerari-in-citta\\\/\"},{\"@type\":\"ListItem\",\"position\":3,\"name\":\"Percorso religioso\"}]},{\"@type\":\"WebSite\",\"@id\":\"https:\\\/\\\/comunicacity.net\\\/cassino\\\/#website\",\"url\":\"https:\\\/\\\/comunicacity.net\\\/cassino\\\/\",\"name\":\"Cassino\",\"description\":\"Il Tuo Comune che Comunica\",\"publisher\":{\"@id\":\"https:\\\/\\\/comunicacity.net\\\/cassino\\\/#organization\"},\"potentialAction\":[{\"@type\":\"SearchAction\",\"target\":{\"@type\":\"EntryPoint\",\"urlTemplate\":\"https:\\\/\\\/comunicacity.net\\\/cassino\\\/?s={search_term_string}\"},\"query-input\":{\"@type\":\"PropertyValueSpecification\",\"valueRequired\":true,\"valueName\":\"search_term_string\"}}],\"inLanguage\":\"it-IT\"},{\"@type\":\"Organization\",\"@id\":\"https:\\\/\\\/comunicacity.net\\\/cassino\\\/#organization\",\"name\":\"Comune di Cassino\",\"url\":\"https:\\\/\\\/comunicacity.net\\\/cassino\\\/\",\"logo\":{\"@type\":\"ImageObject\",\"inLanguage\":\"it-IT\",\"@id\":\"https:\\\/\\\/comunicacity.net\\\/cassino\\\/#\\\/schema\\\/logo\\\/image\\\/\",\"url\":\"http:\\\/\\\/comunicacity.net\\\/cassino\\\/wp-content\\\/uploads\\\/sites\\\/2\\\/2014\\\/11\\\/cassino.jpg\",\"contentUrl\":\"http:\\\/\\\/comunicacity.net\\\/cassino\\\/wp-content\\\/uploads\\\/sites\\\/2\\\/2014\\\/11\\\/cassino.jpg\",\"width\":300,\"height\":300,\"caption\":\"Comune di Cassino\"},\"image\":{\"@id\":\"https:\\\/\\\/comunicacity.net\\\/cassino\\\/#\\\/schema\\\/logo\\\/image\\\/\"},\"sameAs\":[\"https:\\\/\\\/www.facebook.com\\\/CassinoComunica\\\/\"]}]}<\/script>\n<!-- \/ Yoast SEO plugin. -->","yoast_head_json":{"title":"Percorso religioso - Cassino","robots":{"index":"index","follow":"follow","max-snippet":"max-snippet:-1","max-image-preview":"max-image-preview:large","max-video-preview":"max-video-preview:-1"},"canonical":"https:\/\/comunicacity.net\/cassino\/itinerari-in-citta\/percorso-religioso\/","og_locale":"it_IT","og_type":"article","og_title":"Percorso religioso - Cassino","og_description":"Percorso religioso, dalla citt\u00e0 alla Abbazia di Montecassino Durata: \u00bd giornata Mezzi: a piedi, in bicicletta, in auto Tappe: &#8211; Chiesa di Santa Scolastica &#8211; Chiesa Madre dedicata a Maria [&hellip;]","og_url":"https:\/\/comunicacity.net\/cassino\/itinerari-in-citta\/percorso-religioso\/","og_site_name":"Cassino","article_publisher":"https:\/\/www.facebook.com\/CassinoComunica\/","article_modified_time":"2014-12-23T17:30:06+00:00","og_image":[{"url":"https:\/\/comunicacity.net\/cassino\/wp-content\/uploads\/sites\/2\/2014\/12\/sscolastica-201x300.jpg","type":"","width":"","height":""}],"twitter_misc":{"Tempo di lettura stimato":"3 minuti"},"schema":{"@context":"https:\/\/schema.org","@graph":[{"@type":"WebPage","@id":"https:\/\/comunicacity.net\/cassino\/itinerari-in-citta\/percorso-religioso\/","url":"https:\/\/comunicacity.net\/cassino\/itinerari-in-citta\/percorso-religioso\/","name":"Percorso religioso - Cassino","isPartOf":{"@id":"https:\/\/comunicacity.net\/cassino\/#website"},"primaryImageOfPage":{"@id":"https:\/\/comunicacity.net\/cassino\/itinerari-in-citta\/percorso-religioso\/#primaryimage"},"image":{"@id":"https:\/\/comunicacity.net\/cassino\/itinerari-in-citta\/percorso-religioso\/#primaryimage"},"thumbnailUrl":"https:\/\/comunicacity.net\/cassino\/wp-content\/uploads\/sites\/2\/2014\/12\/sscolastica-201x300.jpg","datePublished":"2014-12-23T17:29:45+00:00","dateModified":"2014-12-23T17:30:06+00:00","breadcrumb":{"@id":"https:\/\/comunicacity.net\/cassino\/itinerari-in-citta\/percorso-religioso\/#breadcrumb"},"inLanguage":"it-IT","potentialAction":[{"@type":"ReadAction","target":["https:\/\/comunicacity.net\/cassino\/itinerari-in-citta\/percorso-religioso\/"]}]},{"@type":"ImageObject","inLanguage":"it-IT","@id":"https:\/\/comunicacity.net\/cassino\/itinerari-in-citta\/percorso-religioso\/#primaryimage","url":"https:\/\/comunicacity.net\/cassino\/wp-content\/uploads\/sites\/2\/2014\/12\/sscolastica-201x300.jpg","contentUrl":"https:\/\/comunicacity.net\/cassino\/wp-content\/uploads\/sites\/2\/2014\/12\/sscolastica-201x300.jpg"},{"@type":"BreadcrumbList","@id":"https:\/\/comunicacity.net\/cassino\/itinerari-in-citta\/percorso-religioso\/#breadcrumb","itemListElement":[{"@type":"ListItem","position":1,"name":"Home","item":"https:\/\/comunicacity.net\/cassino\/"},{"@type":"ListItem","position":2,"name":"Itinerari in citt\u00e0","item":"https:\/\/comunicacity.net\/cassino\/itinerari-in-citta\/"},{"@type":"ListItem","position":3,"name":"Percorso religioso"}]},{"@type":"WebSite","@id":"https:\/\/comunicacity.net\/cassino\/#website","url":"https:\/\/comunicacity.net\/cassino\/","name":"Cassino","description":"Il Tuo Comune che Comunica","publisher":{"@id":"https:\/\/comunicacity.net\/cassino\/#organization"},"potentialAction":[{"@type":"SearchAction","target":{"@type":"EntryPoint","urlTemplate":"https:\/\/comunicacity.net\/cassino\/?s={search_term_string}"},"query-input":{"@type":"PropertyValueSpecification","valueRequired":true,"valueName":"search_term_string"}}],"inLanguage":"it-IT"},{"@type":"Organization","@id":"https:\/\/comunicacity.net\/cassino\/#organization","name":"Comune di Cassino","url":"https:\/\/comunicacity.net\/cassino\/","logo":{"@type":"ImageObject","inLanguage":"it-IT","@id":"https:\/\/comunicacity.net\/cassino\/#\/schema\/logo\/image\/","url":"https:\/\/comunicacity.net\/cassino\/wp-content\/uploads\/sites\/2\/2014\/11\/cassino.jpg","contentUrl":"https:\/\/comunicacity.net\/cassino\/wp-content\/uploads\/sites\/2\/2014\/11\/cassino.jpg","width":300,"height":300,"caption":"Comune di Cassino"},"image":{"@id":"https:\/\/comunicacity.net\/cassino\/#\/schema\/logo\/image\/"},"sameAs":["https:\/\/www.facebook.com\/CassinoComunica\/"]}]}},"meta_box":[],"_links":{"self":[{"href":"https:\/\/comunicacity.net\/cassino\/wp-json\/wp\/v2\/pages\/1041","targetHints":{"allow":["GET"]}}],"collection":[{"href":"https:\/\/comunicacity.net\/cassino\/wp-json\/wp\/v2\/pages"}],"about":[{"href":"https:\/\/comunicacity.net\/cassino\/wp-json\/wp\/v2\/types\/page"}],"author":[{"embeddable":true,"href":"https:\/\/comunicacity.net\/cassino\/wp-json\/wp\/v2\/users\/1"}],"replies":[{"embeddable":true,"href":"https:\/\/comunicacity.net\/cassino\/wp-json\/wp\/v2\/comments?post=1041"}],"version-history":[{"count":1,"href":"https:\/\/comunicacity.net\/cassino\/wp-json\/wp\/v2\/pages\/1041\/revisions"}],"predecessor-version":[{"id":1043,"href":"https:\/\/comunicacity.net\/cassino\/wp-json\/wp\/v2\/pages\/1041\/revisions\/1043"}],"up":[{"embeddable":true,"href":"https:\/\/comunicacity.net\/cassino\/wp-json\/wp\/v2\/pages\/1006"}],"wp:attachment":[{"href":"https:\/\/comunicacity.net\/cassino\/wp-json\/wp\/v2\/media?parent=1041"}],"wp:term":[{"taxonomy":"category","embeddable":true,"href":"https:\/\/comunicacity.net\/cassino\/wp-json\/wp\/v2\/categories?post=1041"},{"taxonomy":"post_tag","embeddable":true,"href":"https:\/\/comunicacity.net\/cassino\/wp-json\/wp\/v2\/tags?post=1041"}],"curies":[{"name":"wp","href":"https:\/\/api.w.org\/{rel}","templated":true}]}}