{"id":605,"date":"2014-11-10T22:05:13","date_gmt":"2014-11-10T21:05:13","guid":{"rendered":"https:\/\/comunicacity.net\/cassino\/?page_id=605"},"modified":"2014-11-14T17:09:53","modified_gmt":"2014-11-14T16:09:53","slug":"parco-archeologico-casinum","status":"publish","type":"page","link":"https:\/\/comunicacity.net\/cassino\/cosa-visitare\/parco-archeologico-casinum\/","title":{"rendered":"Parco Archeologico &#8220;Casinum&#8221;"},"content":{"rendered":"<p><i class=\"map marker icon\"><\/i>Via Montecassimo, 0,8 km<\/p>\n<div class=\"ccCenter\"><img decoding=\"async\" class=\"rounded ui image large\" src=\"https:\/\/comunicacity.net\/cassino\/wp-content\/uploads\/sites\/2\/2014\/11\/pano_vista1.jpg\" alt=\"pano_vista\" \/><\/div>\n<p style=\"text-align: justify;\">L\u2019Area Archeologica di Cassino, che sorge lungo la strada che collega il centro urbano all\u2019Abbazia di Montecassino, con l\u2019annesso Museo rappresenta la traccia pi\u00f9 evidente dell\u2019antica Casinum dei romani. Dell&#8217;antica citt\u00e0 si possono ammirare, oltre ai resti delle mura poligonali, il Teatro, il Mausoleo di Ummidia Quadratilla e l&#8217;Anfiteatro, che \u00e8 il monumento pi\u00f9 importante di questa area archeologica.<\/p>\n<div class=\"ccCenter\"><img decoding=\"async\" class=\"rounded ui image large\" src=\"https:\/\/comunicacity.net\/cassino\/wp-content\/uploads\/sites\/2\/2014\/11\/pano_ruderi.jpg\" alt=\"pano_ruderi\" \/><\/div>\n<p style=\"text-align: justify;\">L\u2019Anfiteatro Romano di Cassino fu costruito nel I secolo d.C. per volont\u00e0 di Ummidia Quadratilla, come ricorda una lapide rinvenuta nel 1757 dalla quale si evince che la stessa matrona fece costruire a sue spese anche un tempio del quale non \u00e8 rimasta traccia.<\/p>\n<div class=\"ccCenter\"><img decoding=\"async\" class=\"rounded ui image large\" src=\"https:\/\/comunicacity.net\/cassino\/wp-content\/uploads\/sites\/2\/2014\/11\/pano_rudere.jpg\" alt=\"pano_rudere\" \/><\/div>\n<p style=\"text-align: justify;\">L\u2019Anfiteatro, come del resto le altre costruzioni di questo tipo rinvenute in diverse citt\u00e0 di epoca romana, veniva utilizzato per i ludi gladiatori, ovvero dei combattimenti all\u2019ultimo sangue che avevano come protagonista uomini, ma anche belve feroci. L\u2019architettura dell\u2019Anfiteatro e la presenza di grosse sorgenti d\u2019acqua nel territorio di Cassino, fanno supporre che fosse utilizzata anche per battaglie navali, attraverso un sistema che permetteva di riempire d\u2019acqua parte della struttura.<\/p>\n<div class=\"ccCenter\"><img decoding=\"async\" class=\"rounded ui image large\" src=\"https:\/\/comunicacity.net\/cassino\/wp-content\/uploads\/sites\/2\/2014\/11\/scorcio2.jpg\" alt=\"scorcio\" \/><\/div>\n<div class=\"ui divider\"><\/div>\n<h3><i class=\"camera icon ccGrey\"><\/i>Antica Via Romana<\/h3>\n<div class=\"ccCenter\"><img decoding=\"async\" class=\"rounded ui image large\" src=\"https:\/\/comunicacity.net\/cassino\/wp-content\/uploads\/sites\/2\/2014\/11\/basolato_romano.jpg\" alt=\"basolato_romano\" \/><\/div>\n<p style=\"text-align: justify;\">Riportato alla luce negli anni \u201950 del Novecento, il tratto di strada che attraversa la zona sud-orientale dell\u2019area archeologica di Cassino ci permette di poter ammirare il lastricato che anticamente copriva le antiche vie romane. I basoli, di questa strada che collegava Casinum alla via Latina, sono sistemati a schiena d\u2019asino, per permettere cos\u00ec un rapido deflusso delle acque, considerando la larghezza della strada ed in base alle tracce lasciate dal passaggio dei carri si suppone che non permettesse l\u2019incrocio nei due sensi di marcia. Lungo questa strada sono state rinvenute le lapide funerarie che ora sono esposte al Museo Archeologico.<\/p>\n<div class=\"ui divider\"><\/div>\n<h3><i class=\"camera icon ccGrey\"><\/i>Lapidarium<\/h3>\n<div class=\"ccCenter\"><img decoding=\"async\" class=\"rounded ui image large\" src=\"https:\/\/comunicacity.net\/cassino\/wp-content\/uploads\/sites\/2\/2014\/11\/ara_in_pietra_calcarea.jpg\" alt=\"ara_in_pietra_calcarea\" \/><\/div>\n<p style=\"text-align: justify;\">Il Museo \u00e8 stato costruito negli anni \u201960 all\u2019interno dell\u2019area archeologica di Cassino. Grazie ad un finanziamento della Cassa per il Mezzogiorno la sua costruzione ha portato anche alla scoperta di alcune strutture che facevano parte dell\u2019antica area urbana. Si tratta in prevalenza di iscrizioni e frammenti architettonici, che sono stati inglobati nella struttura e oggi sono visibili in quello che viene chiamato Lapidarium.<\/p>\n<p style=\"text-align: justify;\">Nel giardino antistante l\u2019ingresso del Museo, invece, troviamo le due epigrafi funerarie provenienti dalla zona dove si trovava la necropoli e relative a due seviri augustali, entrambi liberti. Iscrizioni, databili tra il I e il II secolo d.C., che rappresentano l\u2019unica testimonianza dell\u2019esistenza nel municipio di Cassino di un collegio di seviri augustali.<\/p>\n<div class=\"ui divider\"><\/div>\n<h3><i class=\"camera icon ccGrey\"><\/i>Tomba di Fabullo<\/h3>\n<div class=\"ccCenter\"><img decoding=\"async\" class=\"rounded ui image large\" src=\"https:\/\/comunicacity.net\/cassino\/wp-content\/uploads\/sites\/2\/2014\/11\/scorcio_dei_resti.jpg\" alt=\"scorcio_dei_resti\" \/><\/div>\n<p style=\"text-align: justify;\">Le varie campagne di scavo che si sono succedute nel corso del tempo intorno all\u2019area dell\u2019Anfiteatro Romano di Cassino hanno portato alla luce diversi sepolcreti. Si tratta in prevalenza di tombe di epoca romana, ma non mancano reperti risalenti all\u2019Et\u00e0 del Ferro.<\/p>\n<p style=\"text-align: justify;\">I sepolti, inumati, erano posti direttamente sulla terra o sul fondo roccioso, coperti da lastre di pietra calcarea e ciottoli. I corredi funerari, sono composti prevalentemente da vasellame in impasto e oggetti personali, che consentono di stabilire il sesso del defunto.<\/p>\n<div class=\"ui divider\"><\/div>\n<h3><i class=\"camera icon ccGrey\"><\/i>Tomba di Ummidia Quadratilla<\/h3>\n<div class=\"ccCenter\"><img decoding=\"async\" class=\"rounded ui image large\" src=\"https:\/\/comunicacity.net\/cassino\/wp-content\/uploads\/sites\/2\/2014\/11\/scorcio.jpg\" alt=\"scorcio\" \/><\/div>\n<p style=\"text-align: justify;\">Incorporata nelle mura dell\u2019antica Cassino troviamo la Tomba di Ummidia Quadratilla, la matrona romana che nel I secolo d.C. fece erigere a proprie spese l\u2019Anfiteatro Romano ed un tempio, di cui non \u00e8 rimasta traccia, anche se per qualche studioso potrebbe trattarsi dello stesso mausoleo. Per lunghi secoli si \u00e8 pensato che questo monumento funerario fosse di origine etrusca. La struttura \u00e8 a croce greca con bracci simmetrici e con una volta perfettamente circolare.<\/p>\n<p style=\"text-align: justify;\">Per poter accedere al mausoleo bisogna contattare la direzione del Museo Archeologico.<\/p>\n<div class=\"ccCenter\"><img decoding=\"async\" class=\"rounded ui image large\" src=\"https:\/\/comunicacity.net\/cassino\/wp-content\/uploads\/sites\/2\/2014\/11\/pano_vista.jpg\" alt=\"pano_vista\" \/><\/div>\n","protected":false},"excerpt":{"rendered":"<p>Via Montecassimo, 0,8 km L\u2019Area Archeologica di Cassino, che sorge lungo la strada che collega il centro urbano all\u2019Abbazia di Montecassino, con l\u2019annesso Museo rappresenta la traccia pi\u00f9 evidente dell\u2019antica [&hellip;]<\/p>\n","protected":false},"author":1,"featured_media":0,"parent":688,"menu_order":15,"comment_status":"open","ping_status":"closed","template":"","meta":{"footnotes":""},"categories":[],"tags":[43],"class_list":["post-605","page","type-page","status-publish","hentry","tag-unhide"],"yoast_head":"<!-- This site is optimized with the Yoast SEO plugin v27.3 - https:\/\/yoast.com\/product\/yoast-seo-wordpress\/ -->\n<title>Parco Archeologico &quot;Casinum&quot; - Cassino<\/title>\n<meta name=\"robots\" content=\"index, follow, max-snippet:-1, max-image-preview:large, max-video-preview:-1\" \/>\n<link rel=\"canonical\" href=\"https:\/\/comunicacity.net\/cassino\/cosa-visitare\/parco-archeologico-casinum\/\" \/>\n<meta property=\"og:locale\" content=\"it_IT\" \/>\n<meta property=\"og:type\" content=\"article\" \/>\n<meta property=\"og:title\" content=\"Parco Archeologico &quot;Casinum&quot; - Cassino\" \/>\n<meta property=\"og:description\" content=\"Via Montecassimo, 0,8 km L\u2019Area Archeologica di Cassino, che sorge lungo la strada che collega il centro urbano all\u2019Abbazia di Montecassino, con l\u2019annesso Museo rappresenta la traccia pi\u00f9 evidente dell\u2019antica [&hellip;]\" \/>\n<meta property=\"og:url\" content=\"https:\/\/comunicacity.net\/cassino\/cosa-visitare\/parco-archeologico-casinum\/\" \/>\n<meta property=\"og:site_name\" content=\"Cassino\" \/>\n<meta property=\"article:publisher\" content=\"https:\/\/www.facebook.com\/CassinoComunica\/\" \/>\n<meta property=\"article:modified_time\" content=\"2014-11-14T16:09:53+00:00\" \/>\n<meta property=\"og:image\" content=\"https:\/\/comunicacity.net\/cassino\/wp-content\/uploads\/sites\/2\/2014\/11\/pano_vista1.jpg\" \/>\n<meta name=\"twitter:label1\" content=\"Tempo di lettura stimato\" \/>\n\t<meta name=\"twitter:data1\" content=\"3 minuti\" \/>\n<script type=\"application\/ld+json\" class=\"yoast-schema-graph\">{\"@context\":\"https:\\\/\\\/schema.org\",\"@graph\":[{\"@type\":\"WebPage\",\"@id\":\"https:\\\/\\\/comunicacity.net\\\/cassino\\\/cosa-visitare\\\/parco-archeologico-casinum\\\/\",\"url\":\"https:\\\/\\\/comunicacity.net\\\/cassino\\\/cosa-visitare\\\/parco-archeologico-casinum\\\/\",\"name\":\"Parco Archeologico \\\"Casinum\\\" - Cassino\",\"isPartOf\":{\"@id\":\"https:\\\/\\\/comunicacity.net\\\/cassino\\\/#website\"},\"primaryImageOfPage\":{\"@id\":\"https:\\\/\\\/comunicacity.net\\\/cassino\\\/cosa-visitare\\\/parco-archeologico-casinum\\\/#primaryimage\"},\"image\":{\"@id\":\"https:\\\/\\\/comunicacity.net\\\/cassino\\\/cosa-visitare\\\/parco-archeologico-casinum\\\/#primaryimage\"},\"thumbnailUrl\":\"http:\\\/\\\/comunicacity.net\\\/cassino\\\/wp-content\\\/uploads\\\/sites\\\/2\\\/2014\\\/11\\\/pano_vista1.jpg\",\"datePublished\":\"2014-11-10T21:05:13+00:00\",\"dateModified\":\"2014-11-14T16:09:53+00:00\",\"breadcrumb\":{\"@id\":\"https:\\\/\\\/comunicacity.net\\\/cassino\\\/cosa-visitare\\\/parco-archeologico-casinum\\\/#breadcrumb\"},\"inLanguage\":\"it-IT\",\"potentialAction\":[{\"@type\":\"ReadAction\",\"target\":[\"https:\\\/\\\/comunicacity.net\\\/cassino\\\/cosa-visitare\\\/parco-archeologico-casinum\\\/\"]}]},{\"@type\":\"ImageObject\",\"inLanguage\":\"it-IT\",\"@id\":\"https:\\\/\\\/comunicacity.net\\\/cassino\\\/cosa-visitare\\\/parco-archeologico-casinum\\\/#primaryimage\",\"url\":\"http:\\\/\\\/comunicacity.net\\\/cassino\\\/wp-content\\\/uploads\\\/sites\\\/2\\\/2014\\\/11\\\/pano_vista1.jpg\",\"contentUrl\":\"http:\\\/\\\/comunicacity.net\\\/cassino\\\/wp-content\\\/uploads\\\/sites\\\/2\\\/2014\\\/11\\\/pano_vista1.jpg\"},{\"@type\":\"BreadcrumbList\",\"@id\":\"https:\\\/\\\/comunicacity.net\\\/cassino\\\/cosa-visitare\\\/parco-archeologico-casinum\\\/#breadcrumb\",\"itemListElement\":[{\"@type\":\"ListItem\",\"position\":1,\"name\":\"Home\",\"item\":\"https:\\\/\\\/comunicacity.net\\\/cassino\\\/\"},{\"@type\":\"ListItem\",\"position\":2,\"name\":\"Cosa visitare\",\"item\":\"https:\\\/\\\/comunicacity.net\\\/cassino\\\/cosa-visitare\\\/\"},{\"@type\":\"ListItem\",\"position\":3,\"name\":\"Parco Archeologico &#8220;Casinum&#8221;\"}]},{\"@type\":\"WebSite\",\"@id\":\"https:\\\/\\\/comunicacity.net\\\/cassino\\\/#website\",\"url\":\"https:\\\/\\\/comunicacity.net\\\/cassino\\\/\",\"name\":\"Cassino\",\"description\":\"Il Tuo Comune che Comunica\",\"publisher\":{\"@id\":\"https:\\\/\\\/comunicacity.net\\\/cassino\\\/#organization\"},\"potentialAction\":[{\"@type\":\"SearchAction\",\"target\":{\"@type\":\"EntryPoint\",\"urlTemplate\":\"https:\\\/\\\/comunicacity.net\\\/cassino\\\/?s={search_term_string}\"},\"query-input\":{\"@type\":\"PropertyValueSpecification\",\"valueRequired\":true,\"valueName\":\"search_term_string\"}}],\"inLanguage\":\"it-IT\"},{\"@type\":\"Organization\",\"@id\":\"https:\\\/\\\/comunicacity.net\\\/cassino\\\/#organization\",\"name\":\"Comune di Cassino\",\"url\":\"https:\\\/\\\/comunicacity.net\\\/cassino\\\/\",\"logo\":{\"@type\":\"ImageObject\",\"inLanguage\":\"it-IT\",\"@id\":\"https:\\\/\\\/comunicacity.net\\\/cassino\\\/#\\\/schema\\\/logo\\\/image\\\/\",\"url\":\"http:\\\/\\\/comunicacity.net\\\/cassino\\\/wp-content\\\/uploads\\\/sites\\\/2\\\/2014\\\/11\\\/cassino.jpg\",\"contentUrl\":\"http:\\\/\\\/comunicacity.net\\\/cassino\\\/wp-content\\\/uploads\\\/sites\\\/2\\\/2014\\\/11\\\/cassino.jpg\",\"width\":300,\"height\":300,\"caption\":\"Comune di Cassino\"},\"image\":{\"@id\":\"https:\\\/\\\/comunicacity.net\\\/cassino\\\/#\\\/schema\\\/logo\\\/image\\\/\"},\"sameAs\":[\"https:\\\/\\\/www.facebook.com\\\/CassinoComunica\\\/\"]}]}<\/script>\n<!-- \/ Yoast SEO plugin. -->","yoast_head_json":{"title":"Parco Archeologico \"Casinum\" - Cassino","robots":{"index":"index","follow":"follow","max-snippet":"max-snippet:-1","max-image-preview":"max-image-preview:large","max-video-preview":"max-video-preview:-1"},"canonical":"https:\/\/comunicacity.net\/cassino\/cosa-visitare\/parco-archeologico-casinum\/","og_locale":"it_IT","og_type":"article","og_title":"Parco Archeologico \"Casinum\" - Cassino","og_description":"Via Montecassimo, 0,8 km L\u2019Area Archeologica di Cassino, che sorge lungo la strada che collega il centro urbano all\u2019Abbazia di Montecassino, con l\u2019annesso Museo rappresenta la traccia pi\u00f9 evidente dell\u2019antica [&hellip;]","og_url":"https:\/\/comunicacity.net\/cassino\/cosa-visitare\/parco-archeologico-casinum\/","og_site_name":"Cassino","article_publisher":"https:\/\/www.facebook.com\/CassinoComunica\/","article_modified_time":"2014-11-14T16:09:53+00:00","og_image":[{"url":"https:\/\/comunicacity.net\/cassino\/wp-content\/uploads\/sites\/2\/2014\/11\/pano_vista1.jpg","type":"","width":"","height":""}],"twitter_misc":{"Tempo di lettura stimato":"3 minuti"},"schema":{"@context":"https:\/\/schema.org","@graph":[{"@type":"WebPage","@id":"https:\/\/comunicacity.net\/cassino\/cosa-visitare\/parco-archeologico-casinum\/","url":"https:\/\/comunicacity.net\/cassino\/cosa-visitare\/parco-archeologico-casinum\/","name":"Parco Archeologico \"Casinum\" - Cassino","isPartOf":{"@id":"https:\/\/comunicacity.net\/cassino\/#website"},"primaryImageOfPage":{"@id":"https:\/\/comunicacity.net\/cassino\/cosa-visitare\/parco-archeologico-casinum\/#primaryimage"},"image":{"@id":"https:\/\/comunicacity.net\/cassino\/cosa-visitare\/parco-archeologico-casinum\/#primaryimage"},"thumbnailUrl":"https:\/\/comunicacity.net\/cassino\/wp-content\/uploads\/sites\/2\/2014\/11\/pano_vista1.jpg","datePublished":"2014-11-10T21:05:13+00:00","dateModified":"2014-11-14T16:09:53+00:00","breadcrumb":{"@id":"https:\/\/comunicacity.net\/cassino\/cosa-visitare\/parco-archeologico-casinum\/#breadcrumb"},"inLanguage":"it-IT","potentialAction":[{"@type":"ReadAction","target":["https:\/\/comunicacity.net\/cassino\/cosa-visitare\/parco-archeologico-casinum\/"]}]},{"@type":"ImageObject","inLanguage":"it-IT","@id":"https:\/\/comunicacity.net\/cassino\/cosa-visitare\/parco-archeologico-casinum\/#primaryimage","url":"https:\/\/comunicacity.net\/cassino\/wp-content\/uploads\/sites\/2\/2014\/11\/pano_vista1.jpg","contentUrl":"https:\/\/comunicacity.net\/cassino\/wp-content\/uploads\/sites\/2\/2014\/11\/pano_vista1.jpg"},{"@type":"BreadcrumbList","@id":"https:\/\/comunicacity.net\/cassino\/cosa-visitare\/parco-archeologico-casinum\/#breadcrumb","itemListElement":[{"@type":"ListItem","position":1,"name":"Home","item":"https:\/\/comunicacity.net\/cassino\/"},{"@type":"ListItem","position":2,"name":"Cosa visitare","item":"https:\/\/comunicacity.net\/cassino\/cosa-visitare\/"},{"@type":"ListItem","position":3,"name":"Parco Archeologico &#8220;Casinum&#8221;"}]},{"@type":"WebSite","@id":"https:\/\/comunicacity.net\/cassino\/#website","url":"https:\/\/comunicacity.net\/cassino\/","name":"Cassino","description":"Il Tuo Comune che Comunica","publisher":{"@id":"https:\/\/comunicacity.net\/cassino\/#organization"},"potentialAction":[{"@type":"SearchAction","target":{"@type":"EntryPoint","urlTemplate":"https:\/\/comunicacity.net\/cassino\/?s={search_term_string}"},"query-input":{"@type":"PropertyValueSpecification","valueRequired":true,"valueName":"search_term_string"}}],"inLanguage":"it-IT"},{"@type":"Organization","@id":"https:\/\/comunicacity.net\/cassino\/#organization","name":"Comune di Cassino","url":"https:\/\/comunicacity.net\/cassino\/","logo":{"@type":"ImageObject","inLanguage":"it-IT","@id":"https:\/\/comunicacity.net\/cassino\/#\/schema\/logo\/image\/","url":"https:\/\/comunicacity.net\/cassino\/wp-content\/uploads\/sites\/2\/2014\/11\/cassino.jpg","contentUrl":"https:\/\/comunicacity.net\/cassino\/wp-content\/uploads\/sites\/2\/2014\/11\/cassino.jpg","width":300,"height":300,"caption":"Comune di Cassino"},"image":{"@id":"https:\/\/comunicacity.net\/cassino\/#\/schema\/logo\/image\/"},"sameAs":["https:\/\/www.facebook.com\/CassinoComunica\/"]}]}},"meta_box":[],"_links":{"self":[{"href":"https:\/\/comunicacity.net\/cassino\/wp-json\/wp\/v2\/pages\/605","targetHints":{"allow":["GET"]}}],"collection":[{"href":"https:\/\/comunicacity.net\/cassino\/wp-json\/wp\/v2\/pages"}],"about":[{"href":"https:\/\/comunicacity.net\/cassino\/wp-json\/wp\/v2\/types\/page"}],"author":[{"embeddable":true,"href":"https:\/\/comunicacity.net\/cassino\/wp-json\/wp\/v2\/users\/1"}],"replies":[{"embeddable":true,"href":"https:\/\/comunicacity.net\/cassino\/wp-json\/wp\/v2\/comments?post=605"}],"version-history":[{"count":7,"href":"https:\/\/comunicacity.net\/cassino\/wp-json\/wp\/v2\/pages\/605\/revisions"}],"predecessor-version":[{"id":642,"href":"https:\/\/comunicacity.net\/cassino\/wp-json\/wp\/v2\/pages\/605\/revisions\/642"}],"up":[{"embeddable":true,"href":"https:\/\/comunicacity.net\/cassino\/wp-json\/wp\/v2\/pages\/688"}],"wp:attachment":[{"href":"https:\/\/comunicacity.net\/cassino\/wp-json\/wp\/v2\/media?parent=605"}],"wp:term":[{"taxonomy":"category","embeddable":true,"href":"https:\/\/comunicacity.net\/cassino\/wp-json\/wp\/v2\/categories?post=605"},{"taxonomy":"post_tag","embeddable":true,"href":"https:\/\/comunicacity.net\/cassino\/wp-json\/wp\/v2\/tags?post=605"}],"curies":[{"name":"wp","href":"https:\/\/api.w.org\/{rel}","templated":true}]}}