{"id":112,"date":"2014-12-16T17:27:15","date_gmt":"2014-12-16T17:27:15","guid":{"rendered":"https:\/\/comunicacity.net\/cervaro\/?page_id=112"},"modified":"2014-12-16T17:27:15","modified_gmt":"2014-12-16T17:27:15","slug":"ufficio-del-difensore-civico","status":"publish","type":"page","link":"https:\/\/comunicacity.net\/cervaro\/uffici-comunali\/ufficio-del-difensore-civico\/","title":{"rendered":"Ufficio del Difensore Civico"},"content":{"rendered":"<p>A garanzia dell&#8217;imparzialit\u00e0, della trasparenza e del buon andamento dell&#8217;attivit\u00e0 Comunale e a tutela del diritto di accesso agli atti e ai documenti dell&#8217;Amministrazione, \u00e8 istituito l&#8217;Ufficio del Difensore Civico Comunale.<br \/>\nIl Difensore Civico Comunale \u00e8 nominato dal <span class=\"testi_blu\">Consiglio Comunale<\/span> con votazione segreta, a maggioranza dei 2\/3 dei suoi componenti. Ciascun cittadino che abbia i requisiti di cui al presente articolo pu\u00f2 far pervenire la propria candidatura all&#8217;Amministrazione Comunale che ne predispone apposito elenco previo controllo dei requisiti. La designazione del Difensore Civico deve avvenire tra persone che per preparazione ed esperienza diano ampia garanzia di indipendenza, probit\u00e0, competenza giuridico-amministrativa e siano in possesso del diploma di Laurea in Scienze Politiche, Giurisprudenza, Economia e Commercio e equipollenti.<br \/>\nIl Difensore Civico rimane in carica quanto il <span class=\"testi_blu\">Consiglio<\/span> che lo ha eletto ed esercita le sue funzioni fino all&#8217;insediamento del successore. Il Difensore Civico non pu\u00f2, durante il mandato, svolgere attivit\u00e0 politiche nell&#8217;ambito di partiti o gruppi politici.<br \/>\nCOME:<br \/>\n&#8211; Inviando <span class=\"testi_blu\">Istanza<\/span> per posta in carta semplice;<br \/>\n&#8211; Recandosi di persona presso l&#8217;ufficio;<br \/>\n&#8211; Inviando un fax al numero: 0776.366354<br \/>\nMediante posta elettronica: <span class=\"testi_blu\"><span id=\"cloak1544\"><a href=\"mailto:info@comune.cervaro.fr.it\">info@comune.cervaro.fr.it<\/a><\/span><\/span><br \/>\n<strong>DOVE:<\/strong><br \/>\nUfficio del <span class=\"testi_blu\">Difensore Civico<\/span> &#8211; Avv. Atri Garofalo Luigi, Piazza V. Emanuele 1 &#8211; Tel. 0776.367001 &#8211; Fax 0776.366354<br \/>\n<strong>QUANDO:<\/strong><span style=\"font-family: Arial; font-size: small;\"><br \/>\nOgni gioved\u00ec dalle ore 15:30 alle 17:30.<\/span><br \/>\n<strong>COSTO:<\/strong><br \/>\nL&#8217;interpellanza, la denuncia, la richiesta di interventi, l&#8217;opera del Difensore Civico, sono completamente gratuite.<\/p>\n","protected":false},"excerpt":{"rendered":"<p>A garanzia dell&#8217;imparzialit\u00e0, della trasparenza e del buon andamento dell&#8217;attivit\u00e0 Comunale e a tutela del diritto di accesso agli atti e ai documenti dell&#8217;Amministrazione, \u00e8 istituito l&#8217;Ufficio del Difensore Civico [&hellip;]<\/p>\n","protected":false},"author":1,"featured_media":0,"parent":108,"menu_order":0,"comment_status":"open","ping_status":"open","template":"","meta":{"footnotes":""},"categories":[],"tags":[],"class_list":["post-112","page","type-page","status-publish","hentry"],"yoast_head":"<!-- This site is optimized with the Yoast SEO plugin v27.4 - https:\/\/yoast.com\/product\/yoast-seo-wordpress\/ -->\n<title>Ufficio del Difensore Civico - Cervaro<\/title>\n<meta name=\"robots\" content=\"index, follow, max-snippet:-1, max-image-preview:large, max-video-preview:-1\" \/>\n<link rel=\"canonical\" href=\"https:\/\/comunicacity.net\/cervaro\/uffici-comunali\/ufficio-del-difensore-civico\/\" \/>\n<meta property=\"og:locale\" content=\"it_IT\" \/>\n<meta property=\"og:type\" content=\"article\" \/>\n<meta property=\"og:title\" content=\"Ufficio del Difensore Civico - Cervaro\" \/>\n<meta property=\"og:description\" content=\"A garanzia dell&#8217;imparzialit\u00e0, della trasparenza e del buon andamento dell&#8217;attivit\u00e0 Comunale e a tutela del diritto di accesso agli atti e ai documenti dell&#8217;Amministrazione, \u00e8 istituito l&#8217;Ufficio del Difensore Civico [&hellip;]\" \/>\n<meta property=\"og:url\" content=\"https:\/\/comunicacity.net\/cervaro\/uffici-comunali\/ufficio-del-difensore-civico\/\" \/>\n<meta property=\"og:site_name\" content=\"Cervaro\" \/>\n<meta property=\"og:image\" content=\"https:\/\/comunicacity.net\/cervaro\/wp-content\/uploads\/sites\/16\/2014\/12\/cervaro.jpg\" \/>\n\t<meta property=\"og:image:width\" content=\"50\" \/>\n\t<meta property=\"og:image:height\" content=\"50\" \/>\n<meta name=\"twitter:label1\" content=\"Tempo di lettura stimato\" \/>\n\t<meta name=\"twitter:data1\" content=\"1 minuto\" \/>\n<script type=\"application\/ld+json\" class=\"yoast-schema-graph\">{\"@context\":\"https:\\\/\\\/schema.org\",\"@graph\":[{\"@type\":\"WebPage\",\"@id\":\"https:\\\/\\\/comunicacity.net\\\/cervaro\\\/uffici-comunali\\\/ufficio-del-difensore-civico\\\/\",\"url\":\"https:\\\/\\\/comunicacity.net\\\/cervaro\\\/uffici-comunali\\\/ufficio-del-difensore-civico\\\/\",\"name\":\"Ufficio del Difensore Civico - Cervaro\",\"isPartOf\":{\"@id\":\"https:\\\/\\\/comunicacity.net\\\/cervaro\\\/#website\"},\"datePublished\":\"2014-12-16T17:27:15+00:00\",\"breadcrumb\":{\"@id\":\"https:\\\/\\\/comunicacity.net\\\/cervaro\\\/uffici-comunali\\\/ufficio-del-difensore-civico\\\/#breadcrumb\"},\"inLanguage\":\"it-IT\",\"potentialAction\":[{\"@type\":\"ReadAction\",\"target\":[\"https:\\\/\\\/comunicacity.net\\\/cervaro\\\/uffici-comunali\\\/ufficio-del-difensore-civico\\\/\"]}]},{\"@type\":\"BreadcrumbList\",\"@id\":\"https:\\\/\\\/comunicacity.net\\\/cervaro\\\/uffici-comunali\\\/ufficio-del-difensore-civico\\\/#breadcrumb\",\"itemListElement\":[{\"@type\":\"ListItem\",\"position\":1,\"name\":\"Home\",\"item\":\"https:\\\/\\\/comunicacity.net\\\/cervaro\\\/\"},{\"@type\":\"ListItem\",\"position\":2,\"name\":\"Uffici Comunali\",\"item\":\"https:\\\/\\\/comunicacity.net\\\/cervaro\\\/uffici-comunali\\\/\"},{\"@type\":\"ListItem\",\"position\":3,\"name\":\"Ufficio del Difensore Civico\"}]},{\"@type\":\"WebSite\",\"@id\":\"https:\\\/\\\/comunicacity.net\\\/cervaro\\\/#website\",\"url\":\"https:\\\/\\\/comunicacity.net\\\/cervaro\\\/\",\"name\":\"Cervaro\",\"description\":\"Il Tuo Comune che Comunica\",\"potentialAction\":[{\"@type\":\"SearchAction\",\"target\":{\"@type\":\"EntryPoint\",\"urlTemplate\":\"https:\\\/\\\/comunicacity.net\\\/cervaro\\\/?s={search_term_string}\"},\"query-input\":{\"@type\":\"PropertyValueSpecification\",\"valueRequired\":true,\"valueName\":\"search_term_string\"}}],\"inLanguage\":\"it-IT\"}]}<\/script>\n<!-- \/ Yoast SEO plugin. -->","yoast_head_json":{"title":"Ufficio del Difensore Civico - Cervaro","robots":{"index":"index","follow":"follow","max-snippet":"max-snippet:-1","max-image-preview":"max-image-preview:large","max-video-preview":"max-video-preview:-1"},"canonical":"https:\/\/comunicacity.net\/cervaro\/uffici-comunali\/ufficio-del-difensore-civico\/","og_locale":"it_IT","og_type":"article","og_title":"Ufficio del Difensore Civico - Cervaro","og_description":"A garanzia dell&#8217;imparzialit\u00e0, della trasparenza e del buon andamento dell&#8217;attivit\u00e0 Comunale e a tutela del diritto di accesso agli atti e ai documenti dell&#8217;Amministrazione, \u00e8 istituito l&#8217;Ufficio del Difensore Civico [&hellip;]","og_url":"https:\/\/comunicacity.net\/cervaro\/uffici-comunali\/ufficio-del-difensore-civico\/","og_site_name":"Cervaro","og_image":[{"url":"https:\/\/comunicacity.net\/cervaro\/wp-content\/uploads\/sites\/16\/2014\/12\/cervaro.jpg","height":50,"width":50,"type":""}],"twitter_misc":{"Tempo di lettura stimato":"1 minuto"},"schema":{"@context":"https:\/\/schema.org","@graph":[{"@type":"WebPage","@id":"https:\/\/comunicacity.net\/cervaro\/uffici-comunali\/ufficio-del-difensore-civico\/","url":"https:\/\/comunicacity.net\/cervaro\/uffici-comunali\/ufficio-del-difensore-civico\/","name":"Ufficio del Difensore Civico - Cervaro","isPartOf":{"@id":"https:\/\/comunicacity.net\/cervaro\/#website"},"datePublished":"2014-12-16T17:27:15+00:00","breadcrumb":{"@id":"https:\/\/comunicacity.net\/cervaro\/uffici-comunali\/ufficio-del-difensore-civico\/#breadcrumb"},"inLanguage":"it-IT","potentialAction":[{"@type":"ReadAction","target":["https:\/\/comunicacity.net\/cervaro\/uffici-comunali\/ufficio-del-difensore-civico\/"]}]},{"@type":"BreadcrumbList","@id":"https:\/\/comunicacity.net\/cervaro\/uffici-comunali\/ufficio-del-difensore-civico\/#breadcrumb","itemListElement":[{"@type":"ListItem","position":1,"name":"Home","item":"https:\/\/comunicacity.net\/cervaro\/"},{"@type":"ListItem","position":2,"name":"Uffici Comunali","item":"https:\/\/comunicacity.net\/cervaro\/uffici-comunali\/"},{"@type":"ListItem","position":3,"name":"Ufficio del Difensore Civico"}]},{"@type":"WebSite","@id":"https:\/\/comunicacity.net\/cervaro\/#website","url":"https:\/\/comunicacity.net\/cervaro\/","name":"Cervaro","description":"Il Tuo Comune che Comunica","potentialAction":[{"@type":"SearchAction","target":{"@type":"EntryPoint","urlTemplate":"https:\/\/comunicacity.net\/cervaro\/?s={search_term_string}"},"query-input":{"@type":"PropertyValueSpecification","valueRequired":true,"valueName":"search_term_string"}}],"inLanguage":"it-IT"}]}},"meta_box":[],"_links":{"self":[{"href":"https:\/\/comunicacity.net\/cervaro\/wp-json\/wp\/v2\/pages\/112","targetHints":{"allow":["GET"]}}],"collection":[{"href":"https:\/\/comunicacity.net\/cervaro\/wp-json\/wp\/v2\/pages"}],"about":[{"href":"https:\/\/comunicacity.net\/cervaro\/wp-json\/wp\/v2\/types\/page"}],"author":[{"embeddable":true,"href":"https:\/\/comunicacity.net\/cervaro\/wp-json\/wp\/v2\/users\/1"}],"replies":[{"embeddable":true,"href":"https:\/\/comunicacity.net\/cervaro\/wp-json\/wp\/v2\/comments?post=112"}],"version-history":[{"count":1,"href":"https:\/\/comunicacity.net\/cervaro\/wp-json\/wp\/v2\/pages\/112\/revisions"}],"predecessor-version":[{"id":113,"href":"https:\/\/comunicacity.net\/cervaro\/wp-json\/wp\/v2\/pages\/112\/revisions\/113"}],"up":[{"embeddable":true,"href":"https:\/\/comunicacity.net\/cervaro\/wp-json\/wp\/v2\/pages\/108"}],"wp:attachment":[{"href":"https:\/\/comunicacity.net\/cervaro\/wp-json\/wp\/v2\/media?parent=112"}],"wp:term":[{"taxonomy":"category","embeddable":true,"href":"https:\/\/comunicacity.net\/cervaro\/wp-json\/wp\/v2\/categories?post=112"},{"taxonomy":"post_tag","embeddable":true,"href":"https:\/\/comunicacity.net\/cervaro\/wp-json\/wp\/v2\/tags?post=112"}],"curies":[{"name":"wp","href":"https:\/\/api.w.org\/{rel}","templated":true}]}}