{"id":117,"date":"2014-12-16T17:28:18","date_gmt":"2014-12-16T17:28:18","guid":{"rendered":"https:\/\/comunicacity.net\/cervaro\/?page_id=117"},"modified":"2014-12-17T18:37:26","modified_gmt":"2014-12-17T18:37:26","slug":"ufficio-per-le-relazioni-con-il-pubblico","status":"publish","type":"page","link":"https:\/\/comunicacity.net\/cervaro\/uffici-comunali\/ufficio-per-le-relazioni-con-il-pubblico\/","title":{"rendered":"Ufficio Relazioni con il Pubblico"},"content":{"rendered":"<p>In tutti i Comuni italiani si stanno diffondendo sportelli polifunzionali collegati alla rete telematica: gli Uffici per le Relazioni con il Pubblico (URP) istituiti dalle Pubbliche Amministrazioni. In questi uffici \u00e8 possibile avere tutte le informazioni e la modulistica relativa ai servizi dell&#8217;Amministrazione Comunale.<br \/>\n<strong>COME:<\/strong><br \/>\n<strong>Gli URP informano:<\/strong><br \/>\n&#8211; sull&#8217;organizzazione della Pubblica Amministrazione<br \/>\n&#8211; sui Servizi (sedi degli uffici, orari, ecc.)<br \/>\n&#8211; sugli Enti, le Associazioni presenti nella Rete Civica<br \/>\n&#8211; sui trasporti (Atac, Ferrovie, ecc.)<br \/>\n&#8211; sui procedimenti amministrativi con rilascio della modulistica<br \/>\n&#8211; sui concorsi pubblici e i bandi<br \/>\n&#8211; sulle manifestazioni sportive e culturali, i mercati, le fiere, ecc.<br \/>\n<strong>Gli URP ascoltano:<\/strong><br \/>\n&#8211; i reclami<br \/>\n&#8211; le osservazioni<br \/>\n&#8211; le proposte dei cittadini sul funzionamento dei servizi della pubblica Amministrazione<br \/>\nNel nostro Comune l&#8217;URP \u00e8 ancora ad uno stadio iniziale e si occupa per lo pi\u00f9 di indirizzare gli utenti che si rivolgono alla casa Comunale. Sono previsti, per\u00f2, interventi per il suo potenziamento, soprattutto a livello di collegamento informatico per permettere la sua trasformazione in un vero e proprio help-desk.<br \/>\n<strong>DOVE:<\/strong><br \/>\n&#8211; Ufficio per le Relazioni con il Pubblico &#8211; piazza Vittorio Emanuele &#8211; 0776.367001<br \/>\n<strong>QUANDO:<\/strong><br \/>\n&#8211; Dal luned\u00ec al venerd\u00ec &#8211; ore 09,00 &#8211; 11,00<br \/>\n<strong>COSTO:<\/strong><br \/>\nGratuito<\/p>\n","protected":false},"excerpt":{"rendered":"<p>In tutti i Comuni italiani si stanno diffondendo sportelli polifunzionali collegati alla rete telematica: gli Uffici per le Relazioni con il Pubblico (URP) istituiti dalle Pubbliche Amministrazioni. In questi uffici [&hellip;]<\/p>\n","protected":false},"author":1,"featured_media":0,"parent":108,"menu_order":0,"comment_status":"open","ping_status":"open","template":"","meta":{"footnotes":""},"categories":[],"tags":[],"class_list":["post-117","page","type-page","status-publish","hentry"],"yoast_head":"<!-- This site is optimized with the Yoast SEO plugin v27.4 - https:\/\/yoast.com\/product\/yoast-seo-wordpress\/ -->\n<title>Ufficio Relazioni con il Pubblico - Cervaro<\/title>\n<meta name=\"robots\" content=\"index, follow, max-snippet:-1, max-image-preview:large, max-video-preview:-1\" \/>\n<link rel=\"canonical\" href=\"https:\/\/comunicacity.net\/cervaro\/uffici-comunali\/ufficio-per-le-relazioni-con-il-pubblico\/\" \/>\n<meta property=\"og:locale\" content=\"it_IT\" \/>\n<meta property=\"og:type\" content=\"article\" \/>\n<meta property=\"og:title\" content=\"Ufficio Relazioni con il Pubblico - Cervaro\" \/>\n<meta property=\"og:description\" content=\"In tutti i Comuni italiani si stanno diffondendo sportelli polifunzionali collegati alla rete telematica: gli Uffici per le Relazioni con il Pubblico (URP) istituiti dalle Pubbliche Amministrazioni. In questi uffici [&hellip;]\" \/>\n<meta property=\"og:url\" content=\"https:\/\/comunicacity.net\/cervaro\/uffici-comunali\/ufficio-per-le-relazioni-con-il-pubblico\/\" \/>\n<meta property=\"og:site_name\" content=\"Cervaro\" \/>\n<meta property=\"article:modified_time\" content=\"2014-12-17T18:37:26+00:00\" \/>\n<meta property=\"og:image\" content=\"https:\/\/comunicacity.net\/cervaro\/wp-content\/uploads\/sites\/16\/2014\/12\/cervaro.jpg\" \/>\n\t<meta property=\"og:image:width\" content=\"50\" \/>\n\t<meta property=\"og:image:height\" content=\"50\" \/>\n<meta name=\"twitter:label1\" content=\"Tempo di lettura stimato\" \/>\n\t<meta name=\"twitter:data1\" content=\"1 minuto\" \/>\n<script type=\"application\/ld+json\" class=\"yoast-schema-graph\">{\"@context\":\"https:\\\/\\\/schema.org\",\"@graph\":[{\"@type\":\"WebPage\",\"@id\":\"https:\\\/\\\/comunicacity.net\\\/cervaro\\\/uffici-comunali\\\/ufficio-per-le-relazioni-con-il-pubblico\\\/\",\"url\":\"https:\\\/\\\/comunicacity.net\\\/cervaro\\\/uffici-comunali\\\/ufficio-per-le-relazioni-con-il-pubblico\\\/\",\"name\":\"Ufficio Relazioni con il Pubblico - Cervaro\",\"isPartOf\":{\"@id\":\"https:\\\/\\\/comunicacity.net\\\/cervaro\\\/#website\"},\"datePublished\":\"2014-12-16T17:28:18+00:00\",\"dateModified\":\"2014-12-17T18:37:26+00:00\",\"breadcrumb\":{\"@id\":\"https:\\\/\\\/comunicacity.net\\\/cervaro\\\/uffici-comunali\\\/ufficio-per-le-relazioni-con-il-pubblico\\\/#breadcrumb\"},\"inLanguage\":\"it-IT\",\"potentialAction\":[{\"@type\":\"ReadAction\",\"target\":[\"https:\\\/\\\/comunicacity.net\\\/cervaro\\\/uffici-comunali\\\/ufficio-per-le-relazioni-con-il-pubblico\\\/\"]}]},{\"@type\":\"BreadcrumbList\",\"@id\":\"https:\\\/\\\/comunicacity.net\\\/cervaro\\\/uffici-comunali\\\/ufficio-per-le-relazioni-con-il-pubblico\\\/#breadcrumb\",\"itemListElement\":[{\"@type\":\"ListItem\",\"position\":1,\"name\":\"Home\",\"item\":\"https:\\\/\\\/comunicacity.net\\\/cervaro\\\/\"},{\"@type\":\"ListItem\",\"position\":2,\"name\":\"Uffici Comunali\",\"item\":\"https:\\\/\\\/comunicacity.net\\\/cervaro\\\/uffici-comunali\\\/\"},{\"@type\":\"ListItem\",\"position\":3,\"name\":\"Ufficio Relazioni con il Pubblico\"}]},{\"@type\":\"WebSite\",\"@id\":\"https:\\\/\\\/comunicacity.net\\\/cervaro\\\/#website\",\"url\":\"https:\\\/\\\/comunicacity.net\\\/cervaro\\\/\",\"name\":\"Cervaro\",\"description\":\"Il Tuo Comune che Comunica\",\"potentialAction\":[{\"@type\":\"SearchAction\",\"target\":{\"@type\":\"EntryPoint\",\"urlTemplate\":\"https:\\\/\\\/comunicacity.net\\\/cervaro\\\/?s={search_term_string}\"},\"query-input\":{\"@type\":\"PropertyValueSpecification\",\"valueRequired\":true,\"valueName\":\"search_term_string\"}}],\"inLanguage\":\"it-IT\"}]}<\/script>\n<!-- \/ Yoast SEO plugin. -->","yoast_head_json":{"title":"Ufficio Relazioni con il Pubblico - Cervaro","robots":{"index":"index","follow":"follow","max-snippet":"max-snippet:-1","max-image-preview":"max-image-preview:large","max-video-preview":"max-video-preview:-1"},"canonical":"https:\/\/comunicacity.net\/cervaro\/uffici-comunali\/ufficio-per-le-relazioni-con-il-pubblico\/","og_locale":"it_IT","og_type":"article","og_title":"Ufficio Relazioni con il Pubblico - Cervaro","og_description":"In tutti i Comuni italiani si stanno diffondendo sportelli polifunzionali collegati alla rete telematica: gli Uffici per le Relazioni con il Pubblico (URP) istituiti dalle Pubbliche Amministrazioni. In questi uffici [&hellip;]","og_url":"https:\/\/comunicacity.net\/cervaro\/uffici-comunali\/ufficio-per-le-relazioni-con-il-pubblico\/","og_site_name":"Cervaro","article_modified_time":"2014-12-17T18:37:26+00:00","og_image":[{"url":"https:\/\/comunicacity.net\/cervaro\/wp-content\/uploads\/sites\/16\/2014\/12\/cervaro.jpg","height":50,"width":50,"type":""}],"twitter_misc":{"Tempo di lettura stimato":"1 minuto"},"schema":{"@context":"https:\/\/schema.org","@graph":[{"@type":"WebPage","@id":"https:\/\/comunicacity.net\/cervaro\/uffici-comunali\/ufficio-per-le-relazioni-con-il-pubblico\/","url":"https:\/\/comunicacity.net\/cervaro\/uffici-comunali\/ufficio-per-le-relazioni-con-il-pubblico\/","name":"Ufficio Relazioni con il Pubblico - Cervaro","isPartOf":{"@id":"https:\/\/comunicacity.net\/cervaro\/#website"},"datePublished":"2014-12-16T17:28:18+00:00","dateModified":"2014-12-17T18:37:26+00:00","breadcrumb":{"@id":"https:\/\/comunicacity.net\/cervaro\/uffici-comunali\/ufficio-per-le-relazioni-con-il-pubblico\/#breadcrumb"},"inLanguage":"it-IT","potentialAction":[{"@type":"ReadAction","target":["https:\/\/comunicacity.net\/cervaro\/uffici-comunali\/ufficio-per-le-relazioni-con-il-pubblico\/"]}]},{"@type":"BreadcrumbList","@id":"https:\/\/comunicacity.net\/cervaro\/uffici-comunali\/ufficio-per-le-relazioni-con-il-pubblico\/#breadcrumb","itemListElement":[{"@type":"ListItem","position":1,"name":"Home","item":"https:\/\/comunicacity.net\/cervaro\/"},{"@type":"ListItem","position":2,"name":"Uffici Comunali","item":"https:\/\/comunicacity.net\/cervaro\/uffici-comunali\/"},{"@type":"ListItem","position":3,"name":"Ufficio Relazioni con il Pubblico"}]},{"@type":"WebSite","@id":"https:\/\/comunicacity.net\/cervaro\/#website","url":"https:\/\/comunicacity.net\/cervaro\/","name":"Cervaro","description":"Il Tuo Comune che Comunica","potentialAction":[{"@type":"SearchAction","target":{"@type":"EntryPoint","urlTemplate":"https:\/\/comunicacity.net\/cervaro\/?s={search_term_string}"},"query-input":{"@type":"PropertyValueSpecification","valueRequired":true,"valueName":"search_term_string"}}],"inLanguage":"it-IT"}]}},"meta_box":[],"_links":{"self":[{"href":"https:\/\/comunicacity.net\/cervaro\/wp-json\/wp\/v2\/pages\/117","targetHints":{"allow":["GET"]}}],"collection":[{"href":"https:\/\/comunicacity.net\/cervaro\/wp-json\/wp\/v2\/pages"}],"about":[{"href":"https:\/\/comunicacity.net\/cervaro\/wp-json\/wp\/v2\/types\/page"}],"author":[{"embeddable":true,"href":"https:\/\/comunicacity.net\/cervaro\/wp-json\/wp\/v2\/users\/1"}],"replies":[{"embeddable":true,"href":"https:\/\/comunicacity.net\/cervaro\/wp-json\/wp\/v2\/comments?post=117"}],"version-history":[{"count":2,"href":"https:\/\/comunicacity.net\/cervaro\/wp-json\/wp\/v2\/pages\/117\/revisions"}],"predecessor-version":[{"id":140,"href":"https:\/\/comunicacity.net\/cervaro\/wp-json\/wp\/v2\/pages\/117\/revisions\/140"}],"up":[{"embeddable":true,"href":"https:\/\/comunicacity.net\/cervaro\/wp-json\/wp\/v2\/pages\/108"}],"wp:attachment":[{"href":"https:\/\/comunicacity.net\/cervaro\/wp-json\/wp\/v2\/media?parent=117"}],"wp:term":[{"taxonomy":"category","embeddable":true,"href":"https:\/\/comunicacity.net\/cervaro\/wp-json\/wp\/v2\/categories?post=117"},{"taxonomy":"post_tag","embeddable":true,"href":"https:\/\/comunicacity.net\/cervaro\/wp-json\/wp\/v2\/tags?post=117"}],"curies":[{"name":"wp","href":"https:\/\/api.w.org\/{rel}","templated":true}]}}