{"id":119,"date":"2014-12-16T17:28:39","date_gmt":"2014-12-16T17:28:39","guid":{"rendered":"https:\/\/comunicacity.net\/cervaro\/?page_id=119"},"modified":"2014-12-17T18:37:36","modified_gmt":"2014-12-17T18:37:36","slug":"ufficio-segreteria-e-servizi-generali","status":"publish","type":"page","link":"https:\/\/comunicacity.net\/cervaro\/uffici-comunali\/ufficio-segreteria-e-servizi-generali\/","title":{"rendered":"Ufficio Segreteria Servizi Generali"},"content":{"rendered":"<p>L&#8217;Ufficio svolge la propria attivit\u00e0 nell&#8217;ambito di tutte le funzioni definite del servizio, con particolare riferimento alle seguenti attivit\u00e0:<br \/>\n&#8211; attivit\u00e0 di tipo segretariale per gli Organi istituzionali, le commissioni, le consulte;<br \/>\n&#8211; attivit\u00e0 di tipo segretariale per il Segretario Comunale;<br \/>\n&#8211; assistenza nelle riunioni del <span class=\"testi_blu\">Consiglio Comunale<\/span>, della Giunta Municipale, delle Commissioni;<br \/>\n&#8211; verbalizzazione delle riunioni;<br \/>\n&#8211; servizi generali;<br \/>\n&#8211; costituzione gestione ed implementazione della banca dati delle deliberazioni.<br \/>\n<strong>DOVE:<\/strong><br \/>\n&#8211; Ufficio Segretria e Servizi Generali &#8211; piazza Vittorio Emanuele &#8211; 0776.367001<br \/>\n<strong>QUANDO:<\/strong><br \/>\n&#8211; Dal luned\u00ec al venerd\u00ec &#8211; ore 09,00 &#8211; 11,00<\/p>\n","protected":false},"excerpt":{"rendered":"<p>L&#8217;Ufficio svolge la propria attivit\u00e0 nell&#8217;ambito di tutte le funzioni definite del servizio, con particolare riferimento alle seguenti attivit\u00e0: &#8211; attivit\u00e0 di tipo segretariale per gli Organi istituzionali, le commissioni, [&hellip;]<\/p>\n","protected":false},"author":1,"featured_media":0,"parent":108,"menu_order":0,"comment_status":"open","ping_status":"open","template":"","meta":{"footnotes":""},"categories":[],"tags":[],"class_list":["post-119","page","type-page","status-publish","hentry"],"yoast_head":"<!-- This site is optimized with the Yoast SEO plugin v27.4 - https:\/\/yoast.com\/product\/yoast-seo-wordpress\/ -->\n<title>Ufficio Segreteria Servizi Generali - Cervaro<\/title>\n<meta name=\"robots\" content=\"index, follow, max-snippet:-1, max-image-preview:large, max-video-preview:-1\" \/>\n<link rel=\"canonical\" href=\"https:\/\/comunicacity.net\/cervaro\/uffici-comunali\/ufficio-segreteria-e-servizi-generali\/\" \/>\n<meta property=\"og:locale\" content=\"it_IT\" \/>\n<meta property=\"og:type\" content=\"article\" \/>\n<meta property=\"og:title\" content=\"Ufficio Segreteria Servizi Generali - Cervaro\" \/>\n<meta property=\"og:description\" content=\"L&#8217;Ufficio svolge la propria attivit\u00e0 nell&#8217;ambito di tutte le funzioni definite del servizio, con particolare riferimento alle seguenti attivit\u00e0: &#8211; attivit\u00e0 di tipo segretariale per gli Organi istituzionali, le commissioni, [&hellip;]\" \/>\n<meta property=\"og:url\" content=\"https:\/\/comunicacity.net\/cervaro\/uffici-comunali\/ufficio-segreteria-e-servizi-generali\/\" \/>\n<meta property=\"og:site_name\" content=\"Cervaro\" \/>\n<meta property=\"article:modified_time\" content=\"2014-12-17T18:37:36+00:00\" \/>\n<meta property=\"og:image\" content=\"https:\/\/comunicacity.net\/cervaro\/wp-content\/uploads\/sites\/16\/2014\/12\/cervaro.jpg\" \/>\n\t<meta property=\"og:image:width\" content=\"50\" \/>\n\t<meta property=\"og:image:height\" content=\"50\" \/>\n<script type=\"application\/ld+json\" class=\"yoast-schema-graph\">{\"@context\":\"https:\\\/\\\/schema.org\",\"@graph\":[{\"@type\":\"WebPage\",\"@id\":\"https:\\\/\\\/comunicacity.net\\\/cervaro\\\/uffici-comunali\\\/ufficio-segreteria-e-servizi-generali\\\/\",\"url\":\"https:\\\/\\\/comunicacity.net\\\/cervaro\\\/uffici-comunali\\\/ufficio-segreteria-e-servizi-generali\\\/\",\"name\":\"Ufficio Segreteria Servizi Generali - Cervaro\",\"isPartOf\":{\"@id\":\"https:\\\/\\\/comunicacity.net\\\/cervaro\\\/#website\"},\"datePublished\":\"2014-12-16T17:28:39+00:00\",\"dateModified\":\"2014-12-17T18:37:36+00:00\",\"breadcrumb\":{\"@id\":\"https:\\\/\\\/comunicacity.net\\\/cervaro\\\/uffici-comunali\\\/ufficio-segreteria-e-servizi-generali\\\/#breadcrumb\"},\"inLanguage\":\"it-IT\",\"potentialAction\":[{\"@type\":\"ReadAction\",\"target\":[\"https:\\\/\\\/comunicacity.net\\\/cervaro\\\/uffici-comunali\\\/ufficio-segreteria-e-servizi-generali\\\/\"]}]},{\"@type\":\"BreadcrumbList\",\"@id\":\"https:\\\/\\\/comunicacity.net\\\/cervaro\\\/uffici-comunali\\\/ufficio-segreteria-e-servizi-generali\\\/#breadcrumb\",\"itemListElement\":[{\"@type\":\"ListItem\",\"position\":1,\"name\":\"Home\",\"item\":\"https:\\\/\\\/comunicacity.net\\\/cervaro\\\/\"},{\"@type\":\"ListItem\",\"position\":2,\"name\":\"Uffici Comunali\",\"item\":\"https:\\\/\\\/comunicacity.net\\\/cervaro\\\/uffici-comunali\\\/\"},{\"@type\":\"ListItem\",\"position\":3,\"name\":\"Ufficio Segreteria Servizi Generali\"}]},{\"@type\":\"WebSite\",\"@id\":\"https:\\\/\\\/comunicacity.net\\\/cervaro\\\/#website\",\"url\":\"https:\\\/\\\/comunicacity.net\\\/cervaro\\\/\",\"name\":\"Cervaro\",\"description\":\"Il Tuo Comune che Comunica\",\"potentialAction\":[{\"@type\":\"SearchAction\",\"target\":{\"@type\":\"EntryPoint\",\"urlTemplate\":\"https:\\\/\\\/comunicacity.net\\\/cervaro\\\/?s={search_term_string}\"},\"query-input\":{\"@type\":\"PropertyValueSpecification\",\"valueRequired\":true,\"valueName\":\"search_term_string\"}}],\"inLanguage\":\"it-IT\"}]}<\/script>\n<!-- \/ Yoast SEO plugin. -->","yoast_head_json":{"title":"Ufficio Segreteria Servizi Generali - Cervaro","robots":{"index":"index","follow":"follow","max-snippet":"max-snippet:-1","max-image-preview":"max-image-preview:large","max-video-preview":"max-video-preview:-1"},"canonical":"https:\/\/comunicacity.net\/cervaro\/uffici-comunali\/ufficio-segreteria-e-servizi-generali\/","og_locale":"it_IT","og_type":"article","og_title":"Ufficio Segreteria Servizi Generali - Cervaro","og_description":"L&#8217;Ufficio svolge la propria attivit\u00e0 nell&#8217;ambito di tutte le funzioni definite del servizio, con particolare riferimento alle seguenti attivit\u00e0: &#8211; attivit\u00e0 di tipo segretariale per gli Organi istituzionali, le commissioni, [&hellip;]","og_url":"https:\/\/comunicacity.net\/cervaro\/uffici-comunali\/ufficio-segreteria-e-servizi-generali\/","og_site_name":"Cervaro","article_modified_time":"2014-12-17T18:37:36+00:00","og_image":[{"url":"https:\/\/comunicacity.net\/cervaro\/wp-content\/uploads\/sites\/16\/2014\/12\/cervaro.jpg","height":50,"width":50,"type":""}],"schema":{"@context":"https:\/\/schema.org","@graph":[{"@type":"WebPage","@id":"https:\/\/comunicacity.net\/cervaro\/uffici-comunali\/ufficio-segreteria-e-servizi-generali\/","url":"https:\/\/comunicacity.net\/cervaro\/uffici-comunali\/ufficio-segreteria-e-servizi-generali\/","name":"Ufficio Segreteria Servizi Generali - Cervaro","isPartOf":{"@id":"https:\/\/comunicacity.net\/cervaro\/#website"},"datePublished":"2014-12-16T17:28:39+00:00","dateModified":"2014-12-17T18:37:36+00:00","breadcrumb":{"@id":"https:\/\/comunicacity.net\/cervaro\/uffici-comunali\/ufficio-segreteria-e-servizi-generali\/#breadcrumb"},"inLanguage":"it-IT","potentialAction":[{"@type":"ReadAction","target":["https:\/\/comunicacity.net\/cervaro\/uffici-comunali\/ufficio-segreteria-e-servizi-generali\/"]}]},{"@type":"BreadcrumbList","@id":"https:\/\/comunicacity.net\/cervaro\/uffici-comunali\/ufficio-segreteria-e-servizi-generali\/#breadcrumb","itemListElement":[{"@type":"ListItem","position":1,"name":"Home","item":"https:\/\/comunicacity.net\/cervaro\/"},{"@type":"ListItem","position":2,"name":"Uffici Comunali","item":"https:\/\/comunicacity.net\/cervaro\/uffici-comunali\/"},{"@type":"ListItem","position":3,"name":"Ufficio Segreteria Servizi Generali"}]},{"@type":"WebSite","@id":"https:\/\/comunicacity.net\/cervaro\/#website","url":"https:\/\/comunicacity.net\/cervaro\/","name":"Cervaro","description":"Il Tuo Comune che Comunica","potentialAction":[{"@type":"SearchAction","target":{"@type":"EntryPoint","urlTemplate":"https:\/\/comunicacity.net\/cervaro\/?s={search_term_string}"},"query-input":{"@type":"PropertyValueSpecification","valueRequired":true,"valueName":"search_term_string"}}],"inLanguage":"it-IT"}]}},"meta_box":[],"_links":{"self":[{"href":"https:\/\/comunicacity.net\/cervaro\/wp-json\/wp\/v2\/pages\/119","targetHints":{"allow":["GET"]}}],"collection":[{"href":"https:\/\/comunicacity.net\/cervaro\/wp-json\/wp\/v2\/pages"}],"about":[{"href":"https:\/\/comunicacity.net\/cervaro\/wp-json\/wp\/v2\/types\/page"}],"author":[{"embeddable":true,"href":"https:\/\/comunicacity.net\/cervaro\/wp-json\/wp\/v2\/users\/1"}],"replies":[{"embeddable":true,"href":"https:\/\/comunicacity.net\/cervaro\/wp-json\/wp\/v2\/comments?post=119"}],"version-history":[{"count":2,"href":"https:\/\/comunicacity.net\/cervaro\/wp-json\/wp\/v2\/pages\/119\/revisions"}],"predecessor-version":[{"id":141,"href":"https:\/\/comunicacity.net\/cervaro\/wp-json\/wp\/v2\/pages\/119\/revisions\/141"}],"up":[{"embeddable":true,"href":"https:\/\/comunicacity.net\/cervaro\/wp-json\/wp\/v2\/pages\/108"}],"wp:attachment":[{"href":"https:\/\/comunicacity.net\/cervaro\/wp-json\/wp\/v2\/media?parent=119"}],"wp:term":[{"taxonomy":"category","embeddable":true,"href":"https:\/\/comunicacity.net\/cervaro\/wp-json\/wp\/v2\/categories?post=119"},{"taxonomy":"post_tag","embeddable":true,"href":"https:\/\/comunicacity.net\/cervaro\/wp-json\/wp\/v2\/tags?post=119"}],"curies":[{"name":"wp","href":"https:\/\/api.w.org\/{rel}","templated":true}]}}