{"id":121,"date":"2014-12-16T17:30:54","date_gmt":"2014-12-16T17:30:54","guid":{"rendered":"https:\/\/comunicacity.net\/cervaro\/?page_id=121"},"modified":"2014-12-16T17:30:54","modified_gmt":"2014-12-16T17:30:54","slug":"settore-socio-educativo","status":"publish","type":"page","link":"https:\/\/comunicacity.net\/cervaro\/uffici-comunali\/settore-socio-educativo\/","title":{"rendered":"Settore socio &#8211; educativo"},"content":{"rendered":"<p>Il 3\u00b0 settore si occupa del Programma di attivit\u00e0 Socio-Educative e Culturali promosse dall&#8217;Amministrazione Comunale ed attuate in un rapporto dinamico con la realt\u00e0 territoriale. Nell&#8217;organizzazione complessiva dei servizi presenti, un particolare rilievo assumono gli interventi del Comune nel settore scolastico, miranti a garantire a tutti i cittadini\/alunni di adempiere compiutamente all&#8217;obbligo scolastico e tendenti a rimuovere tutti gli ostacoli di ordine culturale, sociale e psico fisico che possono condizionare il pieno esercizio del diritto allo studio. Fortemente sentita e diffusamente caldeggiata la mobilitazione della collettivit\u00e0 al recupero e alla valorizzazione del proprio peculiare patrimonio culturale, cos\u00ec come tutte le iniziative che favoriscono l&#8217;aggregazione e lo scambio delle esperienze giovanili, nella consapevolezza di creare per i giovani, opportunit\u00e0 di incontro anche al di fuori della scuola, facendo s\u00ec che il tempo libero diventi momento fondamentale di acculturazione e socializzazione. Grande attenzione, sostenuta da reale volont\u00e0 di iniziative socio economiche, \u00e8 altres\u00ec rivolta ai cittadini pi\u00f9 a rischio, cui \u00e8 rivolta una globalit\u00e0 di interventi e servizi sociali, coordinati ed integrati, in grado di migliorarne le condizioni complessive, su questi contenuti si afferma, a livello locale, la volont\u00e0, lo sforzo, l&#8217;impegno di stare vicino ai cittadini.<br \/>\nIl servizio III \u00e8 formato dai seguenti uffici:<br \/>\n* Assistenza e Servizi Sociali<br \/>\n* Pubblica Istruzione<br \/>\n* Cultura, Turismo, Sport e Spettacolo<br \/>\nL&#8217; <strong>Ufficio Assistenza<\/strong> si occupa di interventi di sostegno monetario rivolto a cittadini che sono privi di reddito o con entrate riconosciute come insufficienti, in conformit\u00e0 a una valutazione multidisciplinare, a soddisfare i bisogni primari. I cittadini possono richiedere al Comune le seguenti prestazioni di tipo economico:<br \/>\n* Ex ECA<br \/>\n* Ex ENAOLI<br \/>\n* Ex ANMIL<br \/>\n* Assegni di maternit\u00e0<br \/>\n* Assegni per nuclei familiari con 3 o pi\u00f9 figli minori a carico<br \/>\n* Contributi per affidamenti familiari<br \/>\n* Contributi per problemi legati a particolari e straordinarie condizioni<br \/>\nL&#8217;Ufficio si occupa delle agevolazioni per il trasporto pubblico regionale (COTRAL). I criteri di erogazione sono determinati con appositi regolamenti comunali.<br \/>\nL&#8217;<strong>Ufficio Servizi Sociali<\/strong> si occupa dei rapporti con i cittadini in stato di disagio sociale e cura la programmazione e organizzazione della rete dei servizi sociali nel territorio. Il servizio svolge attivit\u00e0 nelle seguenti aree:<br \/>\n* Famiglia<br \/>\n* Minori<br \/>\n* Giovani<br \/>\n* Anziani<br \/>\n* Portatori di handicap<br \/>\nL&#8217;Ufficio cura anche i rapporti con le altre istituzioni sociali e sanitarie presenti nel territorio; cura i rapporti con la Magistratura relativamente agli affidamenti, alle adozioni, alle tutele ed alle curatele; cura i rapporti con i collegi ed i convitti; cura l&#8217;inserimento degli anziani nelle case di riposo e nelle R.S.A.<br \/>\nL&#8217;<strong>Ufficio Pubblica Istruzione<\/strong> si occupa dei rapporti con le Istituzioni Scolastiche presenti nel territorio e del &#8220;Diritto allo Studio&#8221;. Gestisce il servizio di trasporto scolastico e di refezione scolastica; organizza centri estivi per minori.<br \/>\nL&#8217;<strong>Ufficio Cultura,<\/strong> consapevole dell&#8217;importanza dell&#8217;attivit\u00e0 di promozione culturale, sollecita e promuove l&#8217;esercizio di espressioni originali della creativit\u00e0 dei singoli ed una vasta mobilitazione della collettivit\u00e0 alla valorizzazione della propria esperienza culturale. Persegue, quindi, la valorizzazione della realt\u00e0 locale, attraverso attivit\u00e0 che mettano in evidenza le emergenze pi\u00f9 tipiche ed interessanti del nostro territorio valorizzandone la storia, le tradizioni popolari, le risorse artistiche, archeologiche, ambientali ed il patrimonio culturale in genere. Coordina e promuove di concerto con la locale Pro-Loco le attivit\u00e0 delle molteplici associazioni e comitati attivi sul territorio comunale. Patrocina e concorre finanziariamente all&#8217;organizzazione di molteplici manifestazioni culturali: Carnevale Cervarese, Via Crucis vivente (Venerd\u00ec santo), Infiorata, Corpus Domini, Concorso Enologico e degustazione della &#8220;Fetta Unta&#8221; (Luglio-Agosto), rievocazione storica dell&#8217;Olocausto del carabiniere Vittorio Marandola (12 Agosto), Estate Cervarese, Nativit\u00e0 vivente. Le suddette iniziative costituiscono un valido stimolo culturale ed anche un richiamo di interesse e movimento turistico della citt\u00e0.<br \/>\nL&#8217;<strong>Ufficio Sport ed Attivit\u00e0 Sportive<\/strong> promuove lo sviluppo delle attivit\u00e0 sportive come idoneo mezzo di elevazione culturale e sociale a tutela delle condizioni psico-fisiche dell&#8217;individuo. L&#8217;Ufficio interviene nel campo della promozione sportiva organizzando direttamente manifestazioni amatoriali ed agonistiche o, in alternativa, concedendo sussidi o il patrocinio ad enti ed associazioni locali che operano attivamente nella divulgazione della pratica sportiva. Accanto all&#8217;attivit\u00e0 di promozione sportiva l&#8217;amministrazione ha intrapreso la strada della concessione in uso degli impianti sportivi ai sodalizi sportivi interessati.<br \/>\n<strong>Turismo ed attivit\u00e0 turistiche<\/strong><br \/>\nL&#8217;amministrazione \u00e8 dotata di uno sportello turistico di nuova istituzione. Tale ufficio promuove la valorizzazione ed il riuso delle risorse e delle caratteristiche locali. Le iniziative pi\u00f9 qualificanti e in fase di esecuzione avanzata riguardano la valorizzazione di beni storici-architettonici e paesaggistici.<\/p>\n","protected":false},"excerpt":{"rendered":"<p>Il 3\u00b0 settore si occupa del Programma di attivit\u00e0 Socio-Educative e Culturali promosse dall&#8217;Amministrazione Comunale ed attuate in un rapporto dinamico con la realt\u00e0 territoriale. Nell&#8217;organizzazione complessiva dei servizi presenti, [&hellip;]<\/p>\n","protected":false},"author":1,"featured_media":0,"parent":108,"menu_order":0,"comment_status":"open","ping_status":"open","template":"","meta":{"footnotes":""},"categories":[],"tags":[],"class_list":["post-121","page","type-page","status-publish","hentry"],"yoast_head":"<!-- This site is optimized with the Yoast SEO plugin v27.4 - https:\/\/yoast.com\/product\/yoast-seo-wordpress\/ -->\n<title>Settore socio - educativo - Cervaro<\/title>\n<meta name=\"robots\" content=\"index, follow, max-snippet:-1, max-image-preview:large, max-video-preview:-1\" \/>\n<link rel=\"canonical\" href=\"https:\/\/comunicacity.net\/cervaro\/uffici-comunali\/settore-socio-educativo\/\" \/>\n<meta property=\"og:locale\" content=\"it_IT\" \/>\n<meta property=\"og:type\" content=\"article\" \/>\n<meta property=\"og:title\" content=\"Settore socio - educativo - Cervaro\" \/>\n<meta property=\"og:description\" content=\"Il 3\u00b0 settore si occupa del Programma di attivit\u00e0 Socio-Educative e Culturali promosse dall&#8217;Amministrazione Comunale ed attuate in un rapporto dinamico con la realt\u00e0 territoriale. Nell&#8217;organizzazione complessiva dei servizi presenti, [&hellip;]\" \/>\n<meta property=\"og:url\" content=\"https:\/\/comunicacity.net\/cervaro\/uffici-comunali\/settore-socio-educativo\/\" \/>\n<meta property=\"og:site_name\" content=\"Cervaro\" \/>\n<meta property=\"og:image\" content=\"https:\/\/comunicacity.net\/cervaro\/wp-content\/uploads\/sites\/16\/2014\/12\/cervaro.jpg\" \/>\n\t<meta property=\"og:image:width\" content=\"50\" \/>\n\t<meta property=\"og:image:height\" content=\"50\" \/>\n<meta name=\"twitter:label1\" content=\"Tempo di lettura stimato\" \/>\n\t<meta name=\"twitter:data1\" content=\"4 minuti\" \/>\n<script type=\"application\/ld+json\" class=\"yoast-schema-graph\">{\"@context\":\"https:\\\/\\\/schema.org\",\"@graph\":[{\"@type\":\"WebPage\",\"@id\":\"https:\\\/\\\/comunicacity.net\\\/cervaro\\\/uffici-comunali\\\/settore-socio-educativo\\\/\",\"url\":\"https:\\\/\\\/comunicacity.net\\\/cervaro\\\/uffici-comunali\\\/settore-socio-educativo\\\/\",\"name\":\"Settore socio - educativo - Cervaro\",\"isPartOf\":{\"@id\":\"https:\\\/\\\/comunicacity.net\\\/cervaro\\\/#website\"},\"datePublished\":\"2014-12-16T17:30:54+00:00\",\"breadcrumb\":{\"@id\":\"https:\\\/\\\/comunicacity.net\\\/cervaro\\\/uffici-comunali\\\/settore-socio-educativo\\\/#breadcrumb\"},\"inLanguage\":\"it-IT\",\"potentialAction\":[{\"@type\":\"ReadAction\",\"target\":[\"https:\\\/\\\/comunicacity.net\\\/cervaro\\\/uffici-comunali\\\/settore-socio-educativo\\\/\"]}]},{\"@type\":\"BreadcrumbList\",\"@id\":\"https:\\\/\\\/comunicacity.net\\\/cervaro\\\/uffici-comunali\\\/settore-socio-educativo\\\/#breadcrumb\",\"itemListElement\":[{\"@type\":\"ListItem\",\"position\":1,\"name\":\"Home\",\"item\":\"https:\\\/\\\/comunicacity.net\\\/cervaro\\\/\"},{\"@type\":\"ListItem\",\"position\":2,\"name\":\"Uffici Comunali\",\"item\":\"https:\\\/\\\/comunicacity.net\\\/cervaro\\\/uffici-comunali\\\/\"},{\"@type\":\"ListItem\",\"position\":3,\"name\":\"Settore socio &#8211; educativo\"}]},{\"@type\":\"WebSite\",\"@id\":\"https:\\\/\\\/comunicacity.net\\\/cervaro\\\/#website\",\"url\":\"https:\\\/\\\/comunicacity.net\\\/cervaro\\\/\",\"name\":\"Cervaro\",\"description\":\"Il Tuo Comune che Comunica\",\"potentialAction\":[{\"@type\":\"SearchAction\",\"target\":{\"@type\":\"EntryPoint\",\"urlTemplate\":\"https:\\\/\\\/comunicacity.net\\\/cervaro\\\/?s={search_term_string}\"},\"query-input\":{\"@type\":\"PropertyValueSpecification\",\"valueRequired\":true,\"valueName\":\"search_term_string\"}}],\"inLanguage\":\"it-IT\"}]}<\/script>\n<!-- \/ Yoast SEO plugin. -->","yoast_head_json":{"title":"Settore socio - educativo - Cervaro","robots":{"index":"index","follow":"follow","max-snippet":"max-snippet:-1","max-image-preview":"max-image-preview:large","max-video-preview":"max-video-preview:-1"},"canonical":"https:\/\/comunicacity.net\/cervaro\/uffici-comunali\/settore-socio-educativo\/","og_locale":"it_IT","og_type":"article","og_title":"Settore socio - educativo - Cervaro","og_description":"Il 3\u00b0 settore si occupa del Programma di attivit\u00e0 Socio-Educative e Culturali promosse dall&#8217;Amministrazione Comunale ed attuate in un rapporto dinamico con la realt\u00e0 territoriale. Nell&#8217;organizzazione complessiva dei servizi presenti, [&hellip;]","og_url":"https:\/\/comunicacity.net\/cervaro\/uffici-comunali\/settore-socio-educativo\/","og_site_name":"Cervaro","og_image":[{"url":"https:\/\/comunicacity.net\/cervaro\/wp-content\/uploads\/sites\/16\/2014\/12\/cervaro.jpg","height":50,"width":50,"type":""}],"twitter_misc":{"Tempo di lettura stimato":"4 minuti"},"schema":{"@context":"https:\/\/schema.org","@graph":[{"@type":"WebPage","@id":"https:\/\/comunicacity.net\/cervaro\/uffici-comunali\/settore-socio-educativo\/","url":"https:\/\/comunicacity.net\/cervaro\/uffici-comunali\/settore-socio-educativo\/","name":"Settore socio - educativo - Cervaro","isPartOf":{"@id":"https:\/\/comunicacity.net\/cervaro\/#website"},"datePublished":"2014-12-16T17:30:54+00:00","breadcrumb":{"@id":"https:\/\/comunicacity.net\/cervaro\/uffici-comunali\/settore-socio-educativo\/#breadcrumb"},"inLanguage":"it-IT","potentialAction":[{"@type":"ReadAction","target":["https:\/\/comunicacity.net\/cervaro\/uffici-comunali\/settore-socio-educativo\/"]}]},{"@type":"BreadcrumbList","@id":"https:\/\/comunicacity.net\/cervaro\/uffici-comunali\/settore-socio-educativo\/#breadcrumb","itemListElement":[{"@type":"ListItem","position":1,"name":"Home","item":"https:\/\/comunicacity.net\/cervaro\/"},{"@type":"ListItem","position":2,"name":"Uffici Comunali","item":"https:\/\/comunicacity.net\/cervaro\/uffici-comunali\/"},{"@type":"ListItem","position":3,"name":"Settore socio &#8211; educativo"}]},{"@type":"WebSite","@id":"https:\/\/comunicacity.net\/cervaro\/#website","url":"https:\/\/comunicacity.net\/cervaro\/","name":"Cervaro","description":"Il Tuo Comune che Comunica","potentialAction":[{"@type":"SearchAction","target":{"@type":"EntryPoint","urlTemplate":"https:\/\/comunicacity.net\/cervaro\/?s={search_term_string}"},"query-input":{"@type":"PropertyValueSpecification","valueRequired":true,"valueName":"search_term_string"}}],"inLanguage":"it-IT"}]}},"meta_box":[],"_links":{"self":[{"href":"https:\/\/comunicacity.net\/cervaro\/wp-json\/wp\/v2\/pages\/121","targetHints":{"allow":["GET"]}}],"collection":[{"href":"https:\/\/comunicacity.net\/cervaro\/wp-json\/wp\/v2\/pages"}],"about":[{"href":"https:\/\/comunicacity.net\/cervaro\/wp-json\/wp\/v2\/types\/page"}],"author":[{"embeddable":true,"href":"https:\/\/comunicacity.net\/cervaro\/wp-json\/wp\/v2\/users\/1"}],"replies":[{"embeddable":true,"href":"https:\/\/comunicacity.net\/cervaro\/wp-json\/wp\/v2\/comments?post=121"}],"version-history":[{"count":1,"href":"https:\/\/comunicacity.net\/cervaro\/wp-json\/wp\/v2\/pages\/121\/revisions"}],"predecessor-version":[{"id":123,"href":"https:\/\/comunicacity.net\/cervaro\/wp-json\/wp\/v2\/pages\/121\/revisions\/123"}],"up":[{"embeddable":true,"href":"https:\/\/comunicacity.net\/cervaro\/wp-json\/wp\/v2\/pages\/108"}],"wp:attachment":[{"href":"https:\/\/comunicacity.net\/cervaro\/wp-json\/wp\/v2\/media?parent=121"}],"wp:term":[{"taxonomy":"category","embeddable":true,"href":"https:\/\/comunicacity.net\/cervaro\/wp-json\/wp\/v2\/categories?post=121"},{"taxonomy":"post_tag","embeddable":true,"href":"https:\/\/comunicacity.net\/cervaro\/wp-json\/wp\/v2\/tags?post=121"}],"curies":[{"name":"wp","href":"https:\/\/api.w.org\/{rel}","templated":true}]}}