{"id":126,"date":"2014-12-16T17:32:25","date_gmt":"2014-12-16T17:32:25","guid":{"rendered":"https:\/\/comunicacity.net\/cervaro\/?page_id=126"},"modified":"2014-12-16T17:32:25","modified_gmt":"2014-12-16T17:32:25","slug":"settore-demografico","status":"publish","type":"page","link":"https:\/\/comunicacity.net\/cervaro\/uffici-comunali\/settore-demografico\/","title":{"rendered":"Settore demografico"},"content":{"rendered":"<p>Questa 4^ Area-ripartizione Demografica, cos\u00ec come suggerisce la terminologia Classica &#8220;Demos&#8221; cio\u00e8 il Popolo, rappresenta l&#8217;incontro nelle sue esigenze quotidiane: certificazioni &#8211; attestazioni di identit\u00e0 di studio di stati-fatti e qualit\u00e0 personali ed il riscontro amministrativo da parte degli addetti uffici di:<br \/>\n1) ANAGRAFE: tutte le certificazioni rivolte alle varie P.A. &#8211; identit\u00e0, assegni da lavoro, pensione etc., rilasciate in tempo reale; Bis A.I.R.E.: un incontro annuale con i cittadini, iscritti all&#8217;A.I.R.E., nel rientro stagionale per ferie assicurando agli stessi: assistenza e certificazioni varie da inoltrare agli Stati esteri di appartenenza.<br \/>\n2) STATO CIVILE: una fotografia completa della vita dei cittadini, attraverso le fasi salienti liete: nascite, matrimoni e, purtroppo tristi: nell&#8217;atto finale di morte del cittadino.<br \/>\n3) LEVA MILITARE: la possibilit\u00e0, nella fase saliente del giovane e poi, stante le modifiche attuali, di esercitare il dovere di servizio per la Patria; nonch\u00e8 l&#8217;ammissione al lavoro nelle varie forme di volontariato.<br \/>\n4) Leva elettorale: l&#8217;esercizio del Diritto-Dovere di espressione del voto cos\u00ec come stabilito dall&#8217;art. 48 della costituzione. Il tutto codificato nelle norme dettate dall&#8217;ISTAT-Ufficio aggregato all&#8217;anagrafe.<br \/>\nInfine un ringraziamento a tutti i collaboratori di questa Ripartizione, per il proficuo lavoro nel reciproco incontro esigenza-cittadino ed Amministrazione Comunale.<\/p>\n","protected":false},"excerpt":{"rendered":"<p>Questa 4^ Area-ripartizione Demografica, cos\u00ec come suggerisce la terminologia Classica &#8220;Demos&#8221; cio\u00e8 il Popolo, rappresenta l&#8217;incontro nelle sue esigenze quotidiane: certificazioni &#8211; attestazioni di identit\u00e0 di studio di stati-fatti e [&hellip;]<\/p>\n","protected":false},"author":1,"featured_media":0,"parent":108,"menu_order":0,"comment_status":"open","ping_status":"open","template":"","meta":{"footnotes":""},"categories":[],"tags":[],"class_list":["post-126","page","type-page","status-publish","hentry"],"yoast_head":"<!-- This site is optimized with the Yoast SEO plugin v27.4 - https:\/\/yoast.com\/product\/yoast-seo-wordpress\/ -->\n<title>Settore demografico - Cervaro<\/title>\n<meta name=\"robots\" content=\"index, follow, max-snippet:-1, max-image-preview:large, max-video-preview:-1\" \/>\n<link rel=\"canonical\" href=\"https:\/\/comunicacity.net\/cervaro\/uffici-comunali\/settore-demografico\/\" \/>\n<meta property=\"og:locale\" content=\"it_IT\" \/>\n<meta property=\"og:type\" content=\"article\" \/>\n<meta property=\"og:title\" content=\"Settore demografico - Cervaro\" \/>\n<meta property=\"og:description\" content=\"Questa 4^ Area-ripartizione Demografica, cos\u00ec come suggerisce la terminologia Classica &#8220;Demos&#8221; cio\u00e8 il Popolo, rappresenta l&#8217;incontro nelle sue esigenze quotidiane: certificazioni &#8211; attestazioni di identit\u00e0 di studio di stati-fatti e [&hellip;]\" \/>\n<meta property=\"og:url\" content=\"https:\/\/comunicacity.net\/cervaro\/uffici-comunali\/settore-demografico\/\" \/>\n<meta property=\"og:site_name\" content=\"Cervaro\" \/>\n<meta property=\"og:image\" content=\"https:\/\/comunicacity.net\/cervaro\/wp-content\/uploads\/sites\/16\/2014\/12\/cervaro.jpg\" \/>\n\t<meta property=\"og:image:width\" content=\"50\" \/>\n\t<meta property=\"og:image:height\" content=\"50\" \/>\n<meta name=\"twitter:label1\" content=\"Tempo di lettura stimato\" \/>\n\t<meta name=\"twitter:data1\" content=\"1 minuto\" \/>\n<script type=\"application\/ld+json\" class=\"yoast-schema-graph\">{\"@context\":\"https:\\\/\\\/schema.org\",\"@graph\":[{\"@type\":\"WebPage\",\"@id\":\"https:\\\/\\\/comunicacity.net\\\/cervaro\\\/uffici-comunali\\\/settore-demografico\\\/\",\"url\":\"https:\\\/\\\/comunicacity.net\\\/cervaro\\\/uffici-comunali\\\/settore-demografico\\\/\",\"name\":\"Settore demografico - Cervaro\",\"isPartOf\":{\"@id\":\"https:\\\/\\\/comunicacity.net\\\/cervaro\\\/#website\"},\"datePublished\":\"2014-12-16T17:32:25+00:00\",\"breadcrumb\":{\"@id\":\"https:\\\/\\\/comunicacity.net\\\/cervaro\\\/uffici-comunali\\\/settore-demografico\\\/#breadcrumb\"},\"inLanguage\":\"it-IT\",\"potentialAction\":[{\"@type\":\"ReadAction\",\"target\":[\"https:\\\/\\\/comunicacity.net\\\/cervaro\\\/uffici-comunali\\\/settore-demografico\\\/\"]}]},{\"@type\":\"BreadcrumbList\",\"@id\":\"https:\\\/\\\/comunicacity.net\\\/cervaro\\\/uffici-comunali\\\/settore-demografico\\\/#breadcrumb\",\"itemListElement\":[{\"@type\":\"ListItem\",\"position\":1,\"name\":\"Home\",\"item\":\"https:\\\/\\\/comunicacity.net\\\/cervaro\\\/\"},{\"@type\":\"ListItem\",\"position\":2,\"name\":\"Uffici Comunali\",\"item\":\"https:\\\/\\\/comunicacity.net\\\/cervaro\\\/uffici-comunali\\\/\"},{\"@type\":\"ListItem\",\"position\":3,\"name\":\"Settore demografico\"}]},{\"@type\":\"WebSite\",\"@id\":\"https:\\\/\\\/comunicacity.net\\\/cervaro\\\/#website\",\"url\":\"https:\\\/\\\/comunicacity.net\\\/cervaro\\\/\",\"name\":\"Cervaro\",\"description\":\"Il Tuo Comune che Comunica\",\"potentialAction\":[{\"@type\":\"SearchAction\",\"target\":{\"@type\":\"EntryPoint\",\"urlTemplate\":\"https:\\\/\\\/comunicacity.net\\\/cervaro\\\/?s={search_term_string}\"},\"query-input\":{\"@type\":\"PropertyValueSpecification\",\"valueRequired\":true,\"valueName\":\"search_term_string\"}}],\"inLanguage\":\"it-IT\"}]}<\/script>\n<!-- \/ Yoast SEO plugin. -->","yoast_head_json":{"title":"Settore demografico - Cervaro","robots":{"index":"index","follow":"follow","max-snippet":"max-snippet:-1","max-image-preview":"max-image-preview:large","max-video-preview":"max-video-preview:-1"},"canonical":"https:\/\/comunicacity.net\/cervaro\/uffici-comunali\/settore-demografico\/","og_locale":"it_IT","og_type":"article","og_title":"Settore demografico - Cervaro","og_description":"Questa 4^ Area-ripartizione Demografica, cos\u00ec come suggerisce la terminologia Classica &#8220;Demos&#8221; cio\u00e8 il Popolo, rappresenta l&#8217;incontro nelle sue esigenze quotidiane: certificazioni &#8211; attestazioni di identit\u00e0 di studio di stati-fatti e [&hellip;]","og_url":"https:\/\/comunicacity.net\/cervaro\/uffici-comunali\/settore-demografico\/","og_site_name":"Cervaro","og_image":[{"url":"https:\/\/comunicacity.net\/cervaro\/wp-content\/uploads\/sites\/16\/2014\/12\/cervaro.jpg","height":50,"width":50,"type":""}],"twitter_misc":{"Tempo di lettura stimato":"1 minuto"},"schema":{"@context":"https:\/\/schema.org","@graph":[{"@type":"WebPage","@id":"https:\/\/comunicacity.net\/cervaro\/uffici-comunali\/settore-demografico\/","url":"https:\/\/comunicacity.net\/cervaro\/uffici-comunali\/settore-demografico\/","name":"Settore demografico - Cervaro","isPartOf":{"@id":"https:\/\/comunicacity.net\/cervaro\/#website"},"datePublished":"2014-12-16T17:32:25+00:00","breadcrumb":{"@id":"https:\/\/comunicacity.net\/cervaro\/uffici-comunali\/settore-demografico\/#breadcrumb"},"inLanguage":"it-IT","potentialAction":[{"@type":"ReadAction","target":["https:\/\/comunicacity.net\/cervaro\/uffici-comunali\/settore-demografico\/"]}]},{"@type":"BreadcrumbList","@id":"https:\/\/comunicacity.net\/cervaro\/uffici-comunali\/settore-demografico\/#breadcrumb","itemListElement":[{"@type":"ListItem","position":1,"name":"Home","item":"https:\/\/comunicacity.net\/cervaro\/"},{"@type":"ListItem","position":2,"name":"Uffici Comunali","item":"https:\/\/comunicacity.net\/cervaro\/uffici-comunali\/"},{"@type":"ListItem","position":3,"name":"Settore demografico"}]},{"@type":"WebSite","@id":"https:\/\/comunicacity.net\/cervaro\/#website","url":"https:\/\/comunicacity.net\/cervaro\/","name":"Cervaro","description":"Il Tuo Comune che Comunica","potentialAction":[{"@type":"SearchAction","target":{"@type":"EntryPoint","urlTemplate":"https:\/\/comunicacity.net\/cervaro\/?s={search_term_string}"},"query-input":{"@type":"PropertyValueSpecification","valueRequired":true,"valueName":"search_term_string"}}],"inLanguage":"it-IT"}]}},"meta_box":[],"_links":{"self":[{"href":"https:\/\/comunicacity.net\/cervaro\/wp-json\/wp\/v2\/pages\/126","targetHints":{"allow":["GET"]}}],"collection":[{"href":"https:\/\/comunicacity.net\/cervaro\/wp-json\/wp\/v2\/pages"}],"about":[{"href":"https:\/\/comunicacity.net\/cervaro\/wp-json\/wp\/v2\/types\/page"}],"author":[{"embeddable":true,"href":"https:\/\/comunicacity.net\/cervaro\/wp-json\/wp\/v2\/users\/1"}],"replies":[{"embeddable":true,"href":"https:\/\/comunicacity.net\/cervaro\/wp-json\/wp\/v2\/comments?post=126"}],"version-history":[{"count":1,"href":"https:\/\/comunicacity.net\/cervaro\/wp-json\/wp\/v2\/pages\/126\/revisions"}],"predecessor-version":[{"id":127,"href":"https:\/\/comunicacity.net\/cervaro\/wp-json\/wp\/v2\/pages\/126\/revisions\/127"}],"up":[{"embeddable":true,"href":"https:\/\/comunicacity.net\/cervaro\/wp-json\/wp\/v2\/pages\/108"}],"wp:attachment":[{"href":"https:\/\/comunicacity.net\/cervaro\/wp-json\/wp\/v2\/media?parent=126"}],"wp:term":[{"taxonomy":"category","embeddable":true,"href":"https:\/\/comunicacity.net\/cervaro\/wp-json\/wp\/v2\/categories?post=126"},{"taxonomy":"post_tag","embeddable":true,"href":"https:\/\/comunicacity.net\/cervaro\/wp-json\/wp\/v2\/tags?post=126"}],"curies":[{"name":"wp","href":"https:\/\/api.w.org\/{rel}","templated":true}]}}