{"id":128,"date":"2014-12-16T17:33:11","date_gmt":"2014-12-16T17:33:11","guid":{"rendered":"https:\/\/comunicacity.net\/cervaro\/?page_id=128"},"modified":"2014-12-16T17:33:11","modified_gmt":"2014-12-16T17:33:11","slug":"ufficio-elettorale","status":"publish","type":"page","link":"https:\/\/comunicacity.net\/cervaro\/uffici-comunali\/ufficio-elettorale\/","title":{"rendered":"Ufficio elettorale"},"content":{"rendered":"<p><strong>Ufficio Elettorale<\/strong> &#8211; Giovanni Vendittelli<br \/>\npiazza Vittorio Emanuele &#8211; 0776.367001<br \/>\n<strong>QUANDO:<\/strong><br \/>\nDal luned\u00ec al venerd\u00ec &#8211; ore 08,30 &#8211; 12,00<br \/>\nMarted\u00ec, gioved\u00ec &#8211; ore 16,00 &#8211; 18,00<br \/>\nNei 5 giorni antecedenti le elezioni &#8211; ore 09,00 &#8211; 17,00<br \/>\nIl giorno delle elezioni &#8211; ore 07,00 &#8211; 22,00<\/p>\n","protected":false},"excerpt":{"rendered":"<p>Ufficio Elettorale &#8211; Giovanni Vendittelli piazza Vittorio Emanuele &#8211; 0776.367001 QUANDO: Dal luned\u00ec al venerd\u00ec &#8211; ore 08,30 &#8211; 12,00 Marted\u00ec, gioved\u00ec &#8211; ore 16,00 &#8211; 18,00 Nei 5 giorni [&hellip;]<\/p>\n","protected":false},"author":1,"featured_media":0,"parent":108,"menu_order":0,"comment_status":"open","ping_status":"open","template":"","meta":{"footnotes":""},"categories":[],"tags":[],"class_list":["post-128","page","type-page","status-publish","hentry"],"yoast_head":"<!-- This site is optimized with the Yoast SEO plugin v27.4 - https:\/\/yoast.com\/product\/yoast-seo-wordpress\/ -->\n<title>Ufficio elettorale - Cervaro<\/title>\n<meta name=\"robots\" content=\"index, follow, max-snippet:-1, max-image-preview:large, max-video-preview:-1\" \/>\n<link rel=\"canonical\" href=\"https:\/\/comunicacity.net\/cervaro\/uffici-comunali\/ufficio-elettorale\/\" \/>\n<meta property=\"og:locale\" content=\"it_IT\" \/>\n<meta property=\"og:type\" content=\"article\" \/>\n<meta property=\"og:title\" content=\"Ufficio elettorale - Cervaro\" \/>\n<meta property=\"og:description\" content=\"Ufficio Elettorale &#8211; Giovanni Vendittelli piazza Vittorio Emanuele &#8211; 0776.367001 QUANDO: Dal luned\u00ec al venerd\u00ec &#8211; ore 08,30 &#8211; 12,00 Marted\u00ec, gioved\u00ec &#8211; ore 16,00 &#8211; 18,00 Nei 5 giorni [&hellip;]\" \/>\n<meta property=\"og:url\" content=\"https:\/\/comunicacity.net\/cervaro\/uffici-comunali\/ufficio-elettorale\/\" \/>\n<meta property=\"og:site_name\" content=\"Cervaro\" \/>\n<meta property=\"og:image\" content=\"https:\/\/comunicacity.net\/cervaro\/wp-content\/uploads\/sites\/16\/2014\/12\/cervaro.jpg\" \/>\n\t<meta property=\"og:image:width\" content=\"50\" \/>\n\t<meta property=\"og:image:height\" content=\"50\" \/>\n<script type=\"application\/ld+json\" class=\"yoast-schema-graph\">{\"@context\":\"https:\\\/\\\/schema.org\",\"@graph\":[{\"@type\":\"WebPage\",\"@id\":\"https:\\\/\\\/comunicacity.net\\\/cervaro\\\/uffici-comunali\\\/ufficio-elettorale\\\/\",\"url\":\"https:\\\/\\\/comunicacity.net\\\/cervaro\\\/uffici-comunali\\\/ufficio-elettorale\\\/\",\"name\":\"Ufficio elettorale - Cervaro\",\"isPartOf\":{\"@id\":\"https:\\\/\\\/comunicacity.net\\\/cervaro\\\/#website\"},\"datePublished\":\"2014-12-16T17:33:11+00:00\",\"breadcrumb\":{\"@id\":\"https:\\\/\\\/comunicacity.net\\\/cervaro\\\/uffici-comunali\\\/ufficio-elettorale\\\/#breadcrumb\"},\"inLanguage\":\"it-IT\",\"potentialAction\":[{\"@type\":\"ReadAction\",\"target\":[\"https:\\\/\\\/comunicacity.net\\\/cervaro\\\/uffici-comunali\\\/ufficio-elettorale\\\/\"]}]},{\"@type\":\"BreadcrumbList\",\"@id\":\"https:\\\/\\\/comunicacity.net\\\/cervaro\\\/uffici-comunali\\\/ufficio-elettorale\\\/#breadcrumb\",\"itemListElement\":[{\"@type\":\"ListItem\",\"position\":1,\"name\":\"Home\",\"item\":\"https:\\\/\\\/comunicacity.net\\\/cervaro\\\/\"},{\"@type\":\"ListItem\",\"position\":2,\"name\":\"Uffici Comunali\",\"item\":\"https:\\\/\\\/comunicacity.net\\\/cervaro\\\/uffici-comunali\\\/\"},{\"@type\":\"ListItem\",\"position\":3,\"name\":\"Ufficio elettorale\"}]},{\"@type\":\"WebSite\",\"@id\":\"https:\\\/\\\/comunicacity.net\\\/cervaro\\\/#website\",\"url\":\"https:\\\/\\\/comunicacity.net\\\/cervaro\\\/\",\"name\":\"Cervaro\",\"description\":\"Il Tuo Comune che Comunica\",\"potentialAction\":[{\"@type\":\"SearchAction\",\"target\":{\"@type\":\"EntryPoint\",\"urlTemplate\":\"https:\\\/\\\/comunicacity.net\\\/cervaro\\\/?s={search_term_string}\"},\"query-input\":{\"@type\":\"PropertyValueSpecification\",\"valueRequired\":true,\"valueName\":\"search_term_string\"}}],\"inLanguage\":\"it-IT\"}]}<\/script>\n<!-- \/ Yoast SEO plugin. -->","yoast_head_json":{"title":"Ufficio elettorale - Cervaro","robots":{"index":"index","follow":"follow","max-snippet":"max-snippet:-1","max-image-preview":"max-image-preview:large","max-video-preview":"max-video-preview:-1"},"canonical":"https:\/\/comunicacity.net\/cervaro\/uffici-comunali\/ufficio-elettorale\/","og_locale":"it_IT","og_type":"article","og_title":"Ufficio elettorale - Cervaro","og_description":"Ufficio Elettorale &#8211; Giovanni Vendittelli piazza Vittorio Emanuele &#8211; 0776.367001 QUANDO: Dal luned\u00ec al venerd\u00ec &#8211; ore 08,30 &#8211; 12,00 Marted\u00ec, gioved\u00ec &#8211; ore 16,00 &#8211; 18,00 Nei 5 giorni [&hellip;]","og_url":"https:\/\/comunicacity.net\/cervaro\/uffici-comunali\/ufficio-elettorale\/","og_site_name":"Cervaro","og_image":[{"url":"https:\/\/comunicacity.net\/cervaro\/wp-content\/uploads\/sites\/16\/2014\/12\/cervaro.jpg","height":50,"width":50,"type":""}],"schema":{"@context":"https:\/\/schema.org","@graph":[{"@type":"WebPage","@id":"https:\/\/comunicacity.net\/cervaro\/uffici-comunali\/ufficio-elettorale\/","url":"https:\/\/comunicacity.net\/cervaro\/uffici-comunali\/ufficio-elettorale\/","name":"Ufficio elettorale - Cervaro","isPartOf":{"@id":"https:\/\/comunicacity.net\/cervaro\/#website"},"datePublished":"2014-12-16T17:33:11+00:00","breadcrumb":{"@id":"https:\/\/comunicacity.net\/cervaro\/uffici-comunali\/ufficio-elettorale\/#breadcrumb"},"inLanguage":"it-IT","potentialAction":[{"@type":"ReadAction","target":["https:\/\/comunicacity.net\/cervaro\/uffici-comunali\/ufficio-elettorale\/"]}]},{"@type":"BreadcrumbList","@id":"https:\/\/comunicacity.net\/cervaro\/uffici-comunali\/ufficio-elettorale\/#breadcrumb","itemListElement":[{"@type":"ListItem","position":1,"name":"Home","item":"https:\/\/comunicacity.net\/cervaro\/"},{"@type":"ListItem","position":2,"name":"Uffici Comunali","item":"https:\/\/comunicacity.net\/cervaro\/uffici-comunali\/"},{"@type":"ListItem","position":3,"name":"Ufficio elettorale"}]},{"@type":"WebSite","@id":"https:\/\/comunicacity.net\/cervaro\/#website","url":"https:\/\/comunicacity.net\/cervaro\/","name":"Cervaro","description":"Il Tuo Comune che Comunica","potentialAction":[{"@type":"SearchAction","target":{"@type":"EntryPoint","urlTemplate":"https:\/\/comunicacity.net\/cervaro\/?s={search_term_string}"},"query-input":{"@type":"PropertyValueSpecification","valueRequired":true,"valueName":"search_term_string"}}],"inLanguage":"it-IT"}]}},"meta_box":[],"_links":{"self":[{"href":"https:\/\/comunicacity.net\/cervaro\/wp-json\/wp\/v2\/pages\/128","targetHints":{"allow":["GET"]}}],"collection":[{"href":"https:\/\/comunicacity.net\/cervaro\/wp-json\/wp\/v2\/pages"}],"about":[{"href":"https:\/\/comunicacity.net\/cervaro\/wp-json\/wp\/v2\/types\/page"}],"author":[{"embeddable":true,"href":"https:\/\/comunicacity.net\/cervaro\/wp-json\/wp\/v2\/users\/1"}],"replies":[{"embeddable":true,"href":"https:\/\/comunicacity.net\/cervaro\/wp-json\/wp\/v2\/comments?post=128"}],"version-history":[{"count":1,"href":"https:\/\/comunicacity.net\/cervaro\/wp-json\/wp\/v2\/pages\/128\/revisions"}],"predecessor-version":[{"id":129,"href":"https:\/\/comunicacity.net\/cervaro\/wp-json\/wp\/v2\/pages\/128\/revisions\/129"}],"up":[{"embeddable":true,"href":"https:\/\/comunicacity.net\/cervaro\/wp-json\/wp\/v2\/pages\/108"}],"wp:attachment":[{"href":"https:\/\/comunicacity.net\/cervaro\/wp-json\/wp\/v2\/media?parent=128"}],"wp:term":[{"taxonomy":"category","embeddable":true,"href":"https:\/\/comunicacity.net\/cervaro\/wp-json\/wp\/v2\/categories?post=128"},{"taxonomy":"post_tag","embeddable":true,"href":"https:\/\/comunicacity.net\/cervaro\/wp-json\/wp\/v2\/tags?post=128"}],"curies":[{"name":"wp","href":"https:\/\/api.w.org\/{rel}","templated":true}]}}