{"id":136,"date":"2014-12-16T17:35:37","date_gmt":"2014-12-16T17:35:37","guid":{"rendered":"https:\/\/comunicacity.net\/cervaro\/?page_id=136"},"modified":"2014-12-17T18:43:21","modified_gmt":"2014-12-17T18:43:21","slug":"settore-corpo-di-polizia-locale","status":"publish","type":"page","link":"https:\/\/comunicacity.net\/cervaro\/uffici-comunali\/settore-corpo-di-polizia-locale\/","title":{"rendered":"Settore corpo di polizia locale"},"content":{"rendered":"<p>Il Settore<strong> &#8220;Corpo di Polizia Locale&#8221; <\/strong>\u00e8 articolato in due Unit\u00e0 Operative. L&#8217;attivit\u00e0 del settore \u00e8 finalizzata ad essicurare alla citt\u00e0 ed ai suoi cittadini un servizio di sorveglianza, tutela, prevenzione, controllo e vigilanza sull&#8217;intero territorio, in modo particolare sull&#8217;osservanza delle norme, delle regole e dei comportamenti che garantiscano la legittimit\u00e0 e la correttezza della civile convivenza. Controlli mirati alla tutela del territorio, interventi e controllo sulla viabilit\u00e0, rilevazione degli incidenti stradali e redazioni di atti relativi, gestione e cura delle procedure sanzionatorie di competenza, pronto intervento in caso di privati o pubblici infortuni, funzioni di polizia giudiziaria. Assicura controlli: a) in materia di polizia commerciale, annonaria e artigianale, nel settore edilizio e giudiziario, (1^ Unit\u00e0 Op.); b) in materia di polizia stradale, infortunistica stradale e urbanistica, (2^ Unit\u00e0 Op.). &#8211; Collabora con il settore <span class=\"testi_blu\">Urbanistico<\/span>nella predisposizione di piani di intervento e di assistenza in previsione di rischi ambientali e calamit\u00e0 naturali e collabora agli interventi predisposti dagli organi statali, regionali e provinciali. Coopera con altri Orgnai di Polizia dello Stato nei limiti e con le modalit\u00e0 di legge.<br \/>\nLe attivit\u00e0 generali svolte dal Comando sono:<br \/>\n&#8211; analisi di progetti attuativi relativi alle attivit\u00e0 del settore;<br \/>\n&#8211; iniziative atte a migliorare i rapporti con l&#8217;utenza;<br \/>\n&#8211; aggiornamento continuo tenuto conto delle nuove realt\u00e0 che l&#8217;evoluzione legislativa propone;<br \/>\n&#8211; ricerche di mercato di nuove tecnologie da impiegare nel miglioramento della sicurezza stradale e pedonale;<br \/>\n&#8211; gestione del budget del settore;<br \/>\n&#8211; rapporti e raccordo con gli altri settori;<br \/>\n&#8211; gestione del personale e distribuzione dei carichi di lavoro;<br \/>\n&#8211; gestione della documentazione amministrativa ai sensi della Legge 241\/90;<br \/>\n&#8211; raccolta di notizie utili al migliore funzionamento dei pubblici servizi municipali e riferite all&#8217;Amministrazione sulle deficienze e sugli inconvenienti accertati;<br \/>\n&#8211; disimpegnare, con le dovute modalit\u00e0, i servizi d&#8217;onore in occasione di pubbliche funzioni, di manifestazioni, di cerimonie e in particolare circostanza, facendo la scorta al Gonfalone della Citt\u00e0.<br \/>\n<strong>SERVIZI ISTITUZIONALI DEL CORPO<\/strong>:<br \/>\na) Polizia Urbana;<br \/>\nb) Polizia Rurale;<br \/>\nc) Polizia Edilizia;<br \/>\nd) Polizia Commerciale;<br \/>\ne) Polizia Stradale;<br \/>\nf) Polizia Giudiziaria;<br \/>\ng) Polizia Amministrativa;<br \/>\nh) Polizia Sanitaria (*);<br \/>\ni) Polizia Mortuaria (*);<br \/>\nl) Polizia Veterinaria (*);<br \/>\n(*) in collaborazione con la competente ASL.<\/p>\n<p>Ufficio Polizia Stradale, tutti i giorni dalle ore 09,00 alle ore 12,00;<\/p>\n","protected":false},"excerpt":{"rendered":"<p>Il Settore &#8220;Corpo di Polizia Locale&#8221; \u00e8 articolato in due Unit\u00e0 Operative. L&#8217;attivit\u00e0 del settore \u00e8 finalizzata ad essicurare alla citt\u00e0 ed ai suoi cittadini un servizio di sorveglianza, tutela, [&hellip;]<\/p>\n","protected":false},"author":1,"featured_media":0,"parent":108,"menu_order":0,"comment_status":"open","ping_status":"open","template":"","meta":{"footnotes":""},"categories":[],"tags":[],"class_list":["post-136","page","type-page","status-publish","hentry"],"yoast_head":"<!-- This site is optimized with the Yoast SEO plugin v27.4 - https:\/\/yoast.com\/product\/yoast-seo-wordpress\/ -->\n<title>Settore corpo di polizia locale - Cervaro<\/title>\n<meta name=\"robots\" content=\"index, follow, max-snippet:-1, max-image-preview:large, max-video-preview:-1\" \/>\n<link rel=\"canonical\" href=\"https:\/\/comunicacity.net\/cervaro\/uffici-comunali\/settore-corpo-di-polizia-locale\/\" \/>\n<meta property=\"og:locale\" content=\"it_IT\" \/>\n<meta property=\"og:type\" content=\"article\" \/>\n<meta property=\"og:title\" content=\"Settore corpo di polizia locale - Cervaro\" \/>\n<meta property=\"og:description\" content=\"Il Settore &#8220;Corpo di Polizia Locale&#8221; \u00e8 articolato in due Unit\u00e0 Operative. L&#8217;attivit\u00e0 del settore \u00e8 finalizzata ad essicurare alla citt\u00e0 ed ai suoi cittadini un servizio di sorveglianza, tutela, [&hellip;]\" \/>\n<meta property=\"og:url\" content=\"https:\/\/comunicacity.net\/cervaro\/uffici-comunali\/settore-corpo-di-polizia-locale\/\" \/>\n<meta property=\"og:site_name\" content=\"Cervaro\" \/>\n<meta property=\"article:modified_time\" content=\"2014-12-17T18:43:21+00:00\" \/>\n<meta property=\"og:image\" content=\"https:\/\/comunicacity.net\/cervaro\/wp-content\/uploads\/sites\/16\/2014\/12\/cervaro.jpg\" \/>\n\t<meta property=\"og:image:width\" content=\"50\" \/>\n\t<meta property=\"og:image:height\" content=\"50\" \/>\n<meta name=\"twitter:label1\" content=\"Tempo di lettura stimato\" \/>\n\t<meta name=\"twitter:data1\" content=\"2 minuti\" \/>\n<script type=\"application\/ld+json\" class=\"yoast-schema-graph\">{\"@context\":\"https:\\\/\\\/schema.org\",\"@graph\":[{\"@type\":\"WebPage\",\"@id\":\"https:\\\/\\\/comunicacity.net\\\/cervaro\\\/uffici-comunali\\\/settore-corpo-di-polizia-locale\\\/\",\"url\":\"https:\\\/\\\/comunicacity.net\\\/cervaro\\\/uffici-comunali\\\/settore-corpo-di-polizia-locale\\\/\",\"name\":\"Settore corpo di polizia locale - Cervaro\",\"isPartOf\":{\"@id\":\"https:\\\/\\\/comunicacity.net\\\/cervaro\\\/#website\"},\"datePublished\":\"2014-12-16T17:35:37+00:00\",\"dateModified\":\"2014-12-17T18:43:21+00:00\",\"breadcrumb\":{\"@id\":\"https:\\\/\\\/comunicacity.net\\\/cervaro\\\/uffici-comunali\\\/settore-corpo-di-polizia-locale\\\/#breadcrumb\"},\"inLanguage\":\"it-IT\",\"potentialAction\":[{\"@type\":\"ReadAction\",\"target\":[\"https:\\\/\\\/comunicacity.net\\\/cervaro\\\/uffici-comunali\\\/settore-corpo-di-polizia-locale\\\/\"]}]},{\"@type\":\"BreadcrumbList\",\"@id\":\"https:\\\/\\\/comunicacity.net\\\/cervaro\\\/uffici-comunali\\\/settore-corpo-di-polizia-locale\\\/#breadcrumb\",\"itemListElement\":[{\"@type\":\"ListItem\",\"position\":1,\"name\":\"Home\",\"item\":\"https:\\\/\\\/comunicacity.net\\\/cervaro\\\/\"},{\"@type\":\"ListItem\",\"position\":2,\"name\":\"Uffici Comunali\",\"item\":\"https:\\\/\\\/comunicacity.net\\\/cervaro\\\/uffici-comunali\\\/\"},{\"@type\":\"ListItem\",\"position\":3,\"name\":\"Settore corpo di polizia locale\"}]},{\"@type\":\"WebSite\",\"@id\":\"https:\\\/\\\/comunicacity.net\\\/cervaro\\\/#website\",\"url\":\"https:\\\/\\\/comunicacity.net\\\/cervaro\\\/\",\"name\":\"Cervaro\",\"description\":\"Il Tuo Comune che Comunica\",\"potentialAction\":[{\"@type\":\"SearchAction\",\"target\":{\"@type\":\"EntryPoint\",\"urlTemplate\":\"https:\\\/\\\/comunicacity.net\\\/cervaro\\\/?s={search_term_string}\"},\"query-input\":{\"@type\":\"PropertyValueSpecification\",\"valueRequired\":true,\"valueName\":\"search_term_string\"}}],\"inLanguage\":\"it-IT\"}]}<\/script>\n<!-- \/ Yoast SEO plugin. -->","yoast_head_json":{"title":"Settore corpo di polizia locale - Cervaro","robots":{"index":"index","follow":"follow","max-snippet":"max-snippet:-1","max-image-preview":"max-image-preview:large","max-video-preview":"max-video-preview:-1"},"canonical":"https:\/\/comunicacity.net\/cervaro\/uffici-comunali\/settore-corpo-di-polizia-locale\/","og_locale":"it_IT","og_type":"article","og_title":"Settore corpo di polizia locale - Cervaro","og_description":"Il Settore &#8220;Corpo di Polizia Locale&#8221; \u00e8 articolato in due Unit\u00e0 Operative. L&#8217;attivit\u00e0 del settore \u00e8 finalizzata ad essicurare alla citt\u00e0 ed ai suoi cittadini un servizio di sorveglianza, tutela, [&hellip;]","og_url":"https:\/\/comunicacity.net\/cervaro\/uffici-comunali\/settore-corpo-di-polizia-locale\/","og_site_name":"Cervaro","article_modified_time":"2014-12-17T18:43:21+00:00","og_image":[{"url":"https:\/\/comunicacity.net\/cervaro\/wp-content\/uploads\/sites\/16\/2014\/12\/cervaro.jpg","height":50,"width":50,"type":""}],"twitter_misc":{"Tempo di lettura stimato":"2 minuti"},"schema":{"@context":"https:\/\/schema.org","@graph":[{"@type":"WebPage","@id":"https:\/\/comunicacity.net\/cervaro\/uffici-comunali\/settore-corpo-di-polizia-locale\/","url":"https:\/\/comunicacity.net\/cervaro\/uffici-comunali\/settore-corpo-di-polizia-locale\/","name":"Settore corpo di polizia locale - Cervaro","isPartOf":{"@id":"https:\/\/comunicacity.net\/cervaro\/#website"},"datePublished":"2014-12-16T17:35:37+00:00","dateModified":"2014-12-17T18:43:21+00:00","breadcrumb":{"@id":"https:\/\/comunicacity.net\/cervaro\/uffici-comunali\/settore-corpo-di-polizia-locale\/#breadcrumb"},"inLanguage":"it-IT","potentialAction":[{"@type":"ReadAction","target":["https:\/\/comunicacity.net\/cervaro\/uffici-comunali\/settore-corpo-di-polizia-locale\/"]}]},{"@type":"BreadcrumbList","@id":"https:\/\/comunicacity.net\/cervaro\/uffici-comunali\/settore-corpo-di-polizia-locale\/#breadcrumb","itemListElement":[{"@type":"ListItem","position":1,"name":"Home","item":"https:\/\/comunicacity.net\/cervaro\/"},{"@type":"ListItem","position":2,"name":"Uffici Comunali","item":"https:\/\/comunicacity.net\/cervaro\/uffici-comunali\/"},{"@type":"ListItem","position":3,"name":"Settore corpo di polizia locale"}]},{"@type":"WebSite","@id":"https:\/\/comunicacity.net\/cervaro\/#website","url":"https:\/\/comunicacity.net\/cervaro\/","name":"Cervaro","description":"Il Tuo Comune che Comunica","potentialAction":[{"@type":"SearchAction","target":{"@type":"EntryPoint","urlTemplate":"https:\/\/comunicacity.net\/cervaro\/?s={search_term_string}"},"query-input":{"@type":"PropertyValueSpecification","valueRequired":true,"valueName":"search_term_string"}}],"inLanguage":"it-IT"}]}},"meta_box":[],"_links":{"self":[{"href":"https:\/\/comunicacity.net\/cervaro\/wp-json\/wp\/v2\/pages\/136","targetHints":{"allow":["GET"]}}],"collection":[{"href":"https:\/\/comunicacity.net\/cervaro\/wp-json\/wp\/v2\/pages"}],"about":[{"href":"https:\/\/comunicacity.net\/cervaro\/wp-json\/wp\/v2\/types\/page"}],"author":[{"embeddable":true,"href":"https:\/\/comunicacity.net\/cervaro\/wp-json\/wp\/v2\/users\/1"}],"replies":[{"embeddable":true,"href":"https:\/\/comunicacity.net\/cervaro\/wp-json\/wp\/v2\/comments?post=136"}],"version-history":[{"count":1,"href":"https:\/\/comunicacity.net\/cervaro\/wp-json\/wp\/v2\/pages\/136\/revisions"}],"predecessor-version":[{"id":137,"href":"https:\/\/comunicacity.net\/cervaro\/wp-json\/wp\/v2\/pages\/136\/revisions\/137"}],"up":[{"embeddable":true,"href":"https:\/\/comunicacity.net\/cervaro\/wp-json\/wp\/v2\/pages\/108"}],"wp:attachment":[{"href":"https:\/\/comunicacity.net\/cervaro\/wp-json\/wp\/v2\/media?parent=136"}],"wp:term":[{"taxonomy":"category","embeddable":true,"href":"https:\/\/comunicacity.net\/cervaro\/wp-json\/wp\/v2\/categories?post=136"},{"taxonomy":"post_tag","embeddable":true,"href":"https:\/\/comunicacity.net\/cervaro\/wp-json\/wp\/v2\/tags?post=136"}],"curies":[{"name":"wp","href":"https:\/\/api.w.org\/{rel}","templated":true}]}}