{"id":148,"date":"2014-12-17T18:50:57","date_gmt":"2014-12-17T18:50:57","guid":{"rendered":"https:\/\/comunicacity.net\/cervaro\/?page_id=148"},"modified":"2014-12-17T18:50:57","modified_gmt":"2014-12-17T18:50:57","slug":"larte-orafa-di-cervaro","status":"publish","type":"page","link":"https:\/\/comunicacity.net\/cervaro\/prodotti-tipici\/larte-orafa-di-cervaro\/","title":{"rendered":"L&#8217;Arte Orafa di Cervaro"},"content":{"rendered":"<p style=\"text-align: justify;\">La tecnica, in unione alla sapienza secolare dell&#8217;artigiano orafo d\u00e0 vita e splendore al nudo metallo ottenendo da esso forme ed effetti in grado di valorizzare coralli, gemme e quant&#8217;altro l&#8217;immaginario collettivo del genere umano riesca ad esprimere.<\/p>\n<p>L&#8217;arte orafa ha radici molto antiche, ed i reperti, ritrovati in vario modo, ne danno ampia testimonianza. L&#8217;uomo inizi\u00f2 a estrarre l&#8217;oro pi\u00f9 di 5000 anni fa, nelle regioni in cui sorsero le prime civilt\u00e0 , cio\u00e8 in Mesopotamia e nel Mediterraneo orientale.<br \/>\nL&#8217;artigiano orafo utilizza, ancora oggi, strumenti usati in epoche passate. Ha perfezionato quelli gi\u00e0 in uso per adattarli alle proprie esigenze e ne ha inventati altri che gli permettono di produrre al meglio i propri oggetti. Nuovi strumenti, nuove tecniche, nuove macchine, ma lo strumento principale dell&#8217;arte orafa sono le mani. Con le mani l&#8217;artigiano imprime nell&#8217;oggetto la sua creativit\u00e0 e il suo ingegno.<\/p>\n<p style=\"text-align: justify;\">\nL&#8217;artigianato, un tempo fiorente, oggi \u00e8 diventato un&#8217;attivit\u00e0 secondaria, che non incide in particolare sul bilancio famiiare e sull&#8217;economia dell&#8217;intera citt\u00e0. Lungo le vie interne del vecchio centro urbano c&#8217;erano decine di botteghe artigianali: fabbri, falegnami, orologiai, calzolai e orafi. Un battere continuo martelli e un tintinnio di metalli che rendevano viva e allegra l&#8217;atmosfera del paese. Particolarmente abili e rinomati erano i fabbri e gli orafi di Cervaro, di cui resta una solida tradizione. I palazzi, le case e i balconi sono impreziositi da artistiche modanature, cancelli, balaustre e lanterne in ferro battuto.<br \/>\nGli orafi di Cervaro producevano monili di ogni genere, dagli anelli alle collane, dalle spille agli orecchini, dai bracciali alle catene.<br \/>\nUna particolarit\u00e0 dei manufatti degli orafi cervaresi erano gli oggetti capaci di allontanare i malefici. Intorno all\u2019attivit\u00e0 orafa lavoravano essenzialmente due figure, una artigiana e l\u2019altra commerciale: il \u201cprincipale\u201d e il \u201cmercante\u201d.<br \/>\nIl principale era il mastro di bottega, produttore di manufatti d\u2019oro; il mercante figurava da mediatore tra gli acquirenti e i produttori. Presso le famiglie cervaresi si trovano ancora molti manufatti degli orafi locali tanto che \u00e8 stato progettato un museo civico, per la conservazione e la valorizzazione del patrimonio culturale dell\u2019arte orafa di Cervaro, che tanta importanza ha avuto nel passato, fino ai primi anni del &#8216;900, quando nel paese erano attivi circa trenta esercenti.<\/p>\n","protected":false},"excerpt":{"rendered":"<p>La tecnica, in unione alla sapienza secolare dell&#8217;artigiano orafo d\u00e0 vita e splendore al nudo metallo ottenendo da esso forme ed effetti in grado di valorizzare coralli, gemme e quant&#8217;altro [&hellip;]<\/p>\n","protected":false},"author":1,"featured_media":0,"parent":146,"menu_order":0,"comment_status":"open","ping_status":"open","template":"","meta":{"footnotes":""},"categories":[],"tags":[],"class_list":["post-148","page","type-page","status-publish","hentry"],"yoast_head":"<!-- This site is optimized with the Yoast SEO plugin v27.4 - https:\/\/yoast.com\/product\/yoast-seo-wordpress\/ -->\n<title>L&#039;Arte Orafa di Cervaro - Cervaro<\/title>\n<meta name=\"robots\" content=\"index, follow, max-snippet:-1, max-image-preview:large, max-video-preview:-1\" \/>\n<link rel=\"canonical\" href=\"https:\/\/comunicacity.net\/cervaro\/prodotti-tipici\/larte-orafa-di-cervaro\/\" \/>\n<meta property=\"og:locale\" content=\"it_IT\" \/>\n<meta property=\"og:type\" content=\"article\" \/>\n<meta property=\"og:title\" content=\"L&#039;Arte Orafa di Cervaro - Cervaro\" \/>\n<meta property=\"og:description\" content=\"La tecnica, in unione alla sapienza secolare dell&#8217;artigiano orafo d\u00e0 vita e splendore al nudo metallo ottenendo da esso forme ed effetti in grado di valorizzare coralli, gemme e quant&#8217;altro [&hellip;]\" \/>\n<meta property=\"og:url\" content=\"https:\/\/comunicacity.net\/cervaro\/prodotti-tipici\/larte-orafa-di-cervaro\/\" \/>\n<meta property=\"og:site_name\" content=\"Cervaro\" \/>\n<meta property=\"og:image\" content=\"https:\/\/comunicacity.net\/cervaro\/wp-content\/uploads\/sites\/16\/2014\/12\/cervaro.jpg\" \/>\n\t<meta property=\"og:image:width\" content=\"50\" \/>\n\t<meta property=\"og:image:height\" content=\"50\" \/>\n<meta name=\"twitter:label1\" content=\"Tempo di lettura stimato\" \/>\n\t<meta name=\"twitter:data1\" content=\"2 minuti\" \/>\n<script type=\"application\/ld+json\" class=\"yoast-schema-graph\">{\"@context\":\"https:\\\/\\\/schema.org\",\"@graph\":[{\"@type\":\"WebPage\",\"@id\":\"https:\\\/\\\/comunicacity.net\\\/cervaro\\\/prodotti-tipici\\\/larte-orafa-di-cervaro\\\/\",\"url\":\"https:\\\/\\\/comunicacity.net\\\/cervaro\\\/prodotti-tipici\\\/larte-orafa-di-cervaro\\\/\",\"name\":\"L'Arte Orafa di Cervaro - Cervaro\",\"isPartOf\":{\"@id\":\"https:\\\/\\\/comunicacity.net\\\/cervaro\\\/#website\"},\"datePublished\":\"2014-12-17T18:50:57+00:00\",\"breadcrumb\":{\"@id\":\"https:\\\/\\\/comunicacity.net\\\/cervaro\\\/prodotti-tipici\\\/larte-orafa-di-cervaro\\\/#breadcrumb\"},\"inLanguage\":\"it-IT\",\"potentialAction\":[{\"@type\":\"ReadAction\",\"target\":[\"https:\\\/\\\/comunicacity.net\\\/cervaro\\\/prodotti-tipici\\\/larte-orafa-di-cervaro\\\/\"]}]},{\"@type\":\"BreadcrumbList\",\"@id\":\"https:\\\/\\\/comunicacity.net\\\/cervaro\\\/prodotti-tipici\\\/larte-orafa-di-cervaro\\\/#breadcrumb\",\"itemListElement\":[{\"@type\":\"ListItem\",\"position\":1,\"name\":\"Home\",\"item\":\"https:\\\/\\\/comunicacity.net\\\/cervaro\\\/\"},{\"@type\":\"ListItem\",\"position\":2,\"name\":\"Prodotti Tipici\",\"item\":\"https:\\\/\\\/comunicacity.net\\\/cervaro\\\/prodotti-tipici\\\/\"},{\"@type\":\"ListItem\",\"position\":3,\"name\":\"L&#8217;Arte Orafa di Cervaro\"}]},{\"@type\":\"WebSite\",\"@id\":\"https:\\\/\\\/comunicacity.net\\\/cervaro\\\/#website\",\"url\":\"https:\\\/\\\/comunicacity.net\\\/cervaro\\\/\",\"name\":\"Cervaro\",\"description\":\"Il Tuo Comune che Comunica\",\"potentialAction\":[{\"@type\":\"SearchAction\",\"target\":{\"@type\":\"EntryPoint\",\"urlTemplate\":\"https:\\\/\\\/comunicacity.net\\\/cervaro\\\/?s={search_term_string}\"},\"query-input\":{\"@type\":\"PropertyValueSpecification\",\"valueRequired\":true,\"valueName\":\"search_term_string\"}}],\"inLanguage\":\"it-IT\"}]}<\/script>\n<!-- \/ Yoast SEO plugin. -->","yoast_head_json":{"title":"L'Arte Orafa di Cervaro - Cervaro","robots":{"index":"index","follow":"follow","max-snippet":"max-snippet:-1","max-image-preview":"max-image-preview:large","max-video-preview":"max-video-preview:-1"},"canonical":"https:\/\/comunicacity.net\/cervaro\/prodotti-tipici\/larte-orafa-di-cervaro\/","og_locale":"it_IT","og_type":"article","og_title":"L'Arte Orafa di Cervaro - Cervaro","og_description":"La tecnica, in unione alla sapienza secolare dell&#8217;artigiano orafo d\u00e0 vita e splendore al nudo metallo ottenendo da esso forme ed effetti in grado di valorizzare coralli, gemme e quant&#8217;altro [&hellip;]","og_url":"https:\/\/comunicacity.net\/cervaro\/prodotti-tipici\/larte-orafa-di-cervaro\/","og_site_name":"Cervaro","og_image":[{"url":"https:\/\/comunicacity.net\/cervaro\/wp-content\/uploads\/sites\/16\/2014\/12\/cervaro.jpg","height":50,"width":50,"type":""}],"twitter_misc":{"Tempo di lettura stimato":"2 minuti"},"schema":{"@context":"https:\/\/schema.org","@graph":[{"@type":"WebPage","@id":"https:\/\/comunicacity.net\/cervaro\/prodotti-tipici\/larte-orafa-di-cervaro\/","url":"https:\/\/comunicacity.net\/cervaro\/prodotti-tipici\/larte-orafa-di-cervaro\/","name":"L'Arte Orafa di Cervaro - Cervaro","isPartOf":{"@id":"https:\/\/comunicacity.net\/cervaro\/#website"},"datePublished":"2014-12-17T18:50:57+00:00","breadcrumb":{"@id":"https:\/\/comunicacity.net\/cervaro\/prodotti-tipici\/larte-orafa-di-cervaro\/#breadcrumb"},"inLanguage":"it-IT","potentialAction":[{"@type":"ReadAction","target":["https:\/\/comunicacity.net\/cervaro\/prodotti-tipici\/larte-orafa-di-cervaro\/"]}]},{"@type":"BreadcrumbList","@id":"https:\/\/comunicacity.net\/cervaro\/prodotti-tipici\/larte-orafa-di-cervaro\/#breadcrumb","itemListElement":[{"@type":"ListItem","position":1,"name":"Home","item":"https:\/\/comunicacity.net\/cervaro\/"},{"@type":"ListItem","position":2,"name":"Prodotti Tipici","item":"https:\/\/comunicacity.net\/cervaro\/prodotti-tipici\/"},{"@type":"ListItem","position":3,"name":"L&#8217;Arte Orafa di Cervaro"}]},{"@type":"WebSite","@id":"https:\/\/comunicacity.net\/cervaro\/#website","url":"https:\/\/comunicacity.net\/cervaro\/","name":"Cervaro","description":"Il Tuo Comune che Comunica","potentialAction":[{"@type":"SearchAction","target":{"@type":"EntryPoint","urlTemplate":"https:\/\/comunicacity.net\/cervaro\/?s={search_term_string}"},"query-input":{"@type":"PropertyValueSpecification","valueRequired":true,"valueName":"search_term_string"}}],"inLanguage":"it-IT"}]}},"meta_box":[],"_links":{"self":[{"href":"https:\/\/comunicacity.net\/cervaro\/wp-json\/wp\/v2\/pages\/148","targetHints":{"allow":["GET"]}}],"collection":[{"href":"https:\/\/comunicacity.net\/cervaro\/wp-json\/wp\/v2\/pages"}],"about":[{"href":"https:\/\/comunicacity.net\/cervaro\/wp-json\/wp\/v2\/types\/page"}],"author":[{"embeddable":true,"href":"https:\/\/comunicacity.net\/cervaro\/wp-json\/wp\/v2\/users\/1"}],"replies":[{"embeddable":true,"href":"https:\/\/comunicacity.net\/cervaro\/wp-json\/wp\/v2\/comments?post=148"}],"version-history":[{"count":1,"href":"https:\/\/comunicacity.net\/cervaro\/wp-json\/wp\/v2\/pages\/148\/revisions"}],"predecessor-version":[{"id":149,"href":"https:\/\/comunicacity.net\/cervaro\/wp-json\/wp\/v2\/pages\/148\/revisions\/149"}],"up":[{"embeddable":true,"href":"https:\/\/comunicacity.net\/cervaro\/wp-json\/wp\/v2\/pages\/146"}],"wp:attachment":[{"href":"https:\/\/comunicacity.net\/cervaro\/wp-json\/wp\/v2\/media?parent=148"}],"wp:term":[{"taxonomy":"category","embeddable":true,"href":"https:\/\/comunicacity.net\/cervaro\/wp-json\/wp\/v2\/categories?post=148"},{"taxonomy":"post_tag","embeddable":true,"href":"https:\/\/comunicacity.net\/cervaro\/wp-json\/wp\/v2\/tags?post=148"}],"curies":[{"name":"wp","href":"https:\/\/api.w.org\/{rel}","templated":true}]}}