{"id":150,"date":"2014-12-17T18:52:04","date_gmt":"2014-12-17T18:52:04","guid":{"rendered":"https:\/\/comunicacity.net\/cervaro\/?page_id=150"},"modified":"2014-12-19T19:41:07","modified_gmt":"2014-12-19T19:41:07","slug":"il-vino-delle-campagne-cervaresi","status":"publish","type":"page","link":"https:\/\/comunicacity.net\/cervaro\/prodotti-tipici\/il-vino-delle-campagne-cervaresi\/","title":{"rendered":"Il vino delle campagne cervaresi"},"content":{"rendered":"<p style=\"text-align: justify;\">Altra &#8220;nobile&#8221; tradizione di Cervaro \u00e8 il suo pregiato vino, apprezzato da tempi immemorabili, per forza e sostanziosit\u00e0. In un paesaggio che affascina per la sua dolcezza ed attrae per la bont\u00e0 del clima, la coltura e lo sfruttamento della vite ha radici antiche. Dovunque il terreno lo permetteva, la volont\u00e0 tenace dei cervaresi ha piantato splendidi vigneti che producono, anche oggi, abbondante uva da vino dall&#8217;alta gradazione che, secondo un vecchio detto popolare&#8221; t(i) leva ogni malann da cap (o) a pi(e)d gl&#8217;ann (ti preserva dai malanni per tutto l&#8217;anno).<\/p>\n<p style=\"text-align: justify;\">Si vanno sviluppando iniziative da parte di alcuni produttori, fortemente impegnati nella salvaguardia delle &#8220;caratteristiche&#8221; del nostro vino, per il riconoscimento del marchio DOC. Una scelta quasi obbligata per un vino, riconosciuto dagli intenditori, come davvero &#8220;speciale&#8221;, che esprime un gusto vigoroso e pieno, permeato di sapori inconfondibili, con un senso di immediato gradimento e godimento, tanto che, per dirla come una colorita espressione locale &#8220;t(e) n(e) bviss cint&#8221; (avresti voglia di berne cento bicchieri).<\/p>\n<p style=\"text-align: justify;\">Questo carattere di tipicit\u00e0 deriva da una terra generosa, baciata dal sole ed anche dal grande amore e rispetto per una cultura e sapienza produttiva, memore di secolari esperienze.<\/p>\n<p style=\"text-align: justify;\">In questo intelligente sforzo si inquadra la recente apertura al pubblico dell&#8217; Azienda agrituristica &#8220;Monte Chiaia&#8221;. Placidamente adagiata nella quieta ed assolata campagna cervarese, l&#8217;articolato complesso dell&#8217; Azienda si lascia appena intraveder\u00e8 dalla strada provinciale che unisce Cervaro a San Vittore del Lazio, protetto, com&#8217; \u00e8, dalla ricca vegetazione.<\/p>\n<p style=\"text-align: justify;\">La collocazione \u00e8 tra le pi\u00f9 preziose e fascinose che il paesaggio di Cervaro possa offrire: tutt&#8217;intorno alla costruzione si apre, infatti, a ventaglio, lo scenario agreste dei rigogliosi vigneti ed uliveti, dei prati verdi e dei campi fioriti, creando un effetto di pittoresca continuit\u00e0 per tutto l&#8217;orizzonte, chiuso, alle spalle dell&#8217;edificio, dalle quinte boscose del monte Chiaia, che formano un enorme, rigoglioso parco, costellato di scorci suggestivi.<\/p>\n<p style=\"text-align: justify;\">Il visitatore che accede all&#8217;Azienda, si trova immediatamente immerso in un&#8217; atmosfera distensiva e piacevole, in un ambiente che restituisce la libert\u00e0 dimenticata di &#8220;perdersi&#8221;nella pace arcadica di boschi pieni di silenzio, dove pu\u00f2 &#8220;scoprire&#8221; il fascino intatto di un vecchio casolare o provare l&#8217; ebbrezza di una passeggiata in calesse fino a &#8220;Montenero&#8221;, un luogo che racconta fiabe e leggende senza tempo.<\/p>\n<p style=\"text-align: justify;\">E scoprire, soprattutto, una cucina casaeccia e casalinga, dove si creano pietanze gustose anche da umili e comuni prodotti. Lasciarsi sedurre da tenere carni, profumati salumi, piccanti formaggi speziati, dolci saporosi&#8230;<\/p>\n<p style=\"text-align: justify;\">Su tutto l&#8217;oro bianco e rosso dei vini cervaresi, forti e sostanziosi e, naturalmente, 1&#8217;0lio di altissima qualit\u00e0, vanto della generosa terra cervarese. Insomma cose buone e genuine, dai forti sapori, da portare via gelosamente, sorretti dalla certezza di tornare ancora a godere di questa raffinata ospitalit\u00e0.<\/p>\n","protected":false},"excerpt":{"rendered":"<p>Altra &#8220;nobile&#8221; tradizione di Cervaro \u00e8 il suo pregiato vino, apprezzato da tempi immemorabili, per forza e sostanziosit\u00e0. In un paesaggio che affascina per la sua dolcezza ed attrae per [&hellip;]<\/p>\n","protected":false},"author":1,"featured_media":0,"parent":146,"menu_order":0,"comment_status":"open","ping_status":"closed","template":"","meta":{"footnotes":""},"categories":[],"tags":[43],"class_list":["post-150","page","type-page","status-publish","hentry","tag-food"],"yoast_head":"<!-- This site is optimized with the Yoast SEO plugin v27.4 - https:\/\/yoast.com\/product\/yoast-seo-wordpress\/ -->\n<title>Il vino delle campagne cervaresi - Cervaro<\/title>\n<meta name=\"robots\" content=\"index, follow, max-snippet:-1, max-image-preview:large, max-video-preview:-1\" \/>\n<link rel=\"canonical\" href=\"https:\/\/comunicacity.net\/cervaro\/prodotti-tipici\/il-vino-delle-campagne-cervaresi\/\" \/>\n<meta property=\"og:locale\" content=\"it_IT\" \/>\n<meta property=\"og:type\" content=\"article\" \/>\n<meta property=\"og:title\" content=\"Il vino delle campagne cervaresi - Cervaro\" \/>\n<meta property=\"og:description\" content=\"Altra &#8220;nobile&#8221; tradizione di Cervaro \u00e8 il suo pregiato vino, apprezzato da tempi immemorabili, per forza e sostanziosit\u00e0. In un paesaggio che affascina per la sua dolcezza ed attrae per [&hellip;]\" \/>\n<meta property=\"og:url\" content=\"https:\/\/comunicacity.net\/cervaro\/prodotti-tipici\/il-vino-delle-campagne-cervaresi\/\" \/>\n<meta property=\"og:site_name\" content=\"Cervaro\" \/>\n<meta property=\"article:modified_time\" content=\"2014-12-19T19:41:07+00:00\" \/>\n<meta property=\"og:image\" content=\"https:\/\/comunicacity.net\/cervaro\/wp-content\/uploads\/sites\/16\/2014\/12\/cervaro.jpg\" \/>\n\t<meta property=\"og:image:width\" content=\"50\" \/>\n\t<meta property=\"og:image:height\" content=\"50\" \/>\n<meta name=\"twitter:label1\" content=\"Tempo di lettura stimato\" \/>\n\t<meta name=\"twitter:data1\" content=\"2 minuti\" \/>\n<script type=\"application\/ld+json\" class=\"yoast-schema-graph\">{\"@context\":\"https:\\\/\\\/schema.org\",\"@graph\":[{\"@type\":\"WebPage\",\"@id\":\"https:\\\/\\\/comunicacity.net\\\/cervaro\\\/prodotti-tipici\\\/il-vino-delle-campagne-cervaresi\\\/\",\"url\":\"https:\\\/\\\/comunicacity.net\\\/cervaro\\\/prodotti-tipici\\\/il-vino-delle-campagne-cervaresi\\\/\",\"name\":\"Il vino delle campagne cervaresi - Cervaro\",\"isPartOf\":{\"@id\":\"https:\\\/\\\/comunicacity.net\\\/cervaro\\\/#website\"},\"datePublished\":\"2014-12-17T18:52:04+00:00\",\"dateModified\":\"2014-12-19T19:41:07+00:00\",\"breadcrumb\":{\"@id\":\"https:\\\/\\\/comunicacity.net\\\/cervaro\\\/prodotti-tipici\\\/il-vino-delle-campagne-cervaresi\\\/#breadcrumb\"},\"inLanguage\":\"it-IT\",\"potentialAction\":[{\"@type\":\"ReadAction\",\"target\":[\"https:\\\/\\\/comunicacity.net\\\/cervaro\\\/prodotti-tipici\\\/il-vino-delle-campagne-cervaresi\\\/\"]}]},{\"@type\":\"BreadcrumbList\",\"@id\":\"https:\\\/\\\/comunicacity.net\\\/cervaro\\\/prodotti-tipici\\\/il-vino-delle-campagne-cervaresi\\\/#breadcrumb\",\"itemListElement\":[{\"@type\":\"ListItem\",\"position\":1,\"name\":\"Home\",\"item\":\"https:\\\/\\\/comunicacity.net\\\/cervaro\\\/\"},{\"@type\":\"ListItem\",\"position\":2,\"name\":\"Prodotti Tipici\",\"item\":\"https:\\\/\\\/comunicacity.net\\\/cervaro\\\/prodotti-tipici\\\/\"},{\"@type\":\"ListItem\",\"position\":3,\"name\":\"Il vino delle campagne cervaresi\"}]},{\"@type\":\"WebSite\",\"@id\":\"https:\\\/\\\/comunicacity.net\\\/cervaro\\\/#website\",\"url\":\"https:\\\/\\\/comunicacity.net\\\/cervaro\\\/\",\"name\":\"Cervaro\",\"description\":\"Il Tuo Comune che Comunica\",\"potentialAction\":[{\"@type\":\"SearchAction\",\"target\":{\"@type\":\"EntryPoint\",\"urlTemplate\":\"https:\\\/\\\/comunicacity.net\\\/cervaro\\\/?s={search_term_string}\"},\"query-input\":{\"@type\":\"PropertyValueSpecification\",\"valueRequired\":true,\"valueName\":\"search_term_string\"}}],\"inLanguage\":\"it-IT\"}]}<\/script>\n<!-- \/ Yoast SEO plugin. -->","yoast_head_json":{"title":"Il vino delle campagne cervaresi - Cervaro","robots":{"index":"index","follow":"follow","max-snippet":"max-snippet:-1","max-image-preview":"max-image-preview:large","max-video-preview":"max-video-preview:-1"},"canonical":"https:\/\/comunicacity.net\/cervaro\/prodotti-tipici\/il-vino-delle-campagne-cervaresi\/","og_locale":"it_IT","og_type":"article","og_title":"Il vino delle campagne cervaresi - Cervaro","og_description":"Altra &#8220;nobile&#8221; tradizione di Cervaro \u00e8 il suo pregiato vino, apprezzato da tempi immemorabili, per forza e sostanziosit\u00e0. In un paesaggio che affascina per la sua dolcezza ed attrae per [&hellip;]","og_url":"https:\/\/comunicacity.net\/cervaro\/prodotti-tipici\/il-vino-delle-campagne-cervaresi\/","og_site_name":"Cervaro","article_modified_time":"2014-12-19T19:41:07+00:00","og_image":[{"url":"https:\/\/comunicacity.net\/cervaro\/wp-content\/uploads\/sites\/16\/2014\/12\/cervaro.jpg","height":50,"width":50,"type":""}],"twitter_misc":{"Tempo di lettura stimato":"2 minuti"},"schema":{"@context":"https:\/\/schema.org","@graph":[{"@type":"WebPage","@id":"https:\/\/comunicacity.net\/cervaro\/prodotti-tipici\/il-vino-delle-campagne-cervaresi\/","url":"https:\/\/comunicacity.net\/cervaro\/prodotti-tipici\/il-vino-delle-campagne-cervaresi\/","name":"Il vino delle campagne cervaresi - Cervaro","isPartOf":{"@id":"https:\/\/comunicacity.net\/cervaro\/#website"},"datePublished":"2014-12-17T18:52:04+00:00","dateModified":"2014-12-19T19:41:07+00:00","breadcrumb":{"@id":"https:\/\/comunicacity.net\/cervaro\/prodotti-tipici\/il-vino-delle-campagne-cervaresi\/#breadcrumb"},"inLanguage":"it-IT","potentialAction":[{"@type":"ReadAction","target":["https:\/\/comunicacity.net\/cervaro\/prodotti-tipici\/il-vino-delle-campagne-cervaresi\/"]}]},{"@type":"BreadcrumbList","@id":"https:\/\/comunicacity.net\/cervaro\/prodotti-tipici\/il-vino-delle-campagne-cervaresi\/#breadcrumb","itemListElement":[{"@type":"ListItem","position":1,"name":"Home","item":"https:\/\/comunicacity.net\/cervaro\/"},{"@type":"ListItem","position":2,"name":"Prodotti Tipici","item":"https:\/\/comunicacity.net\/cervaro\/prodotti-tipici\/"},{"@type":"ListItem","position":3,"name":"Il vino delle campagne cervaresi"}]},{"@type":"WebSite","@id":"https:\/\/comunicacity.net\/cervaro\/#website","url":"https:\/\/comunicacity.net\/cervaro\/","name":"Cervaro","description":"Il Tuo Comune che Comunica","potentialAction":[{"@type":"SearchAction","target":{"@type":"EntryPoint","urlTemplate":"https:\/\/comunicacity.net\/cervaro\/?s={search_term_string}"},"query-input":{"@type":"PropertyValueSpecification","valueRequired":true,"valueName":"search_term_string"}}],"inLanguage":"it-IT"}]}},"meta_box":[],"_links":{"self":[{"href":"https:\/\/comunicacity.net\/cervaro\/wp-json\/wp\/v2\/pages\/150","targetHints":{"allow":["GET"]}}],"collection":[{"href":"https:\/\/comunicacity.net\/cervaro\/wp-json\/wp\/v2\/pages"}],"about":[{"href":"https:\/\/comunicacity.net\/cervaro\/wp-json\/wp\/v2\/types\/page"}],"author":[{"embeddable":true,"href":"https:\/\/comunicacity.net\/cervaro\/wp-json\/wp\/v2\/users\/1"}],"replies":[{"embeddable":true,"href":"https:\/\/comunicacity.net\/cervaro\/wp-json\/wp\/v2\/comments?post=150"}],"version-history":[{"count":1,"href":"https:\/\/comunicacity.net\/cervaro\/wp-json\/wp\/v2\/pages\/150\/revisions"}],"predecessor-version":[{"id":151,"href":"https:\/\/comunicacity.net\/cervaro\/wp-json\/wp\/v2\/pages\/150\/revisions\/151"}],"up":[{"embeddable":true,"href":"https:\/\/comunicacity.net\/cervaro\/wp-json\/wp\/v2\/pages\/146"}],"wp:attachment":[{"href":"https:\/\/comunicacity.net\/cervaro\/wp-json\/wp\/v2\/media?parent=150"}],"wp:term":[{"taxonomy":"category","embeddable":true,"href":"https:\/\/comunicacity.net\/cervaro\/wp-json\/wp\/v2\/categories?post=150"},{"taxonomy":"post_tag","embeddable":true,"href":"https:\/\/comunicacity.net\/cervaro\/wp-json\/wp\/v2\/tags?post=150"}],"curies":[{"name":"wp","href":"https:\/\/api.w.org\/{rel}","templated":true}]}}