{"id":152,"date":"2014-12-17T18:53:07","date_gmt":"2014-12-17T18:53:07","guid":{"rendered":"https:\/\/comunicacity.net\/cervaro\/?page_id=152"},"modified":"2014-12-19T19:41:01","modified_gmt":"2014-12-19T19:41:01","slug":"olio-il-frutto-antico-di-una-terra-generosa","status":"publish","type":"page","link":"https:\/\/comunicacity.net\/cervaro\/prodotti-tipici\/olio-il-frutto-antico-di-una-terra-generosa\/","title":{"rendered":"Olio di Cervaro"},"content":{"rendered":"<p style=\"text-align: justify;\">Al visitatore che giunge a Cervaro si apre il grandioso scenario degli uliveti, che si distendono, come un&#8217;ininterrotta selva, sulle pendici assolate del Monte Aquilone.<\/p>\n<p style=\"text-align: justify;\">In questo maestoso anfiteatro, esposto al sole &#8221; in ogni minuto della giornata e da capo a piedi dell&#8217; anno&#8221;, la monocoltura dell&#8217; olivo si era sviluppata da tempo immemorabile e nell&#8217; antichit\u00e0 produceva un olio pregiato e ricercatissimo, ottenuto da una specie di ulivo detta &#8220;liciniana&#8221;.<\/p>\n<p style=\"text-align: justify;\">Per questo tipo\u00a0di ulivo, che richiedeva un clima freddo, era considerato quanto mai adatto il suolo ghiaioso (Catone, De Agricultura; Varrone, De re rustica; Plinio, Storia naturale).<\/p>\n<p style=\"text-align: justify;\">Ora, il fatto che ci stupisce e nello stesso tempo ci affascina, \u00e8 che gli stupendi uliveti, piantati dai nostri progenitori &#8220;fino all&#8217;ultimo limite delle creste montane&#8221;, ci riportano proprio a questa tradizionale ed antichissima coltura, attestando un&#8217; indisturbata continuit\u00e0 millenaria. Infatti, ancora oggi, la variet\u00e0 &#8220;Leccino&#8221; si identifica, assieme al pregiato &#8220;Moraiolo&#8221;, come la &#8220;cultivar&#8221; princinpale dei terreni ghiaiosi dell&#8217; Aquilone, caratterizzando, come ab antiquo, la produzione di un olio extravergine d&#8217;oliva d&#8217;eccellente qualit\u00e0, con standard qualitativi superiori a quelli imposti dalla Comunit\u00e0 Europea per il raggiungi mento di un marchio di qualit\u00e0.<\/p>\n<p style=\"text-align: justify;\">Proprio per tutelare e valorizzare questa tradizionale ricchezza della nostra comunit\u00e0, i coltivatori cervaresi hanno definito rigorose regole di produzione, delineando decisamente la scelta strategica di puntare ad un prodotto di alta qualit\u00e0, per il quale ottenere, in tempi ravvicinati, il prestigioso marchio DOP, Denominazione di origine protetta, ovvero il marchio IGP, Indicazione geografica protetta.<\/p>\n<p style=\"text-align: justify;\">Ci\u00f2 allo scopo di rendere &#8220;riconoscibile&#8221; ai consumatori il nostro olio extravergine, che per genuinit\u00e0, bont\u00e0, leggerezza, non ha nulla da invidiare ai tanto celebrati oli toscani o liguri. I nostri antenati definivano &#8220;santo&#8221; l&#8217;olio dell&#8217; Aquilone e ne vantavano le eccezionali propriet\u00e0 terapeutiche.<\/p>\n<p style=\"text-align: justify;\">La scienza medica pi\u00f9 aggiornata ha confermato che uno dei pi\u00f9 efficaci mezzi di prevenzione e terapia per molte patologie, particolarmente del cuore, \u00e8 proprio l&#8217;uso alimentare dell&#8217;olio d&#8217;oliva &#8220;che \u00e8 il pi\u00f9 digeribile, rallenta l&#8217;invecchiamento cellulare, previene la formazione di calcoli biliari, favorisce lo sviluppo cerebrale, \u00e8 il supporto ideale del gruppo di vitamine liposolubili&#8221;.<\/p>\n<p style=\"text-align: justify;\">E&#8217; quindi evidente l&#8217;importanza di tutelare e, soprattutto di valorizzare un bene, come il nostro olio, ricco di rnillenaria sapienza produttiva che, siamo convinti, potr\u00e0 costituire, nuovamente, il volano dell&#8217;economia locale, perch\u00e8 siamo di fronte ad un patrimonio enorme, anche se estremamente parcellizzato.<\/p>\n<p style=\"text-align: justify;\">Una frammentariet\u00e0 e polverizzazione che \u00e8 necessario superare da parte delle nostre aziende, tenuto conto che esse, nella dimensione attuale, non sono considerate dalla Comunit\u00e0 Europea, per cui restano fuori dai supporti finanziari erogati per uno sviluppo adeguato alle esigenze del mercato.<\/p>\n<p style=\"text-align: justify;\">Proprio per cogliere tali opportunit\u00e0, sono gi\u00e0 nate iniziative di fusione di aziende e di gestione degli uliveti con nuovi processi di trasformazione, che hanno dato eccellenti risultati sulla qualit\u00e0 dell&#8217;olio, tanto da richiamare l&#8217;attenzione e l&#8217;apprezzamento dei consumatori.<\/p>\n<p style=\"text-align: justify;\">L&#8217;Amministrazione comunale ha gi\u00e0 dato la sua piena disponibilit\u00e0 ad operare fattivamente per stimolare l&#8217;attivazione pi\u00f9 diffusa di sinergie tra tutti gli operatori cointeressati e, nell&#8217; ambito di una fondamentale strategia di promozione\/valorizzazione della qualit\u00e0\/specificit\u00e0 del nostro prodotto, ha aderito alla &#8220;Associazione nazionale Citt\u00e0 dell&#8217;Olio extravergine d&#8217;oliva&#8221;, avente, appunto, come scopo, tali specifiche finalit\u00e0.<\/p>\n","protected":false},"excerpt":{"rendered":"<p>Al visitatore che giunge a Cervaro si apre il grandioso scenario degli uliveti, che si distendono, come un&#8217;ininterrotta selva, sulle pendici assolate del Monte Aquilone. In questo maestoso anfiteatro, esposto [&hellip;]<\/p>\n","protected":false},"author":1,"featured_media":0,"parent":146,"menu_order":0,"comment_status":"open","ping_status":"closed","template":"","meta":{"footnotes":""},"categories":[],"tags":[43],"class_list":["post-152","page","type-page","status-publish","hentry","tag-food"],"yoast_head":"<!-- This site is optimized with the Yoast SEO plugin v27.4 - https:\/\/yoast.com\/product\/yoast-seo-wordpress\/ -->\n<title>Olio di Cervaro - Cervaro<\/title>\n<meta name=\"robots\" content=\"index, follow, max-snippet:-1, max-image-preview:large, max-video-preview:-1\" \/>\n<link rel=\"canonical\" href=\"https:\/\/comunicacity.net\/cervaro\/prodotti-tipici\/olio-il-frutto-antico-di-una-terra-generosa\/\" \/>\n<meta property=\"og:locale\" content=\"it_IT\" \/>\n<meta property=\"og:type\" content=\"article\" \/>\n<meta property=\"og:title\" content=\"Olio di Cervaro - Cervaro\" \/>\n<meta property=\"og:description\" content=\"Al visitatore che giunge a Cervaro si apre il grandioso scenario degli uliveti, che si distendono, come un&#8217;ininterrotta selva, sulle pendici assolate del Monte Aquilone. In questo maestoso anfiteatro, esposto [&hellip;]\" \/>\n<meta property=\"og:url\" content=\"https:\/\/comunicacity.net\/cervaro\/prodotti-tipici\/olio-il-frutto-antico-di-una-terra-generosa\/\" \/>\n<meta property=\"og:site_name\" content=\"Cervaro\" \/>\n<meta property=\"article:modified_time\" content=\"2014-12-19T19:41:01+00:00\" \/>\n<meta property=\"og:image\" content=\"https:\/\/comunicacity.net\/cervaro\/wp-content\/uploads\/sites\/16\/2014\/12\/cervaro.jpg\" \/>\n\t<meta property=\"og:image:width\" content=\"50\" \/>\n\t<meta property=\"og:image:height\" content=\"50\" \/>\n<meta name=\"twitter:label1\" content=\"Tempo di lettura stimato\" \/>\n\t<meta name=\"twitter:data1\" content=\"3 minuti\" \/>\n<script type=\"application\/ld+json\" class=\"yoast-schema-graph\">{\"@context\":\"https:\\\/\\\/schema.org\",\"@graph\":[{\"@type\":\"WebPage\",\"@id\":\"https:\\\/\\\/comunicacity.net\\\/cervaro\\\/prodotti-tipici\\\/olio-il-frutto-antico-di-una-terra-generosa\\\/\",\"url\":\"https:\\\/\\\/comunicacity.net\\\/cervaro\\\/prodotti-tipici\\\/olio-il-frutto-antico-di-una-terra-generosa\\\/\",\"name\":\"Olio di Cervaro - Cervaro\",\"isPartOf\":{\"@id\":\"https:\\\/\\\/comunicacity.net\\\/cervaro\\\/#website\"},\"datePublished\":\"2014-12-17T18:53:07+00:00\",\"dateModified\":\"2014-12-19T19:41:01+00:00\",\"breadcrumb\":{\"@id\":\"https:\\\/\\\/comunicacity.net\\\/cervaro\\\/prodotti-tipici\\\/olio-il-frutto-antico-di-una-terra-generosa\\\/#breadcrumb\"},\"inLanguage\":\"it-IT\",\"potentialAction\":[{\"@type\":\"ReadAction\",\"target\":[\"https:\\\/\\\/comunicacity.net\\\/cervaro\\\/prodotti-tipici\\\/olio-il-frutto-antico-di-una-terra-generosa\\\/\"]}]},{\"@type\":\"BreadcrumbList\",\"@id\":\"https:\\\/\\\/comunicacity.net\\\/cervaro\\\/prodotti-tipici\\\/olio-il-frutto-antico-di-una-terra-generosa\\\/#breadcrumb\",\"itemListElement\":[{\"@type\":\"ListItem\",\"position\":1,\"name\":\"Home\",\"item\":\"https:\\\/\\\/comunicacity.net\\\/cervaro\\\/\"},{\"@type\":\"ListItem\",\"position\":2,\"name\":\"Prodotti Tipici\",\"item\":\"https:\\\/\\\/comunicacity.net\\\/cervaro\\\/prodotti-tipici\\\/\"},{\"@type\":\"ListItem\",\"position\":3,\"name\":\"Olio di Cervaro\"}]},{\"@type\":\"WebSite\",\"@id\":\"https:\\\/\\\/comunicacity.net\\\/cervaro\\\/#website\",\"url\":\"https:\\\/\\\/comunicacity.net\\\/cervaro\\\/\",\"name\":\"Cervaro\",\"description\":\"Il Tuo Comune che Comunica\",\"potentialAction\":[{\"@type\":\"SearchAction\",\"target\":{\"@type\":\"EntryPoint\",\"urlTemplate\":\"https:\\\/\\\/comunicacity.net\\\/cervaro\\\/?s={search_term_string}\"},\"query-input\":{\"@type\":\"PropertyValueSpecification\",\"valueRequired\":true,\"valueName\":\"search_term_string\"}}],\"inLanguage\":\"it-IT\"}]}<\/script>\n<!-- \/ Yoast SEO plugin. -->","yoast_head_json":{"title":"Olio di Cervaro - Cervaro","robots":{"index":"index","follow":"follow","max-snippet":"max-snippet:-1","max-image-preview":"max-image-preview:large","max-video-preview":"max-video-preview:-1"},"canonical":"https:\/\/comunicacity.net\/cervaro\/prodotti-tipici\/olio-il-frutto-antico-di-una-terra-generosa\/","og_locale":"it_IT","og_type":"article","og_title":"Olio di Cervaro - Cervaro","og_description":"Al visitatore che giunge a Cervaro si apre il grandioso scenario degli uliveti, che si distendono, come un&#8217;ininterrotta selva, sulle pendici assolate del Monte Aquilone. In questo maestoso anfiteatro, esposto [&hellip;]","og_url":"https:\/\/comunicacity.net\/cervaro\/prodotti-tipici\/olio-il-frutto-antico-di-una-terra-generosa\/","og_site_name":"Cervaro","article_modified_time":"2014-12-19T19:41:01+00:00","og_image":[{"url":"https:\/\/comunicacity.net\/cervaro\/wp-content\/uploads\/sites\/16\/2014\/12\/cervaro.jpg","height":50,"width":50,"type":""}],"twitter_misc":{"Tempo di lettura stimato":"3 minuti"},"schema":{"@context":"https:\/\/schema.org","@graph":[{"@type":"WebPage","@id":"https:\/\/comunicacity.net\/cervaro\/prodotti-tipici\/olio-il-frutto-antico-di-una-terra-generosa\/","url":"https:\/\/comunicacity.net\/cervaro\/prodotti-tipici\/olio-il-frutto-antico-di-una-terra-generosa\/","name":"Olio di Cervaro - Cervaro","isPartOf":{"@id":"https:\/\/comunicacity.net\/cervaro\/#website"},"datePublished":"2014-12-17T18:53:07+00:00","dateModified":"2014-12-19T19:41:01+00:00","breadcrumb":{"@id":"https:\/\/comunicacity.net\/cervaro\/prodotti-tipici\/olio-il-frutto-antico-di-una-terra-generosa\/#breadcrumb"},"inLanguage":"it-IT","potentialAction":[{"@type":"ReadAction","target":["https:\/\/comunicacity.net\/cervaro\/prodotti-tipici\/olio-il-frutto-antico-di-una-terra-generosa\/"]}]},{"@type":"BreadcrumbList","@id":"https:\/\/comunicacity.net\/cervaro\/prodotti-tipici\/olio-il-frutto-antico-di-una-terra-generosa\/#breadcrumb","itemListElement":[{"@type":"ListItem","position":1,"name":"Home","item":"https:\/\/comunicacity.net\/cervaro\/"},{"@type":"ListItem","position":2,"name":"Prodotti Tipici","item":"https:\/\/comunicacity.net\/cervaro\/prodotti-tipici\/"},{"@type":"ListItem","position":3,"name":"Olio di Cervaro"}]},{"@type":"WebSite","@id":"https:\/\/comunicacity.net\/cervaro\/#website","url":"https:\/\/comunicacity.net\/cervaro\/","name":"Cervaro","description":"Il Tuo Comune che Comunica","potentialAction":[{"@type":"SearchAction","target":{"@type":"EntryPoint","urlTemplate":"https:\/\/comunicacity.net\/cervaro\/?s={search_term_string}"},"query-input":{"@type":"PropertyValueSpecification","valueRequired":true,"valueName":"search_term_string"}}],"inLanguage":"it-IT"}]}},"meta_box":[],"_links":{"self":[{"href":"https:\/\/comunicacity.net\/cervaro\/wp-json\/wp\/v2\/pages\/152","targetHints":{"allow":["GET"]}}],"collection":[{"href":"https:\/\/comunicacity.net\/cervaro\/wp-json\/wp\/v2\/pages"}],"about":[{"href":"https:\/\/comunicacity.net\/cervaro\/wp-json\/wp\/v2\/types\/page"}],"author":[{"embeddable":true,"href":"https:\/\/comunicacity.net\/cervaro\/wp-json\/wp\/v2\/users\/1"}],"replies":[{"embeddable":true,"href":"https:\/\/comunicacity.net\/cervaro\/wp-json\/wp\/v2\/comments?post=152"}],"version-history":[{"count":2,"href":"https:\/\/comunicacity.net\/cervaro\/wp-json\/wp\/v2\/pages\/152\/revisions"}],"predecessor-version":[{"id":216,"href":"https:\/\/comunicacity.net\/cervaro\/wp-json\/wp\/v2\/pages\/152\/revisions\/216"}],"up":[{"embeddable":true,"href":"https:\/\/comunicacity.net\/cervaro\/wp-json\/wp\/v2\/pages\/146"}],"wp:attachment":[{"href":"https:\/\/comunicacity.net\/cervaro\/wp-json\/wp\/v2\/media?parent=152"}],"wp:term":[{"taxonomy":"category","embeddable":true,"href":"https:\/\/comunicacity.net\/cervaro\/wp-json\/wp\/v2\/categories?post=152"},{"taxonomy":"post_tag","embeddable":true,"href":"https:\/\/comunicacity.net\/cervaro\/wp-json\/wp\/v2\/tags?post=152"}],"curies":[{"name":"wp","href":"https:\/\/api.w.org\/{rel}","templated":true}]}}