{"id":179,"date":"2014-12-17T19:05:45","date_gmt":"2014-12-17T19:05:45","guid":{"rendered":"https:\/\/comunicacity.net\/cervaro\/?page_id=179"},"modified":"2014-12-17T19:05:45","modified_gmt":"2014-12-17T19:05:45","slug":"la-battaglia-di-cassino","status":"publish","type":"page","link":"https:\/\/comunicacity.net\/cervaro\/cosa-visitare-vicino-a-cervaro\/la-battaglia-di-cassino\/","title":{"rendered":"La battaglia di Cassino"},"content":{"rendered":"<p align=\"justify\">Cassino &#8211; Linea Gustav, due termini che si sono fusi indissolubilmente e che significano, nella storia, la battaglia di Cassino. In questa storica battaglia, che in realt\u00e0 ne annovera 3 (17 Gennaio, 15 Febbraio e 15 Marzo del 1944), i tedeschi erano comandati dal Feldmaresciallo Kesserling, che si ferma a Cassino ritenendo favorevole il freddo inverno e i numerosi corsi d&#8217;acqua, gli inglesi erano guidati dal Maresciallo Alexander, incorporati con la V Armata americana del generale Clark, i francesi erano agli ordini del Generale Juin, i neozelandesi con il Generale Freyberg e i polacchi con il Generale Anders.<\/p>\n<p align=\"justify\">I piani stilati dagli alleati non si attuarono e il 17 Gennaio il fronte non fu subito sfondato. Infatti gli inglesi furono bloccati sul Garigliano, gli americani a S.Angelo in Theodice, solo i francesi riuscirono a sfondare Monte Cifalco, ma non fu un&#8217;azione risolutiva. Lo sbarco di Anzio e Nettuno non port\u00f2 gli esiti sperati. Freyberg cre\u00f2 un corpo neozelandese e indiano che il 15 Febbraio del &#8217;44 dopo tre ore di bombardamenti e con l&#8217;azione dell&#8217;artiglieria pesante causer\u00e0 la distruzione di Montecassino e l&#8217;occupazione delle sue rovine, da parte dei tedeschi che ne faranno una vera e propria fortezza. Il 15 Marzo del 1944: la terza battaglia vedr\u00e0 un massiccio attacco aereo con la totale distruzione della citt\u00e0 di Cassino.<\/p>\n<p align=\"justify\">La Linea Gustav \u00e8 sfondata, la Statale viene conquistata, ma un pugno di tedeschi comandati dal Maresciallo Hendoff creer\u00e0 nuove difficolt\u00e0 e solo a Maggio, i francesi sull&#8217;Ausente, gli inglesi e i canadesi sul Rapido e i polacchi a Montecassino riusciranno a far crollare il fronte tedesco e a far abbandonare il Monastero e la citt\u00e0 di Cassino.<\/p>\n<p align=\"justify\">I numerosi combattenti caduti di tutto il mondo riposan, onorevolmente ricordati, nei famosi sacrari militari ubicati nella citt\u00e0 e nel Cassinate.<\/p>\n<p align=\"justify\"><strong>CIMITERO INGLESE<\/strong> (Commonwealth): sulla via per S.Angelo in Theodice; ospita 4.265 salme; fu inaugurato il 31 Agosto 1956 con l&#8217;intervento del Generale Alexander e di tutti gli ambasciatori del Commonwealth. (Tel. <a href=\"tel:0776302717\">0776 302717<\/a>)<\/p>\n<p align=\"justify\"><strong>CIMITERO POLACCO<\/strong>: a Montecassino; 1.052 salme dell 11\u00b0 Corpo d&#8217;Armata Polacco, comprese quelle del Generale Anders e del cappellano Arcivescovo Gawline, morti nel 1970 e li trasferiti per loro espresso desiderio. (Tel. <a href=\"tel:0776311529\">0776 311529<\/a>)<\/p>\n<p align=\"justify\"><strong>CIMITERO TEDESCO<\/strong>: a Colle Marino, frazione di Caira; 20.035 salme, \u00e8 il pi\u00f9 importante cimitero tedesco in Italia; fu iniziato nel 1959 dall&#8217;architetto Tischer e completato dal prof. Offrenberg; raccoglie le salme dei combattenti sotto la bandiera tedesca caduti nel meridione d&#8217;Italia (esclusa la Sicilia): da Cassino a Frosinone, da Pescara a Lecce, a Reggio Calabria. (Tel. <a href=\"tel:0776337003\">0776 337003<\/a>)<\/p>\n<p align=\"justify\"><strong>CIMITERO ITALIANO<\/strong>: a Mignano Montelungo, a 12 km da Cassino; ospita 975 salme della Guerra di Liberazione 1943\/1945, provenienti da vari cimiteri di guerra sparsi lungo tutta la penisola; nell&#8217;ultimo emiciclo in alto \u00e8 situata la tomba del Generale Umberto Utili, morto nel 1952 e l\u00ec sepolto per &#8220;riposare fra i suoi compagni d&#8217;arme&#8221;, come si legge sulla lapide. Al centro della cappella spicca uno splendido altorilievo raffigurante un soldato morente nella visione del Redentore, opera di Canonica. (Tel. <a href=\"tel:0823901023\">0823 901023<\/a>)<\/p>\n<p align=\"justify\"><strong>CIMITERO FRANCESE<\/strong>: (Legione Straniera): a Venafro, a 20 km da Cassino; inizialmente ospitava 4.600 salme del Corpo di Spedizione Francese, ora solo 3.414 perch\u00e8 le altre sono state riportate in patria. (Tel. <a href=\"tel:0865909415\">0865 909415<\/a>)<\/p>\n","protected":false},"excerpt":{"rendered":"<p>Cassino &#8211; Linea Gustav, due termini che si sono fusi indissolubilmente e che significano, nella storia, la battaglia di Cassino. In questa storica battaglia, che in realt\u00e0 ne annovera 3 [&hellip;]<\/p>\n","protected":false},"author":1,"featured_media":0,"parent":166,"menu_order":0,"comment_status":"open","ping_status":"open","template":"","meta":{"footnotes":""},"categories":[],"tags":[],"class_list":["post-179","page","type-page","status-publish","hentry"],"yoast_head":"<!-- This site is optimized with the Yoast SEO plugin v27.6 - https:\/\/yoast.com\/product\/yoast-seo-wordpress\/ -->\n<title>La battaglia di Cassino - Cervaro<\/title>\n<meta name=\"robots\" content=\"index, follow, max-snippet:-1, max-image-preview:large, max-video-preview:-1\" \/>\n<link rel=\"canonical\" href=\"https:\/\/comunicacity.net\/cervaro\/cosa-visitare-vicino-a-cervaro\/la-battaglia-di-cassino\/\" \/>\n<meta property=\"og:locale\" content=\"it_IT\" \/>\n<meta property=\"og:type\" content=\"article\" \/>\n<meta property=\"og:title\" content=\"La battaglia di Cassino - Cervaro\" \/>\n<meta property=\"og:description\" content=\"Cassino &#8211; Linea Gustav, due termini che si sono fusi indissolubilmente e che significano, nella storia, la battaglia di Cassino. In questa storica battaglia, che in realt\u00e0 ne annovera 3 [&hellip;]\" \/>\n<meta property=\"og:url\" content=\"https:\/\/comunicacity.net\/cervaro\/cosa-visitare-vicino-a-cervaro\/la-battaglia-di-cassino\/\" \/>\n<meta property=\"og:site_name\" content=\"Cervaro\" \/>\n<meta property=\"og:image\" content=\"https:\/\/comunicacity.net\/cervaro\/wp-content\/uploads\/sites\/16\/2014\/12\/cervaro.jpg\" \/>\n\t<meta property=\"og:image:width\" content=\"50\" \/>\n\t<meta property=\"og:image:height\" content=\"50\" \/>\n<meta name=\"twitter:label1\" content=\"Tempo di lettura stimato\" \/>\n\t<meta name=\"twitter:data1\" content=\"3 minuti\" \/>\n<script type=\"application\/ld+json\" class=\"yoast-schema-graph\">{\"@context\":\"https:\\\/\\\/schema.org\",\"@graph\":[{\"@type\":\"WebPage\",\"@id\":\"https:\\\/\\\/comunicacity.net\\\/cervaro\\\/cosa-visitare-vicino-a-cervaro\\\/la-battaglia-di-cassino\\\/\",\"url\":\"https:\\\/\\\/comunicacity.net\\\/cervaro\\\/cosa-visitare-vicino-a-cervaro\\\/la-battaglia-di-cassino\\\/\",\"name\":\"La battaglia di Cassino - Cervaro\",\"isPartOf\":{\"@id\":\"https:\\\/\\\/comunicacity.net\\\/cervaro\\\/#website\"},\"datePublished\":\"2014-12-17T19:05:45+00:00\",\"breadcrumb\":{\"@id\":\"https:\\\/\\\/comunicacity.net\\\/cervaro\\\/cosa-visitare-vicino-a-cervaro\\\/la-battaglia-di-cassino\\\/#breadcrumb\"},\"inLanguage\":\"it-IT\",\"potentialAction\":[{\"@type\":\"ReadAction\",\"target\":[\"https:\\\/\\\/comunicacity.net\\\/cervaro\\\/cosa-visitare-vicino-a-cervaro\\\/la-battaglia-di-cassino\\\/\"]}]},{\"@type\":\"BreadcrumbList\",\"@id\":\"https:\\\/\\\/comunicacity.net\\\/cervaro\\\/cosa-visitare-vicino-a-cervaro\\\/la-battaglia-di-cassino\\\/#breadcrumb\",\"itemListElement\":[{\"@type\":\"ListItem\",\"position\":1,\"name\":\"Home\",\"item\":\"https:\\\/\\\/comunicacity.net\\\/cervaro\\\/\"},{\"@type\":\"ListItem\",\"position\":2,\"name\":\"Cosa visitare vicino a Cervaro\",\"item\":\"https:\\\/\\\/comunicacity.net\\\/cervaro\\\/cosa-visitare-vicino-a-cervaro\\\/\"},{\"@type\":\"ListItem\",\"position\":3,\"name\":\"La battaglia di Cassino\"}]},{\"@type\":\"WebSite\",\"@id\":\"https:\\\/\\\/comunicacity.net\\\/cervaro\\\/#website\",\"url\":\"https:\\\/\\\/comunicacity.net\\\/cervaro\\\/\",\"name\":\"Cervaro\",\"description\":\"Il Tuo Comune che Comunica\",\"potentialAction\":[{\"@type\":\"SearchAction\",\"target\":{\"@type\":\"EntryPoint\",\"urlTemplate\":\"https:\\\/\\\/comunicacity.net\\\/cervaro\\\/?s={search_term_string}\"},\"query-input\":{\"@type\":\"PropertyValueSpecification\",\"valueRequired\":true,\"valueName\":\"search_term_string\"}}],\"inLanguage\":\"it-IT\"}]}<\/script>\n<!-- \/ Yoast SEO plugin. -->","yoast_head_json":{"title":"La battaglia di Cassino - Cervaro","robots":{"index":"index","follow":"follow","max-snippet":"max-snippet:-1","max-image-preview":"max-image-preview:large","max-video-preview":"max-video-preview:-1"},"canonical":"https:\/\/comunicacity.net\/cervaro\/cosa-visitare-vicino-a-cervaro\/la-battaglia-di-cassino\/","og_locale":"it_IT","og_type":"article","og_title":"La battaglia di Cassino - Cervaro","og_description":"Cassino &#8211; Linea Gustav, due termini che si sono fusi indissolubilmente e che significano, nella storia, la battaglia di Cassino. In questa storica battaglia, che in realt\u00e0 ne annovera 3 [&hellip;]","og_url":"https:\/\/comunicacity.net\/cervaro\/cosa-visitare-vicino-a-cervaro\/la-battaglia-di-cassino\/","og_site_name":"Cervaro","og_image":[{"url":"https:\/\/comunicacity.net\/cervaro\/wp-content\/uploads\/sites\/16\/2014\/12\/cervaro.jpg","height":50,"width":50,"type":""}],"twitter_misc":{"Tempo di lettura stimato":"3 minuti"},"schema":{"@context":"https:\/\/schema.org","@graph":[{"@type":"WebPage","@id":"https:\/\/comunicacity.net\/cervaro\/cosa-visitare-vicino-a-cervaro\/la-battaglia-di-cassino\/","url":"https:\/\/comunicacity.net\/cervaro\/cosa-visitare-vicino-a-cervaro\/la-battaglia-di-cassino\/","name":"La battaglia di Cassino - Cervaro","isPartOf":{"@id":"https:\/\/comunicacity.net\/cervaro\/#website"},"datePublished":"2014-12-17T19:05:45+00:00","breadcrumb":{"@id":"https:\/\/comunicacity.net\/cervaro\/cosa-visitare-vicino-a-cervaro\/la-battaglia-di-cassino\/#breadcrumb"},"inLanguage":"it-IT","potentialAction":[{"@type":"ReadAction","target":["https:\/\/comunicacity.net\/cervaro\/cosa-visitare-vicino-a-cervaro\/la-battaglia-di-cassino\/"]}]},{"@type":"BreadcrumbList","@id":"https:\/\/comunicacity.net\/cervaro\/cosa-visitare-vicino-a-cervaro\/la-battaglia-di-cassino\/#breadcrumb","itemListElement":[{"@type":"ListItem","position":1,"name":"Home","item":"https:\/\/comunicacity.net\/cervaro\/"},{"@type":"ListItem","position":2,"name":"Cosa visitare vicino a Cervaro","item":"https:\/\/comunicacity.net\/cervaro\/cosa-visitare-vicino-a-cervaro\/"},{"@type":"ListItem","position":3,"name":"La battaglia di Cassino"}]},{"@type":"WebSite","@id":"https:\/\/comunicacity.net\/cervaro\/#website","url":"https:\/\/comunicacity.net\/cervaro\/","name":"Cervaro","description":"Il Tuo Comune che Comunica","potentialAction":[{"@type":"SearchAction","target":{"@type":"EntryPoint","urlTemplate":"https:\/\/comunicacity.net\/cervaro\/?s={search_term_string}"},"query-input":{"@type":"PropertyValueSpecification","valueRequired":true,"valueName":"search_term_string"}}],"inLanguage":"it-IT"}]}},"meta_box":[],"_links":{"self":[{"href":"https:\/\/comunicacity.net\/cervaro\/wp-json\/wp\/v2\/pages\/179","targetHints":{"allow":["GET"]}}],"collection":[{"href":"https:\/\/comunicacity.net\/cervaro\/wp-json\/wp\/v2\/pages"}],"about":[{"href":"https:\/\/comunicacity.net\/cervaro\/wp-json\/wp\/v2\/types\/page"}],"author":[{"embeddable":true,"href":"https:\/\/comunicacity.net\/cervaro\/wp-json\/wp\/v2\/users\/1"}],"replies":[{"embeddable":true,"href":"https:\/\/comunicacity.net\/cervaro\/wp-json\/wp\/v2\/comments?post=179"}],"version-history":[{"count":1,"href":"https:\/\/comunicacity.net\/cervaro\/wp-json\/wp\/v2\/pages\/179\/revisions"}],"predecessor-version":[{"id":180,"href":"https:\/\/comunicacity.net\/cervaro\/wp-json\/wp\/v2\/pages\/179\/revisions\/180"}],"up":[{"embeddable":true,"href":"https:\/\/comunicacity.net\/cervaro\/wp-json\/wp\/v2\/pages\/166"}],"wp:attachment":[{"href":"https:\/\/comunicacity.net\/cervaro\/wp-json\/wp\/v2\/media?parent=179"}],"wp:term":[{"taxonomy":"category","embeddable":true,"href":"https:\/\/comunicacity.net\/cervaro\/wp-json\/wp\/v2\/categories?post=179"},{"taxonomy":"post_tag","embeddable":true,"href":"https:\/\/comunicacity.net\/cervaro\/wp-json\/wp\/v2\/tags?post=179"}],"curies":[{"name":"wp","href":"https:\/\/api.w.org\/{rel}","templated":true}]}}