{"id":25,"date":"2014-12-12T13:59:36","date_gmt":"2014-12-12T13:59:36","guid":{"rendered":"https:\/\/comunicacity.net\/cervaro\/?page_id=25"},"modified":"2014-12-12T13:59:36","modified_gmt":"2014-12-12T13:59:36","slug":"attuazione-del-piano","status":"publish","type":"page","link":"https:\/\/comunicacity.net\/cervaro\/piano-regolatore\/attuazione-del-piano\/","title":{"rendered":"Attuazione del piano"},"content":{"rendered":"<p><strong>CAPO I<\/strong><\/p>\n<p><strong>ATTUAZIONE DEL PIANO<\/strong><\/p>\n<p style=\"text-align: center;\"><strong>ART. 6<\/strong><br \/>\n<strong> <em>Modalit\u00e0 di attuazione del piano<\/em><\/strong><\/p>\n<p style=\"text-align: justify;\">Il P.R.G. si attua in due modi: intervento urbanistico preventivo ed intervento diretto.<br \/>\nL&#8217;intervento urbanistico preventivo \u00e8 richiesto nelle zone residenziali di interesse storico ambientale, in quelle residenziali di nuovo impianto sia pubbliche che private, nonch\u00e9 in quelle industriali, artigianali e commerciali di progetto.<br \/>\nIn tutte le altre zone il Piano si attua mediante l&#8217;intervento edilizio diretto.<\/p>\n<p style=\"text-align: center;\">ART. 7<\/p>\n<p style=\"text-align: center;\"><em>Intervento urbanistico preventivo<\/em><\/p>\n<p style=\"text-align: justify;\">Nelle zone a intervento urbanistico preventivo la presentazione di un progetto edilizio \u00e8 subordinata alla preventiva approvazione dei progetti urbanistici in dettaglio, consistenti in Piani di Recupero ( PdR ), Piani di Zona per l&#8217;Edilizia Economica e Popolare ( PEEP ), Piani di Lottizzazione Convenzionata ( LC ) e Piani di Insediamento Produttivo ( PIP ), aventi valore e contenuto tecnico di piani particolareggiati e riferiti ad una intera zona individuata nelle tavole del presente P.R.G. o ad una superficie minima di intervento, fissata nelle norme delle varie zone.<br \/>\nI piani urbanistici preventivi devono rispettare le destinazioni funzionali, gli indici edilizi ed urbanistici e tutte le prescrizioni previste per le rispettive zone.<br \/>\nDetti piani oltre a rispettare le dimensioni imposte dalla normativa devono comprendere tutti i suoli, delimitati da confini di zone omogenee e da strade esistenti e\/o di progetto.<br \/>\nNei piani di lottizzazione dovranno essere indicate le destinazioni d&#8217;uso e l&#8217;indice di fabbricabilit\u00e0 fondiaria di ogni lotto, in modo che la cubatura complessiva non risulti superiore a quella risultante dalla applicazione degli indici territoriali alla superficie totale della intera zona lottizzata.<br \/>\nL&#8217;edificazione, nelle zone per le quali vi \u00e8 l&#8217;obbligo della lottizzazione, \u00e8 ammessa solo ad avvenuta stipula della relativa convenzione.<br \/>\nI proprietari dovranno cedere al Comune le quote di aree per le opere di urbanizzazione primaria e secondaria a parziale scomputo della quota di contributo, di cui all&#8217;art.3 della Legge n.10\/1977, relativa all&#8217;incidenza delle spese di urbanizzazione.<\/p>\n<p style=\"text-align: justify;\"><strong>ART. 8<\/strong><\/p>\n<p style=\"text-align: justify;\"><em>Intervento edilizio diretto<\/em><\/p>\n<p style=\"text-align: justify;\">Nelle zone in cui \u00e8 previsto questo intervento, l&#8217;edificazione dei singoli lotti e consentita dietro rilascio della concessione edilizia, con le modalit\u00e0 e con gli oneri di cui alla Legge 10\/77 e rispettando gli indici e le destinazioni d&#8217;uso previsti nella presente normativa di attuazione.<br \/>\nIl rilascio della concessione \u00e8 comunque subordinata alla esistenza delle necessarie opere di urbanizzazione primaria, nonch\u00e9 alla cessione gratuita, a scomputo degli oneri di concessione, delle aree di uso pubblico eventualmente comprese nel lotto.<\/p>\n<p style=\"text-align: center;\"><strong>ART. 9<\/strong><\/p>\n<p style=\"text-align: center;\"><strong><em>Cambiamento di destinazione di uso<\/em><\/strong><\/p>\n<p style=\"text-align: justify;\">Le destinazioni di uso devono essere indicate nei progetti di intervento edilizio diretto con riferimento agli articoli precedenti ed alle norme per ciascuna zona e qualsiasi cambiamento di esse, se non diversamente previsto da norme sovracomunali, dovr\u00e0 essere subordinato al rilascio della concessione edilizia di variante. Inoltre il tipo di intervento previsto deve essere riferito alle definizioni di cui alle tabelle parametriche regionali per la determinazione degli oneri di urbanizzazione.<\/p>\n<p style=\"text-align: center;\"><strong>ART. 10<\/strong><br \/>\n<strong> <em>Opere di urbanizzazione<\/em><\/strong><\/p>\n<p style=\"text-align: justify;\">Sono opere di urbanizzazione primaria:<br \/>\na) le strade, la fognatura, la rete idrica, la rete di distribuzione dell&#8217;energia elettrica e del gas, la pubblica illuminazione;<br \/>\nb) gli spazi di parcheggio pubblico ed il verde primario.<\/p>\n<p style=\"text-align: justify;\">Sono opere di urbanizzazione secondaria:<br \/>\na) opere per la pubblica istruzione, attrezzature di interesse comune (attrezzature pubbliche culturali, sociali, religiose, ecc.), il verde attrezzato a parco, gioco e sport;<br \/>\nb) opere per gli allacciamenti ai pubblici servizi (collettori fognari e condotte di adduzione idrica, linee elettriche, gas, ecc.).<\/p>\n<p style=\"text-align: center;\"><strong>ART. 11<\/strong><br \/>\n<strong> <em>Utilizzazione degli indici e composizione del lotto<\/em><\/strong><\/p>\n<p style=\"text-align: justify;\">L&#8217;utilizzazione degli indici di fabbricabilit\u00e0 fondiaria e territoriale, corrispondenti ad una determinata superficie fondiaria e territoriale, esclude una successiva richiesta di altre concessioni di costruzione su dette superfici, salvo il caso di ricostruzione, indipendentemente da qualsiasi frazionamento o passaggio di propriet\u00e0. Tali superfici devono essere vincolate in tal senso trascrivendo il vincolo nei modi e nelle forme di legge.<br \/>\nL&#8217;area di intervento pu\u00f2 essere costituita anche da pi\u00f9 propriet\u00e0 finitime, nel qual caso il rilascio della concessione edilizia sar\u00e0 subordinata alla stipula tra i proprietari interessati di apposita convenzione da trascrivere alla Conservatoria immobiliare.<br \/>\nDetto ultimo obbligo si riferisce al caso di progetti che prevedono l&#8217;asservimento di aree non direttamente interessate dalla concessione.<\/p>\n","protected":false},"excerpt":{"rendered":"<p>CAPO I ATTUAZIONE DEL PIANO ART. 6 Modalit\u00e0 di attuazione del piano Il P.R.G. si attua in due modi: intervento urbanistico preventivo ed intervento diretto. L&#8217;intervento urbanistico preventivo \u00e8 richiesto [&hellip;]<\/p>\n","protected":false},"author":1,"featured_media":0,"parent":19,"menu_order":3,"comment_status":"open","ping_status":"open","template":"","meta":{"footnotes":""},"categories":[],"tags":[18],"class_list":["post-25","page","type-page","status-publish","hentry","tag-text-file"],"yoast_head":"<!-- This site is optimized with the Yoast SEO plugin v27.4 - https:\/\/yoast.com\/product\/yoast-seo-wordpress\/ -->\n<title>Attuazione del piano - Cervaro<\/title>\n<meta name=\"robots\" content=\"index, follow, max-snippet:-1, max-image-preview:large, max-video-preview:-1\" \/>\n<link rel=\"canonical\" href=\"https:\/\/comunicacity.net\/cervaro\/piano-regolatore\/attuazione-del-piano\/\" \/>\n<meta property=\"og:locale\" content=\"it_IT\" \/>\n<meta property=\"og:type\" content=\"article\" \/>\n<meta property=\"og:title\" content=\"Attuazione del piano - Cervaro\" \/>\n<meta property=\"og:description\" content=\"CAPO I ATTUAZIONE DEL PIANO ART. 6 Modalit\u00e0 di attuazione del piano Il P.R.G. si attua in due modi: intervento urbanistico preventivo ed intervento diretto. L&#8217;intervento urbanistico preventivo \u00e8 richiesto [&hellip;]\" \/>\n<meta property=\"og:url\" content=\"https:\/\/comunicacity.net\/cervaro\/piano-regolatore\/attuazione-del-piano\/\" \/>\n<meta property=\"og:site_name\" content=\"Cervaro\" \/>\n<meta property=\"og:image\" content=\"https:\/\/comunicacity.net\/cervaro\/wp-content\/uploads\/sites\/16\/2014\/12\/cervaro.jpg\" \/>\n\t<meta property=\"og:image:width\" content=\"50\" \/>\n\t<meta property=\"og:image:height\" content=\"50\" \/>\n<meta name=\"twitter:label1\" content=\"Tempo di lettura stimato\" \/>\n\t<meta name=\"twitter:data1\" content=\"3 minuti\" \/>\n<script type=\"application\/ld+json\" class=\"yoast-schema-graph\">{\"@context\":\"https:\\\/\\\/schema.org\",\"@graph\":[{\"@type\":\"WebPage\",\"@id\":\"https:\\\/\\\/comunicacity.net\\\/cervaro\\\/piano-regolatore\\\/attuazione-del-piano\\\/\",\"url\":\"https:\\\/\\\/comunicacity.net\\\/cervaro\\\/piano-regolatore\\\/attuazione-del-piano\\\/\",\"name\":\"Attuazione del piano - Cervaro\",\"isPartOf\":{\"@id\":\"https:\\\/\\\/comunicacity.net\\\/cervaro\\\/#website\"},\"datePublished\":\"2014-12-12T13:59:36+00:00\",\"breadcrumb\":{\"@id\":\"https:\\\/\\\/comunicacity.net\\\/cervaro\\\/piano-regolatore\\\/attuazione-del-piano\\\/#breadcrumb\"},\"inLanguage\":\"it-IT\",\"potentialAction\":[{\"@type\":\"ReadAction\",\"target\":[\"https:\\\/\\\/comunicacity.net\\\/cervaro\\\/piano-regolatore\\\/attuazione-del-piano\\\/\"]}]},{\"@type\":\"BreadcrumbList\",\"@id\":\"https:\\\/\\\/comunicacity.net\\\/cervaro\\\/piano-regolatore\\\/attuazione-del-piano\\\/#breadcrumb\",\"itemListElement\":[{\"@type\":\"ListItem\",\"position\":1,\"name\":\"Home\",\"item\":\"https:\\\/\\\/comunicacity.net\\\/cervaro\\\/\"},{\"@type\":\"ListItem\",\"position\":2,\"name\":\"Piano Regolatore\",\"item\":\"https:\\\/\\\/comunicacity.net\\\/cervaro\\\/piano-regolatore\\\/\"},{\"@type\":\"ListItem\",\"position\":3,\"name\":\"Attuazione del piano\"}]},{\"@type\":\"WebSite\",\"@id\":\"https:\\\/\\\/comunicacity.net\\\/cervaro\\\/#website\",\"url\":\"https:\\\/\\\/comunicacity.net\\\/cervaro\\\/\",\"name\":\"Cervaro\",\"description\":\"Il Tuo Comune che Comunica\",\"potentialAction\":[{\"@type\":\"SearchAction\",\"target\":{\"@type\":\"EntryPoint\",\"urlTemplate\":\"https:\\\/\\\/comunicacity.net\\\/cervaro\\\/?s={search_term_string}\"},\"query-input\":{\"@type\":\"PropertyValueSpecification\",\"valueRequired\":true,\"valueName\":\"search_term_string\"}}],\"inLanguage\":\"it-IT\"}]}<\/script>\n<!-- \/ Yoast SEO plugin. -->","yoast_head_json":{"title":"Attuazione del piano - Cervaro","robots":{"index":"index","follow":"follow","max-snippet":"max-snippet:-1","max-image-preview":"max-image-preview:large","max-video-preview":"max-video-preview:-1"},"canonical":"https:\/\/comunicacity.net\/cervaro\/piano-regolatore\/attuazione-del-piano\/","og_locale":"it_IT","og_type":"article","og_title":"Attuazione del piano - Cervaro","og_description":"CAPO I ATTUAZIONE DEL PIANO ART. 6 Modalit\u00e0 di attuazione del piano Il P.R.G. si attua in due modi: intervento urbanistico preventivo ed intervento diretto. L&#8217;intervento urbanistico preventivo \u00e8 richiesto [&hellip;]","og_url":"https:\/\/comunicacity.net\/cervaro\/piano-regolatore\/attuazione-del-piano\/","og_site_name":"Cervaro","og_image":[{"url":"https:\/\/comunicacity.net\/cervaro\/wp-content\/uploads\/sites\/16\/2014\/12\/cervaro.jpg","height":50,"width":50,"type":""}],"twitter_misc":{"Tempo di lettura stimato":"3 minuti"},"schema":{"@context":"https:\/\/schema.org","@graph":[{"@type":"WebPage","@id":"https:\/\/comunicacity.net\/cervaro\/piano-regolatore\/attuazione-del-piano\/","url":"https:\/\/comunicacity.net\/cervaro\/piano-regolatore\/attuazione-del-piano\/","name":"Attuazione del piano - Cervaro","isPartOf":{"@id":"https:\/\/comunicacity.net\/cervaro\/#website"},"datePublished":"2014-12-12T13:59:36+00:00","breadcrumb":{"@id":"https:\/\/comunicacity.net\/cervaro\/piano-regolatore\/attuazione-del-piano\/#breadcrumb"},"inLanguage":"it-IT","potentialAction":[{"@type":"ReadAction","target":["https:\/\/comunicacity.net\/cervaro\/piano-regolatore\/attuazione-del-piano\/"]}]},{"@type":"BreadcrumbList","@id":"https:\/\/comunicacity.net\/cervaro\/piano-regolatore\/attuazione-del-piano\/#breadcrumb","itemListElement":[{"@type":"ListItem","position":1,"name":"Home","item":"https:\/\/comunicacity.net\/cervaro\/"},{"@type":"ListItem","position":2,"name":"Piano Regolatore","item":"https:\/\/comunicacity.net\/cervaro\/piano-regolatore\/"},{"@type":"ListItem","position":3,"name":"Attuazione del piano"}]},{"@type":"WebSite","@id":"https:\/\/comunicacity.net\/cervaro\/#website","url":"https:\/\/comunicacity.net\/cervaro\/","name":"Cervaro","description":"Il Tuo Comune che Comunica","potentialAction":[{"@type":"SearchAction","target":{"@type":"EntryPoint","urlTemplate":"https:\/\/comunicacity.net\/cervaro\/?s={search_term_string}"},"query-input":{"@type":"PropertyValueSpecification","valueRequired":true,"valueName":"search_term_string"}}],"inLanguage":"it-IT"}]}},"meta_box":[],"_links":{"self":[{"href":"https:\/\/comunicacity.net\/cervaro\/wp-json\/wp\/v2\/pages\/25","targetHints":{"allow":["GET"]}}],"collection":[{"href":"https:\/\/comunicacity.net\/cervaro\/wp-json\/wp\/v2\/pages"}],"about":[{"href":"https:\/\/comunicacity.net\/cervaro\/wp-json\/wp\/v2\/types\/page"}],"author":[{"embeddable":true,"href":"https:\/\/comunicacity.net\/cervaro\/wp-json\/wp\/v2\/users\/1"}],"replies":[{"embeddable":true,"href":"https:\/\/comunicacity.net\/cervaro\/wp-json\/wp\/v2\/comments?post=25"}],"version-history":[{"count":1,"href":"https:\/\/comunicacity.net\/cervaro\/wp-json\/wp\/v2\/pages\/25\/revisions"}],"predecessor-version":[{"id":26,"href":"https:\/\/comunicacity.net\/cervaro\/wp-json\/wp\/v2\/pages\/25\/revisions\/26"}],"up":[{"embeddable":true,"href":"https:\/\/comunicacity.net\/cervaro\/wp-json\/wp\/v2\/pages\/19"}],"wp:attachment":[{"href":"https:\/\/comunicacity.net\/cervaro\/wp-json\/wp\/v2\/media?parent=25"}],"wp:term":[{"taxonomy":"category","embeddable":true,"href":"https:\/\/comunicacity.net\/cervaro\/wp-json\/wp\/v2\/categories?post=25"},{"taxonomy":"post_tag","embeddable":true,"href":"https:\/\/comunicacity.net\/cervaro\/wp-json\/wp\/v2\/tags?post=25"}],"curies":[{"name":"wp","href":"https:\/\/api.w.org\/{rel}","templated":true}]}}