{"id":20,"date":"2014-10-15T16:08:51","date_gmt":"2014-10-15T14:08:51","guid":{"rendered":"https:\/\/comunicacity.net\/gaeta\/?page_id=20"},"modified":"2014-10-31T14:36:56","modified_gmt":"2014-10-31T13:36:56","slug":"uffici-comunali","status":"publish","type":"page","link":"https:\/\/comunicacity.net\/gaeta\/uffici-comunali\/","title":{"rendered":"Uffici Comunali"},"content":{"rendered":"<p><i class=\"map marker icon\"><\/i>Piazza XIX Maggio n\u00b010<\/p>\n<p><i class=\"fa fa-phone\"><\/i><a href=\"tel:0771469251\">0771 469251<\/a><\/p>\n<p><i class=\"fa fa-print\"><\/i>0771 469219<\/p>\n<p><i class=\"fa fa-envelope\"><\/i><a href=\"mailto:comunedigaeta@pec.gedea.it\">comunedigaeta@pec.gedea.it<\/a><\/p>\n<div class=\"ui divider\"><\/div>\n<h3 class=\"ccGrey\">Affari generali,Programmazione, Personale, Entrate, Demografia<\/h3>\n<p><span class=\"ccGrey\">Dipartimento I<\/span><\/p>\n<h3 class=\"cBlack\"><i class=\"user icon\"><\/i>Antonio Buttaro<\/h3>\n<p><i class=\"fa fa-envelope\"><\/i><a href=\"antonio.buttaro@comune.gaeta.lt.it\"> antonio.buttaro@comune.gaeta.lt.it<\/a><\/p>\n<p><i class=\"fa fa-phone\"><\/i><a href=\"tel:0771469226\">0771 469226<\/a><\/p>\n<p><i class=\"fa fa-clock-o\"><\/i>Luned\u00ec, mercoled\u00ec, venerd\u00ec<span class=\"ccGrey\"> 9:00 \u2013 12:00<\/span><\/p>\n<p><i class=\"fa fa-clock-o\"><\/i>Marted\u00ec e gioved\u00ec<span class=\"ccGrey\"> 15:00 \u2013 17:30<\/span><\/p>\n<div class=\"ui divider\"><\/div>\n<h3 class=\"ccGrey\">Ambiente, Lavori Pubblici, Demani<\/h3>\n<p><span class=\"ccGrey\">Dipartimento II<\/span><\/p>\n<h3 class=\"cBlack\"><i class=\"user icon\"><\/i>Roberto Guratti<\/h3>\n<p><i class=\"fa fa-envelope\"><\/i><a href=\"roberto.guratti@comune.gaeta.lt.it\"> roberto.guratti@comune.gaeta.lt.it<\/a><\/p>\n<p><i class=\"fa fa-phone\"><\/i><a href=\"tel:0771469404\">0771 469404<\/a><\/p>\n<p><i class=\"fa fa-clock-o\"><\/i>Marted\u00ec pomeriggio<span class=\"ccGrey\"> 15:30 &#8211; 17:30<\/span><\/p>\n<p><i class=\"fa fa-clock-o\"><\/i>Venerd\u00ec mattina <span class=\"ccGrey\"> 09:00 &#8211; 13:00<\/span><\/p>\n<div class=\"ui divider\"><\/div>\n<h3 class=\"ccGrey\">Finanze e Bilancio<\/h3>\n<p><span class=\"ccGrey\">Dipartimento III<\/span><\/p>\n<h3 class=\"cBlack\"><i class=\"user icon\"><\/i>Maria Veronica Gallinaro<\/h3>\n<p><i class=\"fa fa-envelope\"><\/i><a href=\"mariaveronica.gallinaro@comune.gaeta.lt.it\"> mariaveronica.gallinaro<br \/>\n@comune.gaeta.lt.it<\/a><\/p>\n<p><i class=\"fa fa-phone\"><\/i><a href=\"tel:0771469216\">0771 469216<\/a><\/p>\n<p><i class=\"fa fa-clock-o\"><\/i>Luned\u00ec, mercoled\u00ec, venerd\u00ec<span class=\"ccGrey\"> 10:00 \u2013 12:00<\/span><\/p>\n<p><i class=\"fa fa-clock-o\"><\/i>Marted\u00ec e gioved\u00ec<span class=\"ccGrey\"> 16:00 \u2013 17:30<\/span><\/p>\n<div class=\"ui divider\"><\/div>\n<h3 class=\"ccGrey\">Territorio<\/h3>\n<p><span class=\"ccGrey\">Dipartimento IV<\/span><\/p>\n<h3 class=\"cBlack\"><i class=\"user icon\"><\/i>Roberto Guratti<\/h3>\n<p><i class=\"fa fa-envelope\"><\/i><a href=\"roberto.guratti@comune.gaeta.lt.it\"> roberto.guratti@comune.gaeta.lt.it<\/a><\/p>\n<p><i class=\"fa fa-phone\"><\/i><a href=\"tel:0771469404\">0771 469404<\/a><\/p>\n<p><i class=\"fa fa-clock-o\"><\/i>Marted\u00ec pomeriggio <span class=\"ccGrey\"> 15:30 &#8211; 17:30<\/span><\/p>\n<p><i class=\"fa fa-clock-o\"><\/i>Venerd\u00ec mattina<span class=\"ccGrey\"> 09:00 \u2013 12:00<\/span><\/p>\n<div class=\"ui divider\"><\/div>\n<h3 class=\"ccGrey\">Servizi alla Persona<\/h3>\n<p><span class=\"ccGrey\">Dipartimento V<\/span><\/p>\n<h3 class=\"cBlack\"><i class=\"user icon\"><\/i>Antonio Zangrillo Gallinaro<\/h3>\n<p><i class=\"fa fa-envelope\"><\/i><a href=\"zangrillo@comune.gaeta.lt.it\"> zangrillo@comune.gaeta.lt.it<\/a><\/p>\n<p><i class=\"fa fa-phone\"><\/i><a href=\"tel:0771469411\">0771 469411<\/a><\/p>\n<p><i class=\"fa fa-clock-o\"><\/i>Luned\u00ec, mercoled\u00ec, venerd\u00ec<span class=\"ccGrey\"> 9:00 \u2013 12:00<\/span><\/p>\n<p><i class=\"fa fa-clock-o\"><\/i>Marted\u00ec e gioved\u00ec<span class=\"ccGrey\"> 15:30 \u2013 17:30<\/span><\/p>\n","protected":false},"excerpt":{"rendered":"<p>Piazza XIX Maggio n\u00b010 0771 469251 0771 469219 comunedigaeta@pec.gedea.it Affari generali,Programmazione, Personale, Entrate, Demografia Dipartimento I Antonio Buttaro antonio.buttaro@comune.gaeta.lt.it 0771 469226 Luned\u00ec, mercoled\u00ec, venerd\u00ec 9:00 \u2013 12:00 Marted\u00ec e gioved\u00ec [&hellip;]<\/p>\n","protected":false},"author":1,"featured_media":0,"parent":0,"menu_order":0,"comment_status":"open","ping_status":"closed","template":"","meta":{"footnotes":""},"categories":[],"tags":[20],"class_list":["post-20","page","type-page","status-publish","hentry","tag-phone"],"yoast_head":"<!-- This site is optimized with the Yoast SEO plugin v27.3 - https:\/\/yoast.com\/product\/yoast-seo-wordpress\/ -->\n<title>Uffici Comunali - Gaeta<\/title>\n<meta name=\"robots\" content=\"index, follow, max-snippet:-1, max-image-preview:large, max-video-preview:-1\" \/>\n<link rel=\"canonical\" href=\"https:\/\/comunicacity.net\/gaeta\/uffici-comunali\/\" \/>\n<meta property=\"og:locale\" content=\"it_IT\" \/>\n<meta property=\"og:type\" content=\"article\" \/>\n<meta property=\"og:title\" content=\"Uffici Comunali - Gaeta\" \/>\n<meta property=\"og:description\" content=\"Piazza XIX Maggio n\u00b010 0771 469251 0771 469219 comunedigaeta@pec.gedea.it Affari generali,Programmazione, Personale, Entrate, Demografia Dipartimento I Antonio Buttaro antonio.buttaro@comune.gaeta.lt.it 0771 469226 Luned\u00ec, mercoled\u00ec, venerd\u00ec 9:00 \u2013 12:00 Marted\u00ec e gioved\u00ec [&hellip;]\" \/>\n<meta property=\"og:url\" content=\"https:\/\/comunicacity.net\/gaeta\/uffici-comunali\/\" \/>\n<meta property=\"og:site_name\" content=\"Gaeta\" \/>\n<meta property=\"article:modified_time\" content=\"2014-10-31T13:36:56+00:00\" \/>\n<meta property=\"og:image\" content=\"https:\/\/comunicacity.net\/gaeta\/wp-content\/uploads\/sites\/6\/2014\/11\/gaeta.jpg\" \/>\n\t<meta property=\"og:image:width\" content=\"50\" \/>\n\t<meta property=\"og:image:height\" content=\"50\" \/>\n<meta name=\"twitter:label1\" content=\"Tempo di lettura stimato\" \/>\n\t<meta name=\"twitter:data1\" content=\"1 minuto\" \/>\n<script type=\"application\/ld+json\" class=\"yoast-schema-graph\">{\"@context\":\"https:\\\/\\\/schema.org\",\"@graph\":[{\"@type\":\"WebPage\",\"@id\":\"https:\\\/\\\/comunicacity.net\\\/gaeta\\\/uffici-comunali\\\/\",\"url\":\"https:\\\/\\\/comunicacity.net\\\/gaeta\\\/uffici-comunali\\\/\",\"name\":\"Uffici Comunali - Gaeta\",\"isPartOf\":{\"@id\":\"https:\\\/\\\/comunicacity.net\\\/gaeta\\\/#website\"},\"datePublished\":\"2014-10-15T14:08:51+00:00\",\"dateModified\":\"2014-10-31T13:36:56+00:00\",\"breadcrumb\":{\"@id\":\"https:\\\/\\\/comunicacity.net\\\/gaeta\\\/uffici-comunali\\\/#breadcrumb\"},\"inLanguage\":\"it-IT\",\"potentialAction\":[{\"@type\":\"ReadAction\",\"target\":[\"https:\\\/\\\/comunicacity.net\\\/gaeta\\\/uffici-comunali\\\/\"]}]},{\"@type\":\"BreadcrumbList\",\"@id\":\"https:\\\/\\\/comunicacity.net\\\/gaeta\\\/uffici-comunali\\\/#breadcrumb\",\"itemListElement\":[{\"@type\":\"ListItem\",\"position\":1,\"name\":\"Home\",\"item\":\"https:\\\/\\\/comunicacity.net\\\/gaeta\\\/\"},{\"@type\":\"ListItem\",\"position\":2,\"name\":\"Uffici Comunali\"}]},{\"@type\":\"WebSite\",\"@id\":\"https:\\\/\\\/comunicacity.net\\\/gaeta\\\/#website\",\"url\":\"https:\\\/\\\/comunicacity.net\\\/gaeta\\\/\",\"name\":\"Gaeta\",\"description\":\"Il Tuo Comune che Comunica\",\"potentialAction\":[{\"@type\":\"SearchAction\",\"target\":{\"@type\":\"EntryPoint\",\"urlTemplate\":\"https:\\\/\\\/comunicacity.net\\\/gaeta\\\/?s={search_term_string}\"},\"query-input\":{\"@type\":\"PropertyValueSpecification\",\"valueRequired\":true,\"valueName\":\"search_term_string\"}}],\"inLanguage\":\"it-IT\"}]}<\/script>\n<!-- \/ Yoast SEO plugin. -->","yoast_head_json":{"title":"Uffici Comunali - Gaeta","robots":{"index":"index","follow":"follow","max-snippet":"max-snippet:-1","max-image-preview":"max-image-preview:large","max-video-preview":"max-video-preview:-1"},"canonical":"https:\/\/comunicacity.net\/gaeta\/uffici-comunali\/","og_locale":"it_IT","og_type":"article","og_title":"Uffici Comunali - Gaeta","og_description":"Piazza XIX Maggio n\u00b010 0771 469251 0771 469219 comunedigaeta@pec.gedea.it Affari generali,Programmazione, Personale, Entrate, Demografia Dipartimento I Antonio Buttaro antonio.buttaro@comune.gaeta.lt.it 0771 469226 Luned\u00ec, mercoled\u00ec, venerd\u00ec 9:00 \u2013 12:00 Marted\u00ec e gioved\u00ec [&hellip;]","og_url":"https:\/\/comunicacity.net\/gaeta\/uffici-comunali\/","og_site_name":"Gaeta","article_modified_time":"2014-10-31T13:36:56+00:00","og_image":[{"url":"https:\/\/comunicacity.net\/gaeta\/wp-content\/uploads\/sites\/6\/2014\/11\/gaeta.jpg","height":50,"width":50,"type":""}],"twitter_misc":{"Tempo di lettura stimato":"1 minuto"},"schema":{"@context":"https:\/\/schema.org","@graph":[{"@type":"WebPage","@id":"https:\/\/comunicacity.net\/gaeta\/uffici-comunali\/","url":"https:\/\/comunicacity.net\/gaeta\/uffici-comunali\/","name":"Uffici Comunali - Gaeta","isPartOf":{"@id":"https:\/\/comunicacity.net\/gaeta\/#website"},"datePublished":"2014-10-15T14:08:51+00:00","dateModified":"2014-10-31T13:36:56+00:00","breadcrumb":{"@id":"https:\/\/comunicacity.net\/gaeta\/uffici-comunali\/#breadcrumb"},"inLanguage":"it-IT","potentialAction":[{"@type":"ReadAction","target":["https:\/\/comunicacity.net\/gaeta\/uffici-comunali\/"]}]},{"@type":"BreadcrumbList","@id":"https:\/\/comunicacity.net\/gaeta\/uffici-comunali\/#breadcrumb","itemListElement":[{"@type":"ListItem","position":1,"name":"Home","item":"https:\/\/comunicacity.net\/gaeta\/"},{"@type":"ListItem","position":2,"name":"Uffici Comunali"}]},{"@type":"WebSite","@id":"https:\/\/comunicacity.net\/gaeta\/#website","url":"https:\/\/comunicacity.net\/gaeta\/","name":"Gaeta","description":"Il Tuo Comune che Comunica","potentialAction":[{"@type":"SearchAction","target":{"@type":"EntryPoint","urlTemplate":"https:\/\/comunicacity.net\/gaeta\/?s={search_term_string}"},"query-input":{"@type":"PropertyValueSpecification","valueRequired":true,"valueName":"search_term_string"}}],"inLanguage":"it-IT"}]}},"meta_box":[],"_links":{"self":[{"href":"https:\/\/comunicacity.net\/gaeta\/wp-json\/wp\/v2\/pages\/20","targetHints":{"allow":["GET"]}}],"collection":[{"href":"https:\/\/comunicacity.net\/gaeta\/wp-json\/wp\/v2\/pages"}],"about":[{"href":"https:\/\/comunicacity.net\/gaeta\/wp-json\/wp\/v2\/types\/page"}],"author":[{"embeddable":true,"href":"https:\/\/comunicacity.net\/gaeta\/wp-json\/wp\/v2\/users\/1"}],"replies":[{"embeddable":true,"href":"https:\/\/comunicacity.net\/gaeta\/wp-json\/wp\/v2\/comments?post=20"}],"version-history":[{"count":7,"href":"https:\/\/comunicacity.net\/gaeta\/wp-json\/wp\/v2\/pages\/20\/revisions"}],"predecessor-version":[{"id":181,"href":"https:\/\/comunicacity.net\/gaeta\/wp-json\/wp\/v2\/pages\/20\/revisions\/181"}],"wp:attachment":[{"href":"https:\/\/comunicacity.net\/gaeta\/wp-json\/wp\/v2\/media?parent=20"}],"wp:term":[{"taxonomy":"category","embeddable":true,"href":"https:\/\/comunicacity.net\/gaeta\/wp-json\/wp\/v2\/categories?post=20"},{"taxonomy":"post_tag","embeddable":true,"href":"https:\/\/comunicacity.net\/gaeta\/wp-json\/wp\/v2\/tags?post=20"}],"curies":[{"name":"wp","href":"https:\/\/api.w.org\/{rel}","templated":true}]}}