{"id":200,"date":"2014-10-31T16:47:45","date_gmt":"2014-10-31T15:47:45","guid":{"rendered":"https:\/\/comunicacity.net\/gaeta\/?page_id=200"},"modified":"2015-01-15T15:35:05","modified_gmt":"2015-01-15T14:35:05","slug":"chiese","status":"publish","type":"page","link":"https:\/\/comunicacity.net\/gaeta\/chiese\/","title":{"rendered":"Chiese"},"content":{"rendered":"<p style=\"text-align: justify;\">La numerosit\u00e0 delle chiese, il duomo, e i numerosi edifici religiosi che Gaeta ospita, la rendono attraente anche per i turisti che amano ripercorrere tracciati religiosi impressi nelle opere archiettoniche, negli affreschi e nelle opere conservate nelle numerose strutture del luogo.<\/p>\n<p style=\"text-align: justify;\">Gaeta \u00e8 m\u00e8ta di intenso turismo religioso. I visitatori si recano verso la Cattedrale dei Santi Erasmo e Marciano, dallo splendido campanile in stile arabo-moresco, verso il Santuario della Santissima Annunziata, dal cui abside si raggiunge la preziosissima Cappella detta \u201cGrotta d\u2019Oro\u201d e soprattutto verso il santuario della Santissima Trinit\u00e0, meglio conosciuta come Santuario della Montagna Spaccata. Qui si trovano infatti tre voragini nella falesia che creano uno spettacolo naturalistico unico e denso di mistero.<\/p>\n<p style=\"text-align: justify;\">Lungo la scalinata che conduce nelle viscere della montagna nella Grotta del Turco \u00e8 possibile vedere sulla parete destra la cosiddetta \u201cMano del Turco\u201c: l\u2019orma delle cinque dita di una mano. Secondo la leggenda si tratta della mano di un turco miscredente che appoggiandosi vide la roccia farsi friabile.<\/p>\n<p style=\"text-align: justify;\">Gaeta, conosciuta dai turisti e dai suoi cittadini come la \u201ccitt\u00e0 dalle 100 chiese\u201d conserva ancora oggi, non solo nella memoria di qualche capitello incastonato nelle mura dei palazzi, numerose chiese, viva testimonianza del suo antico splendore e del forte legame che da sempre ha avuto con la cristianit\u00e0. Citt\u00e0 prediletta dai Papi, gi\u00e0 prima dell\u2019anno Mille divenne sede dell\u2019Arcidiocesi, contando un numero elevato di luoghi di culto sorti in anni differenti, dimore simboliche delle diverse epoche. In uno studio del 1885, Onorato Caetani d&#8217;Aragona, cens\u00ec ben 39 chiese; nel 1970 Giovanni Alletta ne cont\u00f2 circa 56, considerando anche quelle sconsacrate e scomparse. Molte chiese negli anni furono distrutte, inglobate in altre strutture o hanno cambiato la destinazione d\u2019uso ma, nonostante gli eventi bellici e guerre di domini, Gaeta conserva ancora oggi gelosamente le sue chiese che, a tutti gli effetti, fanno parte dell\u2019invidiabile patrimonio architettonico della citt\u00e0.<\/p>\n<p>Tra le Chiese pi\u00f9 importanti, si possono visitare:<\/p>\n<p>La Chiesa di San Giovanni a Gaeta Medievale<br \/>\nLa Chiesa di San Domenico<br \/>\nLa Chiesa dei Santi Cosma e Damiano<br \/>\nSantuario della SS. Annunziata<br \/>\nLa Chiesa della SS. Addolorata<br \/>\nLa Chiesa della Nativit\u00e0 o dell&#8217;Ulivo<br \/>\nLa Chiesa di San Giuda Taddeo e Sant&#8217;Onofrio<br \/>\nLa Chiesa di Santa Maria in Pensulis<br \/>\nLa Chiesa di Santa Maria della Catena<br \/>\nLa Chiesa di San Carlo Borromeo<br \/>\nLa Chiesa di Santa Maria della Sorresca<br \/>\nLa Cappella Maggiore del Cimitero<br \/>\nLa Chiesa di Santa Maria di Porto Salvo detta &#8220;degli Scalzi&#8221;<br \/>\nLa Cattedrale di S. Erasmo e Marciano<\/p>\n","protected":false},"excerpt":{"rendered":"<p>La numerosit\u00e0 delle chiese, il duomo, e i numerosi edifici religiosi che Gaeta ospita, la rendono attraente anche per i turisti che amano ripercorrere tracciati religiosi impressi nelle opere archiettoniche, [&hellip;]<\/p>\n","protected":false},"author":1,"featured_media":0,"parent":0,"menu_order":4,"comment_status":"closed","ping_status":"closed","template":"","meta":{"footnotes":""},"categories":[],"tags":[22],"class_list":["post-200","page","type-page","status-publish","hentry","tag-unhide"],"yoast_head":"<!-- This site is optimized with the Yoast SEO plugin v27.4 - https:\/\/yoast.com\/product\/yoast-seo-wordpress\/ -->\n<title>Chiese - Gaeta<\/title>\n<meta name=\"robots\" content=\"index, follow, max-snippet:-1, max-image-preview:large, max-video-preview:-1\" \/>\n<link rel=\"canonical\" href=\"https:\/\/comunicacity.net\/gaeta\/chiese\/\" \/>\n<meta property=\"og:locale\" content=\"it_IT\" \/>\n<meta property=\"og:type\" content=\"article\" \/>\n<meta property=\"og:title\" content=\"Chiese - Gaeta\" \/>\n<meta property=\"og:description\" content=\"La numerosit\u00e0 delle chiese, il duomo, e i numerosi edifici religiosi che Gaeta ospita, la rendono attraente anche per i turisti che amano ripercorrere tracciati religiosi impressi nelle opere archiettoniche, [&hellip;]\" \/>\n<meta property=\"og:url\" content=\"https:\/\/comunicacity.net\/gaeta\/chiese\/\" \/>\n<meta property=\"og:site_name\" content=\"Gaeta\" \/>\n<meta property=\"article:modified_time\" content=\"2015-01-15T14:35:05+00:00\" \/>\n<meta property=\"og:image\" content=\"https:\/\/comunicacity.net\/gaeta\/wp-content\/uploads\/sites\/6\/2014\/11\/gaeta.jpg\" \/>\n\t<meta property=\"og:image:width\" content=\"50\" \/>\n\t<meta property=\"og:image:height\" content=\"50\" \/>\n<meta name=\"twitter:label1\" content=\"Tempo di lettura stimato\" \/>\n\t<meta name=\"twitter:data1\" content=\"2 minuti\" \/>\n<script type=\"application\/ld+json\" class=\"yoast-schema-graph\">{\"@context\":\"https:\\\/\\\/schema.org\",\"@graph\":[{\"@type\":\"WebPage\",\"@id\":\"https:\\\/\\\/comunicacity.net\\\/gaeta\\\/chiese\\\/\",\"url\":\"https:\\\/\\\/comunicacity.net\\\/gaeta\\\/chiese\\\/\",\"name\":\"Chiese - Gaeta\",\"isPartOf\":{\"@id\":\"https:\\\/\\\/comunicacity.net\\\/gaeta\\\/#website\"},\"datePublished\":\"2014-10-31T15:47:45+00:00\",\"dateModified\":\"2015-01-15T14:35:05+00:00\",\"breadcrumb\":{\"@id\":\"https:\\\/\\\/comunicacity.net\\\/gaeta\\\/chiese\\\/#breadcrumb\"},\"inLanguage\":\"it-IT\",\"potentialAction\":[{\"@type\":\"ReadAction\",\"target\":[\"https:\\\/\\\/comunicacity.net\\\/gaeta\\\/chiese\\\/\"]}]},{\"@type\":\"BreadcrumbList\",\"@id\":\"https:\\\/\\\/comunicacity.net\\\/gaeta\\\/chiese\\\/#breadcrumb\",\"itemListElement\":[{\"@type\":\"ListItem\",\"position\":1,\"name\":\"Home\",\"item\":\"https:\\\/\\\/comunicacity.net\\\/gaeta\\\/\"},{\"@type\":\"ListItem\",\"position\":2,\"name\":\"Chiese\"}]},{\"@type\":\"WebSite\",\"@id\":\"https:\\\/\\\/comunicacity.net\\\/gaeta\\\/#website\",\"url\":\"https:\\\/\\\/comunicacity.net\\\/gaeta\\\/\",\"name\":\"Gaeta\",\"description\":\"Il Tuo Comune che Comunica\",\"potentialAction\":[{\"@type\":\"SearchAction\",\"target\":{\"@type\":\"EntryPoint\",\"urlTemplate\":\"https:\\\/\\\/comunicacity.net\\\/gaeta\\\/?s={search_term_string}\"},\"query-input\":{\"@type\":\"PropertyValueSpecification\",\"valueRequired\":true,\"valueName\":\"search_term_string\"}}],\"inLanguage\":\"it-IT\"}]}<\/script>\n<!-- \/ Yoast SEO plugin. -->","yoast_head_json":{"title":"Chiese - Gaeta","robots":{"index":"index","follow":"follow","max-snippet":"max-snippet:-1","max-image-preview":"max-image-preview:large","max-video-preview":"max-video-preview:-1"},"canonical":"https:\/\/comunicacity.net\/gaeta\/chiese\/","og_locale":"it_IT","og_type":"article","og_title":"Chiese - Gaeta","og_description":"La numerosit\u00e0 delle chiese, il duomo, e i numerosi edifici religiosi che Gaeta ospita, la rendono attraente anche per i turisti che amano ripercorrere tracciati religiosi impressi nelle opere archiettoniche, [&hellip;]","og_url":"https:\/\/comunicacity.net\/gaeta\/chiese\/","og_site_name":"Gaeta","article_modified_time":"2015-01-15T14:35:05+00:00","og_image":[{"url":"https:\/\/comunicacity.net\/gaeta\/wp-content\/uploads\/sites\/6\/2014\/11\/gaeta.jpg","height":50,"width":50,"type":""}],"twitter_misc":{"Tempo di lettura stimato":"2 minuti"},"schema":{"@context":"https:\/\/schema.org","@graph":[{"@type":"WebPage","@id":"https:\/\/comunicacity.net\/gaeta\/chiese\/","url":"https:\/\/comunicacity.net\/gaeta\/chiese\/","name":"Chiese - Gaeta","isPartOf":{"@id":"https:\/\/comunicacity.net\/gaeta\/#website"},"datePublished":"2014-10-31T15:47:45+00:00","dateModified":"2015-01-15T14:35:05+00:00","breadcrumb":{"@id":"https:\/\/comunicacity.net\/gaeta\/chiese\/#breadcrumb"},"inLanguage":"it-IT","potentialAction":[{"@type":"ReadAction","target":["https:\/\/comunicacity.net\/gaeta\/chiese\/"]}]},{"@type":"BreadcrumbList","@id":"https:\/\/comunicacity.net\/gaeta\/chiese\/#breadcrumb","itemListElement":[{"@type":"ListItem","position":1,"name":"Home","item":"https:\/\/comunicacity.net\/gaeta\/"},{"@type":"ListItem","position":2,"name":"Chiese"}]},{"@type":"WebSite","@id":"https:\/\/comunicacity.net\/gaeta\/#website","url":"https:\/\/comunicacity.net\/gaeta\/","name":"Gaeta","description":"Il Tuo Comune che Comunica","potentialAction":[{"@type":"SearchAction","target":{"@type":"EntryPoint","urlTemplate":"https:\/\/comunicacity.net\/gaeta\/?s={search_term_string}"},"query-input":{"@type":"PropertyValueSpecification","valueRequired":true,"valueName":"search_term_string"}}],"inLanguage":"it-IT"}]}},"meta_box":[],"_links":{"self":[{"href":"https:\/\/comunicacity.net\/gaeta\/wp-json\/wp\/v2\/pages\/200","targetHints":{"allow":["GET"]}}],"collection":[{"href":"https:\/\/comunicacity.net\/gaeta\/wp-json\/wp\/v2\/pages"}],"about":[{"href":"https:\/\/comunicacity.net\/gaeta\/wp-json\/wp\/v2\/types\/page"}],"author":[{"embeddable":true,"href":"https:\/\/comunicacity.net\/gaeta\/wp-json\/wp\/v2\/users\/1"}],"replies":[{"embeddable":true,"href":"https:\/\/comunicacity.net\/gaeta\/wp-json\/wp\/v2\/comments?post=200"}],"version-history":[{"count":20,"href":"https:\/\/comunicacity.net\/gaeta\/wp-json\/wp\/v2\/pages\/200\/revisions"}],"predecessor-version":[{"id":290,"href":"https:\/\/comunicacity.net\/gaeta\/wp-json\/wp\/v2\/pages\/200\/revisions\/290"}],"wp:attachment":[{"href":"https:\/\/comunicacity.net\/gaeta\/wp-json\/wp\/v2\/media?parent=200"}],"wp:term":[{"taxonomy":"category","embeddable":true,"href":"https:\/\/comunicacity.net\/gaeta\/wp-json\/wp\/v2\/categories?post=200"},{"taxonomy":"post_tag","embeddable":true,"href":"https:\/\/comunicacity.net\/gaeta\/wp-json\/wp\/v2\/tags?post=200"}],"curies":[{"name":"wp","href":"https:\/\/api.w.org\/{rel}","templated":true}]}}