{"id":278,"date":"2014-11-26T19:17:57","date_gmt":"2014-11-26T18:17:57","guid":{"rendered":"https:\/\/comunicacity.net\/gaeta\/?page_id=278"},"modified":"2014-12-03T18:00:12","modified_gmt":"2014-12-03T17:00:12","slug":"chiesa-di-santa-maria-della-catena","status":"publish","type":"page","link":"https:\/\/comunicacity.net\/gaeta\/chiese\/chiesa-di-santa-maria-della-catena\/","title":{"rendered":"S. Maria della Catena"},"content":{"rendered":"<div class=\"ccCenter\"><img decoding=\"async\" class=\"rounded ui image large\" src=\"https:\/\/comunicacity.net\/gaeta\/wp-content\/uploads\/sites\/6\/2014\/10\/La-Chiesa-di-Santa-Maria-della-Catena.jpg\" alt=\"La-Chiesa-di-Santa-Maria-della-Catena\" \/><\/div>\n<p style=\"text-align: justify;\">La Chiesa di Santa Maria della Catena, costruita sopra la spiaggia di Fontania nel luogo anticamente denominato &#8220;Santa Fortunata&#8221;, ebbe origine nel Seicento (1635). Nel corso dei secoli fu luogo di ritiro di santi e fu sempre abitato da eremiti. Nell&#8217;800 fu visitato da Pio IX (25 aprile 1849) durante il suo esilio gaetano. Di l\u00ec a poco la chiesetta sub\u00ec un primo radicale restauro per munificenza di Ferdinando II, che ampli\u00f2 il presbiterio e fece costruire la cupola. Dal 1940 il convento annesso \u00e8 affidato alle cure delle suore Adoratrici del sangue di Cristo che, nel 1950, lo ampliarono sul versante verso il mare e successivamente costruirono un nuovo edificio. Allo stato attuale la chiesetta si presenta come una piccola cappella dalle linee semplici e disadorne. Il suo interno \u00e8 a una sola navata con due cappelle laterali nella parte mediana dell&#8217;invaso. In fondo all&#8217;abside piatto ha un piccolo altare barocco del sec. XVIII trasferito in questa chiesa nel 1928 da S. Giovanni a Mare a seguito dei restauri dell&#8217;insigne edificio di stile tardo bizantino. Al suo centro, su quattro grandi piloni, si innesta la cupola emisferica con alto tiburio.<\/p>\n","protected":false},"excerpt":{"rendered":"<p>La Chiesa di Santa Maria della Catena, costruita sopra la spiaggia di Fontania nel luogo anticamente denominato &#8220;Santa Fortunata&#8221;, ebbe origine nel Seicento (1635). Nel corso dei secoli fu luogo [&hellip;]<\/p>\n","protected":false},"author":1,"featured_media":0,"parent":200,"menu_order":0,"comment_status":"open","ping_status":"closed","template":"","meta":{"footnotes":""},"categories":[],"tags":[22],"class_list":["post-278","page","type-page","status-publish","hentry","tag-unhide"],"yoast_head":"<!-- This site is optimized with the Yoast SEO plugin v27.4 - https:\/\/yoast.com\/product\/yoast-seo-wordpress\/ -->\n<title>S. Maria della Catena - Gaeta<\/title>\n<meta name=\"robots\" content=\"index, follow, max-snippet:-1, max-image-preview:large, max-video-preview:-1\" \/>\n<link rel=\"canonical\" href=\"https:\/\/comunicacity.net\/gaeta\/chiese\/chiesa-di-santa-maria-della-catena\/\" \/>\n<meta property=\"og:locale\" content=\"it_IT\" \/>\n<meta property=\"og:type\" content=\"article\" \/>\n<meta property=\"og:title\" content=\"S. Maria della Catena - Gaeta\" \/>\n<meta property=\"og:description\" content=\"La Chiesa di Santa Maria della Catena, costruita sopra la spiaggia di Fontania nel luogo anticamente denominato &#8220;Santa Fortunata&#8221;, ebbe origine nel Seicento (1635). Nel corso dei secoli fu luogo [&hellip;]\" \/>\n<meta property=\"og:url\" content=\"https:\/\/comunicacity.net\/gaeta\/chiese\/chiesa-di-santa-maria-della-catena\/\" \/>\n<meta property=\"og:site_name\" content=\"Gaeta\" \/>\n<meta property=\"article:modified_time\" content=\"2014-12-03T17:00:12+00:00\" \/>\n<meta property=\"og:image\" content=\"https:\/\/comunicacity.net\/gaeta\/wp-content\/uploads\/sites\/6\/2014\/10\/La-Chiesa-di-Santa-Maria-della-Catena.jpg\" \/>\n<meta name=\"twitter:label1\" content=\"Tempo di lettura stimato\" \/>\n\t<meta name=\"twitter:data1\" content=\"1 minuto\" \/>\n<script type=\"application\/ld+json\" class=\"yoast-schema-graph\">{\"@context\":\"https:\\\/\\\/schema.org\",\"@graph\":[{\"@type\":\"WebPage\",\"@id\":\"https:\\\/\\\/comunicacity.net\\\/gaeta\\\/chiese\\\/chiesa-di-santa-maria-della-catena\\\/\",\"url\":\"https:\\\/\\\/comunicacity.net\\\/gaeta\\\/chiese\\\/chiesa-di-santa-maria-della-catena\\\/\",\"name\":\"S. Maria della Catena - Gaeta\",\"isPartOf\":{\"@id\":\"https:\\\/\\\/comunicacity.net\\\/gaeta\\\/#website\"},\"primaryImageOfPage\":{\"@id\":\"https:\\\/\\\/comunicacity.net\\\/gaeta\\\/chiese\\\/chiesa-di-santa-maria-della-catena\\\/#primaryimage\"},\"image\":{\"@id\":\"https:\\\/\\\/comunicacity.net\\\/gaeta\\\/chiese\\\/chiesa-di-santa-maria-della-catena\\\/#primaryimage\"},\"thumbnailUrl\":\"http:\\\/\\\/comunicacity.net\\\/gaeta\\\/wp-content\\\/uploads\\\/sites\\\/6\\\/2014\\\/10\\\/La-Chiesa-di-Santa-Maria-della-Catena.jpg\",\"datePublished\":\"2014-11-26T18:17:57+00:00\",\"dateModified\":\"2014-12-03T17:00:12+00:00\",\"breadcrumb\":{\"@id\":\"https:\\\/\\\/comunicacity.net\\\/gaeta\\\/chiese\\\/chiesa-di-santa-maria-della-catena\\\/#breadcrumb\"},\"inLanguage\":\"it-IT\",\"potentialAction\":[{\"@type\":\"ReadAction\",\"target\":[\"https:\\\/\\\/comunicacity.net\\\/gaeta\\\/chiese\\\/chiesa-di-santa-maria-della-catena\\\/\"]}]},{\"@type\":\"ImageObject\",\"inLanguage\":\"it-IT\",\"@id\":\"https:\\\/\\\/comunicacity.net\\\/gaeta\\\/chiese\\\/chiesa-di-santa-maria-della-catena\\\/#primaryimage\",\"url\":\"http:\\\/\\\/comunicacity.net\\\/gaeta\\\/wp-content\\\/uploads\\\/sites\\\/6\\\/2014\\\/10\\\/La-Chiesa-di-Santa-Maria-della-Catena.jpg\",\"contentUrl\":\"http:\\\/\\\/comunicacity.net\\\/gaeta\\\/wp-content\\\/uploads\\\/sites\\\/6\\\/2014\\\/10\\\/La-Chiesa-di-Santa-Maria-della-Catena.jpg\"},{\"@type\":\"BreadcrumbList\",\"@id\":\"https:\\\/\\\/comunicacity.net\\\/gaeta\\\/chiese\\\/chiesa-di-santa-maria-della-catena\\\/#breadcrumb\",\"itemListElement\":[{\"@type\":\"ListItem\",\"position\":1,\"name\":\"Home\",\"item\":\"https:\\\/\\\/comunicacity.net\\\/gaeta\\\/\"},{\"@type\":\"ListItem\",\"position\":2,\"name\":\"Chiese\",\"item\":\"https:\\\/\\\/comunicacity.net\\\/gaeta\\\/chiese\\\/\"},{\"@type\":\"ListItem\",\"position\":3,\"name\":\"S. Maria della Catena\"}]},{\"@type\":\"WebSite\",\"@id\":\"https:\\\/\\\/comunicacity.net\\\/gaeta\\\/#website\",\"url\":\"https:\\\/\\\/comunicacity.net\\\/gaeta\\\/\",\"name\":\"Gaeta\",\"description\":\"Il Tuo Comune che Comunica\",\"potentialAction\":[{\"@type\":\"SearchAction\",\"target\":{\"@type\":\"EntryPoint\",\"urlTemplate\":\"https:\\\/\\\/comunicacity.net\\\/gaeta\\\/?s={search_term_string}\"},\"query-input\":{\"@type\":\"PropertyValueSpecification\",\"valueRequired\":true,\"valueName\":\"search_term_string\"}}],\"inLanguage\":\"it-IT\"}]}<\/script>\n<!-- \/ Yoast SEO plugin. -->","yoast_head_json":{"title":"S. Maria della Catena - Gaeta","robots":{"index":"index","follow":"follow","max-snippet":"max-snippet:-1","max-image-preview":"max-image-preview:large","max-video-preview":"max-video-preview:-1"},"canonical":"https:\/\/comunicacity.net\/gaeta\/chiese\/chiesa-di-santa-maria-della-catena\/","og_locale":"it_IT","og_type":"article","og_title":"S. Maria della Catena - Gaeta","og_description":"La Chiesa di Santa Maria della Catena, costruita sopra la spiaggia di Fontania nel luogo anticamente denominato &#8220;Santa Fortunata&#8221;, ebbe origine nel Seicento (1635). Nel corso dei secoli fu luogo [&hellip;]","og_url":"https:\/\/comunicacity.net\/gaeta\/chiese\/chiesa-di-santa-maria-della-catena\/","og_site_name":"Gaeta","article_modified_time":"2014-12-03T17:00:12+00:00","og_image":[{"url":"https:\/\/comunicacity.net\/gaeta\/wp-content\/uploads\/sites\/6\/2014\/10\/La-Chiesa-di-Santa-Maria-della-Catena.jpg","type":"","width":"","height":""}],"twitter_misc":{"Tempo di lettura stimato":"1 minuto"},"schema":{"@context":"https:\/\/schema.org","@graph":[{"@type":"WebPage","@id":"https:\/\/comunicacity.net\/gaeta\/chiese\/chiesa-di-santa-maria-della-catena\/","url":"https:\/\/comunicacity.net\/gaeta\/chiese\/chiesa-di-santa-maria-della-catena\/","name":"S. Maria della Catena - Gaeta","isPartOf":{"@id":"https:\/\/comunicacity.net\/gaeta\/#website"},"primaryImageOfPage":{"@id":"https:\/\/comunicacity.net\/gaeta\/chiese\/chiesa-di-santa-maria-della-catena\/#primaryimage"},"image":{"@id":"https:\/\/comunicacity.net\/gaeta\/chiese\/chiesa-di-santa-maria-della-catena\/#primaryimage"},"thumbnailUrl":"https:\/\/comunicacity.net\/gaeta\/wp-content\/uploads\/sites\/6\/2014\/10\/La-Chiesa-di-Santa-Maria-della-Catena.jpg","datePublished":"2014-11-26T18:17:57+00:00","dateModified":"2014-12-03T17:00:12+00:00","breadcrumb":{"@id":"https:\/\/comunicacity.net\/gaeta\/chiese\/chiesa-di-santa-maria-della-catena\/#breadcrumb"},"inLanguage":"it-IT","potentialAction":[{"@type":"ReadAction","target":["https:\/\/comunicacity.net\/gaeta\/chiese\/chiesa-di-santa-maria-della-catena\/"]}]},{"@type":"ImageObject","inLanguage":"it-IT","@id":"https:\/\/comunicacity.net\/gaeta\/chiese\/chiesa-di-santa-maria-della-catena\/#primaryimage","url":"https:\/\/comunicacity.net\/gaeta\/wp-content\/uploads\/sites\/6\/2014\/10\/La-Chiesa-di-Santa-Maria-della-Catena.jpg","contentUrl":"https:\/\/comunicacity.net\/gaeta\/wp-content\/uploads\/sites\/6\/2014\/10\/La-Chiesa-di-Santa-Maria-della-Catena.jpg"},{"@type":"BreadcrumbList","@id":"https:\/\/comunicacity.net\/gaeta\/chiese\/chiesa-di-santa-maria-della-catena\/#breadcrumb","itemListElement":[{"@type":"ListItem","position":1,"name":"Home","item":"https:\/\/comunicacity.net\/gaeta\/"},{"@type":"ListItem","position":2,"name":"Chiese","item":"https:\/\/comunicacity.net\/gaeta\/chiese\/"},{"@type":"ListItem","position":3,"name":"S. Maria della Catena"}]},{"@type":"WebSite","@id":"https:\/\/comunicacity.net\/gaeta\/#website","url":"https:\/\/comunicacity.net\/gaeta\/","name":"Gaeta","description":"Il Tuo Comune che Comunica","potentialAction":[{"@type":"SearchAction","target":{"@type":"EntryPoint","urlTemplate":"https:\/\/comunicacity.net\/gaeta\/?s={search_term_string}"},"query-input":{"@type":"PropertyValueSpecification","valueRequired":true,"valueName":"search_term_string"}}],"inLanguage":"it-IT"}]}},"meta_box":[],"_links":{"self":[{"href":"https:\/\/comunicacity.net\/gaeta\/wp-json\/wp\/v2\/pages\/278","targetHints":{"allow":["GET"]}}],"collection":[{"href":"https:\/\/comunicacity.net\/gaeta\/wp-json\/wp\/v2\/pages"}],"about":[{"href":"https:\/\/comunicacity.net\/gaeta\/wp-json\/wp\/v2\/types\/page"}],"author":[{"embeddable":true,"href":"https:\/\/comunicacity.net\/gaeta\/wp-json\/wp\/v2\/users\/1"}],"replies":[{"embeddable":true,"href":"https:\/\/comunicacity.net\/gaeta\/wp-json\/wp\/v2\/comments?post=278"}],"version-history":[{"count":3,"href":"https:\/\/comunicacity.net\/gaeta\/wp-json\/wp\/v2\/pages\/278\/revisions"}],"predecessor-version":[{"id":684,"href":"https:\/\/comunicacity.net\/gaeta\/wp-json\/wp\/v2\/pages\/278\/revisions\/684"}],"up":[{"embeddable":true,"href":"https:\/\/comunicacity.net\/gaeta\/wp-json\/wp\/v2\/pages\/200"}],"wp:attachment":[{"href":"https:\/\/comunicacity.net\/gaeta\/wp-json\/wp\/v2\/media?parent=278"}],"wp:term":[{"taxonomy":"category","embeddable":true,"href":"https:\/\/comunicacity.net\/gaeta\/wp-json\/wp\/v2\/categories?post=278"},{"taxonomy":"post_tag","embeddable":true,"href":"https:\/\/comunicacity.net\/gaeta\/wp-json\/wp\/v2\/tags?post=278"}],"curies":[{"name":"wp","href":"https:\/\/api.w.org\/{rel}","templated":true}]}}