{"id":450,"date":"2015-01-15T15:52:32","date_gmt":"2015-01-15T14:52:32","guid":{"rendered":"https:\/\/comunicacity.net\/gaeta\/?page_id=450"},"modified":"2015-01-15T15:52:32","modified_gmt":"2015-01-15T14:52:32","slug":"servizi-alla-persona","status":"publish","type":"page","link":"https:\/\/comunicacity.net\/gaeta\/uffici-comunali\/servizi-alla-persona\/","title":{"rendered":"Servizi alla Persona"},"content":{"rendered":"<h3 class=\"ccGrey\">Servizi alla Persona<\/h3>\n<p><span class=\"ccGrey\">Dipartimento V<\/span><\/p>\n<h3 class=\"cBlack\"><i class=\"user icon\"><\/i>Antonio Zangrillo Gallinaro<\/h3>\n<p><i class=\"fa fa-envelope\"><\/i><a href=\"zangrillo@comune.gaeta.lt.it\">zangrillo@comune.gaeta.lt.it<\/a><\/p>\n<p><i class=\"fa fa-phone\"><\/i><a href=\"tel:0771469411\">0771 469411<\/a><\/p>\n<p><i class=\"fa fa-clock-o\"><\/i>Luned\u00ec, mercoled\u00ec, venerd\u00ec<span class=\"ccGrey\"> 9:00 \u2013 12:00<\/span><\/p>\n<p><i class=\"fa fa-clock-o\"><\/i>Marted\u00ec e gioved\u00ec<span class=\"ccGrey\"> 15:30 \u2013 17:30<\/span><\/p>\n","protected":false},"excerpt":{"rendered":"<p>Servizi alla Persona Dipartimento V Antonio Zangrillo Gallinaro zangrillo@comune.gaeta.lt.it 0771 469411 Luned\u00ec, mercoled\u00ec, venerd\u00ec 9:00 \u2013 12:00 Marted\u00ec e gioved\u00ec 15:30 \u2013 17:30<\/p>\n","protected":false},"author":1,"featured_media":0,"parent":20,"menu_order":5,"comment_status":"closed","ping_status":"closed","template":"","meta":{"footnotes":""},"categories":[],"tags":[54],"class_list":["post-450","page","type-page","status-publish","hentry","tag-user"],"yoast_head":"<!-- This site is optimized with the Yoast SEO plugin v27.4 - https:\/\/yoast.com\/product\/yoast-seo-wordpress\/ -->\n<title>Servizi alla Persona - Gaeta<\/title>\n<meta name=\"robots\" content=\"index, follow, max-snippet:-1, max-image-preview:large, max-video-preview:-1\" \/>\n<link rel=\"canonical\" href=\"https:\/\/comunicacity.net\/gaeta\/uffici-comunali\/servizi-alla-persona\/\" \/>\n<meta property=\"og:locale\" content=\"it_IT\" \/>\n<meta property=\"og:type\" content=\"article\" \/>\n<meta property=\"og:title\" content=\"Servizi alla Persona - Gaeta\" \/>\n<meta property=\"og:description\" content=\"Servizi alla Persona Dipartimento V Antonio Zangrillo Gallinaro zangrillo@comune.gaeta.lt.it 0771 469411 Luned\u00ec, mercoled\u00ec, venerd\u00ec 9:00 \u2013 12:00 Marted\u00ec e gioved\u00ec 15:30 \u2013 17:30\" \/>\n<meta property=\"og:url\" content=\"https:\/\/comunicacity.net\/gaeta\/uffici-comunali\/servizi-alla-persona\/\" \/>\n<meta property=\"og:site_name\" content=\"Gaeta\" \/>\n<meta property=\"og:image\" content=\"https:\/\/comunicacity.net\/gaeta\/wp-content\/uploads\/sites\/6\/2014\/11\/gaeta.jpg\" \/>\n\t<meta property=\"og:image:width\" content=\"50\" \/>\n\t<meta property=\"og:image:height\" content=\"50\" \/>\n<script type=\"application\/ld+json\" class=\"yoast-schema-graph\">{\"@context\":\"https:\\\/\\\/schema.org\",\"@graph\":[{\"@type\":\"WebPage\",\"@id\":\"https:\\\/\\\/comunicacity.net\\\/gaeta\\\/uffici-comunali\\\/servizi-alla-persona\\\/\",\"url\":\"https:\\\/\\\/comunicacity.net\\\/gaeta\\\/uffici-comunali\\\/servizi-alla-persona\\\/\",\"name\":\"Servizi alla Persona - Gaeta\",\"isPartOf\":{\"@id\":\"https:\\\/\\\/comunicacity.net\\\/gaeta\\\/#website\"},\"datePublished\":\"2015-01-15T14:52:32+00:00\",\"breadcrumb\":{\"@id\":\"https:\\\/\\\/comunicacity.net\\\/gaeta\\\/uffici-comunali\\\/servizi-alla-persona\\\/#breadcrumb\"},\"inLanguage\":\"it-IT\",\"potentialAction\":[{\"@type\":\"ReadAction\",\"target\":[\"https:\\\/\\\/comunicacity.net\\\/gaeta\\\/uffici-comunali\\\/servizi-alla-persona\\\/\"]}]},{\"@type\":\"BreadcrumbList\",\"@id\":\"https:\\\/\\\/comunicacity.net\\\/gaeta\\\/uffici-comunali\\\/servizi-alla-persona\\\/#breadcrumb\",\"itemListElement\":[{\"@type\":\"ListItem\",\"position\":1,\"name\":\"Home\",\"item\":\"https:\\\/\\\/comunicacity.net\\\/gaeta\\\/\"},{\"@type\":\"ListItem\",\"position\":2,\"name\":\"Uffici Comunali\",\"item\":\"https:\\\/\\\/comunicacity.net\\\/gaeta\\\/uffici-comunali\\\/\"},{\"@type\":\"ListItem\",\"position\":3,\"name\":\"Servizi alla Persona\"}]},{\"@type\":\"WebSite\",\"@id\":\"https:\\\/\\\/comunicacity.net\\\/gaeta\\\/#website\",\"url\":\"https:\\\/\\\/comunicacity.net\\\/gaeta\\\/\",\"name\":\"Gaeta\",\"description\":\"Il Tuo Comune che Comunica\",\"potentialAction\":[{\"@type\":\"SearchAction\",\"target\":{\"@type\":\"EntryPoint\",\"urlTemplate\":\"https:\\\/\\\/comunicacity.net\\\/gaeta\\\/?s={search_term_string}\"},\"query-input\":{\"@type\":\"PropertyValueSpecification\",\"valueRequired\":true,\"valueName\":\"search_term_string\"}}],\"inLanguage\":\"it-IT\"}]}<\/script>\n<!-- \/ Yoast SEO plugin. -->","yoast_head_json":{"title":"Servizi alla Persona - Gaeta","robots":{"index":"index","follow":"follow","max-snippet":"max-snippet:-1","max-image-preview":"max-image-preview:large","max-video-preview":"max-video-preview:-1"},"canonical":"https:\/\/comunicacity.net\/gaeta\/uffici-comunali\/servizi-alla-persona\/","og_locale":"it_IT","og_type":"article","og_title":"Servizi alla Persona - Gaeta","og_description":"Servizi alla Persona Dipartimento V Antonio Zangrillo Gallinaro zangrillo@comune.gaeta.lt.it 0771 469411 Luned\u00ec, mercoled\u00ec, venerd\u00ec 9:00 \u2013 12:00 Marted\u00ec e gioved\u00ec 15:30 \u2013 17:30","og_url":"https:\/\/comunicacity.net\/gaeta\/uffici-comunali\/servizi-alla-persona\/","og_site_name":"Gaeta","og_image":[{"url":"https:\/\/comunicacity.net\/gaeta\/wp-content\/uploads\/sites\/6\/2014\/11\/gaeta.jpg","height":50,"width":50,"type":""}],"schema":{"@context":"https:\/\/schema.org","@graph":[{"@type":"WebPage","@id":"https:\/\/comunicacity.net\/gaeta\/uffici-comunali\/servizi-alla-persona\/","url":"https:\/\/comunicacity.net\/gaeta\/uffici-comunali\/servizi-alla-persona\/","name":"Servizi alla Persona - Gaeta","isPartOf":{"@id":"https:\/\/comunicacity.net\/gaeta\/#website"},"datePublished":"2015-01-15T14:52:32+00:00","breadcrumb":{"@id":"https:\/\/comunicacity.net\/gaeta\/uffici-comunali\/servizi-alla-persona\/#breadcrumb"},"inLanguage":"it-IT","potentialAction":[{"@type":"ReadAction","target":["https:\/\/comunicacity.net\/gaeta\/uffici-comunali\/servizi-alla-persona\/"]}]},{"@type":"BreadcrumbList","@id":"https:\/\/comunicacity.net\/gaeta\/uffici-comunali\/servizi-alla-persona\/#breadcrumb","itemListElement":[{"@type":"ListItem","position":1,"name":"Home","item":"https:\/\/comunicacity.net\/gaeta\/"},{"@type":"ListItem","position":2,"name":"Uffici Comunali","item":"https:\/\/comunicacity.net\/gaeta\/uffici-comunali\/"},{"@type":"ListItem","position":3,"name":"Servizi alla Persona"}]},{"@type":"WebSite","@id":"https:\/\/comunicacity.net\/gaeta\/#website","url":"https:\/\/comunicacity.net\/gaeta\/","name":"Gaeta","description":"Il Tuo Comune che Comunica","potentialAction":[{"@type":"SearchAction","target":{"@type":"EntryPoint","urlTemplate":"https:\/\/comunicacity.net\/gaeta\/?s={search_term_string}"},"query-input":{"@type":"PropertyValueSpecification","valueRequired":true,"valueName":"search_term_string"}}],"inLanguage":"it-IT"}]}},"meta_box":[],"_links":{"self":[{"href":"https:\/\/comunicacity.net\/gaeta\/wp-json\/wp\/v2\/pages\/450","targetHints":{"allow":["GET"]}}],"collection":[{"href":"https:\/\/comunicacity.net\/gaeta\/wp-json\/wp\/v2\/pages"}],"about":[{"href":"https:\/\/comunicacity.net\/gaeta\/wp-json\/wp\/v2\/types\/page"}],"author":[{"embeddable":true,"href":"https:\/\/comunicacity.net\/gaeta\/wp-json\/wp\/v2\/users\/1"}],"replies":[{"embeddable":true,"href":"https:\/\/comunicacity.net\/gaeta\/wp-json\/wp\/v2\/comments?post=450"}],"version-history":[{"count":1,"href":"https:\/\/comunicacity.net\/gaeta\/wp-json\/wp\/v2\/pages\/450\/revisions"}],"predecessor-version":[{"id":451,"href":"https:\/\/comunicacity.net\/gaeta\/wp-json\/wp\/v2\/pages\/450\/revisions\/451"}],"up":[{"embeddable":true,"href":"https:\/\/comunicacity.net\/gaeta\/wp-json\/wp\/v2\/pages\/20"}],"wp:attachment":[{"href":"https:\/\/comunicacity.net\/gaeta\/wp-json\/wp\/v2\/media?parent=450"}],"wp:term":[{"taxonomy":"category","embeddable":true,"href":"https:\/\/comunicacity.net\/gaeta\/wp-json\/wp\/v2\/categories?post=450"},{"taxonomy":"post_tag","embeddable":true,"href":"https:\/\/comunicacity.net\/gaeta\/wp-json\/wp\/v2\/tags?post=450"}],"curies":[{"name":"wp","href":"https:\/\/api.w.org\/{rel}","templated":true}]}}