{"id":456,"date":"2015-01-15T16:04:22","date_gmt":"2015-01-15T15:04:22","guid":{"rendered":"https:\/\/comunicacity.net\/gaeta\/?page_id=456"},"modified":"2015-01-15T16:04:22","modified_gmt":"2015-01-15T15:04:22","slug":"pinacoteca-comunale","status":"publish","type":"page","link":"https:\/\/comunicacity.net\/gaeta\/aperture-monumenti\/pinacoteca-comunale\/","title":{"rendered":"Pinacoteca comunale"},"content":{"rendered":"<p class=\"ccGrey\">Palazzo San Giacomo, ingresso Via De Lieto n.2\/4<\/p>\n<div class=\"ccCenter\"><img decoding=\"async\" class=\"rounded ui image\" src=\"https:\/\/comunicacity.net\/gaeta\/wp-content\/uploads\/sites\/6\/2014\/10\/pinacoteca_ico.jpg\" alt=\"pinacoteca\" \/><\/div>\n<div class=\"ccCenter\"><\/div>\n<p class=\"ccJustify\" style=\"text-align: justify;\">Nella pinacoteca comunale d&#8217;arte contemporanea &#8220;Giovanni da Gaeta&#8221; sono esposte in via permanente opere di maestri del Novecento quali Hans Hartung, Alberto Magnelli, Ladislas Kijno unitamente ad una preziosa collezione di opere di artisti nazionali tra cui Nunzio Bibb\u00f2, Ennio Calabria, Gabriele Cena, Giancarlo Isola, Carlo Montarsolo, Mario Persico e Andrea Sparaco. Nel 2013 la Pinacoteca registrer\u00e0 una esposizione di Alvaro Siza, nel 2014 \u00e8 prevista una mostra di Alberto Burri, nel 2015 sar\u00e0 la volta di Victor Vasarely.<\/p>\n<p>Recapiti:<\/p>\n<p><i class=\"fa fa-phone\"><\/i><a href=\"tel:0771466346\">0771 466346<\/a><\/p>\n<p><i class=\"fa fa-phone\"><\/i><a href=\"tel:3392776173\">339 2776173<\/a><\/p>\n<p><i class=\"fa fa-envelope\"><\/i><a href=\"mailto:info@pinacotecagiovannidagaeta.it\">info@pinacotecagiovannidagaeta.it<\/a><\/p>\n<p><i class=\"url icon\"><\/i><a href=\"http:\/\/www.pinacotecagiovannidagaeta.it\">www.pinacotecagiovannidagaeta.it<\/a><\/p>\n","protected":false},"excerpt":{"rendered":"<p>Palazzo San Giacomo, ingresso Via De Lieto n.2\/4 Nella pinacoteca comunale d&#8217;arte contemporanea &#8220;Giovanni da Gaeta&#8221; sono esposte in via permanente opere di maestri del Novecento quali Hans Hartung, Alberto [&hellip;]<\/p>\n","protected":false},"author":1,"featured_media":0,"parent":22,"menu_order":1,"comment_status":"closed","ping_status":"closed","template":"","meta":{"footnotes":""},"categories":[],"tags":[59],"class_list":["post-456","page","type-page","status-publish","hentry","tag-photo"],"yoast_head":"<!-- This site is optimized with the Yoast SEO plugin v27.4 - https:\/\/yoast.com\/product\/yoast-seo-wordpress\/ -->\n<title>Pinacoteca comunale - Gaeta<\/title>\n<meta name=\"robots\" content=\"index, follow, max-snippet:-1, max-image-preview:large, max-video-preview:-1\" \/>\n<link rel=\"canonical\" href=\"https:\/\/comunicacity.net\/gaeta\/aperture-monumenti\/pinacoteca-comunale\/\" \/>\n<meta property=\"og:locale\" content=\"it_IT\" \/>\n<meta property=\"og:type\" content=\"article\" \/>\n<meta property=\"og:title\" content=\"Pinacoteca comunale - Gaeta\" \/>\n<meta property=\"og:description\" content=\"Palazzo San Giacomo, ingresso Via De Lieto n.2\/4 Nella pinacoteca comunale d&#8217;arte contemporanea &#8220;Giovanni da Gaeta&#8221; sono esposte in via permanente opere di maestri del Novecento quali Hans Hartung, Alberto [&hellip;]\" \/>\n<meta property=\"og:url\" content=\"https:\/\/comunicacity.net\/gaeta\/aperture-monumenti\/pinacoteca-comunale\/\" \/>\n<meta property=\"og:site_name\" content=\"Gaeta\" \/>\n<meta property=\"og:image\" content=\"https:\/\/comunicacity.net\/gaeta\/wp-content\/uploads\/sites\/6\/2014\/10\/pinacoteca_ico.jpg\" \/>\n<script type=\"application\/ld+json\" class=\"yoast-schema-graph\">{\"@context\":\"https:\\\/\\\/schema.org\",\"@graph\":[{\"@type\":\"WebPage\",\"@id\":\"https:\\\/\\\/comunicacity.net\\\/gaeta\\\/aperture-monumenti\\\/pinacoteca-comunale\\\/\",\"url\":\"https:\\\/\\\/comunicacity.net\\\/gaeta\\\/aperture-monumenti\\\/pinacoteca-comunale\\\/\",\"name\":\"Pinacoteca comunale - Gaeta\",\"isPartOf\":{\"@id\":\"https:\\\/\\\/comunicacity.net\\\/gaeta\\\/#website\"},\"primaryImageOfPage\":{\"@id\":\"https:\\\/\\\/comunicacity.net\\\/gaeta\\\/aperture-monumenti\\\/pinacoteca-comunale\\\/#primaryimage\"},\"image\":{\"@id\":\"https:\\\/\\\/comunicacity.net\\\/gaeta\\\/aperture-monumenti\\\/pinacoteca-comunale\\\/#primaryimage\"},\"thumbnailUrl\":\"http:\\\/\\\/comunicacity.net\\\/gaeta\\\/wp-content\\\/uploads\\\/sites\\\/6\\\/2014\\\/10\\\/pinacoteca_ico.jpg\",\"datePublished\":\"2015-01-15T15:04:22+00:00\",\"breadcrumb\":{\"@id\":\"https:\\\/\\\/comunicacity.net\\\/gaeta\\\/aperture-monumenti\\\/pinacoteca-comunale\\\/#breadcrumb\"},\"inLanguage\":\"it-IT\",\"potentialAction\":[{\"@type\":\"ReadAction\",\"target\":[\"https:\\\/\\\/comunicacity.net\\\/gaeta\\\/aperture-monumenti\\\/pinacoteca-comunale\\\/\"]}]},{\"@type\":\"ImageObject\",\"inLanguage\":\"it-IT\",\"@id\":\"https:\\\/\\\/comunicacity.net\\\/gaeta\\\/aperture-monumenti\\\/pinacoteca-comunale\\\/#primaryimage\",\"url\":\"http:\\\/\\\/comunicacity.net\\\/gaeta\\\/wp-content\\\/uploads\\\/sites\\\/6\\\/2014\\\/10\\\/pinacoteca_ico.jpg\",\"contentUrl\":\"http:\\\/\\\/comunicacity.net\\\/gaeta\\\/wp-content\\\/uploads\\\/sites\\\/6\\\/2014\\\/10\\\/pinacoteca_ico.jpg\"},{\"@type\":\"BreadcrumbList\",\"@id\":\"https:\\\/\\\/comunicacity.net\\\/gaeta\\\/aperture-monumenti\\\/pinacoteca-comunale\\\/#breadcrumb\",\"itemListElement\":[{\"@type\":\"ListItem\",\"position\":1,\"name\":\"Home\",\"item\":\"https:\\\/\\\/comunicacity.net\\\/gaeta\\\/\"},{\"@type\":\"ListItem\",\"position\":2,\"name\":\"Monumenti\",\"item\":\"https:\\\/\\\/comunicacity.net\\\/gaeta\\\/aperture-monumenti\\\/\"},{\"@type\":\"ListItem\",\"position\":3,\"name\":\"Pinacoteca comunale\"}]},{\"@type\":\"WebSite\",\"@id\":\"https:\\\/\\\/comunicacity.net\\\/gaeta\\\/#website\",\"url\":\"https:\\\/\\\/comunicacity.net\\\/gaeta\\\/\",\"name\":\"Gaeta\",\"description\":\"Il Tuo Comune che Comunica\",\"potentialAction\":[{\"@type\":\"SearchAction\",\"target\":{\"@type\":\"EntryPoint\",\"urlTemplate\":\"https:\\\/\\\/comunicacity.net\\\/gaeta\\\/?s={search_term_string}\"},\"query-input\":{\"@type\":\"PropertyValueSpecification\",\"valueRequired\":true,\"valueName\":\"search_term_string\"}}],\"inLanguage\":\"it-IT\"}]}<\/script>\n<!-- \/ Yoast SEO plugin. -->","yoast_head_json":{"title":"Pinacoteca comunale - Gaeta","robots":{"index":"index","follow":"follow","max-snippet":"max-snippet:-1","max-image-preview":"max-image-preview:large","max-video-preview":"max-video-preview:-1"},"canonical":"https:\/\/comunicacity.net\/gaeta\/aperture-monumenti\/pinacoteca-comunale\/","og_locale":"it_IT","og_type":"article","og_title":"Pinacoteca comunale - Gaeta","og_description":"Palazzo San Giacomo, ingresso Via De Lieto n.2\/4 Nella pinacoteca comunale d&#8217;arte contemporanea &#8220;Giovanni da Gaeta&#8221; sono esposte in via permanente opere di maestri del Novecento quali Hans Hartung, Alberto [&hellip;]","og_url":"https:\/\/comunicacity.net\/gaeta\/aperture-monumenti\/pinacoteca-comunale\/","og_site_name":"Gaeta","og_image":[{"url":"https:\/\/comunicacity.net\/gaeta\/wp-content\/uploads\/sites\/6\/2014\/10\/pinacoteca_ico.jpg","type":"","width":"","height":""}],"schema":{"@context":"https:\/\/schema.org","@graph":[{"@type":"WebPage","@id":"https:\/\/comunicacity.net\/gaeta\/aperture-monumenti\/pinacoteca-comunale\/","url":"https:\/\/comunicacity.net\/gaeta\/aperture-monumenti\/pinacoteca-comunale\/","name":"Pinacoteca comunale - Gaeta","isPartOf":{"@id":"https:\/\/comunicacity.net\/gaeta\/#website"},"primaryImageOfPage":{"@id":"https:\/\/comunicacity.net\/gaeta\/aperture-monumenti\/pinacoteca-comunale\/#primaryimage"},"image":{"@id":"https:\/\/comunicacity.net\/gaeta\/aperture-monumenti\/pinacoteca-comunale\/#primaryimage"},"thumbnailUrl":"https:\/\/comunicacity.net\/gaeta\/wp-content\/uploads\/sites\/6\/2014\/10\/pinacoteca_ico.jpg","datePublished":"2015-01-15T15:04:22+00:00","breadcrumb":{"@id":"https:\/\/comunicacity.net\/gaeta\/aperture-monumenti\/pinacoteca-comunale\/#breadcrumb"},"inLanguage":"it-IT","potentialAction":[{"@type":"ReadAction","target":["https:\/\/comunicacity.net\/gaeta\/aperture-monumenti\/pinacoteca-comunale\/"]}]},{"@type":"ImageObject","inLanguage":"it-IT","@id":"https:\/\/comunicacity.net\/gaeta\/aperture-monumenti\/pinacoteca-comunale\/#primaryimage","url":"https:\/\/comunicacity.net\/gaeta\/wp-content\/uploads\/sites\/6\/2014\/10\/pinacoteca_ico.jpg","contentUrl":"https:\/\/comunicacity.net\/gaeta\/wp-content\/uploads\/sites\/6\/2014\/10\/pinacoteca_ico.jpg"},{"@type":"BreadcrumbList","@id":"https:\/\/comunicacity.net\/gaeta\/aperture-monumenti\/pinacoteca-comunale\/#breadcrumb","itemListElement":[{"@type":"ListItem","position":1,"name":"Home","item":"https:\/\/comunicacity.net\/gaeta\/"},{"@type":"ListItem","position":2,"name":"Monumenti","item":"https:\/\/comunicacity.net\/gaeta\/aperture-monumenti\/"},{"@type":"ListItem","position":3,"name":"Pinacoteca comunale"}]},{"@type":"WebSite","@id":"https:\/\/comunicacity.net\/gaeta\/#website","url":"https:\/\/comunicacity.net\/gaeta\/","name":"Gaeta","description":"Il Tuo Comune che Comunica","potentialAction":[{"@type":"SearchAction","target":{"@type":"EntryPoint","urlTemplate":"https:\/\/comunicacity.net\/gaeta\/?s={search_term_string}"},"query-input":{"@type":"PropertyValueSpecification","valueRequired":true,"valueName":"search_term_string"}}],"inLanguage":"it-IT"}]}},"meta_box":[],"_links":{"self":[{"href":"https:\/\/comunicacity.net\/gaeta\/wp-json\/wp\/v2\/pages\/456","targetHints":{"allow":["GET"]}}],"collection":[{"href":"https:\/\/comunicacity.net\/gaeta\/wp-json\/wp\/v2\/pages"}],"about":[{"href":"https:\/\/comunicacity.net\/gaeta\/wp-json\/wp\/v2\/types\/page"}],"author":[{"embeddable":true,"href":"https:\/\/comunicacity.net\/gaeta\/wp-json\/wp\/v2\/users\/1"}],"replies":[{"embeddable":true,"href":"https:\/\/comunicacity.net\/gaeta\/wp-json\/wp\/v2\/comments?post=456"}],"version-history":[{"count":1,"href":"https:\/\/comunicacity.net\/gaeta\/wp-json\/wp\/v2\/pages\/456\/revisions"}],"predecessor-version":[{"id":457,"href":"https:\/\/comunicacity.net\/gaeta\/wp-json\/wp\/v2\/pages\/456\/revisions\/457"}],"up":[{"embeddable":true,"href":"https:\/\/comunicacity.net\/gaeta\/wp-json\/wp\/v2\/pages\/22"}],"wp:attachment":[{"href":"https:\/\/comunicacity.net\/gaeta\/wp-json\/wp\/v2\/media?parent=456"}],"wp:term":[{"taxonomy":"category","embeddable":true,"href":"https:\/\/comunicacity.net\/gaeta\/wp-json\/wp\/v2\/categories?post=456"},{"taxonomy":"post_tag","embeddable":true,"href":"https:\/\/comunicacity.net\/gaeta\/wp-json\/wp\/v2\/tags?post=456"}],"curies":[{"name":"wp","href":"https:\/\/api.w.org\/{rel}","templated":true}]}}