{"id":54,"date":"2015-03-23T16:28:55","date_gmt":"2015-03-23T16:28:55","guid":{"rendered":"https:\/\/comunicacity.net\/montesegale\/?page_id=54"},"modified":"2015-03-25T13:01:51","modified_gmt":"2015-03-25T13:01:51","slug":"salame-di-varzi","status":"publish","type":"page","link":"https:\/\/comunicacity.net\/montesegale\/salame-di-varzi\/","title":{"rendered":"Salame di Varzi"},"content":{"rendered":"<div class=\"ccCenter\"><img decoding=\"async\" class=\"rounded ui image large\" src=\"https:\/\/comunicacity.net\/montesegale\/wp-content\/uploads\/sites\/26\/2015\/03\/salami.jpg\" alt=\"facciata\" \/><\/div>\n<p style=\"text-align: justify;\">Non solo De.Co., ma anche D.O.P.: l\u2019eccellenza a Montesegale assume le antiche e pregiate vesti del <strong>Salame di Varzi D.O.P.<\/strong> (Reg. CE n. 1107\/96). Il territorio del comune \u00e8 infatti integralmente inserito nell&#8217;area, identificata dal disciplinare di produzione, dove \u00e8 possibile produrre il pi\u00f9 celebre insaccato dell&#8217;Oltrep\u00f2, uno dei pi\u00f9 importanti dell\u2019intera Lombardia.<\/p>\n<p style=\"text-align: justify;\">Le origini di questo salume si perdono nel tempo: se non \u00e8 possibile dare una data precisa, \u00e8 risaputo (e confermato) che alcuni toponimi della valle Staffora di et\u00e0 romana facevano riferimento all&#8217;allevamento del maiale.<\/p>\n<p style=\"text-align: justify;\">\nIl salame rappresenta l\u2019elaborazione pi\u00f9 comune, ma contemporaneamente la pi\u00f9 elaborata, delle societ\u00e0 contadine passate; a Varzi, come a Montesegale e pi\u00f9 in generale nell&#8217;Oltrep\u00f2 Pavese occidentale, particolari condizioni climatiche, l\u2019unione cio\u00e8 delle brezze marine provenienti dal Mar Ligure con i pi\u00f9 freddi venti di montagna, hanno reso il salame un prodotto assolutamente unico. L\u2019equilibrata miscelazione di parti magre e grasse dei migliori tagli suini, sapientemente speziati e aromatizzati, dopo una lunga stagionatura a temperatura e umidit\u00e0 controllate, permettono la nascita del salame di Varzi.<\/p>\n<p style=\"text-align: justify;\">La zona di produzione comprende: Bagnaria, Brallo di Preg\u00f2la, Cecima, Fortunago, Godiasco, Menconico, Montesegale, Ponte Nizza, Rocca Susella, Romagnese, Santa Margherita St\u00e0ffora, Val di Nizza, Valverde, Varzi, Zavattarello.<\/p>\n","protected":false},"excerpt":{"rendered":"<p>Non solo De.Co., ma anche D.O.P.: l\u2019eccellenza a Montesegale assume le antiche e pregiate vesti del Salame di Varzi D.O.P. (Reg. CE n. 1107\/96). Il territorio del comune \u00e8 infatti [&hellip;]<\/p>\n","protected":false},"author":1,"featured_media":0,"parent":0,"menu_order":11,"comment_status":"closed","ping_status":"closed","template":"","meta":{"footnotes":""},"categories":[],"tags":[19],"class_list":["post-54","page","type-page","status-publish","hentry","tag-food"],"yoast_head":"<!-- This site is optimized with the Yoast SEO plugin v27.4 - https:\/\/yoast.com\/product\/yoast-seo-wordpress\/ -->\n<title>Salame di Varzi - Montesegale<\/title>\n<meta name=\"robots\" content=\"index, follow, max-snippet:-1, max-image-preview:large, max-video-preview:-1\" \/>\n<link rel=\"canonical\" href=\"https:\/\/comunicacity.net\/montesegale\/salame-di-varzi\/\" \/>\n<meta property=\"og:locale\" content=\"it_IT\" \/>\n<meta property=\"og:type\" content=\"article\" \/>\n<meta property=\"og:title\" content=\"Salame di Varzi - Montesegale\" \/>\n<meta property=\"og:description\" content=\"Non solo De.Co., ma anche D.O.P.: l\u2019eccellenza a Montesegale assume le antiche e pregiate vesti del Salame di Varzi D.O.P. (Reg. CE n. 1107\/96). Il territorio del comune \u00e8 infatti [&hellip;]\" \/>\n<meta property=\"og:url\" content=\"https:\/\/comunicacity.net\/montesegale\/salame-di-varzi\/\" \/>\n<meta property=\"og:site_name\" content=\"Montesegale\" \/>\n<meta property=\"article:modified_time\" content=\"2015-03-25T13:01:51+00:00\" \/>\n<meta property=\"og:image\" content=\"https:\/\/comunicacity.net\/montesegale\/wp-content\/uploads\/sites\/26\/2015\/03\/salami.jpg\" \/>\n<meta name=\"twitter:label1\" content=\"Tempo di lettura stimato\" \/>\n\t<meta name=\"twitter:data1\" content=\"1 minuto\" \/>\n<script type=\"application\/ld+json\" class=\"yoast-schema-graph\">{\"@context\":\"https:\\\/\\\/schema.org\",\"@graph\":[{\"@type\":\"WebPage\",\"@id\":\"https:\\\/\\\/comunicacity.net\\\/montesegale\\\/salame-di-varzi\\\/\",\"url\":\"https:\\\/\\\/comunicacity.net\\\/montesegale\\\/salame-di-varzi\\\/\",\"name\":\"Salame di Varzi - Montesegale\",\"isPartOf\":{\"@id\":\"https:\\\/\\\/comunicacity.net\\\/montesegale\\\/#website\"},\"primaryImageOfPage\":{\"@id\":\"https:\\\/\\\/comunicacity.net\\\/montesegale\\\/salame-di-varzi\\\/#primaryimage\"},\"image\":{\"@id\":\"https:\\\/\\\/comunicacity.net\\\/montesegale\\\/salame-di-varzi\\\/#primaryimage\"},\"thumbnailUrl\":\"http:\\\/\\\/comunicacity.net\\\/montesegale\\\/wp-content\\\/uploads\\\/sites\\\/26\\\/2015\\\/03\\\/salami.jpg\",\"datePublished\":\"2015-03-23T16:28:55+00:00\",\"dateModified\":\"2015-03-25T13:01:51+00:00\",\"breadcrumb\":{\"@id\":\"https:\\\/\\\/comunicacity.net\\\/montesegale\\\/salame-di-varzi\\\/#breadcrumb\"},\"inLanguage\":\"it-IT\",\"potentialAction\":[{\"@type\":\"ReadAction\",\"target\":[\"https:\\\/\\\/comunicacity.net\\\/montesegale\\\/salame-di-varzi\\\/\"]}]},{\"@type\":\"ImageObject\",\"inLanguage\":\"it-IT\",\"@id\":\"https:\\\/\\\/comunicacity.net\\\/montesegale\\\/salame-di-varzi\\\/#primaryimage\",\"url\":\"http:\\\/\\\/comunicacity.net\\\/montesegale\\\/wp-content\\\/uploads\\\/sites\\\/26\\\/2015\\\/03\\\/salami.jpg\",\"contentUrl\":\"http:\\\/\\\/comunicacity.net\\\/montesegale\\\/wp-content\\\/uploads\\\/sites\\\/26\\\/2015\\\/03\\\/salami.jpg\"},{\"@type\":\"BreadcrumbList\",\"@id\":\"https:\\\/\\\/comunicacity.net\\\/montesegale\\\/salame-di-varzi\\\/#breadcrumb\",\"itemListElement\":[{\"@type\":\"ListItem\",\"position\":1,\"name\":\"Home\",\"item\":\"https:\\\/\\\/comunicacity.net\\\/montesegale\\\/\"},{\"@type\":\"ListItem\",\"position\":2,\"name\":\"Salame di Varzi\"}]},{\"@type\":\"WebSite\",\"@id\":\"https:\\\/\\\/comunicacity.net\\\/montesegale\\\/#website\",\"url\":\"https:\\\/\\\/comunicacity.net\\\/montesegale\\\/\",\"name\":\"Montesegale\",\"description\":\"Il Tuo Comune che Comunica\",\"potentialAction\":[{\"@type\":\"SearchAction\",\"target\":{\"@type\":\"EntryPoint\",\"urlTemplate\":\"https:\\\/\\\/comunicacity.net\\\/montesegale\\\/?s={search_term_string}\"},\"query-input\":{\"@type\":\"PropertyValueSpecification\",\"valueRequired\":true,\"valueName\":\"search_term_string\"}}],\"inLanguage\":\"it-IT\"}]}<\/script>\n<!-- \/ Yoast SEO plugin. -->","yoast_head_json":{"title":"Salame di Varzi - Montesegale","robots":{"index":"index","follow":"follow","max-snippet":"max-snippet:-1","max-image-preview":"max-image-preview:large","max-video-preview":"max-video-preview:-1"},"canonical":"https:\/\/comunicacity.net\/montesegale\/salame-di-varzi\/","og_locale":"it_IT","og_type":"article","og_title":"Salame di Varzi - Montesegale","og_description":"Non solo De.Co., ma anche D.O.P.: l\u2019eccellenza a Montesegale assume le antiche e pregiate vesti del Salame di Varzi D.O.P. (Reg. CE n. 1107\/96). Il territorio del comune \u00e8 infatti [&hellip;]","og_url":"https:\/\/comunicacity.net\/montesegale\/salame-di-varzi\/","og_site_name":"Montesegale","article_modified_time":"2015-03-25T13:01:51+00:00","og_image":[{"url":"https:\/\/comunicacity.net\/montesegale\/wp-content\/uploads\/sites\/26\/2015\/03\/salami.jpg","type":"","width":"","height":""}],"twitter_misc":{"Tempo di lettura stimato":"1 minuto"},"schema":{"@context":"https:\/\/schema.org","@graph":[{"@type":"WebPage","@id":"https:\/\/comunicacity.net\/montesegale\/salame-di-varzi\/","url":"https:\/\/comunicacity.net\/montesegale\/salame-di-varzi\/","name":"Salame di Varzi - Montesegale","isPartOf":{"@id":"https:\/\/comunicacity.net\/montesegale\/#website"},"primaryImageOfPage":{"@id":"https:\/\/comunicacity.net\/montesegale\/salame-di-varzi\/#primaryimage"},"image":{"@id":"https:\/\/comunicacity.net\/montesegale\/salame-di-varzi\/#primaryimage"},"thumbnailUrl":"https:\/\/comunicacity.net\/montesegale\/wp-content\/uploads\/sites\/26\/2015\/03\/salami.jpg","datePublished":"2015-03-23T16:28:55+00:00","dateModified":"2015-03-25T13:01:51+00:00","breadcrumb":{"@id":"https:\/\/comunicacity.net\/montesegale\/salame-di-varzi\/#breadcrumb"},"inLanguage":"it-IT","potentialAction":[{"@type":"ReadAction","target":["https:\/\/comunicacity.net\/montesegale\/salame-di-varzi\/"]}]},{"@type":"ImageObject","inLanguage":"it-IT","@id":"https:\/\/comunicacity.net\/montesegale\/salame-di-varzi\/#primaryimage","url":"https:\/\/comunicacity.net\/montesegale\/wp-content\/uploads\/sites\/26\/2015\/03\/salami.jpg","contentUrl":"https:\/\/comunicacity.net\/montesegale\/wp-content\/uploads\/sites\/26\/2015\/03\/salami.jpg"},{"@type":"BreadcrumbList","@id":"https:\/\/comunicacity.net\/montesegale\/salame-di-varzi\/#breadcrumb","itemListElement":[{"@type":"ListItem","position":1,"name":"Home","item":"https:\/\/comunicacity.net\/montesegale\/"},{"@type":"ListItem","position":2,"name":"Salame di Varzi"}]},{"@type":"WebSite","@id":"https:\/\/comunicacity.net\/montesegale\/#website","url":"https:\/\/comunicacity.net\/montesegale\/","name":"Montesegale","description":"Il Tuo Comune che Comunica","potentialAction":[{"@type":"SearchAction","target":{"@type":"EntryPoint","urlTemplate":"https:\/\/comunicacity.net\/montesegale\/?s={search_term_string}"},"query-input":{"@type":"PropertyValueSpecification","valueRequired":true,"valueName":"search_term_string"}}],"inLanguage":"it-IT"}]}},"meta_box":[],"_links":{"self":[{"href":"https:\/\/comunicacity.net\/montesegale\/wp-json\/wp\/v2\/pages\/54","targetHints":{"allow":["GET"]}}],"collection":[{"href":"https:\/\/comunicacity.net\/montesegale\/wp-json\/wp\/v2\/pages"}],"about":[{"href":"https:\/\/comunicacity.net\/montesegale\/wp-json\/wp\/v2\/types\/page"}],"author":[{"embeddable":true,"href":"https:\/\/comunicacity.net\/montesegale\/wp-json\/wp\/v2\/users\/1"}],"replies":[{"embeddable":true,"href":"https:\/\/comunicacity.net\/montesegale\/wp-json\/wp\/v2\/comments?post=54"}],"version-history":[{"count":2,"href":"https:\/\/comunicacity.net\/montesegale\/wp-json\/wp\/v2\/pages\/54\/revisions"}],"predecessor-version":[{"id":158,"href":"https:\/\/comunicacity.net\/montesegale\/wp-json\/wp\/v2\/pages\/54\/revisions\/158"}],"wp:attachment":[{"href":"https:\/\/comunicacity.net\/montesegale\/wp-json\/wp\/v2\/media?parent=54"}],"wp:term":[{"taxonomy":"category","embeddable":true,"href":"https:\/\/comunicacity.net\/montesegale\/wp-json\/wp\/v2\/categories?post=54"},{"taxonomy":"post_tag","embeddable":true,"href":"https:\/\/comunicacity.net\/montesegale\/wp-json\/wp\/v2\/tags?post=54"}],"curies":[{"name":"wp","href":"https:\/\/api.w.org\/{rel}","templated":true}]}}