{"id":76,"date":"2015-03-23T16:49:09","date_gmt":"2015-03-23T16:49:09","guid":{"rendered":"https:\/\/comunicacity.net\/montesegale\/?page_id=76"},"modified":"2015-03-23T16:49:58","modified_gmt":"2015-03-23T16:49:58","slug":"cambio-di-residenza","status":"publish","type":"page","link":"https:\/\/comunicacity.net\/montesegale\/servizi-al-cittadino\/cambio-di-residenza\/","title":{"rendered":"Cambio di Residenza"},"content":{"rendered":"<p style=\"text-align: justify;\">Contestualmente all&#8217;aggiornamento dei propri dati e documenti in relazione al cambio di residenza, il cittadino residente nel Comune di Montesegale, ha la possibilit\u00e0 di effettuare l\u2019aggiornamento della patente e dei libretti di circolazione dei veicoli di propriet\u00e0 dei componenti il nucleo familiare.<\/p>\n<div class=\"field field-name-body field-type-text-with-summary field-label-hidden\" style=\"text-align: justify;\">\n<div class=\"field-items\">\n<div class=\"field-item even\">\n<p><strong>Trasferimento di residenza all&#8217;interno del Comune\/cambio di indirizzo:<\/strong><br \/>\nChi cambia abitazione e quindi indirizzo nell&#8217;ambito dello stesso Comune di residenza, deve comunicare la variazione agli Uffici Comunali entro 20 giorni dall&#8217;avvenuto trasferimento.<br \/>\nSe il trasferimento riguarda la famiglia, la comunicazione pu\u00f2 essere inoltrata anche da uno dei componenti maggiorenni. La stessa richiesta pu\u00f2 essere spedita anche a mezzo raccomandata purch\u00e9 corredata dalla documentazione necessaria.<br \/>\nPer il cambio d\u2019indirizzo \u00e8 necessario presentare:<br \/>\n&#8211; un documento d\u2019identit\u00e0 in corso di validit\u00e0.<br \/>\nPer il contestuale aggiornamento presentare:<br \/>\n&#8211; la patente di guida;<br \/>\n&#8211; i libretti di circolazione delle auto intestate ai componenti il nucleo familiare.<\/p>\n<p><strong>Trasferimento di residenza da altro Comune<\/strong><br \/>\nIl trasferimento di residenza da altro Comune \u00e8 subordinato ad accertamento positivo da parte di un addetto comunale.<br \/>\nIl cittadino deve presentare richiesta al momento del trasferimento nel Comune.<br \/>\nLa documentazione richiesta \u00e8:<br \/>\n&#8211; un documento d\u2019identit\u00e0 in corso di validit\u00e0<br \/>\n&#8211; la patente di guida<br \/>\n&#8211; i libretti di circolazione delle auto intestate ai componenti il nucleo familiare.<\/p>\n<p><strong>Trasferimento di residenza in altro Comune<\/strong><br \/>\nIl trasferimento di residenza in altro Comune consiste nella cancellazione dall&#8217;anagrafe della popolazione residente.<br \/>\nIl cittadino deve recarsi presso il Comune di nuova residenza per richiedere l\u2019iscrizione.<br \/>\nOgni trasferimento \u00e8 sempre subordinato ad accertamento positivo da parte del Servizio di Polizia Locale o altra funzione delegata. In caso di<br \/>\naccertamento negativo, al cittadino sar\u00e0 inviata una comunicazione di preavviso di rigetto con la possibilit\u00e0 di presentare osservazioni entro 10 gg. dal ricevimento della comunicazione stessa.<\/p>\n<p><strong>Quanto costa<\/strong><br \/>\nNon sono previsti costi.<\/p>\n<\/div>\n<\/div>\n<\/div>\n<div class=\"field field-name-field-servizi-ufficio field-type-node-reference field-label-above\" style=\"text-align: justify;\">\n<div class=\"field-label\">Ufficio di competenza:<\/div>\n<div class=\"field-items\">\n<div class=\"field-item even\">Ufficio Demografico e Stato Civile<\/div>\n<div class=\"field-item even\"><\/div>\n<\/div>\n<\/div>\n<div class=\"field field-name-field-modulistica field-type-file field-label-above\">\n<div class=\"field-label\" style=\"text-align: justify;\">Modulistica:<\/div>\n<div class=\"field-label\" style=\"text-align: justify;\"><\/div>\n<div class=\"field-label\" style=\"text-align: justify;\"><a href=\"https:\/\/comunicacity.net\/montesegale\/wp-content\/uploads\/sites\/26\/2015\/03\/Dichiarazione-cambio-abitazione.pdf\">Comunicazione cambio abitazione all\u2019interno del territorio comunale<\/a><\/div>\n<div class=\"field-label\" style=\"text-align: justify;\"><\/div>\n<div class=\"field-label\" style=\"text-align: justify;\"><a href=\"https:\/\/comunicacity.net\/montesegale\/wp-content\/uploads\/sites\/26\/2015\/03\/Richiesta-residenza-in-tempo-reale.pdf\">Cambio di residenza in tempo reale<\/a><\/div>\n<\/div>\n","protected":false},"excerpt":{"rendered":"<p>Contestualmente all&#8217;aggiornamento dei propri dati e documenti in relazione al cambio di residenza, il cittadino residente nel Comune di Montesegale, ha la possibilit\u00e0 di effettuare l\u2019aggiornamento della patente e dei [&hellip;]<\/p>\n","protected":false},"author":1,"featured_media":0,"parent":69,"menu_order":3,"comment_status":"closed","ping_status":"closed","template":"","meta":{"footnotes":""},"categories":[],"tags":[21],"class_list":["post-76","page","type-page","status-publish","hentry","tag-text-file"],"yoast_head":"<!-- This site is optimized with the Yoast SEO plugin v27.4 - https:\/\/yoast.com\/product\/yoast-seo-wordpress\/ -->\n<title>Cambio di Residenza - Montesegale<\/title>\n<meta name=\"robots\" content=\"index, follow, max-snippet:-1, max-image-preview:large, max-video-preview:-1\" \/>\n<link rel=\"canonical\" href=\"https:\/\/comunicacity.net\/montesegale\/servizi-al-cittadino\/cambio-di-residenza\/\" \/>\n<meta property=\"og:locale\" content=\"it_IT\" \/>\n<meta property=\"og:type\" content=\"article\" \/>\n<meta property=\"og:title\" content=\"Cambio di Residenza - Montesegale\" \/>\n<meta property=\"og:description\" content=\"Contestualmente all&#8217;aggiornamento dei propri dati e documenti in relazione al cambio di residenza, il cittadino residente nel Comune di Montesegale, ha la possibilit\u00e0 di effettuare l\u2019aggiornamento della patente e dei [&hellip;]\" \/>\n<meta property=\"og:url\" content=\"https:\/\/comunicacity.net\/montesegale\/servizi-al-cittadino\/cambio-di-residenza\/\" \/>\n<meta property=\"og:site_name\" content=\"Montesegale\" \/>\n<meta property=\"article:modified_time\" content=\"2015-03-23T16:49:58+00:00\" \/>\n<meta property=\"og:image\" content=\"https:\/\/comunicacity.net\/montesegale\/wp-content\/uploads\/sites\/26\/2015\/03\/montesegale.jpg\" \/>\n\t<meta property=\"og:image:width\" content=\"50\" \/>\n\t<meta property=\"og:image:height\" content=\"50\" \/>\n<meta name=\"twitter:label1\" content=\"Tempo di lettura stimato\" \/>\n\t<meta name=\"twitter:data1\" content=\"2 minuti\" \/>\n<script type=\"application\/ld+json\" class=\"yoast-schema-graph\">{\"@context\":\"https:\\\/\\\/schema.org\",\"@graph\":[{\"@type\":\"WebPage\",\"@id\":\"https:\\\/\\\/comunicacity.net\\\/montesegale\\\/servizi-al-cittadino\\\/cambio-di-residenza\\\/\",\"url\":\"https:\\\/\\\/comunicacity.net\\\/montesegale\\\/servizi-al-cittadino\\\/cambio-di-residenza\\\/\",\"name\":\"Cambio di Residenza - Montesegale\",\"isPartOf\":{\"@id\":\"https:\\\/\\\/comunicacity.net\\\/montesegale\\\/#website\"},\"datePublished\":\"2015-03-23T16:49:09+00:00\",\"dateModified\":\"2015-03-23T16:49:58+00:00\",\"breadcrumb\":{\"@id\":\"https:\\\/\\\/comunicacity.net\\\/montesegale\\\/servizi-al-cittadino\\\/cambio-di-residenza\\\/#breadcrumb\"},\"inLanguage\":\"it-IT\",\"potentialAction\":[{\"@type\":\"ReadAction\",\"target\":[\"https:\\\/\\\/comunicacity.net\\\/montesegale\\\/servizi-al-cittadino\\\/cambio-di-residenza\\\/\"]}]},{\"@type\":\"BreadcrumbList\",\"@id\":\"https:\\\/\\\/comunicacity.net\\\/montesegale\\\/servizi-al-cittadino\\\/cambio-di-residenza\\\/#breadcrumb\",\"itemListElement\":[{\"@type\":\"ListItem\",\"position\":1,\"name\":\"Home\",\"item\":\"https:\\\/\\\/comunicacity.net\\\/montesegale\\\/\"},{\"@type\":\"ListItem\",\"position\":2,\"name\":\"Servizi al Cittadino\",\"item\":\"https:\\\/\\\/comunicacity.net\\\/montesegale\\\/servizi-al-cittadino\\\/\"},{\"@type\":\"ListItem\",\"position\":3,\"name\":\"Cambio di Residenza\"}]},{\"@type\":\"WebSite\",\"@id\":\"https:\\\/\\\/comunicacity.net\\\/montesegale\\\/#website\",\"url\":\"https:\\\/\\\/comunicacity.net\\\/montesegale\\\/\",\"name\":\"Montesegale\",\"description\":\"Il Tuo Comune che Comunica\",\"potentialAction\":[{\"@type\":\"SearchAction\",\"target\":{\"@type\":\"EntryPoint\",\"urlTemplate\":\"https:\\\/\\\/comunicacity.net\\\/montesegale\\\/?s={search_term_string}\"},\"query-input\":{\"@type\":\"PropertyValueSpecification\",\"valueRequired\":true,\"valueName\":\"search_term_string\"}}],\"inLanguage\":\"it-IT\"}]}<\/script>\n<!-- \/ Yoast SEO plugin. -->","yoast_head_json":{"title":"Cambio di Residenza - Montesegale","robots":{"index":"index","follow":"follow","max-snippet":"max-snippet:-1","max-image-preview":"max-image-preview:large","max-video-preview":"max-video-preview:-1"},"canonical":"https:\/\/comunicacity.net\/montesegale\/servizi-al-cittadino\/cambio-di-residenza\/","og_locale":"it_IT","og_type":"article","og_title":"Cambio di Residenza - Montesegale","og_description":"Contestualmente all&#8217;aggiornamento dei propri dati e documenti in relazione al cambio di residenza, il cittadino residente nel Comune di Montesegale, ha la possibilit\u00e0 di effettuare l\u2019aggiornamento della patente e dei [&hellip;]","og_url":"https:\/\/comunicacity.net\/montesegale\/servizi-al-cittadino\/cambio-di-residenza\/","og_site_name":"Montesegale","article_modified_time":"2015-03-23T16:49:58+00:00","og_image":[{"url":"https:\/\/comunicacity.net\/montesegale\/wp-content\/uploads\/sites\/26\/2015\/03\/montesegale.jpg","height":50,"width":50,"type":""}],"twitter_misc":{"Tempo di lettura stimato":"2 minuti"},"schema":{"@context":"https:\/\/schema.org","@graph":[{"@type":"WebPage","@id":"https:\/\/comunicacity.net\/montesegale\/servizi-al-cittadino\/cambio-di-residenza\/","url":"https:\/\/comunicacity.net\/montesegale\/servizi-al-cittadino\/cambio-di-residenza\/","name":"Cambio di Residenza - Montesegale","isPartOf":{"@id":"https:\/\/comunicacity.net\/montesegale\/#website"},"datePublished":"2015-03-23T16:49:09+00:00","dateModified":"2015-03-23T16:49:58+00:00","breadcrumb":{"@id":"https:\/\/comunicacity.net\/montesegale\/servizi-al-cittadino\/cambio-di-residenza\/#breadcrumb"},"inLanguage":"it-IT","potentialAction":[{"@type":"ReadAction","target":["https:\/\/comunicacity.net\/montesegale\/servizi-al-cittadino\/cambio-di-residenza\/"]}]},{"@type":"BreadcrumbList","@id":"https:\/\/comunicacity.net\/montesegale\/servizi-al-cittadino\/cambio-di-residenza\/#breadcrumb","itemListElement":[{"@type":"ListItem","position":1,"name":"Home","item":"https:\/\/comunicacity.net\/montesegale\/"},{"@type":"ListItem","position":2,"name":"Servizi al Cittadino","item":"https:\/\/comunicacity.net\/montesegale\/servizi-al-cittadino\/"},{"@type":"ListItem","position":3,"name":"Cambio di Residenza"}]},{"@type":"WebSite","@id":"https:\/\/comunicacity.net\/montesegale\/#website","url":"https:\/\/comunicacity.net\/montesegale\/","name":"Montesegale","description":"Il Tuo Comune che Comunica","potentialAction":[{"@type":"SearchAction","target":{"@type":"EntryPoint","urlTemplate":"https:\/\/comunicacity.net\/montesegale\/?s={search_term_string}"},"query-input":{"@type":"PropertyValueSpecification","valueRequired":true,"valueName":"search_term_string"}}],"inLanguage":"it-IT"}]}},"meta_box":[],"_links":{"self":[{"href":"https:\/\/comunicacity.net\/montesegale\/wp-json\/wp\/v2\/pages\/76","targetHints":{"allow":["GET"]}}],"collection":[{"href":"https:\/\/comunicacity.net\/montesegale\/wp-json\/wp\/v2\/pages"}],"about":[{"href":"https:\/\/comunicacity.net\/montesegale\/wp-json\/wp\/v2\/types\/page"}],"author":[{"embeddable":true,"href":"https:\/\/comunicacity.net\/montesegale\/wp-json\/wp\/v2\/users\/1"}],"replies":[{"embeddable":true,"href":"https:\/\/comunicacity.net\/montesegale\/wp-json\/wp\/v2\/comments?post=76"}],"version-history":[{"count":2,"href":"https:\/\/comunicacity.net\/montesegale\/wp-json\/wp\/v2\/pages\/76\/revisions"}],"predecessor-version":[{"id":80,"href":"https:\/\/comunicacity.net\/montesegale\/wp-json\/wp\/v2\/pages\/76\/revisions\/80"}],"up":[{"embeddable":true,"href":"https:\/\/comunicacity.net\/montesegale\/wp-json\/wp\/v2\/pages\/69"}],"wp:attachment":[{"href":"https:\/\/comunicacity.net\/montesegale\/wp-json\/wp\/v2\/media?parent=76"}],"wp:term":[{"taxonomy":"category","embeddable":true,"href":"https:\/\/comunicacity.net\/montesegale\/wp-json\/wp\/v2\/categories?post=76"},{"taxonomy":"post_tag","embeddable":true,"href":"https:\/\/comunicacity.net\/montesegale\/wp-json\/wp\/v2\/tags?post=76"}],"curies":[{"name":"wp","href":"https:\/\/api.w.org\/{rel}","templated":true}]}}