{"id":5,"date":"2014-12-22T14:02:16","date_gmt":"2014-12-22T14:02:16","guid":{"rendered":"https:\/\/comunicacity.net\/pescopennataro\/?page_id=5"},"modified":"2014-12-22T15:43:37","modified_gmt":"2014-12-22T15:43:37","slug":"storia","status":"publish","type":"page","link":"https:\/\/comunicacity.net\/pescopennataro\/storia\/","title":{"rendered":"Storia"},"content":{"rendered":"<p style=\"text-align: justify;\">Si ritiene che il comune sia stato fondato in et\u00e0 normanna, nell\u2019XI secolo. Non vi sono dubbi che il nome del paese derivi dalla duplice circostanza di essere posizionato su una grande roccia (pesclum o peschio) e che tale roccia abbia la forma appuntita (pinnata). Eventi disastrosi dovuti alla follia dell\u2019uomo ma anche alle forze della natura hanno di fatto cancellato il disegno dell\u2019impianto del nucleo antico di Pescopennataro, sicch\u00e9, nella parte pi\u00f9 alta della roccia che si affaccia sulla valle del Sangro, rimangono deboli segni delle fondazioni di un antico castello, sicuramente esistente in epoca normanna, ma probabilmente di origine longobarda come altre fortificazioni di questa parte ancora sconosciuta del meridione italiano. Sappiamo che Raynaldus filius Anibalis intorno alla met\u00e0 del XII secolo teneva in feudo, nella Terra Burrellense, Pesclum Pignaturum quod est pheudum III militum. E se Pescopennataro era un feudo di tre militi, la rendita era pari a 60 once d\u2019oro, ovvero tre volte maggiore di quelle dei paesi circostanti. Di questo Rainaldo abbiamo qualche notizia perch\u00e9 nel 1154 era presente a Termoli per sottoscrivere una donazione del conte Roberto III di Loritello e nel 1166 era a Belmonte del Sannio a sottoscrivere un\u2019altra donazione fatta con il consenso di Oderisio dei conti Borrello alla chiesa del beato Lorenzo de Carcamo. Ugualmente del sistema di difesa angioino non vi \u00e8 pi\u00f9 alcuna traccia consistente anche se sappiamo che subito dopo l\u2019ascesa di Carlo d\u2019Angi\u00f2, Pescopennataro fu assegnato al potente Rodolfo de Courtanay, morto nel 1271 senza eredi maschi. Sua figlia Matilde and\u00f2 sposa a Filippo di Fiandra ed il feudo dopo qualche tempo fin\u00ec alla famiglia Sabr\u00e0n. Poi pass\u00f2 ai Cantelmo che vediamo signori di Pescopennataro almeno dal 1422. Passato ai Caldora, il feudo fu confiscato ad Antonio dopo gli avvenimenti del 1465. Fu feudo dei d\u2019Afflitto e poi dei Caracciolo-Pignatelli ed infine della famiglia del Monaco.<\/p>\n<p style=\"text-align: justify;\">Il paese ha subito profonde trasformazioni per la distruzione di un gran numero di case che una volta erano tutte fatte con la pietra che abili scalpellini locali estraevano dalla roccia su cui il paese si era sviluppato. Un\u2019attivit\u00e0 che li rese celebri in tutto il territorio circostante. Se oggi qui sono poche le pietre lavorate, in altri paesi (e Agnone ne \u00e8 un esempio significativo) si trovano esempi notevolissima di quest\u2019arte che fior\u00ec soprattutto dal XVIII secolo in poi. Anzi, un certo Nicola De Lallo, in una pubblica epigrafe, si defin\u00ec architetto (ed i paesani ne vanno orgogliosi) quando realizz\u00f2 la fontana che dal 1762 consente agli abitanti di Pescopennataro di avere l\u2019acqua in piazza.Nel 1807 la comunit\u00e0 fu inserita nel dipartimento del Sangro, cantone di Agnone, poi pass\u00f2 nel distretto di Isernia, governo di Vastogirardi. Nel 1811 risulta aggregata al circondario di Capracotta insieme a Sant\u2019Angelo del Pesco, con cui forma un comune unico; se ne distaccher\u00e0 per diventare comune autonomo il primo maggio 1816.<\/p>\n<p style=\"text-align: justify;\">Il primo gennaio 1883 viene progettata la strada Agnone-Castel di Sangro, passante per Pescopennataro, mentre nel primo gennaio 1886 si apre la scuola elementare.Il maggior numero di abitanti viene raggiunto nel 1911 con 1.571 presenze. Successivamente, per via della crescente emigrazione prima verso le Americhe, poi verso Paesi Europei e successivamente nelle zone industrializzate dell\u2019Italia, la popolazione subisce una costante diminuzione, fino a raggiungere gli attuali 350 abitanti circa. L\u2019abitato fu quasi interamente distrutto durante la Seconda Guerra Mondiale ed in seguito ricostruito alle falde del Monte S. Lorenzo e del Monte Torrione.<\/p>\n","protected":false},"excerpt":{"rendered":"<p>Si ritiene che il comune sia stato fondato in et\u00e0 normanna, nell\u2019XI secolo. Non vi sono dubbi che il nome del paese derivi dalla duplice circostanza di essere posizionato su [&hellip;]<\/p>\n","protected":false},"author":1,"featured_media":0,"parent":0,"menu_order":10,"comment_status":"open","ping_status":"closed","template":"","meta":{"footnotes":""},"categories":[],"tags":[20],"class_list":["post-5","page","type-page","status-publish","hentry","tag-map"],"yoast_head":"<!-- This site is optimized with the Yoast SEO plugin v27.4 - https:\/\/yoast.com\/product\/yoast-seo-wordpress\/ -->\n<title>Storia - Pescopennataro<\/title>\n<meta name=\"robots\" content=\"index, follow, max-snippet:-1, max-image-preview:large, max-video-preview:-1\" \/>\n<link rel=\"canonical\" href=\"https:\/\/comunicacity.net\/pescopennataro\/storia\/\" \/>\n<meta property=\"og:locale\" content=\"it_IT\" \/>\n<meta property=\"og:type\" content=\"article\" \/>\n<meta property=\"og:title\" content=\"Storia - Pescopennataro\" \/>\n<meta property=\"og:description\" content=\"Si ritiene che il comune sia stato fondato in et\u00e0 normanna, nell\u2019XI secolo. Non vi sono dubbi che il nome del paese derivi dalla duplice circostanza di essere posizionato su [&hellip;]\" \/>\n<meta property=\"og:url\" content=\"https:\/\/comunicacity.net\/pescopennataro\/storia\/\" \/>\n<meta property=\"og:site_name\" content=\"Pescopennataro\" \/>\n<meta property=\"article:modified_time\" content=\"2014-12-22T15:43:37+00:00\" \/>\n<meta property=\"og:image\" content=\"https:\/\/comunicacity.net\/pescopennataro\/wp-content\/uploads\/sites\/18\/2014\/12\/pescopennataro.jpg\" \/>\n\t<meta property=\"og:image:width\" content=\"50\" \/>\n\t<meta property=\"og:image:height\" content=\"50\" \/>\n<meta name=\"twitter:label1\" content=\"Tempo di lettura stimato\" \/>\n\t<meta name=\"twitter:data1\" content=\"3 minuti\" \/>\n<script type=\"application\/ld+json\" class=\"yoast-schema-graph\">{\"@context\":\"https:\\\/\\\/schema.org\",\"@graph\":[{\"@type\":\"WebPage\",\"@id\":\"https:\\\/\\\/comunicacity.net\\\/pescopennataro\\\/storia\\\/\",\"url\":\"https:\\\/\\\/comunicacity.net\\\/pescopennataro\\\/storia\\\/\",\"name\":\"Storia - Pescopennataro\",\"isPartOf\":{\"@id\":\"https:\\\/\\\/comunicacity.net\\\/pescopennataro\\\/#website\"},\"datePublished\":\"2014-12-22T14:02:16+00:00\",\"dateModified\":\"2014-12-22T15:43:37+00:00\",\"breadcrumb\":{\"@id\":\"https:\\\/\\\/comunicacity.net\\\/pescopennataro\\\/storia\\\/#breadcrumb\"},\"inLanguage\":\"it-IT\",\"potentialAction\":[{\"@type\":\"ReadAction\",\"target\":[\"https:\\\/\\\/comunicacity.net\\\/pescopennataro\\\/storia\\\/\"]}]},{\"@type\":\"BreadcrumbList\",\"@id\":\"https:\\\/\\\/comunicacity.net\\\/pescopennataro\\\/storia\\\/#breadcrumb\",\"itemListElement\":[{\"@type\":\"ListItem\",\"position\":1,\"name\":\"Home\",\"item\":\"https:\\\/\\\/comunicacity.net\\\/pescopennataro\\\/\"},{\"@type\":\"ListItem\",\"position\":2,\"name\":\"Storia\"}]},{\"@type\":\"WebSite\",\"@id\":\"https:\\\/\\\/comunicacity.net\\\/pescopennataro\\\/#website\",\"url\":\"https:\\\/\\\/comunicacity.net\\\/pescopennataro\\\/\",\"name\":\"Pescopennataro\",\"description\":\"Il Tuo Comune che Comunica\",\"potentialAction\":[{\"@type\":\"SearchAction\",\"target\":{\"@type\":\"EntryPoint\",\"urlTemplate\":\"https:\\\/\\\/comunicacity.net\\\/pescopennataro\\\/?s={search_term_string}\"},\"query-input\":{\"@type\":\"PropertyValueSpecification\",\"valueRequired\":true,\"valueName\":\"search_term_string\"}}],\"inLanguage\":\"it-IT\"}]}<\/script>\n<!-- \/ Yoast SEO plugin. -->","yoast_head_json":{"title":"Storia - Pescopennataro","robots":{"index":"index","follow":"follow","max-snippet":"max-snippet:-1","max-image-preview":"max-image-preview:large","max-video-preview":"max-video-preview:-1"},"canonical":"https:\/\/comunicacity.net\/pescopennataro\/storia\/","og_locale":"it_IT","og_type":"article","og_title":"Storia - Pescopennataro","og_description":"Si ritiene che il comune sia stato fondato in et\u00e0 normanna, nell\u2019XI secolo. Non vi sono dubbi che il nome del paese derivi dalla duplice circostanza di essere posizionato su [&hellip;]","og_url":"https:\/\/comunicacity.net\/pescopennataro\/storia\/","og_site_name":"Pescopennataro","article_modified_time":"2014-12-22T15:43:37+00:00","og_image":[{"url":"https:\/\/comunicacity.net\/pescopennataro\/wp-content\/uploads\/sites\/18\/2014\/12\/pescopennataro.jpg","height":50,"width":50,"type":""}],"twitter_misc":{"Tempo di lettura stimato":"3 minuti"},"schema":{"@context":"https:\/\/schema.org","@graph":[{"@type":"WebPage","@id":"https:\/\/comunicacity.net\/pescopennataro\/storia\/","url":"https:\/\/comunicacity.net\/pescopennataro\/storia\/","name":"Storia - Pescopennataro","isPartOf":{"@id":"https:\/\/comunicacity.net\/pescopennataro\/#website"},"datePublished":"2014-12-22T14:02:16+00:00","dateModified":"2014-12-22T15:43:37+00:00","breadcrumb":{"@id":"https:\/\/comunicacity.net\/pescopennataro\/storia\/#breadcrumb"},"inLanguage":"it-IT","potentialAction":[{"@type":"ReadAction","target":["https:\/\/comunicacity.net\/pescopennataro\/storia\/"]}]},{"@type":"BreadcrumbList","@id":"https:\/\/comunicacity.net\/pescopennataro\/storia\/#breadcrumb","itemListElement":[{"@type":"ListItem","position":1,"name":"Home","item":"https:\/\/comunicacity.net\/pescopennataro\/"},{"@type":"ListItem","position":2,"name":"Storia"}]},{"@type":"WebSite","@id":"https:\/\/comunicacity.net\/pescopennataro\/#website","url":"https:\/\/comunicacity.net\/pescopennataro\/","name":"Pescopennataro","description":"Il Tuo Comune che Comunica","potentialAction":[{"@type":"SearchAction","target":{"@type":"EntryPoint","urlTemplate":"https:\/\/comunicacity.net\/pescopennataro\/?s={search_term_string}"},"query-input":{"@type":"PropertyValueSpecification","valueRequired":true,"valueName":"search_term_string"}}],"inLanguage":"it-IT"}]}},"meta_box":[],"_links":{"self":[{"href":"https:\/\/comunicacity.net\/pescopennataro\/wp-json\/wp\/v2\/pages\/5","targetHints":{"allow":["GET"]}}],"collection":[{"href":"https:\/\/comunicacity.net\/pescopennataro\/wp-json\/wp\/v2\/pages"}],"about":[{"href":"https:\/\/comunicacity.net\/pescopennataro\/wp-json\/wp\/v2\/types\/page"}],"author":[{"embeddable":true,"href":"https:\/\/comunicacity.net\/pescopennataro\/wp-json\/wp\/v2\/users\/1"}],"replies":[{"embeddable":true,"href":"https:\/\/comunicacity.net\/pescopennataro\/wp-json\/wp\/v2\/comments?post=5"}],"version-history":[{"count":1,"href":"https:\/\/comunicacity.net\/pescopennataro\/wp-json\/wp\/v2\/pages\/5\/revisions"}],"predecessor-version":[{"id":6,"href":"https:\/\/comunicacity.net\/pescopennataro\/wp-json\/wp\/v2\/pages\/5\/revisions\/6"}],"wp:attachment":[{"href":"https:\/\/comunicacity.net\/pescopennataro\/wp-json\/wp\/v2\/media?parent=5"}],"wp:term":[{"taxonomy":"category","embeddable":true,"href":"https:\/\/comunicacity.net\/pescopennataro\/wp-json\/wp\/v2\/categories?post=5"},{"taxonomy":"post_tag","embeddable":true,"href":"https:\/\/comunicacity.net\/pescopennataro\/wp-json\/wp\/v2\/tags?post=5"}],"curies":[{"name":"wp","href":"https:\/\/api.w.org\/{rel}","templated":true}]}}