{"id":51,"date":"2014-10-15T13:09:34","date_gmt":"2014-10-15T11:09:34","guid":{"rendered":"https:\/\/comunicacity.net\/san-giorgio-a-liri\/?page_id=51"},"modified":"2014-10-31T12:03:41","modified_gmt":"2014-10-31T11:03:41","slug":"storia","status":"publish","type":"page","link":"https:\/\/comunicacity.net\/san-giorgio-a-liri\/storia\/","title":{"rendered":"Storia"},"content":{"rendered":"<p><b>Cenni storici<\/b><\/p>\n<p class=\"ccJustify\">Il nome onora sin dalle origini il Santo patrono del paese, mentre la specifica fu assunta nel 1863 e si riferisce alla vicinanza del paese al fiume Liri.<\/p>\n<p>Luogo ideale per il soggiorno durante tutto l&#8217;anno grazie al suo clima temperato e alla favorevole posizione sul territorio, San Giorgio a Liri \u00e8 immerso al centro della Valle dei Santi, tra l&#8217;omonimo fiume Liri e le verdi pendici dei monti Aurunci. Situato a confine tra la regione Campania e la Ciociaria, \u00e8 un importante distretto industriale e artigianale ubicato in favorevole posizione sulla direttrice viaria ricca di attivit\u00e0 commerciali che collega Cassino e Formia. Giungendo nel centro di San Giorgio si rimarr\u00e0 suggestionati dai vicoli del centro storico che con il Castello del Principe Morra e la Chiesa Madre fanno da cornice al laghetto, luogo di rara bellezza nel cuore del paese. Racchiuse in una verdeggiante oasi naturale circondata da una moderna pista ciclabile, le sue sorgenti sgorgano incontaminate fornendo lo sfondo ideale per le leggendarie gesta del martire Giorgio, santificato dopo la sua lotta contro il drago. Le acque attraversano il centro del paese e delineano un percorso naturalistico che si immette nel Parco naturale della Forma, con i suoi antichi mulini e il moderno palco immerso tra le acque del ruscello, andando a confluire poco pi\u00f9 avanti nel fiume Liri. Un territorio fertile e ricco di acqua, per questo scelto fin dall&#8217;antichit\u00e0 per lo stanziamento di insediamenti; lo attestano rinvenimenti archeologici effettuati in diverse localit\u00e0 del paese e databili dall&#8217;et\u00e0 del Bronzo al periodo imperiale romano, anche se le sue origini sono storicamente documentate dall&#8217;817-828, quando divenne una delle celle della Terra di San Benedetto. Nei primi decenni del IX secolo venne fondata la chiesa dedicata a San Giorgio, distrutta dai musulmani nell&#8217;anno 846. Nel X secolo San Giorgio venne ricostruita e con essa sorse l&#8217;abitato, in seguito fortificato. San Giorgio rest\u00f2 per tutto il Medioevo nell&#8217;orbita di Montecassino, godendo di una progressiva prosperit\u00e0: malgrado i ripetuti conflitti locali, i documenti dell&#8217;Abbazia di Montecassino attestano fino al XV secolo un&#8217;ottima situazione economica, grazie alla fertilit\u00e0 del luogo che ha il vantaggio di poter essere irrigato con facilit\u00e0 e grazie al transito di merci e persone da e verso il mare e da una sponda all&#8217;altra del Liri effettuato con una scafa, termine che localmente indica i traghetti guidati da corde. La progressiva perdita di potere di Montecassino trascin\u00f2 con s\u00e9 anche San Giorgio. La guerra tra Francesi e Spagnoli e il brigantaggio spopolarono molti borghi; la ripresa avvenne solo dopo il passaggio delle peste nel XVII secolo ed \u00e8 testimoniata dall&#8217;edificazione della chiesa di San Rocco. L&#8217;attuale chiesa Madre invece \u00e8 stata costruita agli inizia del XIX secolo. San Giorgio fu unito amministrativamente a Castelnuovo Parano nel 1806, ma dopo pochi decenni torn\u00f2 all&#8217;autonomia e vi fu la realizzazione di molte opere pubbliche grazie all\u2019opera della famiglia Spatuzzi: bonifica di terreni paludosi, realizzazione di un ponte sul Liri e di una rete stradale verso Cassino e i paesi limitrofi.<\/p>\n<p>Con l&#8217;Unit\u00e0 d&#8217;Italia San Giorgio, che aveva fatto parte del Regno delle Due Sicilie, continua a essere incluso nella provincia di Terra di Lavoro, il cui capoluogo \u00e8 Caserta. Nel 1927 viene accorpato alla neoistituita provincia di Frosinone. La seconda guerra mondiale port\u00f2 morte e soprusi a San Giorgio, che si trovava sulla Linea Gustav: sub\u00ec l&#8217;occupazione tedesca, bombardamenti, razzie e le violenze gratuite delle truppe franco-maghrebine del gen. Juin. Premiata con Medaglia d&#8217;argento al merito civile, San Giorgio a Liri \u00e8 una delle tappe toccate dal \u201cGran Percorso della memoria\u201d che si dispiega lungo la Linea Gustav.<\/p>\n<p>Subito dopo l&#8217;Unit\u00e0 d&#8217;Italia, anche a San Giorgio, come in tutto il Mezzogiorno d&#8217;Italia, inizi\u00f2 in misura consistente il fenomeno dell&#8217;emigrazione, che terminer\u00e0 solo negli anni &#8217;70 del Novecento, grazie allo sviluppo industriale del Cassinate, che solleva tutta la zona da una plurisecolare condizione di arretratezza economica e sociale, seppure meno grave di quella di altre aree del Mezzogiorno.<\/p>\n","protected":false},"excerpt":{"rendered":"<p>Cenni storici Il nome onora sin dalle origini il Santo patrono del paese, mentre la specifica fu assunta nel 1863 e si riferisce alla vicinanza del paese al fiume Liri. [&hellip;]<\/p>\n","protected":false},"author":1,"featured_media":0,"parent":0,"menu_order":10,"comment_status":"open","ping_status":"open","template":"","meta":{"footnotes":""},"categories":[],"tags":[36],"class_list":["post-51","page","type-page","status-publish","hentry","tag-map"],"yoast_head":"<!-- This site is optimized with the Yoast SEO plugin v27.2 - https:\/\/yoast.com\/product\/yoast-seo-wordpress\/ -->\n<title>Storia - San Giorgio a Liri<\/title>\n<meta name=\"robots\" content=\"index, follow, max-snippet:-1, max-image-preview:large, max-video-preview:-1\" \/>\n<link rel=\"canonical\" href=\"https:\/\/comunicacity.net\/san-giorgio-a-liri\/storia\/\" \/>\n<meta property=\"og:locale\" content=\"it_IT\" \/>\n<meta property=\"og:type\" content=\"article\" \/>\n<meta property=\"og:title\" content=\"Storia - San Giorgio a Liri\" \/>\n<meta property=\"og:description\" content=\"Cenni storici Il nome onora sin dalle origini il Santo patrono del paese, mentre la specifica fu assunta nel 1863 e si riferisce alla vicinanza del paese al fiume Liri. [&hellip;]\" \/>\n<meta property=\"og:url\" content=\"https:\/\/comunicacity.net\/san-giorgio-a-liri\/storia\/\" \/>\n<meta property=\"og:site_name\" content=\"San Giorgio a Liri\" \/>\n<meta property=\"article:modified_time\" content=\"2014-10-31T11:03:41+00:00\" \/>\n<meta property=\"og:image\" content=\"https:\/\/comunicacity.net\/san-giorgio-a-liri\/wp-content\/uploads\/sites\/4\/2014\/11\/sangiorgioaliri.jpg\" \/>\n\t<meta property=\"og:image:width\" content=\"50\" \/>\n\t<meta property=\"og:image:height\" content=\"50\" \/>\n<meta name=\"twitter:label1\" content=\"Tempo di lettura stimato\" \/>\n\t<meta name=\"twitter:data1\" content=\"3 minuti\" \/>\n<script type=\"application\/ld+json\" class=\"yoast-schema-graph\">{\"@context\":\"https:\/\/schema.org\",\"@graph\":[{\"@type\":\"WebPage\",\"@id\":\"https:\/\/comunicacity.net\/san-giorgio-a-liri\/storia\/\",\"url\":\"https:\/\/comunicacity.net\/san-giorgio-a-liri\/storia\/\",\"name\":\"Storia - San Giorgio a Liri\",\"isPartOf\":{\"@id\":\"https:\/\/comunicacity.net\/san-giorgio-a-liri\/#website\"},\"datePublished\":\"2014-10-15T11:09:34+00:00\",\"dateModified\":\"2014-10-31T11:03:41+00:00\",\"breadcrumb\":{\"@id\":\"https:\/\/comunicacity.net\/san-giorgio-a-liri\/storia\/#breadcrumb\"},\"inLanguage\":\"it-IT\",\"potentialAction\":[{\"@type\":\"ReadAction\",\"target\":[\"https:\/\/comunicacity.net\/san-giorgio-a-liri\/storia\/\"]}]},{\"@type\":\"BreadcrumbList\",\"@id\":\"https:\/\/comunicacity.net\/san-giorgio-a-liri\/storia\/#breadcrumb\",\"itemListElement\":[{\"@type\":\"ListItem\",\"position\":1,\"name\":\"Home\",\"item\":\"https:\/\/comunicacity.net\/san-giorgio-a-liri\/\"},{\"@type\":\"ListItem\",\"position\":2,\"name\":\"Storia\"}]},{\"@type\":\"WebSite\",\"@id\":\"https:\/\/comunicacity.net\/san-giorgio-a-liri\/#website\",\"url\":\"https:\/\/comunicacity.net\/san-giorgio-a-liri\/\",\"name\":\"San Giorgio a Liri\",\"description\":\"Il Tuo Comune che Comunica\",\"potentialAction\":[{\"@type\":\"SearchAction\",\"target\":{\"@type\":\"EntryPoint\",\"urlTemplate\":\"https:\/\/comunicacity.net\/san-giorgio-a-liri\/?s={search_term_string}\"},\"query-input\":{\"@type\":\"PropertyValueSpecification\",\"valueRequired\":true,\"valueName\":\"search_term_string\"}}],\"inLanguage\":\"it-IT\"}]}<\/script>\n<!-- \/ Yoast SEO plugin. -->","yoast_head_json":{"title":"Storia - San Giorgio a Liri","robots":{"index":"index","follow":"follow","max-snippet":"max-snippet:-1","max-image-preview":"max-image-preview:large","max-video-preview":"max-video-preview:-1"},"canonical":"https:\/\/comunicacity.net\/san-giorgio-a-liri\/storia\/","og_locale":"it_IT","og_type":"article","og_title":"Storia - San Giorgio a Liri","og_description":"Cenni storici Il nome onora sin dalle origini il Santo patrono del paese, mentre la specifica fu assunta nel 1863 e si riferisce alla vicinanza del paese al fiume Liri. [&hellip;]","og_url":"https:\/\/comunicacity.net\/san-giorgio-a-liri\/storia\/","og_site_name":"San Giorgio a Liri","article_modified_time":"2014-10-31T11:03:41+00:00","og_image":[{"url":"https:\/\/comunicacity.net\/san-giorgio-a-liri\/wp-content\/uploads\/sites\/4\/2014\/11\/sangiorgioaliri.jpg","height":50,"width":50,"type":""}],"twitter_misc":{"Tempo di lettura stimato":"3 minuti"},"schema":{"@context":"https:\/\/schema.org","@graph":[{"@type":"WebPage","@id":"https:\/\/comunicacity.net\/san-giorgio-a-liri\/storia\/","url":"https:\/\/comunicacity.net\/san-giorgio-a-liri\/storia\/","name":"Storia - San Giorgio a Liri","isPartOf":{"@id":"https:\/\/comunicacity.net\/san-giorgio-a-liri\/#website"},"datePublished":"2014-10-15T11:09:34+00:00","dateModified":"2014-10-31T11:03:41+00:00","breadcrumb":{"@id":"https:\/\/comunicacity.net\/san-giorgio-a-liri\/storia\/#breadcrumb"},"inLanguage":"it-IT","potentialAction":[{"@type":"ReadAction","target":["https:\/\/comunicacity.net\/san-giorgio-a-liri\/storia\/"]}]},{"@type":"BreadcrumbList","@id":"https:\/\/comunicacity.net\/san-giorgio-a-liri\/storia\/#breadcrumb","itemListElement":[{"@type":"ListItem","position":1,"name":"Home","item":"https:\/\/comunicacity.net\/san-giorgio-a-liri\/"},{"@type":"ListItem","position":2,"name":"Storia"}]},{"@type":"WebSite","@id":"https:\/\/comunicacity.net\/san-giorgio-a-liri\/#website","url":"https:\/\/comunicacity.net\/san-giorgio-a-liri\/","name":"San Giorgio a Liri","description":"Il Tuo Comune che Comunica","potentialAction":[{"@type":"SearchAction","target":{"@type":"EntryPoint","urlTemplate":"https:\/\/comunicacity.net\/san-giorgio-a-liri\/?s={search_term_string}"},"query-input":{"@type":"PropertyValueSpecification","valueRequired":true,"valueName":"search_term_string"}}],"inLanguage":"it-IT"}]}},"meta_box":[],"_links":{"self":[{"href":"https:\/\/comunicacity.net\/san-giorgio-a-liri\/wp-json\/wp\/v2\/pages\/51","targetHints":{"allow":["GET"]}}],"collection":[{"href":"https:\/\/comunicacity.net\/san-giorgio-a-liri\/wp-json\/wp\/v2\/pages"}],"about":[{"href":"https:\/\/comunicacity.net\/san-giorgio-a-liri\/wp-json\/wp\/v2\/types\/page"}],"author":[{"embeddable":true,"href":"https:\/\/comunicacity.net\/san-giorgio-a-liri\/wp-json\/wp\/v2\/users\/1"}],"replies":[{"embeddable":true,"href":"https:\/\/comunicacity.net\/san-giorgio-a-liri\/wp-json\/wp\/v2\/comments?post=51"}],"version-history":[{"count":7,"href":"https:\/\/comunicacity.net\/san-giorgio-a-liri\/wp-json\/wp\/v2\/pages\/51\/revisions"}],"predecessor-version":[{"id":199,"href":"https:\/\/comunicacity.net\/san-giorgio-a-liri\/wp-json\/wp\/v2\/pages\/51\/revisions\/199"}],"wp:attachment":[{"href":"https:\/\/comunicacity.net\/san-giorgio-a-liri\/wp-json\/wp\/v2\/media?parent=51"}],"wp:term":[{"taxonomy":"category","embeddable":true,"href":"https:\/\/comunicacity.net\/san-giorgio-a-liri\/wp-json\/wp\/v2\/categories?post=51"},{"taxonomy":"post_tag","embeddable":true,"href":"https:\/\/comunicacity.net\/san-giorgio-a-liri\/wp-json\/wp\/v2\/tags?post=51"}],"curies":[{"name":"wp","href":"https:\/\/api.w.org\/{rel}","templated":true}]}}