{"id":92,"date":"2023-10-13T15:16:22","date_gmt":"2023-10-13T13:16:22","guid":{"rendered":"https:\/\/comunicacity.net\/sauris\/?page_id=92"},"modified":"2023-10-13T15:16:47","modified_gmt":"2023-10-13T13:16:47","slug":"aperture-strutture-ricettive","status":"publish","type":"page","link":"https:\/\/comunicacity.net\/sauris\/aperture-strutture-ricettive\/","title":{"rendered":"STRUTTURE RICETTIVE, RISTORAZIONE E ATTIVITA&#8217; PRODUTTIVE"},"content":{"rendered":"<p><strong><em>Hotel, Meubl\u00e9, Garn\u00ec, B&amp;B, Agriturismo, Campeggio, Rifugio<\/em><\/strong><\/p>\n<p>Meubl\u00e9 Schneider tel. 0433.86010 futurasauris@tiscali.it<\/p>\n<p>Albergo Ristorante Rikhelan Haus tel. 379.1716429<\/p>\n<p>NS SUITE SAURIS &#8211; 5 Suite esclusive fronte lago con terrazza privata tel. +39 0433 320355 &#8211; Mob. +39 379.1233178 <a href=\"mailto:info@nssuite.it\">info@nssuite.it<\/a> &#8211; <a href=\"http:\/\/www.nssuite.it\/\">www.nssuite.it<\/a><\/p>\n<p>Albergo Morgenleit Tel. 0433.320200 <a href=\"mailto:morgenleit.sauris@gmail.com\">morgenleit.sauris@gmail.com<\/a><\/p>\n<p>Albergo Ristorante Riglarhaus, Tel.0433.86049 info@riglarhaus.it<\/p>\n<p>Campeggio Treinke tel. 333.1890857 info@campeggiosauris.it<\/p>\n<p>B&amp;B e Azienda Agrituristica Pa\u2019 Mairlan. Tel. 347.5291433- 388.1790984 petris.matteo@libero.it<\/p>\n<p><strong>\u00a0<\/strong>Albergo Diffuso Sauris Tel. 0433.86221 info@albergodiffusosauris.com<\/p>\n<p>Garn\u00ec Plueme tel. 0433.866374 &#8211; 320.4990202 info@hotelpluemesauris.it<\/p>\n<p>Albergo Ristorante Neider Tel. 348.4482545albergo.neider@gmail.com<\/p>\n<p>B&amp;B Elison on the Lake loc. La Maina tel. 389.1017026 elisonthelake@gmail.com<\/p>\n<p>Rifugio Eimblatderibn tel. 339.5723559<\/p>\n<p>Albergo Ristorante Pa\u2019 Krhaizar tel. 0433.86165 info@pa-krhaizar.it<\/p>\n<p>Hotel Bivera &#8211; Sauris di Sopra tel. 0433.86280 \u2013 334.1134690.\u00a0 <strong>Chiuso sino a nuova comunicazione<\/strong><\/p>\n<p>&nbsp;<\/p>\n<p><strong><em>Ristoranti, Bar, Pizzeria, Ristobar<\/em><\/strong><\/p>\n<p>Ristorante Locanda Alla Pace Tel. 0433.86010 futurasauris@tiscali.it<\/p>\n<p>Bar Al Kursaal tel. 346.5163128 sarahfassi96@gmail.com<strong><br \/>\n<\/strong><\/p>\n<p>Pizzeria \u2018S Eike Pame Stifl tel. 0433.86093 flvalle@gmail.com<\/p>\n<p>COUNTRY SPECK tel. 342.6821313 matrecanomarco1@gmail.com<\/p>\n<p>Bier Khelder \u2013 Spaccio Zahre Beer Tel. 371.4275785 info@zahrebeer.com<\/p>\n<p>Bar Ristorantino ZEILE Sauris di Sopra, tel. 0433.86284colle_federica@virgilio.it<\/p>\n<p>Ristorante ORO NERO tel. 0433.786230 <a href=\"mailto:info@ristoranteoronero.it\">info@ristoranteoronero.it<\/a><\/p>\n<p>Agriturismo Monte Ruke tel. 339.6166143<\/p>\n<p><strong><em>Agenzia Immobiliare<\/em><\/strong><\/p>\n<p>CANDIDA IMMOBILIARE di Domini Candida tel. 333 3000864 <a href=\"http:\/\/www.candidaimmobiliare.it\/\">www.candidaimmobiliare.it<\/a> &#8211; <a href=\"mailto:info@candidaimmobiliare.it\">info@candidaimmobiliare.it <\/a><\/p>\n<p>&nbsp;<\/p>\n<p><strong><em>Musei e Biblioteche<\/em><\/strong><\/p>\n<p>Centro Etnografico Tel. 0433.86262 \u2013 335.6856621 etnosauris@gmail.com<\/p>\n<p>Biblioteca Comunale e Centro Storiografico tel. 347.3131570 bibliosauris@gmail.com<\/p>\n<p>&nbsp;<\/p>\n<p><strong><em>Alimentari e Spacci Aziendali<\/em><\/strong><\/p>\n<p><strong><em>\u00a0<\/em><\/strong>Alimentari \u2013 Ortofrutta Schmit tel. 0433.86022 eschmit@tiscali.it<\/p>\n<p>COUNTRY SPECK tel. 342.6821313 matrecanomarco1@gmail.com<\/p>\n<p>Prosciuttificio WOLF Spaccio Aziendale Tel. 0433.86054 info@wolfsauris.it<\/p>\n<p>Salumificio Zahre per info e prenotazioni prodotti tel. 327.8314535 info@zahre.it<\/p>\n<p>La Casa di Zea la Trota di Sauris LA CASA DI ZEA tel. 368.286106.<\/p>\n<p>Malga Alta Carnia orari: Tel. 338.8918928 sebastiano.crivellaro@gmail.com<\/p>\n<p>&nbsp;<\/p>\n<p><strong><em>Aziende Agricole<\/em><\/strong><\/p>\n<p><strong><em>\u00a0<\/em><\/strong>Azienda Agricola Domini Punto Vendita a Lateis Tel. 329.4195850\u00a0 info@agricoladomini.it<\/p>\n<p>Azienda Agricola NaturPreiths tel. 0433.786082 \u2013 Inviare un whatsapp tel. 351.5904931 per visite in azienda preiths@gmail.com<\/p>\n<p>Punto vendita BiancoSauris formaggi di capra e dolce ambra, contatti Francesca tel. 389.9842236 biancosauris@gmail.com<\/p>\n<p>Azienda Agrituristica Pa\u2019 Mairlan. Tel. 347.5291433- 388.1790984 petris.matteo@libero.it<\/p>\n<p>&nbsp;<\/p>\n<p><strong><em>Artigianato<\/em><\/strong><\/p>\n<p><strong><em>\u00a0<\/em><\/strong>Tessitura Artigiana di Sauris Tel. 334.3121277 info@tessiturasauris.com<\/p>\n<p>Segheria Schneider tel. 0433.86121 segheriaschneider@gmail.com<\/p>\n<p>Legnostile F.lli Plozzer tel. 043386252 \u2013 388. 6023740 info@legnostileplozzer.com<\/p>\n<p>Vivere nel Legno S.N.C. di Petris Gianni e Michele tel. 338.5285947 info@viverenellegno.it<\/p>\n<p>&nbsp;<\/p>\n<p><strong><em>Articoli sportivi e Negozi abbigliamento<\/em><\/strong><\/p>\n<p>Sauris Roberto Sport tel. 347.8366001 robertosauris@gmail.com<\/p>\n<p>Costumi Tirolesi a Sauris di Sopra tel. 339.3584818<\/p>\n<p>Negozio di scarpe GARMONT tel. 340.7860751\u00a0 <a href=\"mailto:info@discoverysauris.it\">info@discoverysauris.it<\/a><\/p>\n<p>&nbsp;<\/p>\n<p><strong><em>Centro Benessere e Area Wellness<\/em><\/strong><\/p>\n<p><strong><em>\u00a0<\/em><\/strong>Grien SPA tel. 366.1128607 grienspa@gmail.com<\/p>\n<p>&nbsp;<\/p>\n<p><strong><em>Agenzie con noleggi E-bike, escursioni in motoslitta e noleggio attrezzature<\/em><\/strong><\/p>\n<p><strong><em>\u00a0<\/em><\/strong>DISCOVERY ZAHRE &#8211; BIKE&amp;GO:\u00a0 tel. 340.7860751 <a href=\"mailto:info@discoverysauris.it\">info@discoverysauris.it<\/a> \u2013\u00a0 <a href=\"http:\/\/www.bikeandgo.it\/\">www.bikeandgo.it<\/a><\/p>\n<p>Noleggio sci e attrezzature Domini Graziano tel. 328.7786923<\/p>\n<p>SAURISMOTOSLITTETOUR tel. 340.7860751\u00a0 <a href=\"mailto:info@saurismotoslittetour.it\">info@saurismotoslittetour.it<\/a><\/p>\n<p>&nbsp;<\/p>\n<p><strong><em>Maneggio<\/em><\/strong><\/p>\n<p><strong>\u00a0<\/strong>ASD Khlope &#8211; Maneggio Loc. Treinke\/Velt Centro Sportivo \u2013 tel. 350.0955144 khlope.sauris@gmail.com<\/p>\n<p>&nbsp;<\/p>\n<p><strong><em>Malghe e Alpeggi apertura da met\u00e0 giugno a fine settembre<\/em><\/strong><\/p>\n<p>Agriturismo Malga Malins \u2013 Azienda Agricola Sonia Dionisio Lauco\u2013 328.0445835 \u2013 0435.366217 Elisa 340. 0041511- \u00a0<a href=\"mailto:soniarazzo@live.it\">soniarazzo@live.it<\/a><\/p>\n<p><strong>\u00a0<\/strong>Agriturismo Festons \u2013 Sella di Festons Tel. 392.0027179 chiuso<\/p>\n<p>Malga Losa tel. 329.5330611 chiuso<\/p>\n<p>Malga Gerona tel. 339.3363648 chiuso<\/p>\n<p>Malga Monteri\u00f9 tel. 366.1295408 Az. Agricola Della Mea Sabrina e Zanetti Michele.<\/p>\n<p>Casera Pura tel. 333.3717590 chiuso<\/p>\n<p>Malga Valuta tel. 329.6082800 chiuso<\/p>\n<p>Malga Vinadia Grande tel. 339.2319957 chiuso<\/p>\n<p>Malga Pieltinis tel. 342.1523186 chiuso<\/p>\n<p>&nbsp;<\/p>\n<p><strong><em>Ufficio Informazione accoglienza turistica Sauris di Sotto<\/em><\/strong><\/p>\n<p>Ufficio Turistico IAT Sauris Tel. 0433. 86076\u00a0 info@sauris.org<\/p>\n<p>&nbsp;<\/p>\n<p><strong><em>Attivit\u00e0 Adrenaliniche <\/em><\/strong><\/p>\n<p><strong>\u00a0<\/strong>ZIPLINE Sauris\u00a0 tel. 328 707 5327 www.ziplinesauris.com zip.line.sauris@gmail.com<\/p>\n","protected":false},"excerpt":{"rendered":"<p>Hotel, Meubl\u00e9, Garn\u00ec, B&amp;B, Agriturismo, Campeggio, Rifugio Meubl\u00e9 Schneider tel. 0433.86010 futurasauris@tiscali.it Albergo Ristorante Rikhelan Haus tel. 379.1716429 NS SUITE SAURIS &#8211; 5 Suite esclusive fronte lago con terrazza privata [&hellip;]<\/p>\n","protected":false},"author":401,"featured_media":191,"parent":0,"menu_order":2,"comment_status":"closed","ping_status":"closed","template":"","meta":{"footnotes":""},"categories":[5],"tags":[],"class_list":["post-92","page","type-page","status-publish","has-post-thumbnail","hentry","category-attivita-produttive"],"yoast_head":"<!-- This site is optimized with the Yoast SEO plugin v27.4 - https:\/\/yoast.com\/product\/yoast-seo-wordpress\/ -->\n<title>STRUTTURE RICETTIVE, RISTORAZIONE E ATTIVITA&#039; PRODUTTIVE - Comune di Sauris<\/title>\n<meta name=\"robots\" content=\"noindex, follow\" \/>\n<meta property=\"og:locale\" content=\"it_IT\" \/>\n<meta property=\"og:type\" content=\"article\" \/>\n<meta property=\"og:title\" content=\"STRUTTURE RICETTIVE, RISTORAZIONE E ATTIVITA&#039; PRODUTTIVE - Comune di Sauris\" \/>\n<meta property=\"og:description\" content=\"Hotel, Meubl\u00e9, Garn\u00ec, B&amp;B, Agriturismo, Campeggio, Rifugio Meubl\u00e9 Schneider tel. 0433.86010 futurasauris@tiscali.it Albergo Ristorante Rikhelan Haus tel. 379.1716429 NS SUITE SAURIS &#8211; 5 Suite esclusive fronte lago con terrazza privata [&hellip;]\" \/>\n<meta property=\"og:url\" content=\"https:\/\/comunicacity.net\/sauris\/aperture-strutture-ricettive\/\" \/>\n<meta property=\"og:site_name\" content=\"Comune di Sauris\" \/>\n<meta property=\"article:publisher\" content=\"http:\/\/facebook.com\/ComunicaCity\" \/>\n<meta property=\"article:modified_time\" content=\"2023-10-13T13:16:47+00:00\" \/>\n<meta property=\"og:image\" content=\"https:\/\/comunicacity.net\/sauris\/wp-content\/uploads\/sites\/210\/2023\/10\/39-scaled.jpg\" \/>\n\t<meta property=\"og:image:width\" content=\"2560\" \/>\n\t<meta property=\"og:image:height\" content=\"1707\" \/>\n\t<meta property=\"og:image:type\" content=\"image\/jpeg\" \/>\n<meta name=\"twitter:card\" content=\"summary_large_image\" \/>\n<meta name=\"twitter:site\" content=\"@comunicacity\" \/>\n<meta name=\"twitter:label1\" content=\"Tempo di lettura stimato\" \/>\n\t<meta name=\"twitter:data1\" content=\"3 minuti\" \/>\n<script type=\"application\/ld+json\" class=\"yoast-schema-graph\">{\"@context\":\"https:\\\/\\\/schema.org\",\"@graph\":[{\"@type\":\"WebPage\",\"@id\":\"https:\\\/\\\/comunicacity.net\\\/sauris\\\/aperture-strutture-ricettive\\\/\",\"url\":\"https:\\\/\\\/comunicacity.net\\\/sauris\\\/aperture-strutture-ricettive\\\/\",\"name\":\"STRUTTURE RICETTIVE, RISTORAZIONE E ATTIVITA' PRODUTTIVE - Comune di Sauris\",\"isPartOf\":{\"@id\":\"https:\\\/\\\/comunicacity.net\\\/sauris\\\/#website\"},\"primaryImageOfPage\":{\"@id\":\"https:\\\/\\\/comunicacity.net\\\/sauris\\\/aperture-strutture-ricettive\\\/#primaryimage\"},\"image\":{\"@id\":\"https:\\\/\\\/comunicacity.net\\\/sauris\\\/aperture-strutture-ricettive\\\/#primaryimage\"},\"thumbnailUrl\":\"https:\\\/\\\/comunicacity.net\\\/sauris\\\/wp-content\\\/uploads\\\/sites\\\/210\\\/2023\\\/10\\\/39-scaled.jpg\",\"datePublished\":\"2023-10-13T13:16:22+00:00\",\"dateModified\":\"2023-10-13T13:16:47+00:00\",\"breadcrumb\":{\"@id\":\"https:\\\/\\\/comunicacity.net\\\/sauris\\\/aperture-strutture-ricettive\\\/#breadcrumb\"},\"inLanguage\":\"it-IT\",\"potentialAction\":[{\"@type\":\"ReadAction\",\"target\":[\"https:\\\/\\\/comunicacity.net\\\/sauris\\\/aperture-strutture-ricettive\\\/\"]}]},{\"@type\":\"ImageObject\",\"inLanguage\":\"it-IT\",\"@id\":\"https:\\\/\\\/comunicacity.net\\\/sauris\\\/aperture-strutture-ricettive\\\/#primaryimage\",\"url\":\"https:\\\/\\\/comunicacity.net\\\/sauris\\\/wp-content\\\/uploads\\\/sites\\\/210\\\/2023\\\/10\\\/39-scaled.jpg\",\"contentUrl\":\"https:\\\/\\\/comunicacity.net\\\/sauris\\\/wp-content\\\/uploads\\\/sites\\\/210\\\/2023\\\/10\\\/39-scaled.jpg\",\"width\":2560,\"height\":1707},{\"@type\":\"BreadcrumbList\",\"@id\":\"https:\\\/\\\/comunicacity.net\\\/sauris\\\/aperture-strutture-ricettive\\\/#breadcrumb\",\"itemListElement\":[{\"@type\":\"ListItem\",\"position\":1,\"name\":\"Home\",\"item\":\"https:\\\/\\\/comunicacity.net\\\/sauris\\\/\"},{\"@type\":\"ListItem\",\"position\":2,\"name\":\"STRUTTURE RICETTIVE, RISTORAZIONE E ATTIVITA&#8217; PRODUTTIVE\"}]},{\"@type\":\"WebSite\",\"@id\":\"https:\\\/\\\/comunicacity.net\\\/sauris\\\/#website\",\"url\":\"https:\\\/\\\/comunicacity.net\\\/sauris\\\/\",\"name\":\"ComunicaCity\",\"description\":\"\",\"publisher\":{\"@id\":\"https:\\\/\\\/comunicacity.net\\\/sauris\\\/#organization\"},\"potentialAction\":[{\"@type\":\"SearchAction\",\"target\":{\"@type\":\"EntryPoint\",\"urlTemplate\":\"https:\\\/\\\/comunicacity.net\\\/sauris\\\/?s={search_term_string}\"},\"query-input\":{\"@type\":\"PropertyValueSpecification\",\"valueRequired\":true,\"valueName\":\"search_term_string\"}}],\"inLanguage\":\"it-IT\"},{\"@type\":\"Organization\",\"@id\":\"https:\\\/\\\/comunicacity.net\\\/sauris\\\/#organization\",\"name\":\"ComunicaCity\",\"url\":\"https:\\\/\\\/comunicacity.net\\\/sauris\\\/\",\"logo\":{\"@type\":\"ImageObject\",\"inLanguage\":\"it-IT\",\"@id\":\"https:\\\/\\\/comunicacity.net\\\/sauris\\\/#\\\/schema\\\/logo\\\/image\\\/\",\"url\":\"http:\\\/\\\/comunicacity.net\\\/wp-content\\\/uploads\\\/2014\\\/11\\\/logo_comunicacity.png\",\"contentUrl\":\"http:\\\/\\\/comunicacity.net\\\/wp-content\\\/uploads\\\/2014\\\/11\\\/logo_comunicacity.png\",\"width\":501,\"height\":79,\"caption\":\"ComunicaCity\"},\"image\":{\"@id\":\"https:\\\/\\\/comunicacity.net\\\/sauris\\\/#\\\/schema\\\/logo\\\/image\\\/\"},\"sameAs\":[\"http:\\\/\\\/facebook.com\\\/ComunicaCity\",\"https:\\\/\\\/x.com\\\/comunicacity\"]}]}<\/script>\n<!-- \/ Yoast SEO plugin. -->","yoast_head_json":{"title":"STRUTTURE RICETTIVE, RISTORAZIONE E ATTIVITA' PRODUTTIVE - Comune di Sauris","robots":{"index":"noindex","follow":"follow"},"og_locale":"it_IT","og_type":"article","og_title":"STRUTTURE RICETTIVE, RISTORAZIONE E ATTIVITA' PRODUTTIVE - Comune di Sauris","og_description":"Hotel, Meubl\u00e9, Garn\u00ec, B&amp;B, Agriturismo, Campeggio, Rifugio Meubl\u00e9 Schneider tel. 0433.86010 futurasauris@tiscali.it Albergo Ristorante Rikhelan Haus tel. 379.1716429 NS SUITE SAURIS &#8211; 5 Suite esclusive fronte lago con terrazza privata [&hellip;]","og_url":"https:\/\/comunicacity.net\/sauris\/aperture-strutture-ricettive\/","og_site_name":"Comune di Sauris","article_publisher":"http:\/\/facebook.com\/ComunicaCity","article_modified_time":"2023-10-13T13:16:47+00:00","og_image":[{"width":2560,"height":1707,"url":"https:\/\/comunicacity.net\/sauris\/wp-content\/uploads\/sites\/210\/2023\/10\/39-scaled.jpg","type":"image\/jpeg"}],"twitter_card":"summary_large_image","twitter_site":"@comunicacity","twitter_misc":{"Tempo di lettura stimato":"3 minuti"},"schema":{"@context":"https:\/\/schema.org","@graph":[{"@type":"WebPage","@id":"https:\/\/comunicacity.net\/sauris\/aperture-strutture-ricettive\/","url":"https:\/\/comunicacity.net\/sauris\/aperture-strutture-ricettive\/","name":"STRUTTURE RICETTIVE, RISTORAZIONE E ATTIVITA' PRODUTTIVE - Comune di Sauris","isPartOf":{"@id":"https:\/\/comunicacity.net\/sauris\/#website"},"primaryImageOfPage":{"@id":"https:\/\/comunicacity.net\/sauris\/aperture-strutture-ricettive\/#primaryimage"},"image":{"@id":"https:\/\/comunicacity.net\/sauris\/aperture-strutture-ricettive\/#primaryimage"},"thumbnailUrl":"https:\/\/comunicacity.net\/sauris\/wp-content\/uploads\/sites\/210\/2023\/10\/39-scaled.jpg","datePublished":"2023-10-13T13:16:22+00:00","dateModified":"2023-10-13T13:16:47+00:00","breadcrumb":{"@id":"https:\/\/comunicacity.net\/sauris\/aperture-strutture-ricettive\/#breadcrumb"},"inLanguage":"it-IT","potentialAction":[{"@type":"ReadAction","target":["https:\/\/comunicacity.net\/sauris\/aperture-strutture-ricettive\/"]}]},{"@type":"ImageObject","inLanguage":"it-IT","@id":"https:\/\/comunicacity.net\/sauris\/aperture-strutture-ricettive\/#primaryimage","url":"https:\/\/comunicacity.net\/sauris\/wp-content\/uploads\/sites\/210\/2023\/10\/39-scaled.jpg","contentUrl":"https:\/\/comunicacity.net\/sauris\/wp-content\/uploads\/sites\/210\/2023\/10\/39-scaled.jpg","width":2560,"height":1707},{"@type":"BreadcrumbList","@id":"https:\/\/comunicacity.net\/sauris\/aperture-strutture-ricettive\/#breadcrumb","itemListElement":[{"@type":"ListItem","position":1,"name":"Home","item":"https:\/\/comunicacity.net\/sauris\/"},{"@type":"ListItem","position":2,"name":"STRUTTURE RICETTIVE, RISTORAZIONE E ATTIVITA&#8217; PRODUTTIVE"}]},{"@type":"WebSite","@id":"https:\/\/comunicacity.net\/sauris\/#website","url":"https:\/\/comunicacity.net\/sauris\/","name":"ComunicaCity","description":"","publisher":{"@id":"https:\/\/comunicacity.net\/sauris\/#organization"},"potentialAction":[{"@type":"SearchAction","target":{"@type":"EntryPoint","urlTemplate":"https:\/\/comunicacity.net\/sauris\/?s={search_term_string}"},"query-input":{"@type":"PropertyValueSpecification","valueRequired":true,"valueName":"search_term_string"}}],"inLanguage":"it-IT"},{"@type":"Organization","@id":"https:\/\/comunicacity.net\/sauris\/#organization","name":"ComunicaCity","url":"https:\/\/comunicacity.net\/sauris\/","logo":{"@type":"ImageObject","inLanguage":"it-IT","@id":"https:\/\/comunicacity.net\/sauris\/#\/schema\/logo\/image\/","url":"http:\/\/comunicacity.net\/wp-content\/uploads\/2014\/11\/logo_comunicacity.png","contentUrl":"http:\/\/comunicacity.net\/wp-content\/uploads\/2014\/11\/logo_comunicacity.png","width":501,"height":79,"caption":"ComunicaCity"},"image":{"@id":"https:\/\/comunicacity.net\/sauris\/#\/schema\/logo\/image\/"},"sameAs":["http:\/\/facebook.com\/ComunicaCity","https:\/\/x.com\/comunicacity"]}]}},"meta_box":[],"_links":{"self":[{"href":"https:\/\/comunicacity.net\/sauris\/wp-json\/wp\/v2\/pages\/92","targetHints":{"allow":["GET"]}}],"collection":[{"href":"https:\/\/comunicacity.net\/sauris\/wp-json\/wp\/v2\/pages"}],"about":[{"href":"https:\/\/comunicacity.net\/sauris\/wp-json\/wp\/v2\/types\/page"}],"author":[{"embeddable":true,"href":"https:\/\/comunicacity.net\/sauris\/wp-json\/wp\/v2\/users\/401"}],"replies":[{"embeddable":true,"href":"https:\/\/comunicacity.net\/sauris\/wp-json\/wp\/v2\/comments?post=92"}],"version-history":[{"count":6,"href":"https:\/\/comunicacity.net\/sauris\/wp-json\/wp\/v2\/pages\/92\/revisions"}],"predecessor-version":[{"id":211,"href":"https:\/\/comunicacity.net\/sauris\/wp-json\/wp\/v2\/pages\/92\/revisions\/211"}],"wp:featuredmedia":[{"embeddable":true,"href":"https:\/\/comunicacity.net\/sauris\/wp-json\/wp\/v2\/media\/191"}],"wp:attachment":[{"href":"https:\/\/comunicacity.net\/sauris\/wp-json\/wp\/v2\/media?parent=92"}],"wp:term":[{"taxonomy":"category","embeddable":true,"href":"https:\/\/comunicacity.net\/sauris\/wp-json\/wp\/v2\/categories?post=92"},{"taxonomy":"post_tag","embeddable":true,"href":"https:\/\/comunicacity.net\/sauris\/wp-json\/wp\/v2\/tags?post=92"}],"curies":[{"name":"wp","href":"https:\/\/api.w.org\/{rel}","templated":true}]}}